{"id":555,"date":"2019-09-20T15:56:22","date_gmt":"2019-09-20T13:56:22","guid":{"rendered":"https:\/\/agora.xtec.cat\/insbaixpenedes\/?page_id=555"},"modified":"2019-10-02T12:09:35","modified_gmt":"2019-10-02T10:09:35","slug":"pla-demergencia","status":"publish","type":"page","link":"https:\/\/agora.xtec.cat\/insbaixpenedes\/linstitut\/pla-demergencia\/","title":{"rendered":"Pla d&#8217;emerg\u00e8ncia"},"content":{"rendered":"<h5><a href=\"https:\/\/agora.xtec.cat\/insbaixpenedes\/wp-content\/uploads\/usu1417\/2019\/09\/emergencia.jpg\"><img loading=\"lazy\" decoding=\"async\" class=\"aligncenter size-full wp-image-552\" src=\"https:\/\/agora.xtec.cat\/insbaixpenedes\/wp-content\/uploads\/usu1417\/2019\/09\/emergencia.jpg\" alt=\"\" width=\"1920\" height=\"600\" srcset=\"https:\/\/agora.xtec.cat\/insbaixpenedes\/wp-content\/uploads\/usu1417\/2019\/09\/emergencia.jpg 1920w, https:\/\/agora.xtec.cat\/insbaixpenedes\/wp-content\/uploads\/usu1417\/2019\/09\/emergencia-300x94.jpg 300w, https:\/\/agora.xtec.cat\/insbaixpenedes\/wp-content\/uploads\/usu1417\/2019\/09\/emergencia-768x240.jpg 768w, https:\/\/agora.xtec.cat\/insbaixpenedes\/wp-content\/uploads\/usu1417\/2019\/09\/emergencia-1024x320.jpg 1024w\" sizes=\"auto, (max-width: 1920px) 100vw, 1920px\" \/><\/a><\/h5>\n<h5 style=\"text-align: justify;\">Introducci\u00f3<\/h5>\n<p style=\"text-align: justify;\">En els centres docents, el professorat i l\u2019alumnat hi passen moltes hores del dia. Els centres docents, com altres edificis, estan sotmesos a uns riscos, que poden venir de dins de l\u2019edifici (el cas d\u2019un incendi) o de fora (casos de contaminaci\u00f3, inundaci\u00f3\u2026). Per aquesta ra\u00f3, tots els centres disposen d\u2019un pla d\u2019emerg\u00e8ncia que vetlla per la seguretat i la protecci\u00f3 de tot el col\u00b7lectiu. Ara b\u00e9, perqu\u00e8 el pla d\u2019emerg\u00e8ncia funcioni i pugui acomplir els seus objectius, cal que tothom el conegui. El professorat, alumnat i la resta de personal del centre ha de saber les seves funcions i responsabilitats i les actuacions a seguir en cas d\u2019emerg\u00e8ncia.<\/p>\n<p style=\"text-align: justify;\">El pla d\u2019emerg\u00e8ncia \u00e9s un document que recull les actuacions que s\u2019han de seguir davant d\u2019una emerg\u00e8ncia, amb la finalitat de reduir la improvisaci\u00f3 en cas que es produ\u00eds qualsevol accident.<\/p>\n<h5 style=\"text-align: justify;\">Evacuaci\u00f3<\/h5>\n<p style=\"text-align: justify;\">Evacuar un centre significa traslladar a l\u2019exterior, en un lloc segur (punt de concentraci\u00f3), un grup de persones afectades per una emerg\u00e8ncia, de forma planificada. Cal evacuar el centre, b\u00e0sicament, quan hi hagi un risc intern. Exemples: incendi, explosi\u00f3, fuita de gas, etc.<\/p>\n<h5 style=\"text-align: justify;\">Aspectes a tenir en compte per al simulacre d\u2019evacuaci\u00f3<\/h5>\n<ul style=\"list-style-type: square;\">\n<li style=\"text-align: justify;\">L\u2019av\u00eds d\u2019emerg\u00e8ncia es far\u00e0 mitjan\u00e7ant una sirena que sonar\u00e0 diferent del timbre que assenyala el canvi de classe.<\/li>\n<\/ul>\n<p style=\"padding-left: 80px;\"><span style=\"color: #ff0000;\">^^^^^^^^^^^^^^\u2014\u2014\u2014^^^^^^^^^^^^^^^^\u2014\u2014\u2014^^^^^^^^^^^^^^<\/span><\/p>\n<p style=\"padding-left: 120px;\"><span style=\"color: #ff0000;\">10 segons de so, 3 de silenci. Tres cops.<\/span><\/p>\n<ul style=\"list-style-type: square;\">\n<li style=\"text-align: justify;\">Quan escoltem el senyal d\u2019alarma desallotjarem el centre; deixei el que estigueu fent, sortiu de pressa, per\u00f2 sense c\u00f3rrer i tanqueu les portes i les finestres a mesura que les aneu deixant enrere.<\/li>\n<li style=\"text-align: justify;\">No utilitzeu l\u2019ascensor.<\/li>\n<li style=\"text-align: justify;\">Les plantes s\u2019han de desallotjar per grups. Primer han de sortir les aules m\u00e9s pr\u00f2ximes a les escales, les altres aniran sortint successivament.<\/li>\n<li style=\"text-align: justify;\">Els alumnes sortiran de forma ordenada, de manera que els diferents grups no es barregin.<\/li>\n<li style=\"text-align: justify;\">Seguirem l\u2019itinerari d\u2019evacuaci\u00f3 indicant al pl\u00e0nol que penjarem al costat de la porta de cada aula. Aquest itinerari est\u00e0 senyalitzat mitjan\u00e7ant senyals de color vermell.<\/li>\n<li style=\"text-align: justify;\">L\u2019evacuaci\u00f3 comen\u00e7ar\u00e0 per la planta baixa. Simult\u00e0niament, els ocupants de la primera planta es mobilitzaran cap a les escales m\u00e9s properes, de manera ordenada i respectant la prioritat de les classes anterior i de les plantes inferiors.<\/li>\n<li style=\"text-align: justify;\">Tothom es dirigir\u00e0 ca al punt de concentraci\u00f3 (al mig de les pistes de futbol) on es far\u00e0 el recompte dels alumnes.<\/li>\n<li style=\"text-align: justify;\">Un cop fet el recompte, sonar\u00e0 el timbre i tornarem a les aules de forma ordenada.<\/li>\n<\/ul>\n<p>Per consultar el pla d&#8217;emerg\u00e8ncia sencer, podeu descarregar el seg\u00fcent arxiu:<\/p>\n<p><a href=\"https:\/\/agora.xtec.cat\/insbaixpenedes\/wp-content\/uploads\/usu1417\/2019\/09\/Pla-demerg\u00e8ncia.pdf\">Pla d&#8217;emerg\u00e8ncia<\/a><\/p>\n","protected":false},"excerpt":{"rendered":"<p>Introducci\u00f3 En els centres docents, el professorat i l\u2019alumnat hi passen moltes hores del dia. Els centres docents, com altres edificis, estan sotmesos a uns riscos, que poden venir de dins de l\u2019edifici (el cas d\u2019un incendi) o de fora (casos de contaminaci\u00f3, inundaci\u00f3\u2026). Per aquesta ra\u00f3, tots els centres disposen d\u2019un pla d\u2019emerg\u00e8ncia que [&hellip;]<\/p>\n","protected":false},"author":1,"featured_media":0,"parent":19,"menu_order":80,"comment_status":"closed","ping_status":"closed","template":"page-templates\/side-menu.php","meta":{"_bbp_topic_count":0,"_bbp_reply_count":0,"_bbp_total_topic_count":0,"_bbp_total_reply_count":0,"_bbp_voice_count":0,"_bbp_anonymous_reply_count":0,"_bbp_topic_count_hidden":0,"_bbp_reply_count_hidden":0,"_bbp_forum_subforum_count":0,"site-sidebar-layout":"default","site-content-layout":"","ast-site-content-layout":"","site-content-style":"default","site-sidebar-style":"default","ast-global-header-display":"","ast-banner-title-visibility":"","ast-main-header-display":"","ast-hfb-above-header-display":"","ast-hfb-below-header-display":"","ast-hfb-mobile-header-display":"","site-post-title":"","ast-breadcrumbs-content":"","ast-featured-img":"","footer-sml-layout":"","theme-transparent-header-meta":"","adv-header-id-meta":"","stick-header-meta":"","header-above-stick-meta":"","header-main-stick-meta":"","header-below-stick-meta":"","astra-migrate-meta-layouts":"default","ast-page-background-enabled":"default","ast-page-background-meta":{"desktop":{"background-color":"var(--ast-global-color-4)","background-image":"","background-repeat":"repeat","background-position":"center center","background-size":"auto","background-attachment":"scroll","background-type":"","background-media":"","overlay-type":"","overlay-color":"","overlay-opacity":"","overlay-gradient":""},"tablet":{"background-color":"","background-image":"","background-repeat":"repeat","background-position":"center center","background-size":"auto","background-attachment":"scroll","background-type":"","background-media":"","overlay-type":"","overlay-color":"","overlay-opacity":"","overlay-gradient":""},"mobile":{"background-color":"","background-image":"","background-repeat":"repeat","background-position":"center center","background-size":"auto","background-attachment":"scroll","background-type":"","background-media":"","overlay-type":"","overlay-color":"","overlay-opacity":"","overlay-gradient":""}},"ast-content-background-meta":{"desktop":{"background-color":"var(--ast-global-color-5)","background-image":"","background-repeat":"repeat","background-position":"center center","background-size":"auto","background-attachment":"scroll","background-type":"","background-media":"","overlay-type":"","overlay-color":"","overlay-opacity":"","overlay-gradient":""},"tablet":{"background-color":"var(--ast-global-color-5)","background-image":"","background-repeat":"repeat","background-position":"center center","background-size":"auto","background-attachment":"scroll","background-type":"","background-media":"","overlay-type":"","overlay-color":"","overlay-opacity":"","overlay-gradient":""},"mobile":{"background-color":"var(--ast-global-color-5)","background-image":"","background-repeat":"repeat","background-position":"center center","background-size":"auto","background-attachment":"scroll","background-type":"","background-media":"","overlay-type":"","overlay-color":"","overlay-opacity":"","overlay-gradient":""}},"footnotes":""},"class_list":["post-555","page","type-page","status-publish","hentry"],"post_mailing_queue_ids":[],"_links":{"self":[{"href":"https:\/\/agora.xtec.cat\/insbaixpenedes\/wp-json\/wp\/v2\/pages\/555","targetHints":{"allow":["GET"]}}],"collection":[{"href":"https:\/\/agora.xtec.cat\/insbaixpenedes\/wp-json\/wp\/v2\/pages"}],"about":[{"href":"https:\/\/agora.xtec.cat\/insbaixpenedes\/wp-json\/wp\/v2\/types\/page"}],"author":[{"embeddable":true,"href":"https:\/\/agora.xtec.cat\/insbaixpenedes\/wp-json\/wp\/v2\/users\/1"}],"replies":[{"embeddable":true,"href":"https:\/\/agora.xtec.cat\/insbaixpenedes\/wp-json\/wp\/v2\/comments?post=555"}],"version-history":[{"count":1,"href":"https:\/\/agora.xtec.cat\/insbaixpenedes\/wp-json\/wp\/v2\/pages\/555\/revisions"}],"predecessor-version":[{"id":556,"href":"https:\/\/agora.xtec.cat\/insbaixpenedes\/wp-json\/wp\/v2\/pages\/555\/revisions\/556"}],"up":[{"embeddable":true,"href":"https:\/\/agora.xtec.cat\/insbaixpenedes\/wp-json\/wp\/v2\/pages\/19"}],"wp:attachment":[{"href":"https:\/\/agora.xtec.cat\/insbaixpenedes\/wp-json\/wp\/v2\/media?parent=555"}],"curies":[{"name":"wp","href":"https:\/\/api.w.org\/{rel}","templated":true}]}}