{"id":519,"date":"2019-09-27T09:05:20","date_gmt":"2019-09-27T07:05:20","guid":{"rendered":"https:\/\/agora.xtec.cat\/insbaixpenedes\/?page_id=519"},"modified":"2020-03-12T11:29:09","modified_gmt":"2020-03-12T10:29:09","slug":"projecte-gep","status":"publish","type":"page","link":"https:\/\/agora.xtec.cat\/insbaixpenedes\/projecte-educatiu\/projecte-gep\/","title":{"rendered":"Projecte GEP"},"content":{"rendered":"<p><a href=\"https:\/\/agora.xtec.cat\/insbaixpenedes\/wp-content\/uploads\/usu1417\/2019\/09\/gep2.jpg\"><img loading=\"lazy\" decoding=\"async\" class=\"aligncenter wp-image-520 size-full\" src=\"https:\/\/agora.xtec.cat\/insbaixpenedes\/wp-content\/uploads\/usu1417\/2019\/09\/gep2.jpg\" alt=\"\" width=\"1920\" height=\"616\" srcset=\"https:\/\/agora.xtec.cat\/insbaixpenedes\/wp-content\/uploads\/usu1417\/2019\/09\/gep2.jpg 1920w, https:\/\/agora.xtec.cat\/insbaixpenedes\/wp-content\/uploads\/usu1417\/2019\/09\/gep2-300x96.jpg 300w, https:\/\/agora.xtec.cat\/insbaixpenedes\/wp-content\/uploads\/usu1417\/2019\/09\/gep2-768x246.jpg 768w, https:\/\/agora.xtec.cat\/insbaixpenedes\/wp-content\/uploads\/usu1417\/2019\/09\/gep2-1024x329.jpg 1024w\" sizes=\"auto, (max-width: 1920px) 100vw, 1920px\" \/><\/a><\/p>\n<p style=\"text-align: justify;\">Per tal d\u2019aprofundir tant en la teoria com en la pr\u00e0ctica de l\u2019\u00fas de l\u2019angl\u00e8s, l\u2019Institut Baix Pened\u00e8s s\u2019incorpora aquest curs 2018-2019 a un programa innovador anomenat \u201c<strong>Grup d\u2019Experimentaci\u00f3 per al Pluriling\u00fcisme<\/strong>\u201d o tamb\u00e9 conegut com <strong>Generaci\u00f3 Pluriling\u00fce<\/strong>, el qual est\u00e0 promogut pel Departament d\u2019Educaci\u00f3 i dissenyat per oferir als docents les eines, metodologies i marcs conceptuals adequats en l\u2019\u00fas de l\u2019angl\u00e8s en les mat\u00e8ries no ling\u00fc\u00edstiques.<\/p>\n<p style=\"text-align: justify;\">Es tracta doncs, d\u2019aplicar la llengua anglesa a trav\u00e9s del contingut de les mat\u00e8ries, i aix\u00ed millorar la compet\u00e8ncia comunicativa de l\u2019alumnat en aquest idioma.<\/p>\n<p style=\"text-align: justify;\">Hi ha un <strong>GRUP IMPULSOR<\/strong>, el qual est\u00e0 format per la directora del centre, un professor assessor d\u2019angl\u00e8s i 4 professors aplicadors, els quals han rebut una formaci\u00f3 espec\u00edfica que els acredita per poder implementar a l\u2019aula aquesta nova metodologia de treball basada en materials did\u00e0ctics AICLE\/CLIL amb l\u2019objectiu d\u2019aplicar-lo en breu.<\/p>\n<p style=\"text-align: justify;\">El gran objectiu a 3 anys vista \u00e9s la inclusi\u00f3 de l\u2019angl\u00e8s com a llengua d\u2019\u00fas normalitzat en la vida dels nostres estudiants en tots els nivells; aquest fet aportar\u00e0 beneficis als alumnes tant pel que fa a la seva compet\u00e8ncia comunicativa en angl\u00e8s com a la resta de mat\u00e8ries, ja que accediran a una varietat m\u00e9s gran d\u2019informaci\u00f3 en angl\u00e8s de diverses tipologies.<\/p>\n<p style=\"text-align: justify;\">Per exemple, durant aquest primer any, el projecte s\u2019est\u00e0 posant en pr\u00e0ctica en la mat\u00e8ria d\u2019Educaci\u00f3 \u00e8tico-c\u00edvica d\u2019un grup de 4t de l\u2019ESO, i en diverses <strong>activitats did\u00e0ctiques<\/strong> de mat\u00e8ries com la Biologia i Geologia de 4t d\u2019ESO, F\u00edsica i Qu\u00edmica de 4t d\u2019ESO, en 4 grups d\u2019Educaci\u00f3 F\u00edsica de 2n d\u2019ESO i en Ci\u00e8ncies de la Terra i del medi ambient de 1r de batxillerat. En la resta de mat\u00e8ries i cursos es fan activitats de manera m\u00e9s puntual.<\/p>\n<p style=\"text-align: justify;\">A m\u00e9s a m\u00e9s, es vol fomentar l\u2019angl\u00e8s en <strong>\u00e0mbits no curriculars a trav\u00e9s d\u2019activitats l\u00fadiques<\/strong> com per exemple l\u2019English day.<\/p>\n<p style=\"text-align: justify;\">Un dels nostres principals prop\u00f2sits \u00e9s animar a m\u00e9s docents del centre a fer la <strong>formaci\u00f3 en AICLE<\/strong> per aprendre a incloure a la seva assignatura continguts curriculars en angl\u00e8s.<\/p>\n<p style=\"text-align: justify;\">El Centre t\u00e9 la voluntat de sol\u00b7licitar anualment un\/a <strong>AUXILIAR DE CONVERSA<\/strong> en llengua anglesa a les convocat\u00f2ries corresponents del Departament d\u2019Ensenyament.<\/p>\n<p style=\"text-align: justify;\">L\u2019aposta de l\u2019Institut Baix Pened\u00e8s per la llengua anglesa \u00e9s decidida, de manera que esperem contribuir a la formaci\u00f3 de ciutadans m\u00e9s ben preparats per als reptes del m\u00f3n modern on el pluriling\u00fcisme no nom\u00e9s ofereix oportunitats acad\u00e8miques i laborals, sin\u00f3 tamb\u00e9 i sobretot una mirada molt m\u00e9s \u00e0mplia i rica sobre una realitat certament complexa.<\/p>\n<p>&nbsp;<\/p>\n<div><\/div>\n<div><a href=\"http:\/\/xtec.gencat.cat\/ca\/projectes\/plurilinguisme\/programes\/institucionals\/gep\/\" target=\"_blank\" rel=\"noopener noreferrer\" data-saferedirecturl=\"https:\/\/www.google.com\/url?q=http:\/\/xtec.gencat.cat\/ca\/projectes\/plurilinguisme\/programes\/institucionals\/gep\/&amp;source=gmail&amp;ust=1584094380594000&amp;usg=AFQjCNFVW20t_MJxL4IEbe1kxIe0PClN8w\">http:\/\/xtec.gencat.cat\/ca\/<wbr \/>projectes\/plurilinguisme\/<wbr \/>programes\/institucionals\/gep\/<\/a>\u00a0<wbr \/>\u00a0<span style=\"color: #888888;\"><br clear=\"all\" \/><\/span><\/p>\n<div><\/div>\n<p><span style=\"color: #888888;\">&#8212; <\/span><\/div>\n","protected":false},"excerpt":{"rendered":"<p>Per tal d\u2019aprofundir tant en la teoria com en la pr\u00e0ctica de l\u2019\u00fas de l\u2019angl\u00e8s, l\u2019Institut Baix Pened\u00e8s s\u2019incorpora aquest curs 2018-2019 a un programa innovador anomenat \u201cGrup d\u2019Experimentaci\u00f3 per al Pluriling\u00fcisme\u201d o tamb\u00e9 conegut com Generaci\u00f3 Pluriling\u00fce, el qual est\u00e0 promogut pel Departament d\u2019Educaci\u00f3 i dissenyat per oferir als docents les eines, metodologies i [&hellip;]<\/p>\n","protected":false},"author":1,"featured_media":0,"parent":57,"menu_order":60,"comment_status":"closed","ping_status":"closed","template":"page-templates\/side-menu.php","meta":{"_bbp_topic_count":0,"_bbp_reply_count":0,"_bbp_total_topic_count":0,"_bbp_total_reply_count":0,"_bbp_voice_count":0,"_bbp_anonymous_reply_count":0,"_bbp_topic_count_hidden":0,"_bbp_reply_count_hidden":0,"_bbp_forum_subforum_count":0,"site-sidebar-layout":"default","site-content-layout":"","ast-site-content-layout":"","site-content-style":"default","site-sidebar-style":"default","ast-global-header-display":"","ast-banner-title-visibility":"","ast-main-header-display":"","ast-hfb-above-header-display":"","ast-hfb-below-header-display":"","ast-hfb-mobile-header-display":"","site-post-title":"","ast-breadcrumbs-content":"","ast-featured-img":"","footer-sml-layout":"","theme-transparent-header-meta":"","adv-header-id-meta":"","stick-header-meta":"","header-above-stick-meta":"","header-main-stick-meta":"","header-below-stick-meta":"","astra-migrate-meta-layouts":"default","ast-page-background-enabled":"default","ast-page-background-meta":{"desktop":{"background-color":"var(--ast-global-color-4)","background-image":"","background-repeat":"repeat","background-position":"center center","background-size":"auto","background-attachment":"scroll","background-type":"","background-media":"","overlay-type":"","overlay-color":"","overlay-opacity":"","overlay-gradient":""},"tablet":{"background-color":"","background-image":"","background-repeat":"repeat","background-position":"center center","background-size":"auto","background-attachment":"scroll","background-type":"","background-media":"","overlay-type":"","overlay-color":"","overlay-opacity":"","overlay-gradient":""},"mobile":{"background-color":"","background-image":"","background-repeat":"repeat","background-position":"center center","background-size":"auto","background-attachment":"scroll","background-type":"","background-media":"","overlay-type":"","overlay-color":"","overlay-opacity":"","overlay-gradient":""}},"ast-content-background-meta":{"desktop":{"background-color":"var(--ast-global-color-5)","background-image":"","background-repeat":"repeat","background-position":"center center","background-size":"auto","background-attachment":"scroll","background-type":"","background-media":"","overlay-type":"","overlay-color":"","overlay-opacity":"","overlay-gradient":""},"tablet":{"background-color":"var(--ast-global-color-5)","background-image":"","background-repeat":"repeat","background-position":"center center","background-size":"auto","background-attachment":"scroll","background-type":"","background-media":"","overlay-type":"","overlay-color":"","overlay-opacity":"","overlay-gradient":""},"mobile":{"background-color":"var(--ast-global-color-5)","background-image":"","background-repeat":"repeat","background-position":"center center","background-size":"auto","background-attachment":"scroll","background-type":"","background-media":"","overlay-type":"","overlay-color":"","overlay-opacity":"","overlay-gradient":""}},"footnotes":""},"class_list":["post-519","page","type-page","status-publish","hentry"],"post_mailing_queue_ids":[],"_links":{"self":[{"href":"https:\/\/agora.xtec.cat\/insbaixpenedes\/wp-json\/wp\/v2\/pages\/519","targetHints":{"allow":["GET"]}}],"collection":[{"href":"https:\/\/agora.xtec.cat\/insbaixpenedes\/wp-json\/wp\/v2\/pages"}],"about":[{"href":"https:\/\/agora.xtec.cat\/insbaixpenedes\/wp-json\/wp\/v2\/types\/page"}],"author":[{"embeddable":true,"href":"https:\/\/agora.xtec.cat\/insbaixpenedes\/wp-json\/wp\/v2\/users\/1"}],"replies":[{"embeddable":true,"href":"https:\/\/agora.xtec.cat\/insbaixpenedes\/wp-json\/wp\/v2\/comments?post=519"}],"version-history":[{"count":3,"href":"https:\/\/agora.xtec.cat\/insbaixpenedes\/wp-json\/wp\/v2\/pages\/519\/revisions"}],"predecessor-version":[{"id":1111,"href":"https:\/\/agora.xtec.cat\/insbaixpenedes\/wp-json\/wp\/v2\/pages\/519\/revisions\/1111"}],"up":[{"embeddable":true,"href":"https:\/\/agora.xtec.cat\/insbaixpenedes\/wp-json\/wp\/v2\/pages\/57"}],"wp:attachment":[{"href":"https:\/\/agora.xtec.cat\/insbaixpenedes\/wp-json\/wp\/v2\/media?parent=519"}],"curies":[{"name":"wp","href":"https:\/\/api.w.org\/{rel}","templated":true}]}}