{"id":46,"date":"2014-09-17T16:53:45","date_gmt":"2014-09-17T16:53:45","guid":{"rendered":"http:\/\/agora.xtec.cat\/insbaixpenedes\/?page_id=46"},"modified":"2025-08-26T14:28:33","modified_gmt":"2025-08-26T12:28:33","slug":"organigrama","status":"publish","type":"page","link":"https:\/\/agora.xtec.cat\/insbaixpenedes\/linstitut\/organigrama\/","title":{"rendered":"Organigrama"},"content":{"rendered":"<p><a href=\"https:\/\/agora.xtec.cat\/insbaixpenedes\/wp-content\/uploads\/usu1417\/2019\/09\/00-insbp.jpg\"><img loading=\"lazy\" decoding=\"async\" class=\"aligncenter size-large wp-image-554\" src=\"https:\/\/agora.xtec.cat\/insbaixpenedes\/wp-content\/uploads\/usu1417\/2019\/09\/00-insbp-1024x329.jpg\" alt=\"\" width=\"1024\" height=\"329\" srcset=\"https:\/\/agora.xtec.cat\/insbaixpenedes\/wp-content\/uploads\/usu1417\/2019\/09\/00-insbp-1024x329.jpg 1024w, https:\/\/agora.xtec.cat\/insbaixpenedes\/wp-content\/uploads\/usu1417\/2019\/09\/00-insbp-300x96.jpg 300w, https:\/\/agora.xtec.cat\/insbaixpenedes\/wp-content\/uploads\/usu1417\/2019\/09\/00-insbp-768x246.jpg 768w, https:\/\/agora.xtec.cat\/insbaixpenedes\/wp-content\/uploads\/usu1417\/2019\/09\/00-insbp.jpg 1920w\" sizes=\"auto, (max-width: 1024px) 100vw, 1024px\" \/><\/a><\/p>\n<p>&nbsp;<\/p>\n<h5>Equip directiu<\/h5>\n<ul style=\"list-style-type: square;\">\n<li><strong>Director<\/strong>: Vicent G\u00f3mez- vgomez@institutbaixpenedes.cat<\/li>\n<li><strong>Cap d&#8217;Estudis<\/strong>: Laia Roig &#8211; lroig@institutbaixpenedes.cat<\/li>\n<li><strong>Coordinadora Pedag\u00f2gica<\/strong>: \u00c1ngela Gallego &#8211; agallego@institutbaixpenedes.cat<\/li>\n<li><strong>Secretari<\/strong>: Armando Torres &#8211; atorres@institutbaixpenedes.cat<\/li>\n<\/ul>\n<h5>Coordinadors<\/h5>\n<ul style=\"list-style-type: square;\">\n<li><strong>Coordinador TIC<\/strong>: Fernando Royo &#8211; tic@institutbaixpenedes.cat<\/li>\n<li><strong>Coordinadora Xarxes Socials: <\/strong>N\u00faria Llambrich &#8211; xarxes@institutbaixpenedes.cat<\/li>\n<li><strong>Coordinador Riscos Laborals<\/strong>: Santiago Ruiz &#8211; sruiz@institutbaixpenedes.cat<\/li>\n<li><strong>Coordinador 1r ESO<\/strong>: Marta Barrag\u00e1n &#8211; mbarragan@institutbaixpenedes.cat<\/li>\n<li><strong>Coordinadora 2n ESO<\/strong>: Albert Recasens &#8211; arecasens@institutbaixpenedes.cat<\/li>\n<li><strong>Coordinadora 3r ESO<\/strong>: V\u00edctor Z\u00fa\u00f1iga &#8211; vzu\u00f1iga@institutbaixpenedes.cat<\/li>\n<li><strong>Coordinadora 4t ESO<\/strong>: Emma Chavarr\u00eda &#8211; echavarria@institutbaixpenedes.cat<\/li>\n<li><strong>Coordinador BAT<\/strong>: N\u00faria Mercad\u00e9 &#8211; nmercade@institutbaixpenedes.cat<\/li>\n<li><strong>Coordinador Mediaci\u00f3<\/strong>: Marc Strino &#8211; mstrino@institutbaixpenedes.cat<\/li>\n<li><strong>Coordinadora Extraescolars<\/strong>: Merc\u00e8 Cusc\u00f3 &#8211; mcusco@institutbaixpenedes.cat<\/li>\n<li><strong>LIC<\/strong>: Marta Boronat &#8211; mboronat@institutbaixpenedes.cat<\/li>\n<li><strong>Coordinadora Escoles Verdes<\/strong>: Lurdes Le\u00f3n &#8211; lleon@institutbaixpenedes.cat<\/li>\n<li><strong>Coordinador Pati League<\/strong>: Pep Sanz &#8211; psanz@institutbaixpenedes.cat<\/li>\n<li>Coordinaci\u00f3 Biblioteca: Pili Queral &#8211; pqueral@institutbaixpenedes.cat<\/li>\n<\/ul>\n<h5>Caps de departament\/seminari<\/h5>\n<ul style=\"list-style-type: square;\">\n<li><strong>Socials<\/strong>: Marc Strino &#8211; mstrino@institutbaixpenedes.cat<\/li>\n<li><strong>M\u00fasica<\/strong>: Gaspar Alcocer &#8211; galcocer@institutbaixpenedes.cat<\/li>\n<li><strong>Filosofia i Cl\u00e0ssiques<\/strong>: Cristina Criado &#8211; ccriado@institutbaixpenedes.cat<\/li>\n<li><strong>Biologia i Geologia<\/strong>: Manel Caparr\u00f3s &#8211; mcaparros@institutbaixpenedes.cat<\/li>\n<li><strong>Educaci\u00f3 F\u00edsica<\/strong>: Edgar Tejedor &#8211; etejedor@institutbaixpenedes.cat<\/li>\n<li><strong>Orientaci\u00f3<\/strong>: Gerard Ciur\u00f3 &#8211; gciuro@institutbaixpenedes.cat<\/li>\n<li><strong>Castell\u00e0<\/strong>: Esmeralda Bonan &#8211; ebonan@institutbaixpenedes.cat<\/li>\n<li><strong>Tecnologia<\/strong>: Mila L\u00f3pez &#8211; mlopez@institutbaixpenedes.cat<\/li>\n<li><strong>Matem\u00e0tiques<\/strong>: Amparo Climent &#8211; acliment@institutbaixpenedes.cat<\/li>\n<li><strong>Visual i Pl\u00e0stica<\/strong>: Jes\u00fas Gr\u00e0cia &#8211; jgracia@institutbaixpenedes.cat<\/li>\n<li><strong>Lleng\u00fces estrangeres<\/strong>: \u00c0ngels Cat\u00e0 &#8211; acata@institutbaixpenedes.cat<\/li>\n<li><strong>Catal\u00e0<\/strong>: N\u00faria Llambrich -nllambrich@institutbaixpenedes.cat<\/li>\n<li><strong>F\u00edsica i Qu\u00edmica<\/strong>: Rosa Sanz &#8211; rsanz@institutbaixpenedes.cat<\/li>\n<\/ul>\n<h5>Tutors<\/h5>\n<ul style=\"list-style-type: square;\">\n<li><strong>1r ESO A<\/strong>: Meritxell Guitart &#8211; mguitart@institutbaixpenedes.cat<\/li>\n<li><strong>1r ESO B<\/strong>: \u00c1ngel Garc\u00eda &#8211; agarcia@institutbaixpenedes.cat<\/li>\n<li><strong>1r ESO C<\/strong>: Marta Barrag\u00e1n &#8211; mbarragan@institutbaixpenedes.catAlbert Recasens<\/li>\n<li><strong>1r ESO D<\/strong>: Cristina Pros &#8211; cpros@institutbaixpenedes.cat<\/li>\n<li><strong>1r ESO E:\u00a0 <\/strong>David Sancho &#8211; dsancho@institutbaixpenedes.cat<\/li>\n<li><strong>1r ESO F: <\/strong>\u00a0&#8211; @institutbaixpenedes.cat<\/li>\n<li><strong>2n ESO A<\/strong>: Eli Socias &#8211; esocias@institutbaixpenedes.cat<\/li>\n<li><strong>2n ESO B<\/strong>: Albert Valldosera &#8211; avalldosera@institutbaixpenedes.cat<\/li>\n<li><strong>2n ESO C<\/strong>: Albert Recasens &#8211; arecasens@institutbaixpenedes.cat<\/li>\n<li><strong>2n ESO D<\/strong>: S\u00edlvia Rovira &#8211; srovira@institutbaixpenedes.cat<\/li>\n<li><strong>2n ESO E: <\/strong>Marta Boronat &#8211; mboronat@institutbaixpenedes.cat<\/li>\n<li><strong>2n ESO F<\/strong>: Sonia Tenza &#8211; stenza@institutbaixpenedes.cat<\/li>\n<li><strong>2n ESO G<\/strong>: Eul\u00e0lia Fern\u00e1ndez &#8211; efernandez@institutbaixpenedes.cat<\/li>\n<li><strong>3r ESO A<\/strong>: Gemma Escalante &#8211; gescalante@institutbaixpenedes.cat<\/li>\n<li><strong>3r ESO B<\/strong>: V\u00edctor Z\u00fa\u00f1iga &#8211; vzu\u00f1iga@institutbaixpenedes.cat<\/li>\n<li><strong>3r ESO C<\/strong>: Neus Baldr\u00eds\u00a0 &#8211; nbaldris@institutbaixpenedes.cat<\/li>\n<li><strong>3r ESO D<\/strong>: Roger Roca &#8211; rroca@institutbaixpenedes.cat<\/li>\n<li><strong>4t ESO A<\/strong>: Emma Chavarr\u00eda &#8211; echavarria@institutbaixpenedes.cat<\/li>\n<li><strong>4t ESO B<\/strong>: Jordi Nieto &#8211; jnieto@institutbaixpenedes.cat<\/li>\n<li><strong>4t ESO C<\/strong>: Eni Pradas &#8211; epradas@institutbaixpenedes.cat<\/li>\n<li><strong>4t ESO D<\/strong>: Daniel Sol\u00e0 &#8211; dsola@institutbaixpenedes.cat<\/li>\n<li><strong>1r BAT A<\/strong>:\u00a0 Esmeralda Bonan &#8211; abonan@institutbaixpenedes.cat<\/li>\n<li><strong>1r BAT B<\/strong>: Laura Font &#8211; lfont@institutbaixpenedes.cat<\/li>\n<li><strong>1r BAT C<\/strong>: Agn\u00e8s Cruanyes &#8211; acruanyes@institutbaixpenedes.cat<\/li>\n<li><strong>1r BAT D<\/strong>: Aina Mara Giraldes &#8211; ebonan@institutbaixpenedes.cat<\/li>\n<li><strong>2n BAT A<\/strong>: Pep Sanz &#8211; psanz@institutbaixpenedes.cat<\/li>\n<li><strong>2n BAT B<\/strong>: N\u00faria Mercad\u00e9 &#8211; nmercade@institutbaixpenedes.cat<\/li>\n<li><strong>2n BAT C<\/strong>: Merc\u00e8 Cusc\u00f3 &#8211; mcusco@institutbaixpenedes.cat<\/li>\n<\/ul>\n","protected":false},"excerpt":{"rendered":"<p>&nbsp; Equip directiu Director: Vicent G\u00f3mez- vgomez@institutbaixpenedes.cat Cap d&#8217;Estudis: Laia Roig &#8211; lroig@institutbaixpenedes.cat Coordinadora Pedag\u00f2gica: \u00c1ngela Gallego &#8211; agallego@institutbaixpenedes.cat Secretari: Armando Torres &#8211; atorres@institutbaixpenedes.cat Coordinadors Coordinador TIC: Fernando Royo &#8211; tic@institutbaixpenedes.cat Coordinadora Xarxes Socials: N\u00faria Llambrich &#8211; xarxes@institutbaixpenedes.cat Coordinador Riscos Laborals: Santiago Ruiz &#8211; sruiz@institutbaixpenedes.cat Coordinador 1r ESO: Marta Barrag\u00e1n &#8211; mbarragan@institutbaixpenedes.cat Coordinadora 2n ESO: [&hellip;]<\/p>\n","protected":false},"author":1,"featured_media":0,"parent":19,"menu_order":50,"comment_status":"closed","ping_status":"closed","template":"","meta":{"_bbp_topic_count":0,"_bbp_reply_count":0,"_bbp_total_topic_count":0,"_bbp_total_reply_count":0,"_bbp_voice_count":0,"_bbp_anonymous_reply_count":0,"_bbp_topic_count_hidden":0,"_bbp_reply_count_hidden":0,"_bbp_forum_subforum_count":0,"site-sidebar-layout":"default","site-content-layout":"","ast-site-content-layout":"default","site-content-style":"default","site-sidebar-style":"default","ast-global-header-display":"","ast-banner-title-visibility":"","ast-main-header-display":"","ast-hfb-above-header-display":"","ast-hfb-below-header-display":"","ast-hfb-mobile-header-display":"","site-post-title":"","ast-breadcrumbs-content":"","ast-featured-img":"","footer-sml-layout":"","theme-transparent-header-meta":"default","adv-header-id-meta":"","stick-header-meta":"","header-above-stick-meta":"","header-main-stick-meta":"","header-below-stick-meta":"","astra-migrate-meta-layouts":"set","ast-page-background-enabled":"default","ast-page-background-meta":{"desktop":{"background-color":"var(--ast-global-color-4)","background-image":"","background-repeat":"repeat","background-position":"center center","background-size":"auto","background-attachment":"scroll","background-type":"","background-media":"","overlay-type":"","overlay-color":"","overlay-opacity":"","overlay-gradient":""},"tablet":{"background-color":"","background-image":"","background-repeat":"repeat","background-position":"center center","background-size":"auto","background-attachment":"scroll","background-type":"","background-media":"","overlay-type":"","overlay-color":"","overlay-opacity":"","overlay-gradient":""},"mobile":{"background-color":"","background-image":"","background-repeat":"repeat","background-position":"center center","background-size":"auto","background-attachment":"scroll","background-type":"","background-media":"","overlay-type":"","overlay-color":"","overlay-opacity":"","overlay-gradient":""}},"ast-content-background-meta":{"desktop":{"background-color":"var(--ast-global-color-5)","background-image":"","background-repeat":"repeat","background-position":"center center","background-size":"auto","background-attachment":"scroll","background-type":"","background-media":"","overlay-type":"","overlay-color":"","overlay-opacity":"","overlay-gradient":""},"tablet":{"background-color":"var(--ast-global-color-5)","background-image":"","background-repeat":"repeat","background-position":"center center","background-size":"auto","background-attachment":"scroll","background-type":"","background-media":"","overlay-type":"","overlay-color":"","overlay-opacity":"","overlay-gradient":""},"mobile":{"background-color":"var(--ast-global-color-5)","background-image":"","background-repeat":"repeat","background-position":"center center","background-size":"auto","background-attachment":"scroll","background-type":"","background-media":"","overlay-type":"","overlay-color":"","overlay-opacity":"","overlay-gradient":""}},"footnotes":""},"class_list":["post-46","page","type-page","status-publish","hentry"],"post_mailing_queue_ids":[],"_links":{"self":[{"href":"https:\/\/agora.xtec.cat\/insbaixpenedes\/wp-json\/wp\/v2\/pages\/46","targetHints":{"allow":["GET"]}}],"collection":[{"href":"https:\/\/agora.xtec.cat\/insbaixpenedes\/wp-json\/wp\/v2\/pages"}],"about":[{"href":"https:\/\/agora.xtec.cat\/insbaixpenedes\/wp-json\/wp\/v2\/types\/page"}],"author":[{"embeddable":true,"href":"https:\/\/agora.xtec.cat\/insbaixpenedes\/wp-json\/wp\/v2\/users\/1"}],"replies":[{"embeddable":true,"href":"https:\/\/agora.xtec.cat\/insbaixpenedes\/wp-json\/wp\/v2\/comments?post=46"}],"version-history":[{"count":6,"href":"https:\/\/agora.xtec.cat\/insbaixpenedes\/wp-json\/wp\/v2\/pages\/46\/revisions"}],"predecessor-version":[{"id":5790,"href":"https:\/\/agora.xtec.cat\/insbaixpenedes\/wp-json\/wp\/v2\/pages\/46\/revisions\/5790"}],"up":[{"embeddable":true,"href":"https:\/\/agora.xtec.cat\/insbaixpenedes\/wp-json\/wp\/v2\/pages\/19"}],"wp:attachment":[{"href":"https:\/\/agora.xtec.cat\/insbaixpenedes\/wp-json\/wp\/v2\/media?parent=46"}],"curies":[{"name":"wp","href":"https:\/\/api.w.org\/{rel}","templated":true}]}}