{"id":39,"date":"2014-09-17T16:36:44","date_gmt":"2014-09-17T16:36:44","guid":{"rendered":"http:\/\/agora.xtec.cat\/insbaixpenedes\/?page_id=39"},"modified":"2023-10-20T13:04:37","modified_gmt":"2023-10-20T11:04:37","slug":"instal%c2%b7lacions","status":"publish","type":"page","link":"https:\/\/agora.xtec.cat\/insbaixpenedes\/linstitut\/instal%c2%b7lacions\/","title":{"rendered":"Instal\u00b7lacions"},"content":{"rendered":"<p><a href=\"https:\/\/agora.xtec.cat\/insbaixpenedes\/wp-content\/uploads\/usu1417\/2020\/03\/IMG-20200306-WA0011.jpg\"><img loading=\"lazy\" decoding=\"async\" class=\"aligncenter size-large wp-image-1073\" src=\"https:\/\/agora.xtec.cat\/insbaixpenedes\/wp-content\/uploads\/usu1417\/2020\/03\/IMG-20200306-WA0011-1024x576.jpg\" alt=\"\" width=\"1024\" height=\"576\" srcset=\"https:\/\/agora.xtec.cat\/insbaixpenedes\/wp-content\/uploads\/usu1417\/2020\/03\/IMG-20200306-WA0011-1024x576.jpg 1024w, https:\/\/agora.xtec.cat\/insbaixpenedes\/wp-content\/uploads\/usu1417\/2020\/03\/IMG-20200306-WA0011-300x169.jpg 300w, https:\/\/agora.xtec.cat\/insbaixpenedes\/wp-content\/uploads\/usu1417\/2020\/03\/IMG-20200306-WA0011-768x432.jpg 768w, https:\/\/agora.xtec.cat\/insbaixpenedes\/wp-content\/uploads\/usu1417\/2020\/03\/IMG-20200306-WA0011.jpg 1328w\" sizes=\"auto, (max-width: 1024px) 100vw, 1024px\" \/><\/a><\/p>\n<p>L&#8217;edifici de l&#8217;Institut Baix Pened\u00e8s no ha estat sempre com el coneixem avui dia, ja que es va anar ampliant a mesura que les necessitats creixien. La primera fase de l&#8217;edifici es va acabar l&#8217;any 1970 i correspon a la zona on estan ubicats els cursos de 1r, 2n, 3r i despatxos (direcci\u00f3, secretaria, consergeria, sala de professors i seminaris).<\/p>\n<p>Aquestes instal\u00b7lacions de seguida es van quedar petites i com a conseq\u00fc\u00e8ncia es va procedir a la construcci\u00f3 de la primera ampliaci\u00f3. Aquesta va finalitzar l&#8217;any 1974 i \u00e9s la zona on actualment estan els laboratoris, despatxos (cap d&#8217;estudis, seminaris, inform\u00e0tica) i el bar-cantina.<\/p>\n<p>La Segona ampliaci\u00f3 es va produir l&#8217;any 1991 i actualment hi trobem la sala d&#8217;actes, aules espec\u00edfiques (inform\u00e0tica, m\u00fasica, dibuix, laboratori fotografia, taller d&#8217;arts) i seminaris. Totes aquestes ampliacions \u00e9s el que avui dia coneixem col\u00b7loquialment com a &#8220;edifici vell&#8221;.<\/p>\n<p><a href=\"https:\/\/agora.xtec.cat\/insbaixpenedes\/wp-content\/uploads\/usu1417\/2019\/09\/exteriors006.jpg\"><img loading=\"lazy\" decoding=\"async\" class=\"aligncenter size-large wp-image-505\" src=\"https:\/\/agora.xtec.cat\/insbaixpenedes\/wp-content\/uploads\/usu1417\/2019\/09\/exteriors006-1024x683.jpg\" alt=\"\" width=\"1024\" height=\"683\" srcset=\"https:\/\/agora.xtec.cat\/insbaixpenedes\/wp-content\/uploads\/usu1417\/2019\/09\/exteriors006-1024x683.jpg 1024w, https:\/\/agora.xtec.cat\/insbaixpenedes\/wp-content\/uploads\/usu1417\/2019\/09\/exteriors006-300x200.jpg 300w, https:\/\/agora.xtec.cat\/insbaixpenedes\/wp-content\/uploads\/usu1417\/2019\/09\/exteriors006-768x512.jpg 768w, https:\/\/agora.xtec.cat\/insbaixpenedes\/wp-content\/uploads\/usu1417\/2019\/09\/exteriors006.jpg 1200w\" sizes=\"auto, (max-width: 1024px) 100vw, 1024px\" \/><\/a><\/p>\n<p>&nbsp;<\/p>\n","protected":false},"excerpt":{"rendered":"<p>L&#8217;edifici de l&#8217;Institut Baix Pened\u00e8s no ha estat sempre com el coneixem avui dia, ja que es va anar ampliant a mesura que les necessitats creixien. La primera fase de l&#8217;edifici es va acabar l&#8217;any 1970 i correspon a la zona on estan ubicats els cursos de 1r, 2n, 3r i despatxos (direcci\u00f3, secretaria, consergeria, [&hellip;]<\/p>\n","protected":false},"author":1,"featured_media":0,"parent":19,"menu_order":30,"comment_status":"closed","ping_status":"closed","template":"page-templates\/side-menu.php","meta":{"_bbp_topic_count":0,"_bbp_reply_count":0,"_bbp_total_topic_count":0,"_bbp_total_reply_count":0,"_bbp_voice_count":0,"_bbp_anonymous_reply_count":0,"_bbp_topic_count_hidden":0,"_bbp_reply_count_hidden":0,"_bbp_forum_subforum_count":0,"site-sidebar-layout":"default","site-content-layout":"","ast-site-content-layout":"","site-content-style":"default","site-sidebar-style":"default","ast-global-header-display":"","ast-banner-title-visibility":"","ast-main-header-display":"","ast-hfb-above-header-display":"","ast-hfb-below-header-display":"","ast-hfb-mobile-header-display":"","site-post-title":"","ast-breadcrumbs-content":"","ast-featured-img":"","footer-sml-layout":"","theme-transparent-header-meta":"","adv-header-id-meta":"","stick-header-meta":"","header-above-stick-meta":"","header-main-stick-meta":"","header-below-stick-meta":"","astra-migrate-meta-layouts":"default","ast-page-background-enabled":"default","ast-page-background-meta":{"desktop":{"background-color":"var(--ast-global-color-4)","background-image":"","background-repeat":"repeat","background-position":"center center","background-size":"auto","background-attachment":"scroll","background-type":"","background-media":"","overlay-type":"","overlay-color":"","overlay-opacity":"","overlay-gradient":""},"tablet":{"background-color":"","background-image":"","background-repeat":"repeat","background-position":"center center","background-size":"auto","background-attachment":"scroll","background-type":"","background-media":"","overlay-type":"","overlay-color":"","overlay-opacity":"","overlay-gradient":""},"mobile":{"background-color":"","background-image":"","background-repeat":"repeat","background-position":"center center","background-size":"auto","background-attachment":"scroll","background-type":"","background-media":"","overlay-type":"","overlay-color":"","overlay-opacity":"","overlay-gradient":""}},"ast-content-background-meta":{"desktop":{"background-color":"var(--ast-global-color-5)","background-image":"","background-repeat":"repeat","background-position":"center center","background-size":"auto","background-attachment":"scroll","background-type":"","background-media":"","overlay-type":"","overlay-color":"","overlay-opacity":"","overlay-gradient":""},"tablet":{"background-color":"var(--ast-global-color-5)","background-image":"","background-repeat":"repeat","background-position":"center center","background-size":"auto","background-attachment":"scroll","background-type":"","background-media":"","overlay-type":"","overlay-color":"","overlay-opacity":"","overlay-gradient":""},"mobile":{"background-color":"var(--ast-global-color-5)","background-image":"","background-repeat":"repeat","background-position":"center center","background-size":"auto","background-attachment":"scroll","background-type":"","background-media":"","overlay-type":"","overlay-color":"","overlay-opacity":"","overlay-gradient":""}},"footnotes":""},"class_list":["post-39","page","type-page","status-publish","hentry"],"post_mailing_queue_ids":[],"_links":{"self":[{"href":"https:\/\/agora.xtec.cat\/insbaixpenedes\/wp-json\/wp\/v2\/pages\/39","targetHints":{"allow":["GET"]}}],"collection":[{"href":"https:\/\/agora.xtec.cat\/insbaixpenedes\/wp-json\/wp\/v2\/pages"}],"about":[{"href":"https:\/\/agora.xtec.cat\/insbaixpenedes\/wp-json\/wp\/v2\/types\/page"}],"author":[{"embeddable":true,"href":"https:\/\/agora.xtec.cat\/insbaixpenedes\/wp-json\/wp\/v2\/users\/1"}],"replies":[{"embeddable":true,"href":"https:\/\/agora.xtec.cat\/insbaixpenedes\/wp-json\/wp\/v2\/comments?post=39"}],"version-history":[{"count":4,"href":"https:\/\/agora.xtec.cat\/insbaixpenedes\/wp-json\/wp\/v2\/pages\/39\/revisions"}],"predecessor-version":[{"id":4324,"href":"https:\/\/agora.xtec.cat\/insbaixpenedes\/wp-json\/wp\/v2\/pages\/39\/revisions\/4324"}],"up":[{"embeddable":true,"href":"https:\/\/agora.xtec.cat\/insbaixpenedes\/wp-json\/wp\/v2\/pages\/19"}],"wp:attachment":[{"href":"https:\/\/agora.xtec.cat\/insbaixpenedes\/wp-json\/wp\/v2\/media?parent=39"}],"curies":[{"name":"wp","href":"https:\/\/api.w.org\/{rel}","templated":true}]}}