{"id":3681,"date":"2023-01-18T19:54:19","date_gmt":"2023-01-18T18:54:19","guid":{"rendered":"https:\/\/agora.xtec.cat\/insbaixpenedes\/?page_id=3681"},"modified":"2024-02-20T13:52:51","modified_gmt":"2024-02-20T12:52:51","slug":"objectius","status":"publish","type":"page","link":"https:\/\/agora.xtec.cat\/insbaixpenedes\/projecte-educatiu\/estrategia-digital-de-centre-edc\/estrategia\/objectius\/","title":{"rendered":"Objectius"},"content":{"rendered":"<p>Un cop realitzada la diagnosi de l\u2019estat del centre, cal afegir dos aspectes m\u00e9s per poder determinar els objectius de la nostra EDC.<\/p>\n<p>El primer aspecte s\u00f3n els objectius del Projecte Educatiu de Centre. Cal veure de quina manera les fortaleses i les debilitats detectades en la diagnosi poden contribuir en la consecuci\u00f3 d\u2019aquests objectius del PEC.<\/p>\n<p>El segon aspecte que cal afegir \u00e9s la visi\u00f3 del centre en l\u2019\u00e0mbit digital. Com ens imaginem el centre d\u2019aqu\u00ed a uns anys en l\u2019\u00e0mbit digital? Moltes vegades aquesta visi\u00f3 ja es contempla en el PEC. Si \u00e9s aix\u00ed, no cal definir-la de nou, per\u00f2 s\u00ed incloure-la en l\u2019EDC per garantir la coher\u00e8ncia entre els dos documents.<\/p>\n<p><a href=\"https:\/\/agora.xtec.cat\/insbaixpenedes\/wp-content\/uploads\/usu1417\/2023\/03\/Objectius-edc.png\"><img loading=\"lazy\" decoding=\"async\" class=\"aligncenter wp-image-3964\" src=\"https:\/\/agora.xtec.cat\/insbaixpenedes\/wp-content\/uploads\/usu1417\/2023\/03\/Objectius-edc.png\" alt=\"\" width=\"525\" height=\"199\" srcset=\"https:\/\/agora.xtec.cat\/insbaixpenedes\/wp-content\/uploads\/usu1417\/2023\/03\/Objectius-edc.png 873w, https:\/\/agora.xtec.cat\/insbaixpenedes\/wp-content\/uploads\/usu1417\/2023\/03\/Objectius-edc-300x114.png 300w, https:\/\/agora.xtec.cat\/insbaixpenedes\/wp-content\/uploads\/usu1417\/2023\/03\/Objectius-edc-768x291.png 768w\" sizes=\"auto, (max-width: 525px) 100vw, 525px\" \/><\/a><\/p>\n<h5><\/h5>\n<h5>Objectius de l&#8217;EDC<\/h5>\n<ul style=\"list-style-type: square;\">\n<li><strong>\u00c0mbit pedag\u00f2gic<\/strong>\n<ul>\n<li style=\"list-style-type: none;\">\n<ul style=\"list-style-type: circle;\">\n<li>Dotar l\u2019alumnat de les eines fonamentals per integrar-se adequadament en la nostra societat complexa i canviant, amb una atenci\u00f3 especial a l\u2019\u00fas de les tecnologies digitals, per tal que assoleixi les compet\u00e8ncies b\u00e0siques.<\/li>\n<\/ul>\n<\/li>\n<\/ul>\n<\/li>\n<li><strong>\u00c0mbit de gesti\u00f3 humana<\/strong>\n<ul>\n<li style=\"list-style-type: none;\">\n<ul style=\"list-style-type: circle;\">\n<li>Fomentar i afavorir les activitats d\u2019actualitzaci\u00f3 de continguts i metodologies digitals dels professionals del centre.<\/li>\n<\/ul>\n<\/li>\n<\/ul>\n<\/li>\n<li><strong>\u00c0mbit de la gesti\u00f3 administrativa<\/strong>\n<ul>\n<li style=\"list-style-type: none;\">\n<ul style=\"list-style-type: circle;\">\n<li>Executar la gesti\u00f3 econ\u00f2mica, a trav\u00e9s d\u2019esfer@ duent a la comissi\u00f3 econ\u00f2mica l\u2019extracte d\u2019entrades i sortides de tot l\u2019any perqu\u00e8 siguin aprovades en Consell Escolar.<\/li>\n<li>Utilitzar eines digitals per a una bona comunicaci\u00f3 interna i externa dels aspectes administratius.<\/li>\n<li>Mantenir actualitzats (i informatitzats, si \u00e9s possible) els inventaris i dip\u00f2sits documentals del centre.<\/li>\n<\/ul>\n<\/li>\n<\/ul>\n<\/li>\n<\/ul>\n<ul>\n<li style=\"list-style-type: none;\"><\/li>\n<\/ul>\n<h5 style=\"text-align: justify;\">Objectius de l&#8217;Institut Baix Pened\u00e8s<\/h5>\n<ul style=\"list-style-type: square;\">\n<li>Desplegament de l\u2019EDC.<\/li>\n<li>Millorar l\u2019acollida digital del professorat.<\/li>\n<li>Millorar l\u2019acollida de l\u2019alumnat.<\/li>\n<li>Acabar la documentaci\u00f3 d\u2019acollida de les fam\u00edlies.<\/li>\n<li>Millorar l\u2019acollida de les fam\u00edlies.<\/li>\n<li>Revisar la documentaci\u00f3 de centre per transformar-la en digital sempre que sigui possible.<\/li>\n<li>Millorar la compet\u00e8ncia digital del professorat.<\/li>\n<\/ul>\n","protected":false},"excerpt":{"rendered":"<p>Un cop realitzada la diagnosi de l\u2019estat del centre, cal afegir dos aspectes m\u00e9s per poder determinar els objectius de la nostra EDC. El primer aspecte s\u00f3n els objectius del Projecte Educatiu de Centre. Cal veure de quina manera les fortaleses i les debilitats detectades en la diagnosi poden contribuir en la consecuci\u00f3 d\u2019aquests objectius [&hellip;]<\/p>\n","protected":false},"author":1,"featured_media":0,"parent":3685,"menu_order":0,"comment_status":"closed","ping_status":"closed","template":"","meta":{"_bbp_topic_count":0,"_bbp_reply_count":0,"_bbp_total_topic_count":0,"_bbp_total_reply_count":0,"_bbp_voice_count":0,"_bbp_anonymous_reply_count":0,"_bbp_topic_count_hidden":0,"_bbp_reply_count_hidden":0,"_bbp_forum_subforum_count":0,"site-sidebar-layout":"default","site-content-layout":"","ast-site-content-layout":"","site-content-style":"default","site-sidebar-style":"default","ast-global-header-display":"","ast-banner-title-visibility":"","ast-main-header-display":"","ast-hfb-above-header-display":"","ast-hfb-below-header-display":"","ast-hfb-mobile-header-display":"","site-post-title":"","ast-breadcrumbs-content":"","ast-featured-img":"","footer-sml-layout":"","theme-transparent-header-meta":"","adv-header-id-meta":"","stick-header-meta":"","header-above-stick-meta":"","header-main-stick-meta":"","header-below-stick-meta":"","astra-migrate-meta-layouts":"default","ast-page-background-enabled":"default","ast-page-background-meta":{"desktop":{"background-color":"var(--ast-global-color-4)","background-image":"","background-repeat":"repeat","background-position":"center center","background-size":"auto","background-attachment":"scroll","background-type":"","background-media":"","overlay-type":"","overlay-color":"","overlay-opacity":"","overlay-gradient":""},"tablet":{"background-color":"","background-image":"","background-repeat":"repeat","background-position":"center center","background-size":"auto","background-attachment":"scroll","background-type":"","background-media":"","overlay-type":"","overlay-color":"","overlay-opacity":"","overlay-gradient":""},"mobile":{"background-color":"","background-image":"","background-repeat":"repeat","background-position":"center center","background-size":"auto","background-attachment":"scroll","background-type":"","background-media":"","overlay-type":"","overlay-color":"","overlay-opacity":"","overlay-gradient":""}},"ast-content-background-meta":{"desktop":{"background-color":"var(--ast-global-color-5)","background-image":"","background-repeat":"repeat","background-position":"center center","background-size":"auto","background-attachment":"scroll","background-type":"","background-media":"","overlay-type":"","overlay-color":"","overlay-opacity":"","overlay-gradient":""},"tablet":{"background-color":"var(--ast-global-color-5)","background-image":"","background-repeat":"repeat","background-position":"center center","background-size":"auto","background-attachment":"scroll","background-type":"","background-media":"","overlay-type":"","overlay-color":"","overlay-opacity":"","overlay-gradient":""},"mobile":{"background-color":"var(--ast-global-color-5)","background-image":"","background-repeat":"repeat","background-position":"center center","background-size":"auto","background-attachment":"scroll","background-type":"","background-media":"","overlay-type":"","overlay-color":"","overlay-opacity":"","overlay-gradient":""}},"footnotes":""},"class_list":["post-3681","page","type-page","status-publish","hentry"],"post_mailing_queue_ids":[],"_links":{"self":[{"href":"https:\/\/agora.xtec.cat\/insbaixpenedes\/wp-json\/wp\/v2\/pages\/3681","targetHints":{"allow":["GET"]}}],"collection":[{"href":"https:\/\/agora.xtec.cat\/insbaixpenedes\/wp-json\/wp\/v2\/pages"}],"about":[{"href":"https:\/\/agora.xtec.cat\/insbaixpenedes\/wp-json\/wp\/v2\/types\/page"}],"author":[{"embeddable":true,"href":"https:\/\/agora.xtec.cat\/insbaixpenedes\/wp-json\/wp\/v2\/users\/1"}],"replies":[{"embeddable":true,"href":"https:\/\/agora.xtec.cat\/insbaixpenedes\/wp-json\/wp\/v2\/comments?post=3681"}],"version-history":[{"count":4,"href":"https:\/\/agora.xtec.cat\/insbaixpenedes\/wp-json\/wp\/v2\/pages\/3681\/revisions"}],"predecessor-version":[{"id":4464,"href":"https:\/\/agora.xtec.cat\/insbaixpenedes\/wp-json\/wp\/v2\/pages\/3681\/revisions\/4464"}],"up":[{"embeddable":true,"href":"https:\/\/agora.xtec.cat\/insbaixpenedes\/wp-json\/wp\/v2\/pages\/3685"}],"wp:attachment":[{"href":"https:\/\/agora.xtec.cat\/insbaixpenedes\/wp-json\/wp\/v2\/media?parent=3681"}],"curies":[{"name":"wp","href":"https:\/\/api.w.org\/{rel}","templated":true}]}}