{"id":3670,"date":"2023-01-18T17:38:34","date_gmt":"2023-01-18T16:38:34","guid":{"rendered":"https:\/\/agora.xtec.cat\/insbaixpenedes\/?page_id=3670"},"modified":"2023-01-19T11:49:10","modified_gmt":"2023-01-19T10:49:10","slug":"estrategia-digital-de-centre-edc","status":"publish","type":"page","link":"https:\/\/agora.xtec.cat\/insbaixpenedes\/projecte-educatiu\/estrategia-digital-de-centre-edc\/","title":{"rendered":"Estrat\u00e8gia Digital de Centre (EDC)"},"content":{"rendered":"<p><a href=\"https:\/\/agora.xtec.cat\/insbaixpenedes\/wp-content\/uploads\/usu1417\/2023\/01\/edc.png\"><img loading=\"lazy\" decoding=\"async\" class=\"aligncenter size-full wp-image-3702\" src=\"https:\/\/agora.xtec.cat\/insbaixpenedes\/wp-content\/uploads\/usu1417\/2023\/01\/edc.png\" alt=\"\" width=\"1920\" height=\"495\" srcset=\"https:\/\/agora.xtec.cat\/insbaixpenedes\/wp-content\/uploads\/usu1417\/2023\/01\/edc.png 1920w, https:\/\/agora.xtec.cat\/insbaixpenedes\/wp-content\/uploads\/usu1417\/2023\/01\/edc-300x77.png 300w, https:\/\/agora.xtec.cat\/insbaixpenedes\/wp-content\/uploads\/usu1417\/2023\/01\/edc-1024x264.png 1024w, https:\/\/agora.xtec.cat\/insbaixpenedes\/wp-content\/uploads\/usu1417\/2023\/01\/edc-768x198.png 768w, https:\/\/agora.xtec.cat\/insbaixpenedes\/wp-content\/uploads\/usu1417\/2023\/01\/edc-1536x396.png 1536w\" sizes=\"auto, (max-width: 1920px) 100vw, 1920px\" \/><\/a><\/p>\n<p>L&#8217;Estrat\u00e8gia Digital de Centre (EDC) \u00e9s el document que recull totes les accions que es fan al centre, i les que es faran a mitj\u00e0 termini, per aconseguir la m\u00e0xima compet\u00e8ncia digital de l&#8217;alumnat, del professorat i del centre educatiu. T\u00e9 com a referent el Pla d&#8217;educaci\u00f3 digital de Catalunya (PEDC), on s&#8217;indica la necessitat d&#8217;assolir la fita d&#8217;una societat digitalment competent, fent \u00e8mfasi en l&#8217;equitat i tenint en compte l&#8217;evoluci\u00f3 del context social i tecnol\u00f2gic.<\/p>\n<p>Durant el tercer trimestre del curs 2021-2022 vam comen\u00e7ar la primera fase per a l&#8217;elaboraci\u00f3 de l&#8217;EDC de l&#8217;institut escola amb una diagnosi que ens permet tenir una radiografia d&#8217;all\u00e0 on ens trobem.<\/p>\n<p>A partir d&#8217;aquesta radiografia, ens hem fixat els objectius per al curs 2022-2023.<\/p>\n<p>A la infografia seg\u00fcent es poden veure les diferents passes que estem seguint:<\/p>\n<table style=\"border-collapse: collapse; width: 90.8425%;\">\n<tbody>\n<tr>\n<td style=\"width: 64.8556%;\"><a href=\"https:\/\/agora.xtec.cat\/insbaixpenedes\/wp-content\/uploads\/usu1417\/2023\/01\/1_Que-es-lEDC_v3-1-1024x724-1.jpg\"><img loading=\"lazy\" decoding=\"async\" class=\"aligncenter size-full wp-image-3671\" src=\"https:\/\/agora.xtec.cat\/insbaixpenedes\/wp-content\/uploads\/usu1417\/2023\/01\/1_Que-es-lEDC_v3-1-1024x724-1.jpg\" alt=\"\" width=\"960\" height=\"724\" srcset=\"https:\/\/agora.xtec.cat\/insbaixpenedes\/wp-content\/uploads\/usu1417\/2023\/01\/1_Que-es-lEDC_v3-1-1024x724-1.jpg 960w, https:\/\/agora.xtec.cat\/insbaixpenedes\/wp-content\/uploads\/usu1417\/2023\/01\/1_Que-es-lEDC_v3-1-1024x724-1-300x226.jpg 300w, https:\/\/agora.xtec.cat\/insbaixpenedes\/wp-content\/uploads\/usu1417\/2023\/01\/1_Que-es-lEDC_v3-1-1024x724-1-768x579.jpg 768w, https:\/\/agora.xtec.cat\/insbaixpenedes\/wp-content\/uploads\/usu1417\/2023\/01\/1_Que-es-lEDC_v3-1-1024x724-1-200x150.jpg 200w\" sizes=\"auto, (max-width: 960px) 100vw, 960px\" \/><\/a><\/td>\n<td style=\"width: 25.8822%;\"><a href=\"https:\/\/agora.xtec.cat\/insbaixpenedes\/wp-content\/uploads\/usu1417\/2023\/01\/Estrategia-digital-del-centre.png\"><img loading=\"lazy\" decoding=\"async\" class=\"aligncenter wp-image-3673\" src=\"https:\/\/agora.xtec.cat\/insbaixpenedes\/wp-content\/uploads\/usu1417\/2023\/01\/Estrategia-digital-del-centre.png\" alt=\"\" width=\"194\" height=\"340\" srcset=\"https:\/\/agora.xtec.cat\/insbaixpenedes\/wp-content\/uploads\/usu1417\/2023\/01\/Estrategia-digital-del-centre.png 574w, https:\/\/agora.xtec.cat\/insbaixpenedes\/wp-content\/uploads\/usu1417\/2023\/01\/Estrategia-digital-del-centre-171x300.png 171w\" sizes=\"auto, (max-width: 194px) 100vw, 194px\" \/><\/a><\/td>\n<\/tr>\n<\/tbody>\n<\/table>\n<p>&nbsp;<\/p>\n<p>&nbsp;<\/p>\n","protected":false},"excerpt":{"rendered":"<p>L&#8217;Estrat\u00e8gia Digital de Centre (EDC) \u00e9s el document que recull totes les accions que es fan al centre, i les que es faran a mitj\u00e0 termini, per aconseguir la m\u00e0xima compet\u00e8ncia digital de l&#8217;alumnat, del professorat i del centre educatiu. T\u00e9 com a referent el Pla d&#8217;educaci\u00f3 digital de Catalunya (PEDC), on s&#8217;indica la necessitat [&hellip;]<\/p>\n","protected":false},"author":1,"featured_media":0,"parent":57,"menu_order":0,"comment_status":"closed","ping_status":"closed","template":"","meta":{"_bbp_topic_count":0,"_bbp_reply_count":0,"_bbp_total_topic_count":0,"_bbp_total_reply_count":0,"_bbp_voice_count":0,"_bbp_anonymous_reply_count":0,"_bbp_topic_count_hidden":0,"_bbp_reply_count_hidden":0,"_bbp_forum_subforum_count":0,"site-sidebar-layout":"default","site-content-layout":"","ast-site-content-layout":"","site-content-style":"default","site-sidebar-style":"default","ast-global-header-display":"","ast-banner-title-visibility":"","ast-main-header-display":"","ast-hfb-above-header-display":"","ast-hfb-below-header-display":"","ast-hfb-mobile-header-display":"","site-post-title":"","ast-breadcrumbs-content":"","ast-featured-img":"","footer-sml-layout":"","theme-transparent-header-meta":"","adv-header-id-meta":"","stick-header-meta":"","header-above-stick-meta":"","header-main-stick-meta":"","header-below-stick-meta":"","astra-migrate-meta-layouts":"default","ast-page-background-enabled":"default","ast-page-background-meta":{"desktop":{"background-color":"var(--ast-global-color-4)","background-image":"","background-repeat":"repeat","background-position":"center center","background-size":"auto","background-attachment":"scroll","background-type":"","background-media":"","overlay-type":"","overlay-color":"","overlay-opacity":"","overlay-gradient":""},"tablet":{"background-color":"","background-image":"","background-repeat":"repeat","background-position":"center center","background-size":"auto","background-attachment":"scroll","background-type":"","background-media":"","overlay-type":"","overlay-color":"","overlay-opacity":"","overlay-gradient":""},"mobile":{"background-color":"","background-image":"","background-repeat":"repeat","background-position":"center center","background-size":"auto","background-attachment":"scroll","background-type":"","background-media":"","overlay-type":"","overlay-color":"","overlay-opacity":"","overlay-gradient":""}},"ast-content-background-meta":{"desktop":{"background-color":"var(--ast-global-color-5)","background-image":"","background-repeat":"repeat","background-position":"center center","background-size":"auto","background-attachment":"scroll","background-type":"","background-media":"","overlay-type":"","overlay-color":"","overlay-opacity":"","overlay-gradient":""},"tablet":{"background-color":"var(--ast-global-color-5)","background-image":"","background-repeat":"repeat","background-position":"center center","background-size":"auto","background-attachment":"scroll","background-type":"","background-media":"","overlay-type":"","overlay-color":"","overlay-opacity":"","overlay-gradient":""},"mobile":{"background-color":"var(--ast-global-color-5)","background-image":"","background-repeat":"repeat","background-position":"center center","background-size":"auto","background-attachment":"scroll","background-type":"","background-media":"","overlay-type":"","overlay-color":"","overlay-opacity":"","overlay-gradient":""}},"footnotes":""},"class_list":["post-3670","page","type-page","status-publish","hentry"],"post_mailing_queue_ids":[],"_links":{"self":[{"href":"https:\/\/agora.xtec.cat\/insbaixpenedes\/wp-json\/wp\/v2\/pages\/3670","targetHints":{"allow":["GET"]}}],"collection":[{"href":"https:\/\/agora.xtec.cat\/insbaixpenedes\/wp-json\/wp\/v2\/pages"}],"about":[{"href":"https:\/\/agora.xtec.cat\/insbaixpenedes\/wp-json\/wp\/v2\/types\/page"}],"author":[{"embeddable":true,"href":"https:\/\/agora.xtec.cat\/insbaixpenedes\/wp-json\/wp\/v2\/users\/1"}],"replies":[{"embeddable":true,"href":"https:\/\/agora.xtec.cat\/insbaixpenedes\/wp-json\/wp\/v2\/comments?post=3670"}],"version-history":[{"count":3,"href":"https:\/\/agora.xtec.cat\/insbaixpenedes\/wp-json\/wp\/v2\/pages\/3670\/revisions"}],"predecessor-version":[{"id":3703,"href":"https:\/\/agora.xtec.cat\/insbaixpenedes\/wp-json\/wp\/v2\/pages\/3670\/revisions\/3703"}],"up":[{"embeddable":true,"href":"https:\/\/agora.xtec.cat\/insbaixpenedes\/wp-json\/wp\/v2\/pages\/57"}],"wp:attachment":[{"href":"https:\/\/agora.xtec.cat\/insbaixpenedes\/wp-json\/wp\/v2\/media?parent=3670"}],"curies":[{"name":"wp","href":"https:\/\/api.w.org\/{rel}","templated":true}]}}