{"id":2235,"date":"2026-03-02T10:30:50","date_gmt":"2026-03-02T09:30:50","guid":{"rendered":"https:\/\/agora.xtec.cat\/insbaixpenedes\/?page_id=2235"},"modified":"2026-03-25T12:47:00","modified_gmt":"2026-03-25T11:47:00","slug":"preinscripcio-eso","status":"publish","type":"page","link":"https:\/\/agora.xtec.cat\/insbaixpenedes\/secretaria\/preinscripcio-eso\/","title":{"rendered":"Preinscripci\u00f3 \/ Matr\u00edcula"},"content":{"rendered":"<div dir=\"ltr\">\n<div dir=\"ltr\">\n<h3 style=\"text-align: left;\">PREINSCRIPCI\u00d3 CURS ACAD\u00c8MIC 2026- 2027<\/h3>\n<\/div>\n<\/div>\n<h3><\/h3>\n<h3><span style=\"font-size: 24px; text-decoration-line: underline;\">ESO (alumnat nou)<\/span><\/h3>\n<div dir=\"ltr\">\n<div dir=\"ltr\">\n<p><strong>CALENDARI I FASES DE LA PREINSCRIPCI\u00d3<\/strong>: Podeu accedir a la informaci\u00f3 entrant al <strong>men\u00fa<\/strong> i dins de\u00a0 l&#8217;espai de <strong>Secretaria<\/strong> a l&#8217;apartat <strong>Preinscripci\u00f3-Matr\u00edcula\/Preinscripci\u00f3 ESO<\/strong><strong>.<\/strong><\/p>\n<\/div>\n<p>Per accedir al <strong>calendari<\/strong> del proc\u00e8s aneu a <strong>Preinscripci\u00f3-Matr\u00edcula\/Preinscripci\u00f3 ESO\/Calendari Preinscripci\u00f3 ESO 2026-2027<\/strong><strong>.<\/strong><\/p>\n<div dir=\"ltr\">\n<h5>Preinscripci\u00f3 a l\u2019ESO del 6 al 18 de mar\u00e7 \u2013 Curs 2026-2027<\/h5>\n<\/div>\n<\/div>\n<p><em><a href=\"https:\/\/preinscripcio.gencat.cat\/ca\/estudis\/eso\/inici\/\" target=\"_blank\" rel=\"noopener\"><strong>Informaci\u00f3 preinscripci\u00f3 escolar a l&#8217;educaci\u00f3 secund\u00e0ria obligat\u00f2ria (ESO)<\/strong><\/a><\/em><\/p>\n<div dir=\"ltr\">\n<div dir=\"ltr\">\n<p>&nbsp;<\/p>\n<h3 style=\"text-align: left;\"><span style=\"text-decoration: underline;\">BATXILLERAT (alumnat nou i modalitat d&#8217;Arts)<\/span><\/h3>\n<p><strong>CALENDARI I FASES DE LA PREINSCRIPCI\u00d3<\/strong>: Podeu accedir a la informaci\u00f3 entrant al <strong>men\u00fa<\/strong> i dins de\u00a0 l&#8217;espai de <strong>Secretaria<\/strong> a l&#8217;apartat <strong>Preinscripci\u00f3-Matr\u00edcula\/Preinscripci\u00f3 Batxillerat\/<\/strong><strong>.<\/strong><\/p>\n<\/div>\n<\/div>\n<p>Per accedir al <strong>calendari<\/strong> del proc\u00e8s aneu a <strong>Preinscripci\u00f3-Matr\u00edcula\/Preinscripci\u00f3 Batxillerat\/Calendari Preinscripci\u00f3 Batxillerat 2026-2027<\/strong><strong>.<\/strong><\/p>\n<p><span style=\"font-size: 1.2em; font-weight: bold;\">Preinscripci\u00f3 al Batxillerat del 9 al 16 d&#8217;abril \u2013 Curs 2026-2027<\/span><\/p>\n<div dir=\"ltr\"><em><strong><a href=\"https:\/\/preinscripcio.gencat.cat\/ca\/estudis\/batxillerat\/preinscriute\/sollicitud\/\" target=\"_blank\" rel=\"noopener\">Informaci\u00f3 preinscripci\u00f3 al Batxillerat<\/a><\/strong><\/em><\/div>\n<div dir=\"ltr\"><\/div>\n","protected":false},"excerpt":{"rendered":"<p>PREINSCRIPCI\u00d3 CURS ACAD\u00c8MIC 2026- 2027 ESO (alumnat nou) CALENDARI I FASES DE LA PREINSCRIPCI\u00d3: Podeu accedir a la informaci\u00f3 entrant al men\u00fa i dins de\u00a0 l&#8217;espai de Secretaria a l&#8217;apartat Preinscripci\u00f3-Matr\u00edcula\/Preinscripci\u00f3 ESO. Per accedir al calendari del proc\u00e8s aneu a Preinscripci\u00f3-Matr\u00edcula\/Preinscripci\u00f3 ESO\/Calendari Preinscripci\u00f3 ESO 2026-2027. Preinscripci\u00f3 a l\u2019ESO del 6 al 18 de mar\u00e7 \u2013 [&hellip;]<\/p>\n","protected":false},"author":1,"featured_media":0,"parent":81,"menu_order":0,"comment_status":"closed","ping_status":"closed","template":"","meta":{"_bbp_topic_count":0,"_bbp_reply_count":0,"_bbp_total_topic_count":0,"_bbp_total_reply_count":0,"_bbp_voice_count":0,"_bbp_anonymous_reply_count":0,"_bbp_topic_count_hidden":0,"_bbp_reply_count_hidden":0,"_bbp_forum_subforum_count":0,"site-sidebar-layout":"default","site-content-layout":"","ast-site-content-layout":"default","site-content-style":"default","site-sidebar-style":"default","ast-global-header-display":"","ast-banner-title-visibility":"","ast-main-header-display":"","ast-hfb-above-header-display":"","ast-hfb-below-header-display":"","ast-hfb-mobile-header-display":"","site-post-title":"","ast-breadcrumbs-content":"","ast-featured-img":"","footer-sml-layout":"","theme-transparent-header-meta":"default","adv-header-id-meta":"","stick-header-meta":"","header-above-stick-meta":"","header-main-stick-meta":"","header-below-stick-meta":"","astra-migrate-meta-layouts":"set","ast-page-background-enabled":"default","ast-page-background-meta":{"desktop":{"background-color":"var(--ast-global-color-4)","background-image":"","background-repeat":"repeat","background-position":"center center","background-size":"auto","background-attachment":"scroll","background-type":"","background-media":"","overlay-type":"","overlay-color":"","overlay-opacity":"","overlay-gradient":""},"tablet":{"background-color":"","background-image":"","background-repeat":"repeat","background-position":"center center","background-size":"auto","background-attachment":"scroll","background-type":"","background-media":"","overlay-type":"","overlay-color":"","overlay-opacity":"","overlay-gradient":""},"mobile":{"background-color":"","background-image":"","background-repeat":"repeat","background-position":"center center","background-size":"auto","background-attachment":"scroll","background-type":"","background-media":"","overlay-type":"","overlay-color":"","overlay-opacity":"","overlay-gradient":""}},"ast-content-background-meta":{"desktop":{"background-color":"var(--ast-global-color-5)","background-image":"","background-repeat":"repeat","background-position":"center center","background-size":"auto","background-attachment":"scroll","background-type":"","background-media":"","overlay-type":"","overlay-color":"","overlay-opacity":"","overlay-gradient":""},"tablet":{"background-color":"var(--ast-global-color-5)","background-image":"","background-repeat":"repeat","background-position":"center center","background-size":"auto","background-attachment":"scroll","background-type":"","background-media":"","overlay-type":"","overlay-color":"","overlay-opacity":"","overlay-gradient":""},"mobile":{"background-color":"var(--ast-global-color-5)","background-image":"","background-repeat":"repeat","background-position":"center center","background-size":"auto","background-attachment":"scroll","background-type":"","background-media":"","overlay-type":"","overlay-color":"","overlay-opacity":"","overlay-gradient":""}},"footnotes":""},"class_list":["post-2235","page","type-page","status-publish","hentry"],"post_mailing_queue_ids":[],"_links":{"self":[{"href":"https:\/\/agora.xtec.cat\/insbaixpenedes\/wp-json\/wp\/v2\/pages\/2235","targetHints":{"allow":["GET"]}}],"collection":[{"href":"https:\/\/agora.xtec.cat\/insbaixpenedes\/wp-json\/wp\/v2\/pages"}],"about":[{"href":"https:\/\/agora.xtec.cat\/insbaixpenedes\/wp-json\/wp\/v2\/types\/page"}],"author":[{"embeddable":true,"href":"https:\/\/agora.xtec.cat\/insbaixpenedes\/wp-json\/wp\/v2\/users\/1"}],"replies":[{"embeddable":true,"href":"https:\/\/agora.xtec.cat\/insbaixpenedes\/wp-json\/wp\/v2\/comments?post=2235"}],"version-history":[{"count":7,"href":"https:\/\/agora.xtec.cat\/insbaixpenedes\/wp-json\/wp\/v2\/pages\/2235\/revisions"}],"predecessor-version":[{"id":6075,"href":"https:\/\/agora.xtec.cat\/insbaixpenedes\/wp-json\/wp\/v2\/pages\/2235\/revisions\/6075"}],"up":[{"embeddable":true,"href":"https:\/\/agora.xtec.cat\/insbaixpenedes\/wp-json\/wp\/v2\/pages\/81"}],"wp:attachment":[{"href":"https:\/\/agora.xtec.cat\/insbaixpenedes\/wp-json\/wp\/v2\/media?parent=2235"}],"curies":[{"name":"wp","href":"https:\/\/api.w.org\/{rel}","templated":true}]}}