{"id":979,"date":"2025-06-24T22:19:33","date_gmt":"2025-06-24T20:19:33","guid":{"rendered":"https:\/\/agora.xtec.cat\/insbaixemporda\/?page_id=979"},"modified":"2026-02-20T13:26:05","modified_gmt":"2026-02-20T12:26:05","slug":"direccio-de-cuina","status":"publish","type":"page","link":"https:\/\/agora.xtec.cat\/insbaixemporda\/estudis\/cfgs\/direccio-de-cuina\/","title":{"rendered":"Direcci\u00f3 de cuina"},"content":{"rendered":"\n<p>El cicle formatiu de <strong>Grau Superior de Direcci\u00f3 de Cuina<\/strong> forma professionals qualificats per planificar, organitzar i supervisar els processos de producci\u00f3 culin\u00e0ria en tota mena d\u2019establiments de restauraci\u00f3.<\/p>\n\n\n\n<p>L\u2019alumnat adquireix coneixements avan\u00e7ats de t\u00e8cniques culin\u00e0ries, gesti\u00f3 de compres i aprovisionament, seguretat aliment\u00e0ria, innovaci\u00f3 gastron\u00f2mica i lideratge d\u2019equips de cuina. A m\u00e9s, es fomenta la creativitat, l\u2019esperit emprenedor i la capacitat de treballar amb criteris de qualitat i efici\u00e8ncia.<\/p>\n\n\n\n<p>Aquest cicle capacita per ocupar c\u00e0rrecs de responsabilitat en cuines professionals i per emprendre projectes propis dins el sector de l\u2019hoteleria i la restauraci\u00f3.<\/p>\n\n\n\n<p>La formaci\u00f3 es complementa amb estades formatives en empreses del sector, que permeten aplicar els coneixements adquirits en entorns reals i afavorir una inserci\u00f3 laboral de qualitat.<\/p>\n\n\n\n<p><a href=\"https:\/\/www.gencat.cat\/ensenyament\/eac\/pdf\/CFPS____HTD0_CA.pdf\">Fitxa t\u00e8cnica del Cicle Formatiu.<\/a><\/p>\n\n\n\n<p><strong>Codi de l&#8217;estudi: <\/strong>HTD0<\/p>\n\n\n\n<h4 class=\"wp-block-heading\">Horari<\/h4>\n\n\n\n<figure class=\"wp-block-table\"><table class=\"has-fixed-layout\"><tbody><tr><td><strong>1r Curs<\/strong> (1HTD0)<\/td><td><strong>2n Curs (<\/strong>2HTD0)<\/td><\/tr><tr><td>Matins <\/td><td>Matins de dilluns a dijous<\/td><\/tr><\/tbody><\/table><\/figure>\n\n\n\n<figure class=\"wp-block-gallery has-nested-images columns-default is-cropped wp-block-gallery-1 is-layout-flex wp-block-gallery-is-layout-flex\">\n<figure class=\"wp-block-image size-large\"><a href=\"https:\/\/agora.xtec.cat\/insbaixemporda\/wp-content\/uploads\/usu3485\/2025\/07\/insbaixemporda_cfgs_cuina-6.jpg\"><img loading=\"lazy\" decoding=\"async\" width=\"1024\" height=\"594\" data-id=\"1142\" src=\"https:\/\/agora.xtec.cat\/insbaixemporda\/wp-content\/uploads\/usu3485\/2025\/07\/insbaixemporda_cfgs_cuina-6-1024x594.jpg\" alt=\"\" class=\"wp-image-1142\" srcset=\"https:\/\/agora.xtec.cat\/insbaixemporda\/wp-content\/uploads\/usu3485\/2025\/07\/insbaixemporda_cfgs_cuina-6-1024x594.jpg 1024w, https:\/\/agora.xtec.cat\/insbaixemporda\/wp-content\/uploads\/usu3485\/2025\/07\/insbaixemporda_cfgs_cuina-6-300x174.jpg 300w, https:\/\/agora.xtec.cat\/insbaixemporda\/wp-content\/uploads\/usu3485\/2025\/07\/insbaixemporda_cfgs_cuina-6-768x446.jpg 768w, https:\/\/agora.xtec.cat\/insbaixemporda\/wp-content\/uploads\/usu3485\/2025\/07\/insbaixemporda_cfgs_cuina-6-1536x891.jpg 1536w, https:\/\/agora.xtec.cat\/insbaixemporda\/wp-content\/uploads\/usu3485\/2025\/07\/insbaixemporda_cfgs_cuina-6-2048x1189.jpg 2048w\" sizes=\"auto, (max-width: 1024px) 100vw, 1024px\" \/><\/a><\/figure>\n\n\n\n<figure class=\"wp-block-image size-large\"><a href=\"https:\/\/agora.xtec.cat\/insbaixemporda\/wp-content\/uploads\/usu3485\/2025\/07\/insbaixemporda_cfgs_cuina-14.jpg\"><img loading=\"lazy\" decoding=\"async\" width=\"1024\" height=\"597\" data-id=\"1141\" src=\"https:\/\/agora.xtec.cat\/insbaixemporda\/wp-content\/uploads\/usu3485\/2025\/07\/insbaixemporda_cfgs_cuina-14-1024x597.jpg\" alt=\"\" class=\"wp-image-1141\" srcset=\"https:\/\/agora.xtec.cat\/insbaixemporda\/wp-content\/uploads\/usu3485\/2025\/07\/insbaixemporda_cfgs_cuina-14-1024x597.jpg 1024w, https:\/\/agora.xtec.cat\/insbaixemporda\/wp-content\/uploads\/usu3485\/2025\/07\/insbaixemporda_cfgs_cuina-14-300x175.jpg 300w, https:\/\/agora.xtec.cat\/insbaixemporda\/wp-content\/uploads\/usu3485\/2025\/07\/insbaixemporda_cfgs_cuina-14-768x447.jpg 768w, https:\/\/agora.xtec.cat\/insbaixemporda\/wp-content\/uploads\/usu3485\/2025\/07\/insbaixemporda_cfgs_cuina-14-1536x895.jpg 1536w, https:\/\/agora.xtec.cat\/insbaixemporda\/wp-content\/uploads\/usu3485\/2025\/07\/insbaixemporda_cfgs_cuina-14-2048x1193.jpg 2048w\" sizes=\"auto, (max-width: 1024px) 100vw, 1024px\" \/><\/a><\/figure>\n\n\n\n<figure class=\"wp-block-image size-large\"><a href=\"https:\/\/agora.xtec.cat\/insbaixemporda\/wp-content\/uploads\/usu3485\/2025\/07\/insbaixemporda_cfgs_cuina-27.jpg\"><img loading=\"lazy\" decoding=\"async\" width=\"1024\" height=\"775\" data-id=\"1143\" src=\"https:\/\/agora.xtec.cat\/insbaixemporda\/wp-content\/uploads\/usu3485\/2025\/07\/insbaixemporda_cfgs_cuina-27-1024x775.jpg\" alt=\"\" class=\"wp-image-1143\" srcset=\"https:\/\/agora.xtec.cat\/insbaixemporda\/wp-content\/uploads\/usu3485\/2025\/07\/insbaixemporda_cfgs_cuina-27-1024x775.jpg 1024w, https:\/\/agora.xtec.cat\/insbaixemporda\/wp-content\/uploads\/usu3485\/2025\/07\/insbaixemporda_cfgs_cuina-27-300x227.jpg 300w, https:\/\/agora.xtec.cat\/insbaixemporda\/wp-content\/uploads\/usu3485\/2025\/07\/insbaixemporda_cfgs_cuina-27-768x581.jpg 768w, https:\/\/agora.xtec.cat\/insbaixemporda\/wp-content\/uploads\/usu3485\/2025\/07\/insbaixemporda_cfgs_cuina-27-1536x1162.jpg 1536w, https:\/\/agora.xtec.cat\/insbaixemporda\/wp-content\/uploads\/usu3485\/2025\/07\/insbaixemporda_cfgs_cuina-27-2048x1549.jpg 2048w\" sizes=\"auto, (max-width: 1024px) 100vw, 1024px\" \/><\/a><\/figure>\n<\/figure>\n","protected":false},"excerpt":{"rendered":"<p>El cicle formatiu de Grau Superior de Direcci\u00f3 de Cuina forma professionals qualificats per planificar, organitzar i supervisar els processos de producci\u00f3 culin\u00e0ria en tota mena d\u2019establiments de restauraci\u00f3. L\u2019alumnat adquireix coneixements avan\u00e7ats de t\u00e8cniques culin\u00e0ries, gesti\u00f3 de compres i aprovisionament, seguretat aliment\u00e0ria, innovaci\u00f3 gastron\u00f2mica i lideratge d\u2019equips de cuina. A m\u00e9s, es fomenta la [&hellip;]<\/p>\n","protected":false},"author":1,"featured_media":0,"parent":892,"menu_order":0,"comment_status":"closed","ping_status":"close","template":"","meta":{"site-sidebar-layout":"default","site-content-layout":"","ast-site-content-layout":"default","site-content-style":"default","site-sidebar-style":"default","ast-global-header-display":"","ast-banner-title-visibility":"","ast-main-header-display":"","ast-hfb-above-header-display":"","ast-hfb-below-header-display":"","ast-hfb-mobile-header-display":"","site-post-title":"","ast-breadcrumbs-content":"","ast-featured-img":"","footer-sml-layout":"","theme-transparent-header-meta":"","adv-header-id-meta":"","stick-header-meta":"","header-above-stick-meta":"","header-main-stick-meta":"","header-below-stick-meta":"","astra-migrate-meta-layouts":"set","ast-page-background-enabled":"default","ast-page-background-meta":{"desktop":{"background-color":"var(--ast-global-color-4)","background-image":"","background-repeat":"repeat","background-position":"center center","background-size":"auto","background-attachment":"scroll","background-type":"","background-media":"","overlay-type":"","overlay-color":"","overlay-opacity":"","overlay-gradient":""},"tablet":{"background-color":"","background-image":"","background-repeat":"repeat","background-position":"center center","background-size":"auto","background-attachment":"scroll","background-type":"","background-media":"","overlay-type":"","overlay-color":"","overlay-opacity":"","overlay-gradient":""},"mobile":{"background-color":"","background-image":"","background-repeat":"repeat","background-position":"center center","background-size":"auto","background-attachment":"scroll","background-type":"","background-media":"","overlay-type":"","overlay-color":"","overlay-opacity":"","overlay-gradient":""}},"ast-content-background-meta":{"desktop":{"background-color":"var(--ast-global-color-5)","background-image":"","background-repeat":"repeat","background-position":"center center","background-size":"auto","background-attachment":"scroll","background-type":"","background-media":"","overlay-type":"","overlay-color":"","overlay-opacity":"","overlay-gradient":""},"tablet":{"background-color":"var(--ast-global-color-5)","background-image":"","background-repeat":"repeat","background-position":"center center","background-size":"auto","background-attachment":"scroll","background-type":"","background-media":"","overlay-type":"","overlay-color":"","overlay-opacity":"","overlay-gradient":""},"mobile":{"background-color":"var(--ast-global-color-5)","background-image":"","background-repeat":"repeat","background-position":"center center","background-size":"auto","background-attachment":"scroll","background-type":"","background-media":"","overlay-type":"","overlay-color":"","overlay-opacity":"","overlay-gradient":""}},"footnotes":""},"class_list":["post-979","page","type-page","status-publish","hentry"],"post_mailing_queue_ids":[],"_links":{"self":[{"href":"https:\/\/agora.xtec.cat\/insbaixemporda\/wp-json\/wp\/v2\/pages\/979","targetHints":{"allow":["GET"]}}],"collection":[{"href":"https:\/\/agora.xtec.cat\/insbaixemporda\/wp-json\/wp\/v2\/pages"}],"about":[{"href":"https:\/\/agora.xtec.cat\/insbaixemporda\/wp-json\/wp\/v2\/types\/page"}],"author":[{"embeddable":true,"href":"https:\/\/agora.xtec.cat\/insbaixemporda\/wp-json\/wp\/v2\/users\/1"}],"replies":[{"embeddable":true,"href":"https:\/\/agora.xtec.cat\/insbaixemporda\/wp-json\/wp\/v2\/comments?post=979"}],"version-history":[{"count":3,"href":"https:\/\/agora.xtec.cat\/insbaixemporda\/wp-json\/wp\/v2\/pages\/979\/revisions"}],"predecessor-version":[{"id":3259,"href":"https:\/\/agora.xtec.cat\/insbaixemporda\/wp-json\/wp\/v2\/pages\/979\/revisions\/3259"}],"up":[{"embeddable":true,"href":"https:\/\/agora.xtec.cat\/insbaixemporda\/wp-json\/wp\/v2\/pages\/892"}],"wp:attachment":[{"href":"https:\/\/agora.xtec.cat\/insbaixemporda\/wp-json\/wp\/v2\/media?parent=979"}],"curies":[{"name":"wp","href":"https:\/\/api.w.org\/{rel}","templated":true}]}}