{"id":935,"date":"2025-06-24T22:03:34","date_gmt":"2025-06-24T20:03:34","guid":{"rendered":"https:\/\/agora.xtec.cat\/insbaixemporda\/?page_id=935"},"modified":"2026-02-20T13:20:28","modified_gmt":"2026-02-20T12:20:28","slug":"gestio-administrativa-dambit-juridic","status":"publish","type":"page","link":"https:\/\/agora.xtec.cat\/insbaixemporda\/estudis\/cfgm\/gestio-administrativa-dambit-juridic\/","title":{"rendered":"Gesti\u00f3 administrativa d&#8217;\u00e0mbit jur\u00eddic"},"content":{"rendered":"\n<p>El cicle formatiu de <strong>Grau Mitj\u00e0 de Gesti\u00f3 Administrativa<\/strong>, amb <strong>perfil professional d\u2019\u00e0mbit jur\u00eddic<\/strong>, forma professionals amb capacitats per donar suport administratiu en empreses, institucions i despatxos vinculats al m\u00f3n legal.<\/p>\n\n\n\n<p>L\u2019alumnat adquireix coneixements en gesti\u00f3 de documentaci\u00f3 jur\u00eddica i administrativa, arxiu, tramitaci\u00f3 de procediments, atenci\u00f3 a usuaris i \u00fas d\u2019eines inform\u00e0tiques, amb una formaci\u00f3 espec\u00edfica orientada als \u00e0mbits jur\u00eddic, notarial, registral i de l\u2019administraci\u00f3 p\u00fablica.<\/p>\n\n\n\n<p>Aquesta especialitzaci\u00f3 ofereix sortides professionals en gestories, assessories, bufets d\u2019advocats, jutjats i oficines relacionades amb l\u2019\u00e0mbit legal.<\/p>\n\n\n\n<p><a href=\"https:\/\/www.gencat.cat\/ensenyament\/eac\/pdf\/CFPM____AG11_CA.pdf\">Fitxa t\u00e8cnica del Cicle Formatiu.<\/a><\/p>\n\n\n\n<p><strong>Codi de l&#8217;estudi: <\/strong>AG11<\/p>\n\n\n\n<h4 class=\"wp-block-heading\">Horari<\/h4>\n\n\n\n<figure class=\"wp-block-table\"><table class=\"has-fixed-layout\"><tbody><tr><td><strong>1r Curs <\/strong>(1AG11)<\/td><td><strong>2n Curs<\/strong> (2AG11)<\/td><\/tr><tr><td>Matins<\/td><td>Tardes de dilluns a dijous<\/td><\/tr><\/tbody><\/table><\/figure>\n\n\n\n<figure class=\"wp-block-gallery has-nested-images columns-default is-cropped wp-block-gallery-1 is-layout-flex wp-block-gallery-is-layout-flex\">\n<figure class=\"wp-block-image size-large\"><a href=\"https:\/\/agora.xtec.cat\/insbaixemporda\/wp-content\/uploads\/usu3485\/2025\/07\/insbaixemporda_cfgm_administratiu-4.jpg\"><img loading=\"lazy\" decoding=\"async\" width=\"1024\" height=\"624\" data-id=\"1130\" src=\"https:\/\/agora.xtec.cat\/insbaixemporda\/wp-content\/uploads\/usu3485\/2025\/07\/insbaixemporda_cfgm_administratiu-4-1024x624.jpg\" alt=\"\" class=\"wp-image-1130\" srcset=\"https:\/\/agora.xtec.cat\/insbaixemporda\/wp-content\/uploads\/usu3485\/2025\/07\/insbaixemporda_cfgm_administratiu-4-1024x624.jpg 1024w, https:\/\/agora.xtec.cat\/insbaixemporda\/wp-content\/uploads\/usu3485\/2025\/07\/insbaixemporda_cfgm_administratiu-4-300x183.jpg 300w, https:\/\/agora.xtec.cat\/insbaixemporda\/wp-content\/uploads\/usu3485\/2025\/07\/insbaixemporda_cfgm_administratiu-4-768x468.jpg 768w, https:\/\/agora.xtec.cat\/insbaixemporda\/wp-content\/uploads\/usu3485\/2025\/07\/insbaixemporda_cfgm_administratiu-4-1536x936.jpg 1536w, https:\/\/agora.xtec.cat\/insbaixemporda\/wp-content\/uploads\/usu3485\/2025\/07\/insbaixemporda_cfgm_administratiu-4-2048x1248.jpg 2048w\" sizes=\"auto, (max-width: 1024px) 100vw, 1024px\" \/><\/a><\/figure>\n\n\n\n<figure class=\"wp-block-image size-large\"><a href=\"https:\/\/agora.xtec.cat\/insbaixemporda\/wp-content\/uploads\/usu3485\/2025\/07\/insbaixemporda_cfgm_administratiu-7.jpg\"><img loading=\"lazy\" decoding=\"async\" width=\"1024\" height=\"639\" data-id=\"1128\" src=\"https:\/\/agora.xtec.cat\/insbaixemporda\/wp-content\/uploads\/usu3485\/2025\/07\/insbaixemporda_cfgm_administratiu-7-1024x639.jpg\" alt=\"\" class=\"wp-image-1128\" srcset=\"https:\/\/agora.xtec.cat\/insbaixemporda\/wp-content\/uploads\/usu3485\/2025\/07\/insbaixemporda_cfgm_administratiu-7-1024x639.jpg 1024w, https:\/\/agora.xtec.cat\/insbaixemporda\/wp-content\/uploads\/usu3485\/2025\/07\/insbaixemporda_cfgm_administratiu-7-300x187.jpg 300w, https:\/\/agora.xtec.cat\/insbaixemporda\/wp-content\/uploads\/usu3485\/2025\/07\/insbaixemporda_cfgm_administratiu-7-768x479.jpg 768w, https:\/\/agora.xtec.cat\/insbaixemporda\/wp-content\/uploads\/usu3485\/2025\/07\/insbaixemporda_cfgm_administratiu-7-1536x958.jpg 1536w, https:\/\/agora.xtec.cat\/insbaixemporda\/wp-content\/uploads\/usu3485\/2025\/07\/insbaixemporda_cfgm_administratiu-7-2048x1278.jpg 2048w\" sizes=\"auto, (max-width: 1024px) 100vw, 1024px\" \/><\/a><\/figure>\n\n\n\n<figure class=\"wp-block-image size-large\"><a href=\"https:\/\/agora.xtec.cat\/insbaixemporda\/wp-content\/uploads\/usu3485\/2025\/07\/insbaixemporda_cfgm_administratiu-13.jpg\"><img loading=\"lazy\" decoding=\"async\" width=\"1024\" height=\"625\" data-id=\"1129\" src=\"https:\/\/agora.xtec.cat\/insbaixemporda\/wp-content\/uploads\/usu3485\/2025\/07\/insbaixemporda_cfgm_administratiu-13-1024x625.jpg\" alt=\"\" class=\"wp-image-1129\" srcset=\"https:\/\/agora.xtec.cat\/insbaixemporda\/wp-content\/uploads\/usu3485\/2025\/07\/insbaixemporda_cfgm_administratiu-13-1024x625.jpg 1024w, https:\/\/agora.xtec.cat\/insbaixemporda\/wp-content\/uploads\/usu3485\/2025\/07\/insbaixemporda_cfgm_administratiu-13-300x183.jpg 300w, https:\/\/agora.xtec.cat\/insbaixemporda\/wp-content\/uploads\/usu3485\/2025\/07\/insbaixemporda_cfgm_administratiu-13-768x469.jpg 768w, https:\/\/agora.xtec.cat\/insbaixemporda\/wp-content\/uploads\/usu3485\/2025\/07\/insbaixemporda_cfgm_administratiu-13-1536x938.jpg 1536w, https:\/\/agora.xtec.cat\/insbaixemporda\/wp-content\/uploads\/usu3485\/2025\/07\/insbaixemporda_cfgm_administratiu-13-2048x1251.jpg 2048w\" sizes=\"auto, (max-width: 1024px) 100vw, 1024px\" \/><\/a><\/figure>\n<\/figure>\n","protected":false},"excerpt":{"rendered":"<p>El cicle formatiu de Grau Mitj\u00e0 de Gesti\u00f3 Administrativa, amb perfil professional d\u2019\u00e0mbit jur\u00eddic, forma professionals amb capacitats per donar suport administratiu en empreses, institucions i despatxos vinculats al m\u00f3n legal. L\u2019alumnat adquireix coneixements en gesti\u00f3 de documentaci\u00f3 jur\u00eddica i administrativa, arxiu, tramitaci\u00f3 de procediments, atenci\u00f3 a usuaris i \u00fas d\u2019eines inform\u00e0tiques, amb una formaci\u00f3 [&hellip;]<\/p>\n","protected":false},"author":1,"featured_media":0,"parent":891,"menu_order":0,"comment_status":"closed","ping_status":"close","template":"","meta":{"site-sidebar-layout":"default","site-content-layout":"","ast-site-content-layout":"default","site-content-style":"default","site-sidebar-style":"default","ast-global-header-display":"","ast-banner-title-visibility":"","ast-main-header-display":"","ast-hfb-above-header-display":"","ast-hfb-below-header-display":"","ast-hfb-mobile-header-display":"","site-post-title":"","ast-breadcrumbs-content":"","ast-featured-img":"","footer-sml-layout":"","theme-transparent-header-meta":"","adv-header-id-meta":"","stick-header-meta":"","header-above-stick-meta":"","header-main-stick-meta":"","header-below-stick-meta":"","astra-migrate-meta-layouts":"set","ast-page-background-enabled":"default","ast-page-background-meta":{"desktop":{"background-color":"var(--ast-global-color-4)","background-image":"","background-repeat":"repeat","background-position":"center center","background-size":"auto","background-attachment":"scroll","background-type":"","background-media":"","overlay-type":"","overlay-color":"","overlay-opacity":"","overlay-gradient":""},"tablet":{"background-color":"","background-image":"","background-repeat":"repeat","background-position":"center center","background-size":"auto","background-attachment":"scroll","background-type":"","background-media":"","overlay-type":"","overlay-color":"","overlay-opacity":"","overlay-gradient":""},"mobile":{"background-color":"","background-image":"","background-repeat":"repeat","background-position":"center center","background-size":"auto","background-attachment":"scroll","background-type":"","background-media":"","overlay-type":"","overlay-color":"","overlay-opacity":"","overlay-gradient":""}},"ast-content-background-meta":{"desktop":{"background-color":"var(--ast-global-color-5)","background-image":"","background-repeat":"repeat","background-position":"center center","background-size":"auto","background-attachment":"scroll","background-type":"","background-media":"","overlay-type":"","overlay-color":"","overlay-opacity":"","overlay-gradient":""},"tablet":{"background-color":"var(--ast-global-color-5)","background-image":"","background-repeat":"repeat","background-position":"center center","background-size":"auto","background-attachment":"scroll","background-type":"","background-media":"","overlay-type":"","overlay-color":"","overlay-opacity":"","overlay-gradient":""},"mobile":{"background-color":"var(--ast-global-color-5)","background-image":"","background-repeat":"repeat","background-position":"center center","background-size":"auto","background-attachment":"scroll","background-type":"","background-media":"","overlay-type":"","overlay-color":"","overlay-opacity":"","overlay-gradient":""}},"footnotes":""},"class_list":["post-935","page","type-page","status-publish","hentry"],"post_mailing_queue_ids":[],"_links":{"self":[{"href":"https:\/\/agora.xtec.cat\/insbaixemporda\/wp-json\/wp\/v2\/pages\/935","targetHints":{"allow":["GET"]}}],"collection":[{"href":"https:\/\/agora.xtec.cat\/insbaixemporda\/wp-json\/wp\/v2\/pages"}],"about":[{"href":"https:\/\/agora.xtec.cat\/insbaixemporda\/wp-json\/wp\/v2\/types\/page"}],"author":[{"embeddable":true,"href":"https:\/\/agora.xtec.cat\/insbaixemporda\/wp-json\/wp\/v2\/users\/1"}],"replies":[{"embeddable":true,"href":"https:\/\/agora.xtec.cat\/insbaixemporda\/wp-json\/wp\/v2\/comments?post=935"}],"version-history":[{"count":5,"href":"https:\/\/agora.xtec.cat\/insbaixemporda\/wp-json\/wp\/v2\/pages\/935\/revisions"}],"predecessor-version":[{"id":3254,"href":"https:\/\/agora.xtec.cat\/insbaixemporda\/wp-json\/wp\/v2\/pages\/935\/revisions\/3254"}],"up":[{"embeddable":true,"href":"https:\/\/agora.xtec.cat\/insbaixemporda\/wp-json\/wp\/v2\/pages\/891"}],"wp:attachment":[{"href":"https:\/\/agora.xtec.cat\/insbaixemporda\/wp-json\/wp\/v2\/media?parent=935"}],"curies":[{"name":"wp","href":"https:\/\/api.w.org\/{rel}","templated":true}]}}