{"id":934,"date":"2025-06-24T22:03:34","date_gmt":"2025-06-24T20:03:34","guid":{"rendered":"https:\/\/agora.xtec.cat\/insbaixemporda\/?page_id=934"},"modified":"2026-02-20T13:21:00","modified_gmt":"2026-02-20T12:21:00","slug":"gestio-administrativa","status":"publish","type":"page","link":"https:\/\/agora.xtec.cat\/insbaixemporda\/estudis\/cfgm\/gestio-administrativa\/","title":{"rendered":"Gesti\u00f3 administrativa"},"content":{"rendered":"\n<p>El cicle formatiu de <strong>Grau Mitj\u00e0 de Gesti\u00f3 Administrativa<\/strong> forma professionals capacitats per dur a terme tasques de suport administratiu en empreses i entitats de qualsevol sector.<\/p>\n\n\n\n<p>L\u2019alumnat adquireix compet\u00e8ncies per gestionar documentaci\u00f3, atendre clients, fer operacions b\u00e0siques de comptabilitat, controlar la facturaci\u00f3, gestionar arxius i utilitzar aplicacions inform\u00e0tiques espec\u00edfiques.<\/p>\n\n\n\n<p>Aquest cicle ofereix una formaci\u00f3 polivalent i molt valorada en l\u2019\u00e0mbit laboral, ja que permet treballar tant en administraci\u00f3 p\u00fablica com en empreses privades.<\/p>\n\n\n\n<p>A m\u00e9s, es potencia el contacte amb l\u2019entorn professional a trav\u00e9s de pr\u00e0ctiques en empreses, per facilitar l\u2019aplicaci\u00f3 real dels coneixements i afavorir la inserci\u00f3 laboral un cop finalitzada la formaci\u00f3.<\/p>\n\n\n\n<p><a href=\"https:\/\/www.gencat.cat\/ensenyament\/eac\/pdf\/CFPS____AGB0_CA.pdf\">Fitxa t\u00e8cnica del Cicle Formatiu.<\/a><\/p>\n\n\n\n<p><strong>Codi de l&#8217;estudi: <\/strong>AG10<\/p>\n\n\n\n<h4 class=\"wp-block-heading\">Horari<\/h4>\n\n\n\n<figure class=\"wp-block-table\"><table class=\"has-fixed-layout\"><tbody><tr><td><strong>1r Curs<\/strong> (1AG10)<\/td><td><strong>2n Curs <\/strong>(2AG10)<\/td><\/tr><tr><td>Matins<\/td><td>Tardes (de dilluns a dijous)<\/td><\/tr><\/tbody><\/table><\/figure>\n\n\n\n<figure class=\"wp-block-gallery has-nested-images columns-default is-cropped wp-block-gallery-1 is-layout-flex wp-block-gallery-is-layout-flex\">\n<figure class=\"wp-block-image size-large\"><a href=\"https:\/\/agora.xtec.cat\/insbaixemporda\/wp-content\/uploads\/usu3485\/2025\/07\/insbaixemporda_administratiu1-53.jpg\"><img loading=\"lazy\" decoding=\"async\" width=\"1024\" height=\"607\" data-id=\"1125\" src=\"https:\/\/agora.xtec.cat\/insbaixemporda\/wp-content\/uploads\/usu3485\/2025\/07\/insbaixemporda_administratiu1-53-1024x607.jpg\" alt=\"\" class=\"wp-image-1125\" srcset=\"https:\/\/agora.xtec.cat\/insbaixemporda\/wp-content\/uploads\/usu3485\/2025\/07\/insbaixemporda_administratiu1-53-1024x607.jpg 1024w, https:\/\/agora.xtec.cat\/insbaixemporda\/wp-content\/uploads\/usu3485\/2025\/07\/insbaixemporda_administratiu1-53-300x178.jpg 300w, https:\/\/agora.xtec.cat\/insbaixemporda\/wp-content\/uploads\/usu3485\/2025\/07\/insbaixemporda_administratiu1-53-768x455.jpg 768w, https:\/\/agora.xtec.cat\/insbaixemporda\/wp-content\/uploads\/usu3485\/2025\/07\/insbaixemporda_administratiu1-53-1536x910.jpg 1536w, https:\/\/agora.xtec.cat\/insbaixemporda\/wp-content\/uploads\/usu3485\/2025\/07\/insbaixemporda_administratiu1-53-2048x1214.jpg 2048w\" sizes=\"auto, (max-width: 1024px) 100vw, 1024px\" \/><\/a><\/figure>\n\n\n\n<figure class=\"wp-block-image size-large\"><a href=\"https:\/\/agora.xtec.cat\/insbaixemporda\/wp-content\/uploads\/usu3485\/2025\/07\/insbaixemporda_administratiu1-54.jpg\"><img loading=\"lazy\" decoding=\"async\" width=\"1024\" height=\"607\" data-id=\"1126\" src=\"https:\/\/agora.xtec.cat\/insbaixemporda\/wp-content\/uploads\/usu3485\/2025\/07\/insbaixemporda_administratiu1-54-1024x607.jpg\" alt=\"\" class=\"wp-image-1126\" srcset=\"https:\/\/agora.xtec.cat\/insbaixemporda\/wp-content\/uploads\/usu3485\/2025\/07\/insbaixemporda_administratiu1-54-1024x607.jpg 1024w, https:\/\/agora.xtec.cat\/insbaixemporda\/wp-content\/uploads\/usu3485\/2025\/07\/insbaixemporda_administratiu1-54-300x178.jpg 300w, https:\/\/agora.xtec.cat\/insbaixemporda\/wp-content\/uploads\/usu3485\/2025\/07\/insbaixemporda_administratiu1-54-768x455.jpg 768w, https:\/\/agora.xtec.cat\/insbaixemporda\/wp-content\/uploads\/usu3485\/2025\/07\/insbaixemporda_administratiu1-54-1536x910.jpg 1536w, https:\/\/agora.xtec.cat\/insbaixemporda\/wp-content\/uploads\/usu3485\/2025\/07\/insbaixemporda_administratiu1-54-2048x1214.jpg 2048w\" sizes=\"auto, (max-width: 1024px) 100vw, 1024px\" \/><\/a><\/figure>\n\n\n\n<figure class=\"wp-block-image size-large\"><a href=\"https:\/\/agora.xtec.cat\/insbaixemporda\/wp-content\/uploads\/usu3485\/2025\/07\/insbaixemporda_cfgm_administratiu-11-scaled.jpg\"><img loading=\"lazy\" decoding=\"async\" width=\"1024\" height=\"683\" data-id=\"1124\" src=\"https:\/\/agora.xtec.cat\/insbaixemporda\/wp-content\/uploads\/usu3485\/2025\/07\/insbaixemporda_cfgm_administratiu-11-1024x683.jpg\" alt=\"\" class=\"wp-image-1124\" srcset=\"https:\/\/agora.xtec.cat\/insbaixemporda\/wp-content\/uploads\/usu3485\/2025\/07\/insbaixemporda_cfgm_administratiu-11-1024x683.jpg 1024w, https:\/\/agora.xtec.cat\/insbaixemporda\/wp-content\/uploads\/usu3485\/2025\/07\/insbaixemporda_cfgm_administratiu-11-300x200.jpg 300w, https:\/\/agora.xtec.cat\/insbaixemporda\/wp-content\/uploads\/usu3485\/2025\/07\/insbaixemporda_cfgm_administratiu-11-768x512.jpg 768w, https:\/\/agora.xtec.cat\/insbaixemporda\/wp-content\/uploads\/usu3485\/2025\/07\/insbaixemporda_cfgm_administratiu-11-1536x1024.jpg 1536w, https:\/\/agora.xtec.cat\/insbaixemporda\/wp-content\/uploads\/usu3485\/2025\/07\/insbaixemporda_cfgm_administratiu-11-2048x1365.jpg 2048w\" sizes=\"auto, (max-width: 1024px) 100vw, 1024px\" \/><\/a><\/figure>\n<\/figure>\n","protected":false},"excerpt":{"rendered":"<p>El cicle formatiu de Grau Mitj\u00e0 de Gesti\u00f3 Administrativa forma professionals capacitats per dur a terme tasques de suport administratiu en empreses i entitats de qualsevol sector. L\u2019alumnat adquireix compet\u00e8ncies per gestionar documentaci\u00f3, atendre clients, fer operacions b\u00e0siques de comptabilitat, controlar la facturaci\u00f3, gestionar arxius i utilitzar aplicacions inform\u00e0tiques espec\u00edfiques. Aquest cicle ofereix una formaci\u00f3 [&hellip;]<\/p>\n","protected":false},"author":1,"featured_media":0,"parent":891,"menu_order":0,"comment_status":"closed","ping_status":"close","template":"","meta":{"site-sidebar-layout":"default","site-content-layout":"","ast-site-content-layout":"default","site-content-style":"default","site-sidebar-style":"default","ast-global-header-display":"","ast-banner-title-visibility":"","ast-main-header-display":"","ast-hfb-above-header-display":"","ast-hfb-below-header-display":"","ast-hfb-mobile-header-display":"","site-post-title":"","ast-breadcrumbs-content":"","ast-featured-img":"","footer-sml-layout":"","theme-transparent-header-meta":"","adv-header-id-meta":"","stick-header-meta":"","header-above-stick-meta":"","header-main-stick-meta":"","header-below-stick-meta":"","astra-migrate-meta-layouts":"set","ast-page-background-enabled":"default","ast-page-background-meta":{"desktop":{"background-color":"var(--ast-global-color-4)","background-image":"","background-repeat":"repeat","background-position":"center center","background-size":"auto","background-attachment":"scroll","background-type":"","background-media":"","overlay-type":"","overlay-color":"","overlay-opacity":"","overlay-gradient":""},"tablet":{"background-color":"","background-image":"","background-repeat":"repeat","background-position":"center center","background-size":"auto","background-attachment":"scroll","background-type":"","background-media":"","overlay-type":"","overlay-color":"","overlay-opacity":"","overlay-gradient":""},"mobile":{"background-color":"","background-image":"","background-repeat":"repeat","background-position":"center center","background-size":"auto","background-attachment":"scroll","background-type":"","background-media":"","overlay-type":"","overlay-color":"","overlay-opacity":"","overlay-gradient":""}},"ast-content-background-meta":{"desktop":{"background-color":"var(--ast-global-color-5)","background-image":"","background-repeat":"repeat","background-position":"center center","background-size":"auto","background-attachment":"scroll","background-type":"","background-media":"","overlay-type":"","overlay-color":"","overlay-opacity":"","overlay-gradient":""},"tablet":{"background-color":"var(--ast-global-color-5)","background-image":"","background-repeat":"repeat","background-position":"center center","background-size":"auto","background-attachment":"scroll","background-type":"","background-media":"","overlay-type":"","overlay-color":"","overlay-opacity":"","overlay-gradient":""},"mobile":{"background-color":"var(--ast-global-color-5)","background-image":"","background-repeat":"repeat","background-position":"center center","background-size":"auto","background-attachment":"scroll","background-type":"","background-media":"","overlay-type":"","overlay-color":"","overlay-opacity":"","overlay-gradient":""}},"footnotes":""},"class_list":["post-934","page","type-page","status-publish","hentry"],"post_mailing_queue_ids":[],"_links":{"self":[{"href":"https:\/\/agora.xtec.cat\/insbaixemporda\/wp-json\/wp\/v2\/pages\/934","targetHints":{"allow":["GET"]}}],"collection":[{"href":"https:\/\/agora.xtec.cat\/insbaixemporda\/wp-json\/wp\/v2\/pages"}],"about":[{"href":"https:\/\/agora.xtec.cat\/insbaixemporda\/wp-json\/wp\/v2\/types\/page"}],"author":[{"embeddable":true,"href":"https:\/\/agora.xtec.cat\/insbaixemporda\/wp-json\/wp\/v2\/users\/1"}],"replies":[{"embeddable":true,"href":"https:\/\/agora.xtec.cat\/insbaixemporda\/wp-json\/wp\/v2\/comments?post=934"}],"version-history":[{"count":5,"href":"https:\/\/agora.xtec.cat\/insbaixemporda\/wp-json\/wp\/v2\/pages\/934\/revisions"}],"predecessor-version":[{"id":3255,"href":"https:\/\/agora.xtec.cat\/insbaixemporda\/wp-json\/wp\/v2\/pages\/934\/revisions\/3255"}],"up":[{"embeddable":true,"href":"https:\/\/agora.xtec.cat\/insbaixemporda\/wp-json\/wp\/v2\/pages\/891"}],"wp:attachment":[{"href":"https:\/\/agora.xtec.cat\/insbaixemporda\/wp-json\/wp\/v2\/media?parent=934"}],"curies":[{"name":"wp","href":"https:\/\/api.w.org\/{rel}","templated":true}]}}