{"id":931,"date":"2025-06-24T22:03:34","date_gmt":"2025-06-24T20:03:34","guid":{"rendered":"https:\/\/agora.xtec.cat\/insbaixemporda\/?page_id=931"},"modified":"2026-02-20T13:10:55","modified_gmt":"2026-02-20T12:10:55","slug":"electromecanica-de-vehicles","status":"publish","type":"page","link":"https:\/\/agora.xtec.cat\/insbaixemporda\/estudis\/cfgm\/electromecanica-de-vehicles\/","title":{"rendered":"Electromec\u00e0nica de vehicles"},"content":{"rendered":"\n<p>El cicle formatiu de <strong>Grau Mitj\u00e0 d\u2019Electromec\u00e0nica de Vehicles Autom\u00f2bils<\/strong> t\u00e9 com a finalitat preparar l\u2019alumnat per incorporar-se al sector de l\u2019automoci\u00f3 amb una formaci\u00f3 t\u00e8cnica s\u00f2lida i actualitzada. Al llarg del cicle, es desenvolupen les compet\u00e8ncies necess\u00e0ries per diagnosticar, reparar i mantenir sistemes mec\u00e0nics, el\u00e8ctrics, electr\u00f2nics i hidr\u00e0ulics de vehicles.<\/p>\n\n\n\n<p>Aquesta titulaci\u00f3 capacita per dur a terme tasques professionals polivalents, tant en el manteniment preventiu com en la reparaci\u00f3 de vehicles, en un sector amb una alta demanda de personal qualificat.<\/p>\n\n\n\n<p>El cicle s\u2019imparteix en <strong>modalitat DUAL<\/strong>, la qual combina la formaci\u00f3 al centre educatiu amb estades formatives a tallers i empreses del sector. Aquesta metodologia permet a l\u2019alumnat aplicar els coneixements en un entorn real.<\/p>\n\n\n\n<p><a href=\"https:\/\/www.gencat.cat\/ensenyament\/eac\/pdf\/CFPM____TM10_CA.pdf\">Fitxa t\u00e8cnica del Cicle Formatiu.<\/a><\/p>\n\n\n\n<p><strong>Codi de l&#8217;estudi: <\/strong>TM10<\/p>\n\n\n\n<h4 class=\"wp-block-heading\">Horari<\/h4>\n\n\n\n<figure class=\"wp-block-table\"><table class=\"has-fixed-layout\"><tbody><tr><td><strong>1r Curs <\/strong>(1TM10)<\/td><td><strong>1r Curs<\/strong> (1TM10)<\/td><td><strong>2n Curs<\/strong> (2TM10)<\/td><td><strong>2n Curs<\/strong> (2TM10)<\/td><\/tr><tr><td>Matins <\/td><td>Matins i Tardes<\/td><td>Matins<\/td><td>Matins i Tardes<\/td><\/tr><\/tbody><\/table><\/figure>\n\n\n\n<figure class=\"wp-block-gallery has-nested-images columns-default is-cropped wp-block-gallery-1 is-layout-flex wp-block-gallery-is-layout-flex\">\n<figure class=\"wp-block-image size-large\"><a href=\"https:\/\/agora.xtec.cat\/insbaixemporda\/wp-content\/uploads\/usu3485\/2025\/07\/insbaixemporda_mecanica-6.jpg\"><img loading=\"lazy\" decoding=\"async\" width=\"1024\" height=\"683\" data-id=\"1115\" src=\"https:\/\/agora.xtec.cat\/insbaixemporda\/wp-content\/uploads\/usu3485\/2025\/07\/insbaixemporda_mecanica-6-1024x683.jpg\" alt=\"\" class=\"wp-image-1115\" srcset=\"https:\/\/agora.xtec.cat\/insbaixemporda\/wp-content\/uploads\/usu3485\/2025\/07\/insbaixemporda_mecanica-6-1024x683.jpg 1024w, https:\/\/agora.xtec.cat\/insbaixemporda\/wp-content\/uploads\/usu3485\/2025\/07\/insbaixemporda_mecanica-6-300x200.jpg 300w, https:\/\/agora.xtec.cat\/insbaixemporda\/wp-content\/uploads\/usu3485\/2025\/07\/insbaixemporda_mecanica-6-768x512.jpg 768w, https:\/\/agora.xtec.cat\/insbaixemporda\/wp-content\/uploads\/usu3485\/2025\/07\/insbaixemporda_mecanica-6-1536x1024.jpg 1536w, https:\/\/agora.xtec.cat\/insbaixemporda\/wp-content\/uploads\/usu3485\/2025\/07\/insbaixemporda_mecanica-6-2048x1366.jpg 2048w\" sizes=\"auto, (max-width: 1024px) 100vw, 1024px\" \/><\/a><\/figure>\n\n\n\n<figure class=\"wp-block-image size-large\"><a href=\"https:\/\/agora.xtec.cat\/insbaixemporda\/wp-content\/uploads\/usu3485\/2025\/07\/insbaixemporda_mecanica-27.jpg\"><img loading=\"lazy\" decoding=\"async\" width=\"1024\" height=\"575\" data-id=\"1117\" src=\"https:\/\/agora.xtec.cat\/insbaixemporda\/wp-content\/uploads\/usu3485\/2025\/07\/insbaixemporda_mecanica-27-1024x575.jpg\" alt=\"\" class=\"wp-image-1117\" srcset=\"https:\/\/agora.xtec.cat\/insbaixemporda\/wp-content\/uploads\/usu3485\/2025\/07\/insbaixemporda_mecanica-27-1024x575.jpg 1024w, https:\/\/agora.xtec.cat\/insbaixemporda\/wp-content\/uploads\/usu3485\/2025\/07\/insbaixemporda_mecanica-27-300x168.jpg 300w, https:\/\/agora.xtec.cat\/insbaixemporda\/wp-content\/uploads\/usu3485\/2025\/07\/insbaixemporda_mecanica-27-768x431.jpg 768w, https:\/\/agora.xtec.cat\/insbaixemporda\/wp-content\/uploads\/usu3485\/2025\/07\/insbaixemporda_mecanica-27-1536x863.jpg 1536w, https:\/\/agora.xtec.cat\/insbaixemporda\/wp-content\/uploads\/usu3485\/2025\/07\/insbaixemporda_mecanica-27-2048x1150.jpg 2048w\" sizes=\"auto, (max-width: 1024px) 100vw, 1024px\" \/><\/a><\/figure>\n\n\n\n<figure class=\"wp-block-image size-large\"><a href=\"https:\/\/agora.xtec.cat\/insbaixemporda\/wp-content\/uploads\/usu3485\/2025\/07\/insbaixemporda_mecanica-13.jpg\"><img loading=\"lazy\" decoding=\"async\" width=\"1024\" height=\"683\" data-id=\"1116\" src=\"https:\/\/agora.xtec.cat\/insbaixemporda\/wp-content\/uploads\/usu3485\/2025\/07\/insbaixemporda_mecanica-13-1024x683.jpg\" alt=\"\" class=\"wp-image-1116\" srcset=\"https:\/\/agora.xtec.cat\/insbaixemporda\/wp-content\/uploads\/usu3485\/2025\/07\/insbaixemporda_mecanica-13-1024x683.jpg 1024w, https:\/\/agora.xtec.cat\/insbaixemporda\/wp-content\/uploads\/usu3485\/2025\/07\/insbaixemporda_mecanica-13-300x200.jpg 300w, https:\/\/agora.xtec.cat\/insbaixemporda\/wp-content\/uploads\/usu3485\/2025\/07\/insbaixemporda_mecanica-13-768x512.jpg 768w, https:\/\/agora.xtec.cat\/insbaixemporda\/wp-content\/uploads\/usu3485\/2025\/07\/insbaixemporda_mecanica-13-1536x1024.jpg 1536w, https:\/\/agora.xtec.cat\/insbaixemporda\/wp-content\/uploads\/usu3485\/2025\/07\/insbaixemporda_mecanica-13-2048x1366.jpg 2048w\" sizes=\"auto, (max-width: 1024px) 100vw, 1024px\" \/><\/a><\/figure>\n<\/figure>\n","protected":false},"excerpt":{"rendered":"<p>El cicle formatiu de Grau Mitj\u00e0 d\u2019Electromec\u00e0nica de Vehicles Autom\u00f2bils t\u00e9 com a finalitat preparar l\u2019alumnat per incorporar-se al sector de l\u2019automoci\u00f3 amb una formaci\u00f3 t\u00e8cnica s\u00f2lida i actualitzada. Al llarg del cicle, es desenvolupen les compet\u00e8ncies necess\u00e0ries per diagnosticar, reparar i mantenir sistemes mec\u00e0nics, el\u00e8ctrics, electr\u00f2nics i hidr\u00e0ulics de vehicles. Aquesta titulaci\u00f3 capacita per [&hellip;]<\/p>\n","protected":false},"author":1,"featured_media":0,"parent":891,"menu_order":0,"comment_status":"closed","ping_status":"close","template":"","meta":{"site-sidebar-layout":"default","site-content-layout":"","ast-site-content-layout":"default","site-content-style":"default","site-sidebar-style":"default","ast-global-header-display":"","ast-banner-title-visibility":"","ast-main-header-display":"","ast-hfb-above-header-display":"","ast-hfb-below-header-display":"","ast-hfb-mobile-header-display":"","site-post-title":"","ast-breadcrumbs-content":"","ast-featured-img":"","footer-sml-layout":"","theme-transparent-header-meta":"","adv-header-id-meta":"","stick-header-meta":"","header-above-stick-meta":"","header-main-stick-meta":"","header-below-stick-meta":"","astra-migrate-meta-layouts":"set","ast-page-background-enabled":"default","ast-page-background-meta":{"desktop":{"background-color":"var(--ast-global-color-4)","background-image":"","background-repeat":"repeat","background-position":"center center","background-size":"auto","background-attachment":"scroll","background-type":"","background-media":"","overlay-type":"","overlay-color":"","overlay-opacity":"","overlay-gradient":""},"tablet":{"background-color":"","background-image":"","background-repeat":"repeat","background-position":"center center","background-size":"auto","background-attachment":"scroll","background-type":"","background-media":"","overlay-type":"","overlay-color":"","overlay-opacity":"","overlay-gradient":""},"mobile":{"background-color":"","background-image":"","background-repeat":"repeat","background-position":"center center","background-size":"auto","background-attachment":"scroll","background-type":"","background-media":"","overlay-type":"","overlay-color":"","overlay-opacity":"","overlay-gradient":""}},"ast-content-background-meta":{"desktop":{"background-color":"var(--ast-global-color-5)","background-image":"","background-repeat":"repeat","background-position":"center center","background-size":"auto","background-attachment":"scroll","background-type":"","background-media":"","overlay-type":"","overlay-color":"","overlay-opacity":"","overlay-gradient":""},"tablet":{"background-color":"var(--ast-global-color-5)","background-image":"","background-repeat":"repeat","background-position":"center center","background-size":"auto","background-attachment":"scroll","background-type":"","background-media":"","overlay-type":"","overlay-color":"","overlay-opacity":"","overlay-gradient":""},"mobile":{"background-color":"var(--ast-global-color-5)","background-image":"","background-repeat":"repeat","background-position":"center center","background-size":"auto","background-attachment":"scroll","background-type":"","background-media":"","overlay-type":"","overlay-color":"","overlay-opacity":"","overlay-gradient":""}},"footnotes":""},"class_list":["post-931","page","type-page","status-publish","hentry"],"post_mailing_queue_ids":[],"_links":{"self":[{"href":"https:\/\/agora.xtec.cat\/insbaixemporda\/wp-json\/wp\/v2\/pages\/931","targetHints":{"allow":["GET"]}}],"collection":[{"href":"https:\/\/agora.xtec.cat\/insbaixemporda\/wp-json\/wp\/v2\/pages"}],"about":[{"href":"https:\/\/agora.xtec.cat\/insbaixemporda\/wp-json\/wp\/v2\/types\/page"}],"author":[{"embeddable":true,"href":"https:\/\/agora.xtec.cat\/insbaixemporda\/wp-json\/wp\/v2\/users\/1"}],"replies":[{"embeddable":true,"href":"https:\/\/agora.xtec.cat\/insbaixemporda\/wp-json\/wp\/v2\/comments?post=931"}],"version-history":[{"count":5,"href":"https:\/\/agora.xtec.cat\/insbaixemporda\/wp-json\/wp\/v2\/pages\/931\/revisions"}],"predecessor-version":[{"id":3242,"href":"https:\/\/agora.xtec.cat\/insbaixemporda\/wp-json\/wp\/v2\/pages\/931\/revisions\/3242"}],"up":[{"embeddable":true,"href":"https:\/\/agora.xtec.cat\/insbaixemporda\/wp-json\/wp\/v2\/pages\/891"}],"wp:attachment":[{"href":"https:\/\/agora.xtec.cat\/insbaixemporda\/wp-json\/wp\/v2\/media?parent=931"}],"curies":[{"name":"wp","href":"https:\/\/api.w.org\/{rel}","templated":true}]}}