{"id":894,"date":"2025-06-23T23:56:40","date_gmt":"2025-06-23T21:56:40","guid":{"rendered":"https:\/\/agora.xtec.cat\/insbaixemporda\/?page_id=894"},"modified":"2026-02-20T13:35:39","modified_gmt":"2026-02-20T12:35:39","slug":"ife","status":"publish","type":"page","link":"https:\/\/agora.xtec.cat\/insbaixemporda\/estudis\/ife\/","title":{"rendered":"IFE"},"content":{"rendered":"\n<h3 class=\"wp-block-heading\"><strong>Qu\u00e8 s\u00f3n els itineraris formatius espec\u00edfics?<\/strong><\/h3>\n\n\n\n<p>Els itineraris formatius espec\u00edfics (IFE) s\u00f3n ensenyaments professionals que s\u2019adrecen a alumnes amb necessitats educatives especials associades a una discapacitat intel\u00b7lectual lleu o moderada, amb l\u2019objectiu d\u2019oferir atenci\u00f3 educativa, a l\u2019etapa postobligat\u00f2ria, segons les necessitats individuals i les capacitats i habilitats pr\u00f2pies.<\/p>\n\n\n\n<p>La finalitat d\u2019aquests ensenyaments \u00e9s que els i les alumnes incrementin l\u2019autonomia personal i assoleixin les compet\u00e8ncies professionals que els facilitin la transici\u00f3 a la vida adulta i la inclusi\u00f3 social i laboral.<\/p>\n\n\n\n<p>La durada \u00e9s de 3.360 hores, que es distribueixen en quatre cursos acad\u00e8mics. El darrer curs inclou la Formaci\u00f3 en Centres de Treball.<\/p>\n\n\n\n<p><strong>Quin itinerari oferim al nostre centre?<\/strong><\/p>\n\n\n\n<p>A l\u2019Institut Baix Empord\u00e0 oferim l\u2019itinerari d\u2019<strong>Auxiliar en Serveis de Restauraci\u00f3 i Elaboraci\u00f3 d\u2019\u00c0pats<\/strong>.<\/p>\n\n\n\n<p>Aquests estudis desenvolupen compet\u00e8ncies per fer tasques auxiliars en els processos b\u00e0sics de producci\u00f3 culin\u00e0ria, preparaci\u00f3 d\u2019aliments i begudes, amb assist\u00e8ncia en els processos de servei i d\u2019atenci\u00f3 al client en els serveis de restauraci\u00f3, de preparaci\u00f3 de comandes i de venda de productes, tenint en compte les normes de prevenci\u00f3 de riscos laborals i la protecci\u00f3 mediambiental corresponents, aix\u00ed com compet\u00e8ncies de comunicaci\u00f3, autonomia personal i participaci\u00f3 en activitats comunit\u00e0ries.<\/p>\n\n\n\n<p>La durada \u00e9s de 3.360 hores, que es distribueixen en quatre cursos acad\u00e8mics. El darrer curs inclou la Formaci\u00f3 en Centres de Treball.<\/p>\n\n\n\n<h4 class=\"wp-block-heading\">Horari<\/h4>\n\n\n\n<figure class=\"wp-block-table\"><table class=\"has-fixed-layout\"><tbody><tr><td><strong>1r Curs<\/strong><\/td><td><strong>2n Curs<\/strong><\/td><td><strong>3r Curs<\/strong><\/td><td><strong>4t Curs<\/strong><\/td><\/tr><tr><td>Matins<\/td><td>Matins<\/td><td>&#8211;<\/td><td>&#8211;<\/td><\/tr><\/tbody><\/table><\/figure>\n","protected":false},"excerpt":{"rendered":"<p>Qu\u00e8 s\u00f3n els itineraris formatius espec\u00edfics? Els itineraris formatius espec\u00edfics (IFE) s\u00f3n ensenyaments professionals que s\u2019adrecen a alumnes amb necessitats educatives especials associades a una discapacitat intel\u00b7lectual lleu o moderada, amb l\u2019objectiu d\u2019oferir atenci\u00f3 educativa, a l\u2019etapa postobligat\u00f2ria, segons les necessitats individuals i les capacitats i habilitats pr\u00f2pies. La finalitat d\u2019aquests ensenyaments \u00e9s que els [&hellip;]<\/p>\n","protected":false},"author":1,"featured_media":0,"parent":195,"menu_order":0,"comment_status":"closed","ping_status":"close","template":"","meta":{"site-sidebar-layout":"default","site-content-layout":"","ast-site-content-layout":"default","site-content-style":"default","site-sidebar-style":"default","ast-global-header-display":"","ast-banner-title-visibility":"","ast-main-header-display":"","ast-hfb-above-header-display":"","ast-hfb-below-header-display":"","ast-hfb-mobile-header-display":"","site-post-title":"","ast-breadcrumbs-content":"","ast-featured-img":"","footer-sml-layout":"","theme-transparent-header-meta":"","adv-header-id-meta":"","stick-header-meta":"","header-above-stick-meta":"","header-main-stick-meta":"","header-below-stick-meta":"","astra-migrate-meta-layouts":"set","ast-page-background-enabled":"default","ast-page-background-meta":{"desktop":{"background-color":"var(--ast-global-color-4)","background-image":"","background-repeat":"repeat","background-position":"center center","background-size":"auto","background-attachment":"scroll","background-type":"","background-media":"","overlay-type":"","overlay-color":"","overlay-opacity":"","overlay-gradient":""},"tablet":{"background-color":"","background-image":"","background-repeat":"repeat","background-position":"center center","background-size":"auto","background-attachment":"scroll","background-type":"","background-media":"","overlay-type":"","overlay-color":"","overlay-opacity":"","overlay-gradient":""},"mobile":{"background-color":"","background-image":"","background-repeat":"repeat","background-position":"center center","background-size":"auto","background-attachment":"scroll","background-type":"","background-media":"","overlay-type":"","overlay-color":"","overlay-opacity":"","overlay-gradient":""}},"ast-content-background-meta":{"desktop":{"background-color":"var(--ast-global-color-5)","background-image":"","background-repeat":"repeat","background-position":"center center","background-size":"auto","background-attachment":"scroll","background-type":"","background-media":"","overlay-type":"","overlay-color":"","overlay-opacity":"","overlay-gradient":""},"tablet":{"background-color":"var(--ast-global-color-5)","background-image":"","background-repeat":"repeat","background-position":"center center","background-size":"auto","background-attachment":"scroll","background-type":"","background-media":"","overlay-type":"","overlay-color":"","overlay-opacity":"","overlay-gradient":""},"mobile":{"background-color":"var(--ast-global-color-5)","background-image":"","background-repeat":"repeat","background-position":"center center","background-size":"auto","background-attachment":"scroll","background-type":"","background-media":"","overlay-type":"","overlay-color":"","overlay-opacity":"","overlay-gradient":""}},"footnotes":""},"class_list":["post-894","page","type-page","status-publish","hentry"],"post_mailing_queue_ids":[],"_links":{"self":[{"href":"https:\/\/agora.xtec.cat\/insbaixemporda\/wp-json\/wp\/v2\/pages\/894","targetHints":{"allow":["GET"]}}],"collection":[{"href":"https:\/\/agora.xtec.cat\/insbaixemporda\/wp-json\/wp\/v2\/pages"}],"about":[{"href":"https:\/\/agora.xtec.cat\/insbaixemporda\/wp-json\/wp\/v2\/types\/page"}],"author":[{"embeddable":true,"href":"https:\/\/agora.xtec.cat\/insbaixemporda\/wp-json\/wp\/v2\/users\/1"}],"replies":[{"embeddable":true,"href":"https:\/\/agora.xtec.cat\/insbaixemporda\/wp-json\/wp\/v2\/comments?post=894"}],"version-history":[{"count":4,"href":"https:\/\/agora.xtec.cat\/insbaixemporda\/wp-json\/wp\/v2\/pages\/894\/revisions"}],"predecessor-version":[{"id":3262,"href":"https:\/\/agora.xtec.cat\/insbaixemporda\/wp-json\/wp\/v2\/pages\/894\/revisions\/3262"}],"up":[{"embeddable":true,"href":"https:\/\/agora.xtec.cat\/insbaixemporda\/wp-json\/wp\/v2\/pages\/195"}],"wp:attachment":[{"href":"https:\/\/agora.xtec.cat\/insbaixemporda\/wp-json\/wp\/v2\/media?parent=894"}],"curies":[{"name":"wp","href":"https:\/\/api.w.org\/{rel}","templated":true}]}}