{"id":893,"date":"2025-06-23T23:56:40","date_gmt":"2025-06-23T21:56:40","guid":{"rendered":"https:\/\/agora.xtec.cat\/insbaixemporda\/?page_id=893"},"modified":"2025-07-03T22:50:10","modified_gmt":"2025-07-03T20:50:10","slug":"pfi-ptt","status":"publish","type":"page","link":"https:\/\/agora.xtec.cat\/insbaixemporda\/estudis\/pfi-ptt\/","title":{"rendered":"PFI-PTT"},"content":{"rendered":"\n<p>Els programes de formaci\u00f3 i inserci\u00f3 (PFI) s\u00f3n el primer nivell de qualificaci\u00f3 dins dels estudis de formaci\u00f3 professional i s&#8217;adscriuen a diferents fam\u00edlies professionals.<\/p>\n\n\n\n<p>Els PFI s&#8217;adrecen a joves d&#8217;entre 16 i 21 anys que no han finalitzat l&#8217;educaci\u00f3 secund\u00e0ria obligat\u00f2ria. S\u00f3n estudis voluntaris i la seva durada \u00e9s d&#8217;un curs acad\u00e8mic (1.000 hores).<\/p>\n\n\n\n<p>Els i les alumnes de PFI reben un acompanyament i una tutoritzaci\u00f3 essencial per a l&#8217;assoliment dels objectius del programa. Els aprenentatges s\u00f3n vivencials i vinculats amb l&#8217;entorn proper, i inclouen pr\u00e0ctiques en empresa; s&#8217;apr\u00e8n fent, utilitzant metodologies actives i globals.<\/p>\n\n\n\n<p>Amb els PFI, d&#8217;una banda, es facilita la continu\u00eftat formativa dins de la formaci\u00f3 professional i, de l&#8217;altra, l&#8217;aprenentatge de les compet\u00e8ncies transversals i professionals necess\u00e0ries per al m\u00f3n del treball.<\/p>\n\n\n\n<h3 class=\"wp-block-heading\">Al nostre centre oferim 5 PFI-PTT<\/h3>\n\n\n\n<ul class=\"wp-block-list\">\n<li>Auxiliar de serralleria i construccions met\u00e0l\u00b7liques<\/li>\n\n\n\n<li>Auxiliar de vivers i jardins<\/li>\n\n\n\n<li>Auxiliar de comer\u00e7 i atenci\u00f3 al p\u00fablic<\/li>\n\n\n\n<li>Auxiliar de restauraci\u00f3 i cuina<\/li>\n\n\n\n<li>Auxiliar de perruqueria i est\u00e8tica<\/li>\n<\/ul>\n\n\n\n<h3 class=\"wp-block-heading\">Qu\u00e8 necessito per accedir-hi<\/h3>\n\n\n\n<p>Poden accedir a aquest programa de formaci\u00f3 i inserci\u00f3 (PFI) els joves\u00a0que compleixin com a m\u00ednim 16 anys i com a m\u00e0xim 21 en l&#8217;any d\u2019inici del programa i que no hagin obtingut el graduat en ESO.<\/p>\n\n\n\n<p>Els&nbsp;<strong>tr\u00e0mits<\/strong>&nbsp;s\u00f3n:<\/p>\n\n\n\n<ul class=\"wp-block-list\">\n<li>per cursar un programa de formaci\u00f3 i inserci\u00f3 organitzat pel Departament d&#8217;Educaci\u00f3 i Formaci\u00f3 Professional\u00a0(PTT, FIAP i PIP en institut) cal fer la preinscripci\u00f3 i matr\u00edcula segons les directrius d&#8217;aquest Departament.<\/li>\n\n\n\n<li>per cursar un programa de formaci\u00f3 i inserci\u00f3 (PFI) organitzat per centres docents privats o establiments, cal informar-se&#8217;n en el mateix centre o establiment.<\/li>\n<\/ul>\n\n\n\n<h3 class=\"wp-block-heading\">Quines s\u00f3n les sortides acad\u00e8miques i professionals<\/h3>\n\n\n\n<p>La superaci\u00f3 d&#8217;aquest programa de formaci\u00f3 i inserci\u00f3 (PFI) comporta el seg\u00fcent:<\/p>\n\n\n\n<ul class=\"wp-block-list\">\n<li>Certificat acad\u00e8mic i professional, que cont\u00e9 la qualificaci\u00f3 final obtinguda en el PFI i acredita les compet\u00e8ncies professionals assolides.<\/li>\n\n\n\n<li>Acc\u00e9s als cicles formatius de grau mitj\u00e0,\u00a0d\u2019acord\u00a0amb la Resoluci\u00f3 EDF\/4245\/2024, de 26 de novembre.<\/li>\n\n\n\n<li>Reconeixement dels m\u00f2duls professionals superats en el PFI per a l&#8217;obtenci\u00f3 del t\u00edtol professional b\u00e0sic associat al perfil.<\/li>\n\n\n\n<li>Certificat de professionalitat que emet l&#8217;Administraci\u00f3 laboral si s&#8217;acrediten tots els m\u00f2duls necessaris.<\/li>\n\n\n\n<li>Acc\u00e9s als centres de formaci\u00f3 d&#8217;adults per obtenir el graduat en educaci\u00f3 secund\u00e0ria obligat\u00f2ria (GESO), sense complir el requisit de tenir 18 anys.<\/li>\n<\/ul>\n\n\n\n<h3 class=\"wp-block-heading\">Com s&#8217;estructuren<\/h3>\n\n\n\n<p>Els programes de formaci\u00f3 i inserci\u00f3 s&#8217;<strong>estructuren<\/strong>&nbsp;en:<\/p>\n\n\n\n<ul class=\"wp-block-list\">\n<li>M\u00f2duls de formaci\u00f3 professional, per a l&#8217;assoliment de les compet\u00e8ncies professionals, que inclouen 200 hores d&#8217;estada a l&#8217;empresa.<\/li>\n\n\n\n<li>M\u00f2duls de formaci\u00f3 general per a l&#8217;adquisici\u00f3 de compet\u00e8ncies necess\u00e0ries per a la vida di\u00e0ria, per continuar la formaci\u00f3 i per al m\u00f3n laboral.<\/li>\n\n\n\n<li>Accions de seguiment i orientaci\u00f3 de l&#8217;alumne.<\/li>\n<\/ul>\n\n\n\n<p><\/p>\n","protected":false},"excerpt":{"rendered":"<p>Els programes de formaci\u00f3 i inserci\u00f3 (PFI) s\u00f3n el primer nivell de qualificaci\u00f3 dins dels estudis de formaci\u00f3 professional i s&#8217;adscriuen a diferents fam\u00edlies professionals. Els PFI s&#8217;adrecen a joves d&#8217;entre 16 i 21 anys que no han finalitzat l&#8217;educaci\u00f3 secund\u00e0ria obligat\u00f2ria. S\u00f3n estudis voluntaris i la seva durada \u00e9s d&#8217;un curs acad\u00e8mic (1.000 hores). [&hellip;]<\/p>\n","protected":false},"author":1,"featured_media":0,"parent":195,"menu_order":0,"comment_status":"closed","ping_status":"close","template":"","meta":{"site-sidebar-layout":"default","site-content-layout":"","ast-site-content-layout":"default","site-content-style":"default","site-sidebar-style":"default","ast-global-header-display":"","ast-banner-title-visibility":"","ast-main-header-display":"","ast-hfb-above-header-display":"","ast-hfb-below-header-display":"","ast-hfb-mobile-header-display":"","site-post-title":"","ast-breadcrumbs-content":"","ast-featured-img":"","footer-sml-layout":"","theme-transparent-header-meta":"","adv-header-id-meta":"","stick-header-meta":"","header-above-stick-meta":"","header-main-stick-meta":"","header-below-stick-meta":"","astra-migrate-meta-layouts":"set","ast-page-background-enabled":"default","ast-page-background-meta":{"desktop":{"background-color":"var(--ast-global-color-4)","background-image":"","background-repeat":"repeat","background-position":"center center","background-size":"auto","background-attachment":"scroll","background-type":"","background-media":"","overlay-type":"","overlay-color":"","overlay-opacity":"","overlay-gradient":""},"tablet":{"background-color":"","background-image":"","background-repeat":"repeat","background-position":"center center","background-size":"auto","background-attachment":"scroll","background-type":"","background-media":"","overlay-type":"","overlay-color":"","overlay-opacity":"","overlay-gradient":""},"mobile":{"background-color":"","background-image":"","background-repeat":"repeat","background-position":"center center","background-size":"auto","background-attachment":"scroll","background-type":"","background-media":"","overlay-type":"","overlay-color":"","overlay-opacity":"","overlay-gradient":""}},"ast-content-background-meta":{"desktop":{"background-color":"var(--ast-global-color-5)","background-image":"","background-repeat":"repeat","background-position":"center center","background-size":"auto","background-attachment":"scroll","background-type":"","background-media":"","overlay-type":"","overlay-color":"","overlay-opacity":"","overlay-gradient":""},"tablet":{"background-color":"var(--ast-global-color-5)","background-image":"","background-repeat":"repeat","background-position":"center center","background-size":"auto","background-attachment":"scroll","background-type":"","background-media":"","overlay-type":"","overlay-color":"","overlay-opacity":"","overlay-gradient":""},"mobile":{"background-color":"var(--ast-global-color-5)","background-image":"","background-repeat":"repeat","background-position":"center center","background-size":"auto","background-attachment":"scroll","background-type":"","background-media":"","overlay-type":"","overlay-color":"","overlay-opacity":"","overlay-gradient":""}},"footnotes":""},"class_list":["post-893","page","type-page","status-publish","hentry"],"post_mailing_queue_ids":[],"_links":{"self":[{"href":"https:\/\/agora.xtec.cat\/insbaixemporda\/wp-json\/wp\/v2\/pages\/893","targetHints":{"allow":["GET"]}}],"collection":[{"href":"https:\/\/agora.xtec.cat\/insbaixemporda\/wp-json\/wp\/v2\/pages"}],"about":[{"href":"https:\/\/agora.xtec.cat\/insbaixemporda\/wp-json\/wp\/v2\/types\/page"}],"author":[{"embeddable":true,"href":"https:\/\/agora.xtec.cat\/insbaixemporda\/wp-json\/wp\/v2\/users\/1"}],"replies":[{"embeddable":true,"href":"https:\/\/agora.xtec.cat\/insbaixemporda\/wp-json\/wp\/v2\/comments?post=893"}],"version-history":[{"count":4,"href":"https:\/\/agora.xtec.cat\/insbaixemporda\/wp-json\/wp\/v2\/pages\/893\/revisions"}],"predecessor-version":[{"id":990,"href":"https:\/\/agora.xtec.cat\/insbaixemporda\/wp-json\/wp\/v2\/pages\/893\/revisions\/990"}],"up":[{"embeddable":true,"href":"https:\/\/agora.xtec.cat\/insbaixemporda\/wp-json\/wp\/v2\/pages\/195"}],"wp:attachment":[{"href":"https:\/\/agora.xtec.cat\/insbaixemporda\/wp-json\/wp\/v2\/media?parent=893"}],"curies":[{"name":"wp","href":"https:\/\/api.w.org\/{rel}","templated":true}]}}