{"id":811,"date":"2025-06-23T20:55:34","date_gmt":"2025-06-23T18:55:34","guid":{"rendered":"https:\/\/agora.xtec.cat\/insbaixemporda\/?page_id=811"},"modified":"2026-03-13T17:54:49","modified_gmt":"2026-03-13T16:54:49","slug":"horari-datencio-al-public","status":"publish","type":"page","link":"https:\/\/agora.xtec.cat\/insbaixemporda\/secretaria\/horari-datencio-al-public\/","title":{"rendered":"Horari d&#8217;atenci\u00f3 al p\u00fablic i contacte"},"content":{"rendered":"\n<h2 class=\"wp-block-heading\">Secretaria<\/h2>\n\n\n\n<p>De dilluns a divendres de 10 a 13h i dijous, tamb\u00e9 de les 16 a les 18h.<\/p>\n\n\n\n<p><strong>Per contactar amb secretaria podeu:<\/strong><\/p>\n\n\n\n<p>Trucar al\u00a0<strong>tel\u00e8fon<\/strong>:\u00a0<a href=\"tel:972640016\">972300323<\/a> extensi\u00f3 2<br>Enviar-nos un\u00a0<strong>e-correu<\/strong>\u00a0a:\u00a0<strong><a href=\"mailto:secretaria@insbaixemporda.cat\" target=\"_blank\" rel=\"noreferrer noopener\">secretaria@insbaixemporda.cat<\/a><\/strong><\/p>\n\n\n\n<p><strong>Personal<\/strong><\/p>\n\n\n\n<p>Llu\u00efsa Bonet<\/p>\n\n\n\n<p>Leti Laverde<\/p>\n\n\n\n<p>Pili Urgell\u00e9s<\/p>\n\n\n\n<h2 class=\"wp-block-heading\"><strong>Consergeria<\/strong><\/h2>\n\n\n\n<p>De dilluns a divendres de 8:00 a 20:00 (mentre el centre est\u00e0 obert)<\/p>\n\n\n\n<p><strong>Personal<\/strong><\/p>\n\n\n\n<p>Marc Vila<\/p>\n\n\n\n<p>\u00c0ngel Arr\u00e9bola<\/p>\n\n\n\n<p>Rosa Garcia<\/p>\n","protected":false},"excerpt":{"rendered":"<p>Secretaria De dilluns a divendres de 10 a 13h i dijous, tamb\u00e9 de les 16 a les 18h. Per contactar amb secretaria podeu: Trucar al\u00a0tel\u00e8fon:\u00a0972300323 extensi\u00f3 2Enviar-nos un\u00a0e-correu\u00a0a:\u00a0secretaria@insbaixemporda.cat Personal Llu\u00efsa Bonet Leti Laverde Pili Urgell\u00e9s Consergeria De dilluns a divendres de 8:00 a 20:00 (mentre el centre est\u00e0 obert) Personal Marc Vila \u00c0ngel Arr\u00e9bola Rosa [&hellip;]<\/p>\n","protected":false},"author":1,"featured_media":0,"parent":81,"menu_order":0,"comment_status":"closed","ping_status":"close","template":"","meta":{"site-sidebar-layout":"default","site-content-layout":"","ast-site-content-layout":"default","site-content-style":"default","site-sidebar-style":"default","ast-global-header-display":"","ast-banner-title-visibility":"","ast-main-header-display":"","ast-hfb-above-header-display":"","ast-hfb-below-header-display":"","ast-hfb-mobile-header-display":"","site-post-title":"","ast-breadcrumbs-content":"","ast-featured-img":"","footer-sml-layout":"","theme-transparent-header-meta":"","adv-header-id-meta":"","stick-header-meta":"","header-above-stick-meta":"","header-main-stick-meta":"","header-below-stick-meta":"","astra-migrate-meta-layouts":"set","ast-page-background-enabled":"default","ast-page-background-meta":{"desktop":{"background-color":"var(--ast-global-color-4)","background-image":"","background-repeat":"repeat","background-position":"center center","background-size":"auto","background-attachment":"scroll","background-type":"","background-media":"","overlay-type":"","overlay-color":"","overlay-opacity":"","overlay-gradient":""},"tablet":{"background-color":"","background-image":"","background-repeat":"repeat","background-position":"center center","background-size":"auto","background-attachment":"scroll","background-type":"","background-media":"","overlay-type":"","overlay-color":"","overlay-opacity":"","overlay-gradient":""},"mobile":{"background-color":"","background-image":"","background-repeat":"repeat","background-position":"center center","background-size":"auto","background-attachment":"scroll","background-type":"","background-media":"","overlay-type":"","overlay-color":"","overlay-opacity":"","overlay-gradient":""}},"ast-content-background-meta":{"desktop":{"background-color":"var(--ast-global-color-5)","background-image":"","background-repeat":"repeat","background-position":"center center","background-size":"auto","background-attachment":"scroll","background-type":"","background-media":"","overlay-type":"","overlay-color":"","overlay-opacity":"","overlay-gradient":""},"tablet":{"background-color":"var(--ast-global-color-5)","background-image":"","background-repeat":"repeat","background-position":"center center","background-size":"auto","background-attachment":"scroll","background-type":"","background-media":"","overlay-type":"","overlay-color":"","overlay-opacity":"","overlay-gradient":""},"mobile":{"background-color":"var(--ast-global-color-5)","background-image":"","background-repeat":"repeat","background-position":"center center","background-size":"auto","background-attachment":"scroll","background-type":"","background-media":"","overlay-type":"","overlay-color":"","overlay-opacity":"","overlay-gradient":""}},"footnotes":""},"class_list":["post-811","page","type-page","status-publish","hentry"],"post_mailing_queue_ids":[],"_links":{"self":[{"href":"https:\/\/agora.xtec.cat\/insbaixemporda\/wp-json\/wp\/v2\/pages\/811","targetHints":{"allow":["GET"]}}],"collection":[{"href":"https:\/\/agora.xtec.cat\/insbaixemporda\/wp-json\/wp\/v2\/pages"}],"about":[{"href":"https:\/\/agora.xtec.cat\/insbaixemporda\/wp-json\/wp\/v2\/types\/page"}],"author":[{"embeddable":true,"href":"https:\/\/agora.xtec.cat\/insbaixemporda\/wp-json\/wp\/v2\/users\/1"}],"replies":[{"embeddable":true,"href":"https:\/\/agora.xtec.cat\/insbaixemporda\/wp-json\/wp\/v2\/comments?post=811"}],"version-history":[{"count":6,"href":"https:\/\/agora.xtec.cat\/insbaixemporda\/wp-json\/wp\/v2\/pages\/811\/revisions"}],"predecessor-version":[{"id":3311,"href":"https:\/\/agora.xtec.cat\/insbaixemporda\/wp-json\/wp\/v2\/pages\/811\/revisions\/3311"}],"up":[{"embeddable":true,"href":"https:\/\/agora.xtec.cat\/insbaixemporda\/wp-json\/wp\/v2\/pages\/81"}],"wp:attachment":[{"href":"https:\/\/agora.xtec.cat\/insbaixemporda\/wp-json\/wp\/v2\/media?parent=811"}],"curies":[{"name":"wp","href":"https:\/\/api.w.org\/{rel}","templated":true}]}}