{"id":77,"date":"2014-09-18T10:29:25","date_gmt":"2014-09-18T09:29:25","guid":{"rendered":"http:\/\/agora.xtec.cat\/insbaixemporda\/?page_id=77"},"modified":"2026-01-22T13:17:21","modified_gmt":"2026-01-22T12:17:21","slug":"transport-escolar","status":"publish","type":"page","link":"https:\/\/agora.xtec.cat\/insbaixemporda\/families\/transport-escolar\/","title":{"rendered":"Transport escolar"},"content":{"rendered":"\n<h3 class=\"wp-block-heading\"><strong>Informaci\u00f3 pel curs 2025-26<\/strong><\/h3>\n\n\n\n<p>Podeu consultar tota la informaci\u00f3 al web del&nbsp;<a href=\"https:\/\/www.baixemporda.cat\/ca\/carta-de-serveis\/ensenyament\/transport-escolar\/\" target=\"_blank\" rel=\"noreferrer noopener\">Consell Comarcal<\/a>.<\/p>\n\n\n\n<p><strong>Informaci\u00f3 del Consell Comarcal sobre el dret d\u2019\u00fas de transport escolar dels alumnes d\u2019estudis postobligatoris:<\/strong><\/p>\n\n\n\n<p>L&#8217;alumnat de <strong>batxillerat<\/strong> o de <strong>cicles formatius<\/strong> podran utilitzar el <strong>servei de transport escolar<\/strong> sempre que hi hagi places disponibles als autocars de les rutes establertes per als alumnes d\u2019educaci\u00f3 obligat\u00f2ria.<br>Cal tenir en compte que, <strong>independentment del nombre de dies que s\u2019utilitzi el servei<\/strong>, s\u2019haur\u00e0 d\u2019abonar <strong>el cost total del curs escolar<\/strong>.<\/p>\n\n\n\n<p><a href=\"https:\/\/www.baixemporda.cat\/ca\/arees\/ensenyament\/empreses-preus-i-sistema-de-pagament-dels-serveis\/transport\/\" target=\"_blank\" rel=\"noreferrer noopener\">Preus i sistema de cobrament del servei de transport escolar no obligatori \u2013 curs 2025-2026<\/a><\/p>\n\n\n\n<p>Per tal de gestionar aquesta demanda, els alumnes interessats a sol\u00b7licitar aquest servei per al curs escolar podran presentar la sol\u00b7licitud de transport de manera telem\u00e0tica a:<\/p>\n\n\n\n<hr class=\"wp-block-separator has-alpha-channel-opacity\"\/>\n\n\n\n<h3 class=\"wp-block-heading\">Rutes<\/h3>\n\n\n\n<p>A continuaci\u00f3 podeu consultar els horaris i les parades de les diferents rutes que corresponen al nostre institut (web del Consell Comarcal).<\/p>\n\n\n\n<ul class=\"wp-block-list\">\n<li><a href=\"https:\/\/docs.gestionaweb.cat\/2134\/ruta-6-2-i-baix-emporda-2692979.pdf\" target=\"_blank\" rel=\"noreferrer noopener\">&nbsp;Ruta 6.2 Pals &#8211; Torrent &#8211; Llofriu &#8211; Palafrugell&nbsp;(PDF)<\/a><\/li>\n\n\n\n<li><a href=\"https:\/\/docs.gestionaweb.cat\/2134\/ruta-6-3-i-frederic-mart-i-c-i-baix-emp-2692980.pdf\" target=\"_blank\" rel=\"noreferrer noopener\">&nbsp;Ruta 6.3: Pals &#8211; Regenc\u00f3s &#8211; Begur &#8211; Esclany\u00e0 &#8211; Palafrugell&nbsp;(PDF)<\/a><\/li>\n\n\n\n<li><a href=\"https:\/\/docs.gestionaweb.cat\/2134\/a-partir-del-29-de-setembre-ruta-6-4-i-frederic-mart-i-c-i-baix-emp.pdf\" target=\"_blank\" rel=\"noreferrer noopener\">Ruta 6.4: Mont-ras &#8211; Palafrugell&nbsp;(PDF)<\/a><\/li>\n\n\n\n<li><a href=\"https:\/\/docs.gestionaweb.cat\/2134\/ruta-6-4-i-frederic-mart-i-c-i-baix-emp-a-partir-del-9-de-desembre.pdf\" target=\"_blank\" rel=\"noreferrer noopener\">&nbsp;Ruta 6.4: Mont-ras &#8211; Palafrugell.&nbsp;(PDF)<\/a><\/li>\n\n\n\n<li><a href=\"https:\/\/docs.gestionaweb.cat\/2134\/ruta-6-5-i-baix-emp-2692984.pdf\" target=\"_blank\" rel=\"noreferrer noopener\">&nbsp;Ruta 6.5: Begur &#8211; Palafrugell&nbsp;(PDF)<\/a><\/li>\n<\/ul>\n\n\n\n<hr class=\"wp-block-separator has-alpha-channel-opacity\"\/>\n\n\n\n<h3 class=\"wp-block-heading\">Transport per estudis postobligatoris<\/h3>\n\n\n\n<p>Us comuniquem que ja podeu consultar els horaris de les diferents rutes\u00a0i el preu i sistema de cobrament del servei de transport escolar no obligatori\u00a0del curs 2025-2026\u00a0a la p\u00e0gina web de l\u2019\u00c0rea d\u2019Ensenyament del Consell Comarcal.<\/p>\n\n\n\n<p>HORARIS DE LES RUTES: &nbsp;<a href=\"https:\/\/www.baixemporda.cat\/ca\/arees\/ensenyament\/rutes-transport-escolar\/\">https:\/\/www.baixemporda.cat\/ca\/carta-de-serveis\/ensenyament\/rutes-transport-escolar\/<\/a>.<\/p>\n\n\n\n<p>PREUS I SISTEMA DE COBRAMENT:&nbsp;&nbsp;<a href=\"https:\/\/www.baixemporda.cat\/ca\/arees\/ensenyament\/empreses-preus-i-sistemes-de-pagament-dels-serveis\/\" target=\"_blank\" rel=\"noreferrer noopener\">&nbsp;https:\/\/www.baixemporda.cat\/ca\/arees\/ensenyament\/empreses-preus-i-sistemes-de-pagament-dels-serveis<\/a>\/<\/p>\n\n\n\n<p><\/p>\n","protected":false},"excerpt":{"rendered":"<p>Informaci\u00f3 pel curs 2025-26 Podeu consultar tota la informaci\u00f3 al web del&nbsp;Consell Comarcal. Informaci\u00f3 del Consell Comarcal sobre el dret d\u2019\u00fas de transport escolar dels alumnes d\u2019estudis postobligatoris: L&#8217;alumnat de batxillerat o de cicles formatius podran utilitzar el servei de transport escolar sempre que hi hagi places disponibles als autocars de les rutes establertes per [&hellip;]<\/p>\n","protected":false},"author":1,"featured_media":0,"parent":621,"menu_order":0,"comment_status":"closed","ping_status":"closed","template":"","meta":{"site-sidebar-layout":"default","site-content-layout":"","ast-site-content-layout":"default","site-content-style":"default","site-sidebar-style":"default","ast-global-header-display":"","ast-banner-title-visibility":"","ast-main-header-display":"","ast-hfb-above-header-display":"","ast-hfb-below-header-display":"","ast-hfb-mobile-header-display":"","site-post-title":"","ast-breadcrumbs-content":"","ast-featured-img":"","footer-sml-layout":"","theme-transparent-header-meta":"","adv-header-id-meta":"","stick-header-meta":"","header-above-stick-meta":"","header-main-stick-meta":"","header-below-stick-meta":"","astra-migrate-meta-layouts":"set","ast-page-background-enabled":"default","ast-page-background-meta":{"desktop":{"background-color":"var(--ast-global-color-4)","background-image":"","background-repeat":"repeat","background-position":"center center","background-size":"auto","background-attachment":"scroll","background-type":"","background-media":"","overlay-type":"","overlay-color":"","overlay-opacity":"","overlay-gradient":""},"tablet":{"background-color":"","background-image":"","background-repeat":"repeat","background-position":"center center","background-size":"auto","background-attachment":"scroll","background-type":"","background-media":"","overlay-type":"","overlay-color":"","overlay-opacity":"","overlay-gradient":""},"mobile":{"background-color":"","background-image":"","background-repeat":"repeat","background-position":"center center","background-size":"auto","background-attachment":"scroll","background-type":"","background-media":"","overlay-type":"","overlay-color":"","overlay-opacity":"","overlay-gradient":""}},"ast-content-background-meta":{"desktop":{"background-color":"var(--ast-global-color-5)","background-image":"","background-repeat":"repeat","background-position":"center center","background-size":"auto","background-attachment":"scroll","background-type":"","background-media":"","overlay-type":"","overlay-color":"","overlay-opacity":"","overlay-gradient":""},"tablet":{"background-color":"var(--ast-global-color-5)","background-image":"","background-repeat":"repeat","background-position":"center center","background-size":"auto","background-attachment":"scroll","background-type":"","background-media":"","overlay-type":"","overlay-color":"","overlay-opacity":"","overlay-gradient":""},"mobile":{"background-color":"var(--ast-global-color-5)","background-image":"","background-repeat":"repeat","background-position":"center center","background-size":"auto","background-attachment":"scroll","background-type":"","background-media":"","overlay-type":"","overlay-color":"","overlay-opacity":"","overlay-gradient":""}},"footnotes":""},"class_list":["post-77","page","type-page","status-publish","hentry"],"post_mailing_queue_ids":[],"_links":{"self":[{"href":"https:\/\/agora.xtec.cat\/insbaixemporda\/wp-json\/wp\/v2\/pages\/77","targetHints":{"allow":["GET"]}}],"collection":[{"href":"https:\/\/agora.xtec.cat\/insbaixemporda\/wp-json\/wp\/v2\/pages"}],"about":[{"href":"https:\/\/agora.xtec.cat\/insbaixemporda\/wp-json\/wp\/v2\/types\/page"}],"author":[{"embeddable":true,"href":"https:\/\/agora.xtec.cat\/insbaixemporda\/wp-json\/wp\/v2\/users\/1"}],"replies":[{"embeddable":true,"href":"https:\/\/agora.xtec.cat\/insbaixemporda\/wp-json\/wp\/v2\/comments?post=77"}],"version-history":[{"count":4,"href":"https:\/\/agora.xtec.cat\/insbaixemporda\/wp-json\/wp\/v2\/pages\/77\/revisions"}],"predecessor-version":[{"id":2984,"href":"https:\/\/agora.xtec.cat\/insbaixemporda\/wp-json\/wp\/v2\/pages\/77\/revisions\/2984"}],"up":[{"embeddable":true,"href":"https:\/\/agora.xtec.cat\/insbaixemporda\/wp-json\/wp\/v2\/pages\/621"}],"wp:attachment":[{"href":"https:\/\/agora.xtec.cat\/insbaixemporda\/wp-json\/wp\/v2\/media?parent=77"}],"curies":[{"name":"wp","href":"https:\/\/api.w.org\/{rel}","templated":true}]}}