{"id":75,"date":"2014-09-18T10:21:02","date_gmt":"2014-09-18T09:21:02","guid":{"rendered":"http:\/\/agora.xtec.cat\/insbaixemporda\/?page_id=75"},"modified":"2026-01-16T22:39:17","modified_gmt":"2026-01-16T21:39:17","slug":"activitats-extraescolars-2","status":"publish","type":"page","link":"https:\/\/agora.xtec.cat\/insbaixemporda\/families\/activitats-extraescolars-2\/","title":{"rendered":"Activitats extraescolars: Pla d&#8217;Esports a l&#8217;Escola"},"content":{"rendered":"\n<p>El Pla Catal\u00e0 d\u2019Esport a l\u2019Escola (PCEE) pret\u00e9n posar a l\u2019abast de tots els alumnes de prim\u00e0ria i secund\u00e0ria la pr\u00e0ctica d\u2019activitats tant f\u00edsiques com esportives i aconseguir els seg\u00fcents objectius:<\/p>\n\n\n\n<ul class=\"wp-block-list\">\n<li>Incrementar la participaci\u00f3 de tothom amb una incid\u00e8ncia especial en el col\u00b7lectiu de noies.<\/li>\n\n\n\n<li>Cercar la participaci\u00f3 per damunt de la competitivitat.<\/li>\n\n\n\n<li>Potenciar la funci\u00f3 integradora i de cohesi\u00f3 social de l\u2019esport escolar.<\/li>\n\n\n\n<li>Contribuir a la formaci\u00f3 en valors com la toler\u00e0ncia, el respecte i el compliment de les regles, la\u00a0confian\u00e7a en un mateix, el treball en equip, entre d\u2019altres.<\/li>\n\n\n\n<li>Fomentar la pr\u00e0ctica regular d\u2019activitats f\u00edsiques i esportives i l\u2019adquisici\u00f3 d\u2019h\u00e0bits saludables\u00a0que contribueixin a un millor benestar.<\/li>\n\n\n\n<li>Formar joves en els valors ciutadans.<\/li>\n<\/ul>\n\n\n\n<p>UNA HORA A LA SETMANA<\/p>\n\n\n\n<p><a href=\"http:\/\/insbaixemporda.cat\/wp-content\/uploads\/2025\/06\/TRI%CC%81PTIC-PCEE-25-26-PALAFRUGELL.pdf\" target=\"_blank\" rel=\"noreferrer noopener\">Veure les activitats que es faran durant aquest curs<\/a><\/p>\n\n\n\n<p>Per fer la preinscripci\u00f3 ompliu el formulari clicant&nbsp;aqu\u00ed:&nbsp;<a href=\"https:\/\/forms.gle\/FrCrC8vkQ74asjJd7\" target=\"_blank\" rel=\"noreferrer noopener\">PLA D\u2019ESPORTS 2025-2026<\/a><\/p>\n\n\n\n<p>i si teniu algun dubte:<\/p>\n\n\n\n<p><strong>Institut Frederic Mart\u00ed Carreras:&nbsp; &nbsp;&nbsp;<\/strong>jparals@xtec.cat<br><strong>Institut Baix Empord\u00e0:&nbsp; &nbsp; &nbsp;<\/strong>malva256@xtec.cat<br><strong>Institut La Sureda:&nbsp; &nbsp;<\/strong>jcasell9@xtec.cat<\/p>\n\n\n\n<ul class=\"wp-block-list\">\n<li><a href=\"https:\/\/xtec.gencat.cat\/ca\/comunitat\/esportescola\/\" target=\"_blank\" rel=\"noreferrer noopener\">Pla Catal\u00e0 d\u2019Esport a l\u2019Escola<\/a><\/li>\n<\/ul>\n\n\n\n<div class=\"wp-block-getwid-images-slider has-arrows-inside has-dots-inside has-images-center has-cropped-images\"><div class=\"wp-block-getwid-images-slider__wrapper\" data-effect=\"slide\" data-slides-show=\"1\" data-slides-show-laptop=\"1\" data-slides-show-tablet=\"1\" data-slides-show-mobile=\"1\" data-slides-scroll=\"1\" data-autoplay=\"false\" data-pause-hover=\"false\" data-autoplay-speed=\"6000\" data-infinite=\"true\" data-animation-speed=\"800\" data-center-mode=\"false\" data-variable-width=\"false\" data-arrows=\"inside\" data-dots=\"inside\" data-spacing=\"none\"><div class=\"wp-block-getwid-images-slider__item\"><figure><img loading=\"lazy\" decoding=\"async\" width=\"1500\" height=\"1061\" src=\"https:\/\/agora.xtec.cat\/insbaixemporda\/wp-content\/uploads\/usu3485\/2025\/06\/TRIPTIC-PCEE-25-26-PALAFRUGELL-2.png\" data-id=\"760\" data-link=\"https:\/\/agora.xtec.cat\/insbaixemporda\/triptic-pcee-25-26-palafrugell-2\/\" data-original-link=\"https:\/\/agora.xtec.cat\/insbaixemporda\/wp-content\/uploads\/usu3485\/2025\/06\/TRIPTIC-PCEE-25-26-PALAFRUGELL-2.png\" class=\"wp-block-getwid-images-slider__image wp-image-760\" srcset=\"https:\/\/agora.xtec.cat\/insbaixemporda\/wp-content\/uploads\/usu3485\/2025\/06\/TRIPTIC-PCEE-25-26-PALAFRUGELL-2.png 1500w, https:\/\/agora.xtec.cat\/insbaixemporda\/wp-content\/uploads\/usu3485\/2025\/06\/TRIPTIC-PCEE-25-26-PALAFRUGELL-2-300x212.png 300w, https:\/\/agora.xtec.cat\/insbaixemporda\/wp-content\/uploads\/usu3485\/2025\/06\/TRIPTIC-PCEE-25-26-PALAFRUGELL-2-1024x724.png 1024w, https:\/\/agora.xtec.cat\/insbaixemporda\/wp-content\/uploads\/usu3485\/2025\/06\/TRIPTIC-PCEE-25-26-PALAFRUGELL-2-768x543.png 768w\" sizes=\"auto, (max-width: 1500px) 100vw, 1500px\" \/><\/figure><\/div><\/div><\/div>\n\n\n\n<p><em>La coordinaci\u00f3 del Pla d\u2019esports dels centres p\u00fablics de secund\u00e0ria de Palafrugell es reserva el dret a fer els canvis en activitats, horaris, dies, pagament i altres aspectes organitzatius, en compliment de la normativa del Departament d\u2019Ensenyament, Departament de Sanitat, Secretaria General de l\u2019Esport, Consell Esportiu del Baix Empord\u00e0, Ajuntament de Palafrugell aix\u00ed com les normatives espec\u00edfiques de les entitats o instal\u00b7lacions que col\u00b7laboren en l\u2019organitzaci\u00f3 del PCEE.<\/em><\/p>\n","protected":false},"excerpt":{"rendered":"<p>El Pla Catal\u00e0 d\u2019Esport a l\u2019Escola (PCEE) pret\u00e9n posar a l\u2019abast de tots els alumnes de prim\u00e0ria i secund\u00e0ria la pr\u00e0ctica d\u2019activitats tant f\u00edsiques com esportives i aconseguir els seg\u00fcents objectius: UNA HORA A LA SETMANA Veure les activitats que es faran durant aquest curs Per fer la preinscripci\u00f3 ompliu el formulari clicant&nbsp;aqu\u00ed:&nbsp;PLA D\u2019ESPORTS 2025-2026 [&hellip;]<\/p>\n","protected":false},"author":1,"featured_media":0,"parent":621,"menu_order":40,"comment_status":"closed","ping_status":"closed","template":"","meta":{"site-sidebar-layout":"default","site-content-layout":"","ast-site-content-layout":"default","site-content-style":"default","site-sidebar-style":"default","ast-global-header-display":"","ast-banner-title-visibility":"","ast-main-header-display":"","ast-hfb-above-header-display":"","ast-hfb-below-header-display":"","ast-hfb-mobile-header-display":"","site-post-title":"","ast-breadcrumbs-content":"","ast-featured-img":"","footer-sml-layout":"","theme-transparent-header-meta":"","adv-header-id-meta":"","stick-header-meta":"","header-above-stick-meta":"","header-main-stick-meta":"","header-below-stick-meta":"","astra-migrate-meta-layouts":"set","ast-page-background-enabled":"default","ast-page-background-meta":{"desktop":{"background-color":"var(--ast-global-color-4)","background-image":"","background-repeat":"repeat","background-position":"center center","background-size":"auto","background-attachment":"scroll","background-type":"","background-media":"","overlay-type":"","overlay-color":"","overlay-opacity":"","overlay-gradient":""},"tablet":{"background-color":"","background-image":"","background-repeat":"repeat","background-position":"center center","background-size":"auto","background-attachment":"scroll","background-type":"","background-media":"","overlay-type":"","overlay-color":"","overlay-opacity":"","overlay-gradient":""},"mobile":{"background-color":"","background-image":"","background-repeat":"repeat","background-position":"center center","background-size":"auto","background-attachment":"scroll","background-type":"","background-media":"","overlay-type":"","overlay-color":"","overlay-opacity":"","overlay-gradient":""}},"ast-content-background-meta":{"desktop":{"background-color":"var(--ast-global-color-5)","background-image":"","background-repeat":"repeat","background-position":"center center","background-size":"auto","background-attachment":"scroll","background-type":"","background-media":"","overlay-type":"","overlay-color":"","overlay-opacity":"","overlay-gradient":""},"tablet":{"background-color":"var(--ast-global-color-5)","background-image":"","background-repeat":"repeat","background-position":"center center","background-size":"auto","background-attachment":"scroll","background-type":"","background-media":"","overlay-type":"","overlay-color":"","overlay-opacity":"","overlay-gradient":""},"mobile":{"background-color":"var(--ast-global-color-5)","background-image":"","background-repeat":"repeat","background-position":"center center","background-size":"auto","background-attachment":"scroll","background-type":"","background-media":"","overlay-type":"","overlay-color":"","overlay-opacity":"","overlay-gradient":""}},"footnotes":""},"class_list":["post-75","page","type-page","status-publish","hentry"],"post_mailing_queue_ids":[],"_links":{"self":[{"href":"https:\/\/agora.xtec.cat\/insbaixemporda\/wp-json\/wp\/v2\/pages\/75","targetHints":{"allow":["GET"]}}],"collection":[{"href":"https:\/\/agora.xtec.cat\/insbaixemporda\/wp-json\/wp\/v2\/pages"}],"about":[{"href":"https:\/\/agora.xtec.cat\/insbaixemporda\/wp-json\/wp\/v2\/types\/page"}],"author":[{"embeddable":true,"href":"https:\/\/agora.xtec.cat\/insbaixemporda\/wp-json\/wp\/v2\/users\/1"}],"replies":[{"embeddable":true,"href":"https:\/\/agora.xtec.cat\/insbaixemporda\/wp-json\/wp\/v2\/comments?post=75"}],"version-history":[{"count":3,"href":"https:\/\/agora.xtec.cat\/insbaixemporda\/wp-json\/wp\/v2\/pages\/75\/revisions"}],"predecessor-version":[{"id":761,"href":"https:\/\/agora.xtec.cat\/insbaixemporda\/wp-json\/wp\/v2\/pages\/75\/revisions\/761"}],"up":[{"embeddable":true,"href":"https:\/\/agora.xtec.cat\/insbaixemporda\/wp-json\/wp\/v2\/pages\/621"}],"wp:attachment":[{"href":"https:\/\/agora.xtec.cat\/insbaixemporda\/wp-json\/wp\/v2\/media?parent=75"}],"curies":[{"name":"wp","href":"https:\/\/api.w.org\/{rel}","templated":true}]}}