{"id":46,"date":"2014-09-17T16:53:45","date_gmt":"2014-09-17T16:53:45","guid":{"rendered":"http:\/\/agora.xtec.cat\/insbaixemporda\/?page_id=46"},"modified":"2026-02-09T00:15:37","modified_gmt":"2026-02-08T23:15:37","slug":"organigrama","status":"publish","type":"page","link":"https:\/\/agora.xtec.cat\/insbaixemporda\/linstitut\/organigrama\/","title":{"rendered":"Organigrama"},"content":{"rendered":"\n<p>L&#8217;equip directiu de l&#8217;institut Baix Empord\u00e0<\/p>\n\n\n\n<figure class=\"wp-block-table\"><table class=\"has-fixed-layout\"><tbody><tr><td><strong>Direcci\u00f3<\/strong><\/td><td>Estrella Collado<\/td><\/tr><tr><td><strong>Cap d&#8217;estudis d&#8217;ESO<\/strong><\/td><td>Meritxell Roquet<\/td><\/tr><tr><td><strong>Secretaria de direcci\u00f3<\/strong><\/td><td>Carles Bay\u00e9s<\/td><\/tr><tr><td><strong>Coordinaci\u00f3 pedag\u00f2gica<\/strong><\/td><td>Bruna Fa\u00f1\u00e9<\/td><\/tr><tr><td><strong>Cap d&#8217;estudis d&#8217;FP<\/strong><\/td><td>Lourdes Gispert<\/td><\/tr><tr><td><strong>Cap d&#8217;estudis de batxillerat<\/strong><\/td><td>Mireia Bonilla<\/td><\/tr><tr><td><strong>Cap d&#8217;estudis adjunt<\/strong><\/td><td>Meritxell Puigdevall<\/td><\/tr><\/tbody><\/table><\/figure>\n\n\n\n<figure class=\"wp-block-table\"><table class=\"has-fixed-layout\"><tbody><tr><td class=\"has-text-align-center\" data-align=\"center\" colspan=\"5\"><strong>CAPS DE DEPARTAMENT i SEMINARIS<\/strong><\/td><\/tr><tr><td class=\"has-text-align-center\" data-align=\"center\" colspan=\"2\"><strong>Lleng\u00fces Estrangeres<\/strong><\/td><td colspan=\"3\">Robert Torres<\/td><\/tr><tr><td class=\"has-text-align-center\" data-align=\"center\" colspan=\"2\"><strong>Catal\u00e0<\/strong><\/td><td colspan=\"3\">Mart\u00ed Cortadellas<\/td><\/tr><tr><td class=\"has-text-align-center\" data-align=\"center\" colspan=\"2\"><strong>Castell\u00e0<\/strong><\/td><td colspan=\"3\">Juana Castro<\/td><\/tr><tr><td class=\"has-text-align-center\" data-align=\"center\" colspan=\"2\"><strong>Ci\u00e8ncies Experimentals<\/strong><\/td><td colspan=\"3\">Josep M. Fabrellas<\/td><\/tr><tr><td class=\"has-text-align-center\" data-align=\"center\" colspan=\"2\"><strong>Educaci\u00f3 F\u00edsica<\/strong><\/td><td colspan=\"3\">Joan Canaleta<\/td><\/tr><tr><td class=\"has-text-align-center\" data-align=\"center\" colspan=\"2\"><strong>Tecnologies<\/strong><\/td><td colspan=\"3\">No\u00e8lia Grau<\/td><\/tr><tr><td class=\"has-text-align-center\" data-align=\"center\" colspan=\"2\"><strong>Educaci\u00f3 Visual i Art\u00edstica<\/strong><\/td><td colspan=\"3\">Bruna Valls<\/td><\/tr><tr><td class=\"has-text-align-center\" data-align=\"center\" colspan=\"2\"><strong>Matem\u00e0tiques<\/strong><\/td><td colspan=\"3\">Bruna Comas<\/td><\/tr><tr><td class=\"has-text-align-center\" data-align=\"center\" colspan=\"2\"><strong>Recerca en Ci\u00e8ncies Socials<\/strong><\/td><td colspan=\"3\">Llu\u00eds Rebollo<\/td><\/tr><tr><td class=\"has-text-align-center\" data-align=\"center\" colspan=\"2\"><strong>Orientaci\u00f3 Educativa<\/strong><\/td><td colspan=\"3\">Marta L\u00f3pez<\/td><\/tr><tr><td class=\"has-text-align-center\" data-align=\"center\" colspan=\"2\"><strong>Seminari de Ci\u00e8ncies Experimentals<\/strong><\/td><td colspan=\"3\">Imma Benito<\/td><\/tr><tr><td class=\"has-text-align-center\" data-align=\"center\" colspan=\"2\"><strong>Electricitat<\/strong><\/td><td colspan=\"3\">Toni Hidalgo<\/td><\/tr><tr><td class=\"has-text-align-center\" data-align=\"center\" colspan=\"2\"><strong>Automoci\u00f3<\/strong><\/td><td colspan=\"3\">Ramon Bellapart<\/td><\/tr><tr><td class=\"has-text-align-center\" data-align=\"center\" colspan=\"2\"><strong>Cuina i Serveis de Restauraci\u00f3<\/strong><\/td><td colspan=\"3\">Joan Guerrero<\/td><\/tr><tr><td class=\"has-text-align-center\" data-align=\"center\" colspan=\"2\"><strong>Ind\u00fastries Aliment\u00e0ries<\/strong><\/td><td colspan=\"3\">Irene Solivera<\/td><\/tr><tr><td class=\"has-text-align-center\" data-align=\"center\" colspan=\"2\"><strong>Formaci\u00f3 i Orientaci\u00f3 Laboral (FOL)<\/strong><\/td><td colspan=\"3\">Imma Garcia<\/td><\/tr><tr><td class=\"has-text-align-center\" data-align=\"center\" colspan=\"2\"><strong>Administraci\u00f3<\/strong><\/td><td colspan=\"3\">Quima Alabau<\/td><\/tr><tr><td class=\"has-text-align-center\" data-align=\"center\" colspan=\"2\"><strong>Seminari d&#8217;administraci\u00f3<\/strong><\/td><td colspan=\"3\">Georgina Andreu<\/td><\/tr><tr><td class=\"has-text-align-center\" data-align=\"center\" colspan=\"2\"><strong>Gesti\u00f3 d\u2019Allotjaments Tur\u00edstics<\/strong><\/td><td colspan=\"3\">Cristina Lora<\/td><\/tr><\/tbody><\/table><\/figure>\n\n\n\n<figure class=\"wp-block-table\"><table class=\"has-fixed-layout\"><tbody><tr><td class=\"has-text-align-center\" data-align=\"center\" colspan=\"4\"><strong>COORDINACIONS<\/strong><\/td><\/tr><tr><td class=\"has-text-align-center\" data-align=\"center\" colspan=\"2\"><strong>Escoles Verdes<\/strong><\/td><td colspan=\"2\">Montse Dalmau<\/td><\/tr><tr><td class=\"has-text-align-center\" data-align=\"center\" colspan=\"2\"><strong>COCOBE<\/strong><\/td><td colspan=\"2\">Raquel Mallen<\/td><\/tr><tr><td class=\"has-text-align-center\" data-align=\"center\" colspan=\"2\"><strong>Comunicaci\u00f3<\/strong><\/td><td colspan=\"2\">Bruna Fa\u00f1\u00e9 i Carla Bermudo<\/td><\/tr><tr><td class=\"has-text-align-center\" data-align=\"center\" colspan=\"2\"><strong>Batxillerat<\/strong><\/td><td colspan=\"2\">Montse Vilaseca<\/td><\/tr><tr><td class=\"has-text-align-center\" data-align=\"center\" colspan=\"2\"><strong>Qualitat<\/strong><\/td><td colspan=\"2\">Fidel Farjas<\/td><\/tr><tr><td class=\"has-text-align-center\" data-align=\"center\" colspan=\"2\"><strong>Digital<\/strong><\/td><td colspan=\"2\">Rosa Perlado<\/td><\/tr><tr><td class=\"has-text-align-center\" data-align=\"center\" colspan=\"2\"><strong>Sortides<\/strong><\/td><td colspan=\"2\">Elena Serra<\/td><\/tr><tr><td class=\"has-text-align-center\" data-align=\"center\" colspan=\"2\"><strong>1r ESO<\/strong><\/td><td colspan=\"2\">Carla Bermudo<\/td><\/tr><tr><td class=\"has-text-align-center\" data-align=\"center\" colspan=\"2\"><strong>2n ESO<\/strong><\/td><td colspan=\"2\">Gemma Valma\u00f1a<\/td><\/tr><tr><td class=\"has-text-align-center\" data-align=\"center\" colspan=\"2\"><strong>3r ESO<\/strong><\/td><td colspan=\"2\">Ivette Farrar\u00f3<\/td><\/tr><tr><td class=\"has-text-align-center\" data-align=\"center\" colspan=\"2\"><strong>4t ESO<\/strong><\/td><td colspan=\"2\">Arantxa Vitaller<\/td><\/tr><tr><td class=\"has-text-align-center\" data-align=\"center\" colspan=\"2\"><strong>d\u2019FP<\/strong><\/td><td colspan=\"2\">Jordi Mart\u00ednez<\/td><\/tr><tr><td class=\"has-text-align-center\" data-align=\"center\" colspan=\"2\"><strong>Estada a l\u2019Empresa<\/strong><\/td><td colspan=\"2\">Nat\u00e0lia Borrella<\/td><\/tr><tr><td class=\"has-text-align-center\" data-align=\"center\" colspan=\"2\"><strong>Prevenci\u00f3 i Riscos Laborals<\/strong><\/td><td colspan=\"2\">Lloren\u00e7 Morell<\/td><\/tr><tr><td class=\"has-text-align-center\" data-align=\"center\" colspan=\"2\"><strong>Web i iEduca<\/strong><\/td><td colspan=\"2\">Bruna Fa\u00f1\u00e9 i Meritxell Puigdevall<\/td><\/tr><tr><td class=\"has-text-align-center\" data-align=\"center\" colspan=\"2\"><strong>LIC<\/strong><\/td><td colspan=\"2\">Jordi Barranco<\/td><\/tr><tr><td class=\"has-text-align-center\" data-align=\"center\" colspan=\"2\"><strong>Biblioteca<\/strong><\/td><td colspan=\"2\">Cristina Peiris<\/td><\/tr><tr><td class=\"has-text-align-center\" data-align=\"center\" colspan=\"2\"><strong>Mobilitat Erasmus+ FP<\/strong><\/td><td colspan=\"2\">Jordi Mart\u00ednez Monta\u00f1\u00e0<\/td><\/tr><tr><td class=\"has-text-align-center\" data-align=\"center\" colspan=\"2\"><strong>Mobilitat Erasmus+ ESO i BAT<\/strong><\/td><td colspan=\"2\">Mart\u00ed Cortadellas<\/td><\/tr><tr><td class=\"has-text-align-center\" data-align=\"center\" colspan=\"2\"><strong>PMOE-PROA+<\/strong><\/td><td colspan=\"2\">Meritxell Crua\u00f1as<\/td><\/tr><tr><td class=\"has-text-align-center\" data-align=\"center\" colspan=\"2\"><strong>Servei Comunitari<\/strong><\/td><td colspan=\"2\">Irene Vila<\/td><\/tr><\/tbody><\/table><\/figure>\n\n\n\n<figure class=\"wp-block-table\"><table class=\"has-fixed-layout\"><tbody><tr><td class=\"has-text-align-center\" data-align=\"center\" colspan=\"5\"><strong>TUTORIES D\u2019ESO<\/strong><\/td><\/tr><tr><td class=\"has-text-align-center\" data-align=\"center\" colspan=\"2\"><strong>1r ESO A<\/strong><\/td><td colspan=\"3\">Carla Bermudo<\/td><\/tr><tr><td class=\"has-text-align-center\" data-align=\"center\" colspan=\"2\"><strong>1r ESO B<\/strong><\/td><td colspan=\"3\">Marta Savalls<\/td><\/tr><tr><td class=\"has-text-align-center\" data-align=\"center\" colspan=\"2\"><strong>1r ESO C<\/strong><\/td><td colspan=\"3\">Helena Cortada<\/td><\/tr><tr><td class=\"has-text-align-center\" data-align=\"center\" colspan=\"2\"><strong>1r ESO D<\/strong><\/td><td colspan=\"3\">Cristina Peiris<\/td><\/tr><tr><td class=\"has-text-align-center\" data-align=\"center\" colspan=\"2\"><strong>2n ESO A<\/strong><\/td><td colspan=\"3\">Montse Dalmau<\/td><\/tr><tr><td class=\"has-text-align-center\" data-align=\"center\" colspan=\"2\"><strong>2n ESO B<\/strong><\/td><td colspan=\"3\">Eloi Teixidor<\/td><\/tr><tr><td class=\"has-text-align-center\" data-align=\"center\" colspan=\"2\"><strong>&nbsp;2n ESO C<\/strong><\/td><td colspan=\"3\">Gemma Valma\u00f1a<\/td><\/tr><tr><td class=\"has-text-align-center\" data-align=\"center\" colspan=\"2\"><strong>2n ESO D<\/strong><\/td><td colspan=\"3\">J\u00e8ssica Cano<\/td><\/tr><tr><td class=\"has-text-align-center\" data-align=\"center\" colspan=\"2\"><strong>3r ESO A<\/strong><\/td><td colspan=\"3\">Ivette Farrar\u00f3<\/td><\/tr><tr><td class=\"has-text-align-center\" data-align=\"center\" colspan=\"2\"><strong>3r ESO B<\/strong><\/td><td colspan=\"3\">Irene Vila<\/td><\/tr><tr><td class=\"has-text-align-center\" data-align=\"center\" colspan=\"2\"><strong>&nbsp;3r ESO C<\/strong><\/td><td colspan=\"3\">Irene Rodr\u00edguez<\/td><\/tr><tr><td class=\"has-text-align-center\" data-align=\"center\" colspan=\"2\"><strong>3r ESO D<\/strong><\/td><td colspan=\"3\">Llu\u00eds Rebollo<\/td><\/tr><tr><td class=\"has-text-align-center\" data-align=\"center\" colspan=\"2\"><strong>4t ESO A<\/strong><\/td><td colspan=\"3\">N\u00faria Vil\u00e0<\/td><\/tr><tr><td class=\"has-text-align-center\" data-align=\"center\" colspan=\"2\"><strong>4t ESO B<\/strong><\/td><td colspan=\"3\">Arantxa Vitaller<\/td><\/tr><tr><td class=\"has-text-align-center\" data-align=\"center\" colspan=\"2\"><strong>4t ESO C<\/strong><\/td><td colspan=\"3\">Joan Canaleta<\/td><\/tr><tr><td class=\"has-text-align-center\" data-align=\"center\" colspan=\"2\"><strong>4t ESO D<\/strong><\/td><td colspan=\"3\">Laura Cortadellas<\/td><\/tr><tr><td class=\"has-text-align-center\" data-align=\"center\" colspan=\"2\"><strong>4t ESO E<\/strong><\/td><td colspan=\"3\">Judit Tulla<\/td><\/tr><tr><td class=\"has-text-align-center\" data-align=\"center\" colspan=\"2\"><strong>4t ESO F<\/strong><\/td><td colspan=\"3\">Mart\u00ed Cortadellas<\/td><\/tr><tr><td class=\"has-text-align-center\" data-align=\"center\" colspan=\"2\"><strong>UEC<\/strong><\/td><td colspan=\"3\">Marta L\u00f3pez<\/td><\/tr><tr><td class=\"has-text-align-center\" data-align=\"center\" colspan=\"2\"><strong>Aula Oberta<\/strong><\/td><td colspan=\"3\">\u00c0lex Lama<\/td><\/tr><tr><td class=\"has-text-align-center\" data-align=\"center\" colspan=\"2\"><strong>Aula d\u2019Acollida<\/strong><\/td><td colspan=\"3\">Jordi Barranco<\/td><\/tr><tr><td class=\"has-text-align-center\" data-align=\"center\" colspan=\"2\"><strong>Tutoria SIEI<\/strong><\/td><td colspan=\"3\">Judit Aymerich<\/td><\/tr><\/tbody><\/table><\/figure>\n\n\n\n<figure class=\"wp-block-table\"><table class=\"has-fixed-layout\"><tbody><tr><td class=\"has-text-align-center\" data-align=\"center\" colspan=\"5\"><strong>TUTORIES DE BATXILLERAT<\/strong><\/td><\/tr><tr><td class=\"has-text-align-center\" data-align=\"center\" colspan=\"2\"><strong>1r Batxillerat A<\/strong><\/td><td colspan=\"3\">Meritxell Crua\u00f1as<\/td><\/tr><tr><td class=\"has-text-align-center\" data-align=\"center\" colspan=\"2\"><strong>1r Batxillerat B<\/strong><\/td><td colspan=\"3\">Montse Vilaseca<\/td><\/tr><tr><td class=\"has-text-align-center\" data-align=\"center\" colspan=\"2\"><strong>1r Batxillerat C<\/strong><\/td><td colspan=\"3\">Elena Serra<\/td><\/tr><tr><td class=\"has-text-align-center\" data-align=\"center\" colspan=\"2\"><strong>2n Batxillerat A<\/strong><\/td><td colspan=\"3\">Susana Doblado<\/td><\/tr><tr><td class=\"has-text-align-center\" data-align=\"center\" colspan=\"2\"><strong>2n Batxillerat B<\/strong><\/td><td colspan=\"3\">Albert Requena<\/td><\/tr><tr><td class=\"has-text-align-center\" data-align=\"center\" colspan=\"2\"><strong>2n Batxillerat C<\/strong><\/td><td colspan=\"3\">Estefania March<\/td><\/tr><\/tbody><\/table><\/figure>\n\n\n\n<figure class=\"wp-block-table\"><table class=\"has-fixed-layout\"><tbody><tr><td class=\"has-text-align-center\" data-align=\"center\" colspan=\"5\"><strong>TUTORIES DE CICLES FORMATIUS DE GRAU MITJ\u00c0<\/strong><\/td><\/tr><tr><td class=\"has-text-align-center\" data-align=\"center\" colspan=\"2\"><strong>1r de Gesti\u00f3 Administrativa (AG10)<\/strong><\/td><td colspan=\"3\">Dani Francesch<\/td><\/tr><tr><td class=\"has-text-align-center\" data-align=\"center\" colspan=\"2\"><strong>2n de Gesti\u00f3 Administrativa (AG10)<\/strong><\/td><td colspan=\"3\">Joan Pag\u00e8s<\/td><\/tr><tr><td class=\"has-text-align-center\" data-align=\"center\" colspan=\"2\"><strong>1r de Gesti\u00f3 Admin. \u00c0mbit jur\u00eddic (AG11)<\/strong><\/td><td colspan=\"3\">Nerea Contreras<\/td><\/tr><tr><td class=\"has-text-align-center\" data-align=\"center\" colspan=\"2\"><strong>2n de Gesti\u00f3 Admin. \u00c0mbit jur\u00eddic (AG11)<\/strong><\/td><td colspan=\"3\">Carme Palah\u00ed<\/td><\/tr><tr><td class=\"has-text-align-center\" data-align=\"center\" colspan=\"2\"><strong>1r d\u2019Electromec\u00e0nica de vehicles autom\u00f2bils&nbsp;(TM10)<\/strong><\/td><td colspan=\"3\">Ilias Allaoui<\/td><\/tr><tr><td class=\"has-text-align-center\" data-align=\"center\" colspan=\"2\"><strong>2n d\u2019Electromec\u00e0nica de vehicles autom\u00f2bils&nbsp;(TM10)<\/strong><\/td><td colspan=\"3\">Jordi Oliveras<\/td><\/tr><tr><td class=\"has-text-align-center\" data-align=\"center\" colspan=\"2\"><strong>1r d\u2019Electromec\u00e0nica de vehicles autom\u00f2bils&nbsp;(TM10T)<\/strong><\/td><td colspan=\"3\">Costin Alexandru<\/td><\/tr><tr><td class=\"has-text-align-center\" data-align=\"center\" colspan=\"2\"><strong>2n d\u2019Electromec\u00e0nica de vehicles autom\u00f2bils (TM10T)<\/strong><\/td><td colspan=\"3\">Agn\u00e8s Alofra<\/td><\/tr><tr><td class=\"has-text-align-center\" data-align=\"center\" colspan=\"2\"><strong>1r de Cuina, gastr. i serveis de restauraci\u00f3 (HT10\/HT30)<\/strong><\/td><td colspan=\"3\">Carles Sirvent<\/td><\/tr><tr><td class=\"has-text-align-center\" data-align=\"center\" colspan=\"2\"><strong>2n de Cuina, gastr. i serveis en restauraci\u00f3 (HT10\/HT30)<\/strong><\/td><td colspan=\"3\">Alexis Torres<\/td><\/tr><tr><td class=\"has-text-align-center\" data-align=\"center\" colspan=\"2\"><strong>3r de Cuina, gastr. i serveis en rest. (HT30)<\/strong><\/td><td colspan=\"3\"><\/td><\/tr><tr><td class=\"has-text-align-center\" data-align=\"center\" colspan=\"2\"><strong>1r&nbsp;de Forneria, pastisseria i confiteria (IA60)<\/strong><\/td><td colspan=\"3\">N\u00faria Soler<\/td><\/tr><tr><td class=\"has-text-align-center\" data-align=\"center\" colspan=\"2\"><strong>2n de Forneria, pastisseria i confiteria (IA60)<\/strong><\/td><td colspan=\"3\">N\u00faria Vilaplana<\/td><\/tr><tr><td class=\"has-text-align-center\" data-align=\"center\" colspan=\"2\"><strong>1r d\u2019Instal\u00b7lacions el\u00e8ctriques i autom. (EE10)<\/strong><\/td><td colspan=\"3\">Marc Palom<\/td><\/tr><tr><td class=\"has-text-align-center\" data-align=\"center\" colspan=\"2\"><strong>2n d\u2019Instal\u00b7lacions el\u00e8ctriques i autom. (EE10)<\/strong><\/td><td colspan=\"3\">Antonio Zahino<\/td><\/tr><\/tbody><\/table><\/figure>\n\n\n\n<figure class=\"wp-block-table\"><table class=\"has-fixed-layout\"><tbody><tr><td class=\"has-text-align-center\" data-align=\"center\" colspan=\"5\"><strong>TUTORIES DE CICLES FORMATIUS DE GRAU SUPERIOR<\/strong><\/td><\/tr><tr><td class=\"has-text-align-center\" data-align=\"center\" colspan=\"2\"><strong>1r d\u2019Administraci\u00f3 i finances (AGB0)<\/strong><\/td><td colspan=\"3\">Lloren\u00e7 Morell<\/td><\/tr><tr><td class=\"has-text-align-center\" data-align=\"center\" colspan=\"2\"><strong>2n d\u2019Administraci\u00f3 i finances (AGB0)<\/strong><\/td><td colspan=\"3\">M\u00f2nica Mart\u00ednez<\/td><\/tr><tr><td class=\"has-text-align-center\" data-align=\"center\" colspan=\"2\"><strong>1r de Gesti\u00f3 d\u2019allotjaments tur\u00edstics (HTB0)<\/strong><\/td><td colspan=\"3\">Cristina Lora<\/td><\/tr><tr><td class=\"has-text-align-center\" data-align=\"center\" colspan=\"2\"><strong>2n de Gesti\u00f3 d\u2019allotjaments tur\u00edstics (HTB0)<\/strong><\/td><td colspan=\"3\">Patr\u00edcia Fradera<\/td><\/tr><tr><td class=\"has-text-align-center\" data-align=\"center\" colspan=\"2\"><strong>1r de Sistemes electrot\u00e8cnics i autom. (EEA0)<\/strong><\/td><td colspan=\"3\">\u00c0ngels Olivella<\/td><\/tr><tr><td class=\"has-text-align-center\" data-align=\"center\" colspan=\"2\"><strong>2n de Sistemes electrot\u00e8cnics i autom.&nbsp;(EEA0)<\/strong><\/td><td colspan=\"3\">Marc Mart\u00ed<\/td><\/tr><tr><td class=\"has-text-align-center\" data-align=\"center\" colspan=\"2\"><strong>1r Direcci\u00f3 de cuina (HTD0)<\/strong><\/td><td colspan=\"3\">George Kiramba<\/td><\/tr><tr><td class=\"has-text-align-center\" data-align=\"center\" colspan=\"2\"><strong>2n Direcci\u00f3 de cuina (HTD0)<\/strong><\/td><td colspan=\"3\">George Kiramba<\/td><\/tr><\/tbody><\/table><\/figure>\n\n\n\n<figure class=\"wp-block-table\"><table class=\"has-fixed-layout\"><tbody><tr><td class=\"has-text-align-center\" data-align=\"center\" colspan=\"5\"><strong>TUTORIES IFE<\/strong><\/td><\/tr><tr><td class=\"has-text-align-center\" data-align=\"center\" colspan=\"2\"><strong>Tutoria IFE 1<\/strong><\/td><td colspan=\"3\">Sandra Figueras<\/td><\/tr><tr><td class=\"has-text-align-center\" data-align=\"center\" colspan=\"2\"><strong>Tutoria IFE 2<\/strong><\/td><td colspan=\"3\">Marta Mu\u00f1oz<\/td><\/tr><\/tbody><\/table><\/figure>\n\n\n\n<figure class=\"wp-block-table\"><table class=\"has-fixed-layout\"><tbody><tr><td class=\"has-text-align-center\" data-align=\"center\" colspan=\"5\"><strong>TUTORIES i T\u00c8CNICS DE PFI<\/strong><\/td><\/tr><tr><td class=\"has-text-align-center\" data-align=\"center\" colspan=\"2\"><strong>Auxiliar de serveis de restauraci\u00f3 i cuina<\/strong><\/td><td colspan=\"3\">Gl\u00f2ria Lanzo<\/td><\/tr><tr><td class=\"has-text-align-center\" data-align=\"center\" colspan=\"2\"><strong>Auxiliar de vivers i jardins<\/strong><\/td><td colspan=\"3\">Adri\u00e0 Salvad\u00f3<\/td><\/tr><tr><td class=\"has-text-align-center\" data-align=\"center\" colspan=\"2\"><strong>Auxiliar de comer\u00e7 i atenci\u00f3 al p\u00fablic<\/strong><\/td><td colspan=\"3\">Ingrid Gelabert<\/td><\/tr><tr><td class=\"has-text-align-center\" data-align=\"center\" colspan=\"2\"><strong>Auxiliar de perruqueria i est\u00e8tica<\/strong><\/td><td colspan=\"3\">Alba L\u00e1zaro<\/td><\/tr><tr><td class=\"has-text-align-center\" data-align=\"center\" colspan=\"2\"><strong>Auxiliar de serralleria i instal. met\u00e0l\u00b7liques<\/strong><\/td><td colspan=\"3\">Joan Puigferrer<\/td><\/tr><\/tbody><\/table><\/figure>\n","protected":false},"excerpt":{"rendered":"<p>L&#8217;equip directiu de l&#8217;institut Baix Empord\u00e0 Direcci\u00f3 Estrella Collado Cap d&#8217;estudis d&#8217;ESO Meritxell Roquet Secretaria de direcci\u00f3 Carles Bay\u00e9s Coordinaci\u00f3 pedag\u00f2gica Bruna Fa\u00f1\u00e9 Cap d&#8217;estudis d&#8217;FP Lourdes Gispert Cap d&#8217;estudis de batxillerat Mireia Bonilla Cap d&#8217;estudis adjunt Meritxell Puigdevall CAPS DE DEPARTAMENT i SEMINARIS Lleng\u00fces Estrangeres Robert Torres Catal\u00e0 Mart\u00ed Cortadellas Castell\u00e0 Juana Castro Ci\u00e8ncies [&hellip;]<\/p>\n","protected":false},"author":1,"featured_media":0,"parent":19,"menu_order":50,"comment_status":"closed","ping_status":"closed","template":"","meta":{"site-sidebar-layout":"default","site-content-layout":"","ast-site-content-layout":"default","site-content-style":"default","site-sidebar-style":"default","ast-global-header-display":"","ast-banner-title-visibility":"","ast-main-header-display":"","ast-hfb-above-header-display":"","ast-hfb-below-header-display":"","ast-hfb-mobile-header-display":"","site-post-title":"","ast-breadcrumbs-content":"","ast-featured-img":"","footer-sml-layout":"","theme-transparent-header-meta":"","adv-header-id-meta":"","stick-header-meta":"","header-above-stick-meta":"","header-main-stick-meta":"","header-below-stick-meta":"","astra-migrate-meta-layouts":"set","ast-page-background-enabled":"default","ast-page-background-meta":{"desktop":{"background-color":"var(--ast-global-color-4)","background-image":"","background-repeat":"repeat","background-position":"center center","background-size":"auto","background-attachment":"scroll","background-type":"","background-media":"","overlay-type":"","overlay-color":"","overlay-opacity":"","overlay-gradient":""},"tablet":{"background-color":"","background-image":"","background-repeat":"repeat","background-position":"center center","background-size":"auto","background-attachment":"scroll","background-type":"","background-media":"","overlay-type":"","overlay-color":"","overlay-opacity":"","overlay-gradient":""},"mobile":{"background-color":"","background-image":"","background-repeat":"repeat","background-position":"center center","background-size":"auto","background-attachment":"scroll","background-type":"","background-media":"","overlay-type":"","overlay-color":"","overlay-opacity":"","overlay-gradient":""}},"ast-content-background-meta":{"desktop":{"background-color":"var(--ast-global-color-5)","background-image":"","background-repeat":"repeat","background-position":"center center","background-size":"auto","background-attachment":"scroll","background-type":"","background-media":"","overlay-type":"","overlay-color":"","overlay-opacity":"","overlay-gradient":""},"tablet":{"background-color":"var(--ast-global-color-5)","background-image":"","background-repeat":"repeat","background-position":"center center","background-size":"auto","background-attachment":"scroll","background-type":"","background-media":"","overlay-type":"","overlay-color":"","overlay-opacity":"","overlay-gradient":""},"mobile":{"background-color":"var(--ast-global-color-5)","background-image":"","background-repeat":"repeat","background-position":"center center","background-size":"auto","background-attachment":"scroll","background-type":"","background-media":"","overlay-type":"","overlay-color":"","overlay-opacity":"","overlay-gradient":""}},"footnotes":""},"class_list":["post-46","page","type-page","status-publish","hentry"],"post_mailing_queue_ids":[],"_links":{"self":[{"href":"https:\/\/agora.xtec.cat\/insbaixemporda\/wp-json\/wp\/v2\/pages\/46","targetHints":{"allow":["GET"]}}],"collection":[{"href":"https:\/\/agora.xtec.cat\/insbaixemporda\/wp-json\/wp\/v2\/pages"}],"about":[{"href":"https:\/\/agora.xtec.cat\/insbaixemporda\/wp-json\/wp\/v2\/types\/page"}],"author":[{"embeddable":true,"href":"https:\/\/agora.xtec.cat\/insbaixemporda\/wp-json\/wp\/v2\/users\/1"}],"replies":[{"embeddable":true,"href":"https:\/\/agora.xtec.cat\/insbaixemporda\/wp-json\/wp\/v2\/comments?post=46"}],"version-history":[{"count":5,"href":"https:\/\/agora.xtec.cat\/insbaixemporda\/wp-json\/wp\/v2\/pages\/46\/revisions"}],"predecessor-version":[{"id":3180,"href":"https:\/\/agora.xtec.cat\/insbaixemporda\/wp-json\/wp\/v2\/pages\/46\/revisions\/3180"}],"up":[{"embeddable":true,"href":"https:\/\/agora.xtec.cat\/insbaixemporda\/wp-json\/wp\/v2\/pages\/19"}],"wp:attachment":[{"href":"https:\/\/agora.xtec.cat\/insbaixemporda\/wp-json\/wp\/v2\/media?parent=46"}],"curies":[{"name":"wp","href":"https:\/\/api.w.org\/{rel}","templated":true}]}}