{"id":43,"date":"2014-09-17T16:45:07","date_gmt":"2014-09-17T16:45:07","guid":{"rendered":"http:\/\/agora.xtec.cat\/insbaixemporda\/?page_id=43"},"modified":"2025-09-25T19:56:46","modified_gmt":"2025-09-25T17:56:46","slug":"consell-escolar","status":"publish","type":"page","link":"https:\/\/agora.xtec.cat\/insbaixemporda\/linstitut\/consell-escolar\/","title":{"rendered":"Consell escolar"},"content":{"rendered":"\n<p>El consell escolar del centre \u00e9s l\u2019<strong>\u00f2rgan col\u00b7legiat de participaci\u00f3<\/strong>&nbsp;de la comunitat escolar en el govern del centre. En el consell escolar hi ha representats tots els col\u00b7lectius que intervenen en la comunitat educativa: director, professorat, alumnat, personal d\u2019administraci\u00f3 i serveis, etc.<\/p>\n\n\n\n<p>En els centres p\u00fablics, la funci\u00f3 principal del consell escolar \u00e9s participar en la presa de decisions en relaci\u00f3 amb aquells temes importants per al funcionament i l\u2019organitzaci\u00f3 del centre: el projecte educatiu, la programaci\u00f3 general, la gesti\u00f3 econ\u00f2mica, etc. <\/p>\n\n\n\n<p>Els membres del consell escolar s\u00f3n elegits per un per\u00edode de quatre anys i es renoven per meitats cada dos anys.<\/p>\n\n\n\n<h2 class=\"wp-block-heading has-medium-font-size\">Membres<\/h2>\n\n\n\n<figure class=\"wp-block-table\"><table class=\"has-fixed-layout\"><tbody><tr><td>Presid\u00e8ncia<\/td><td>Estrella Collado<\/td><\/tr><tr><td>Cap d\u2019estudis<\/td><td>Meritxell Roquet<\/td><\/tr><tr><td>Secretaria<\/td><td>Carles Grau<\/td><\/tr><tr><td>Representant de l\u2019ajuntament<\/td><td>Llu\u00efsa Teixidor Marimon<\/td><\/tr><tr><td>Representant dels empresaris<\/td><td>Jordi Mat\u00f3 Clar\u00e0<\/td><\/tr><tr><td>Representants dels professors<\/td><td>Juana Castro S\u00e1nchez, Robert Torres Esteve, Elena Serra Albert, Mireia Vilar Fern\u00e1ndez, Francesc Pujol Bas, Francesc Xavier Arbat Codina<\/td><\/tr><tr><td>Representants dels alumnes<\/td><td>Lokman El Aassari, Aroa Cruz Monge, Laia Mustera Matas<\/td><\/tr><tr><td>Representat PAS<\/td><td>Llu\u00efsa Bonet Saballs<\/td><\/tr><tr><td>Representant PAE<\/td><td>Nuri Servi\u00e0 Panella<\/td><\/tr><tr><td>Representant de l\u2019AMPA<\/td><td>M\u00f2nica Perpi\u00f1\u00e0 Torrent<\/td><\/tr><tr><td>Representants de les mares i dels pares<\/td><td>Carme Camps Vives, \u00c0ngels Olivella Costa, Oriol Blanes Masana, Raquel Mallen Serra<\/td><\/tr><\/tbody><\/table><\/figure>\n\n\n\n<p><a href=\"https:\/\/educacio.gencat.cat\/ca\/arees-actuacio\/families\/recursos\/recomanacions\/eleccions-consells-escolars\/\">M\u00e9s informaci\u00f3 a la web de la Generalitat de Catalunya.<\/a><\/p>\n","protected":false},"excerpt":{"rendered":"<p>El consell escolar del centre \u00e9s l\u2019\u00f2rgan col\u00b7legiat de participaci\u00f3&nbsp;de la comunitat escolar en el govern del centre. En el consell escolar hi ha representats tots els col\u00b7lectius que intervenen en la comunitat educativa: director, professorat, alumnat, personal d\u2019administraci\u00f3 i serveis, etc. En els centres p\u00fablics, la funci\u00f3 principal del consell escolar \u00e9s participar en [&hellip;]<\/p>\n","protected":false},"author":1,"featured_media":0,"parent":19,"menu_order":40,"comment_status":"closed","ping_status":"closed","template":"","meta":{"site-sidebar-layout":"default","site-content-layout":"","ast-site-content-layout":"default","site-content-style":"default","site-sidebar-style":"default","ast-global-header-display":"","ast-banner-title-visibility":"","ast-main-header-display":"","ast-hfb-above-header-display":"","ast-hfb-below-header-display":"","ast-hfb-mobile-header-display":"","site-post-title":"","ast-breadcrumbs-content":"","ast-featured-img":"","footer-sml-layout":"","theme-transparent-header-meta":"","adv-header-id-meta":"","stick-header-meta":"","header-above-stick-meta":"","header-main-stick-meta":"","header-below-stick-meta":"","astra-migrate-meta-layouts":"set","ast-page-background-enabled":"default","ast-page-background-meta":{"desktop":{"background-color":"var(--ast-global-color-4)","background-image":"","background-repeat":"repeat","background-position":"center center","background-size":"auto","background-attachment":"scroll","background-type":"","background-media":"","overlay-type":"","overlay-color":"","overlay-opacity":"","overlay-gradient":""},"tablet":{"background-color":"","background-image":"","background-repeat":"repeat","background-position":"center center","background-size":"auto","background-attachment":"scroll","background-type":"","background-media":"","overlay-type":"","overlay-color":"","overlay-opacity":"","overlay-gradient":""},"mobile":{"background-color":"","background-image":"","background-repeat":"repeat","background-position":"center center","background-size":"auto","background-attachment":"scroll","background-type":"","background-media":"","overlay-type":"","overlay-color":"","overlay-opacity":"","overlay-gradient":""}},"ast-content-background-meta":{"desktop":{"background-color":"var(--ast-global-color-5)","background-image":"","background-repeat":"repeat","background-position":"center center","background-size":"auto","background-attachment":"scroll","background-type":"","background-media":"","overlay-type":"","overlay-color":"","overlay-opacity":"","overlay-gradient":""},"tablet":{"background-color":"var(--ast-global-color-5)","background-image":"","background-repeat":"repeat","background-position":"center center","background-size":"auto","background-attachment":"scroll","background-type":"","background-media":"","overlay-type":"","overlay-color":"","overlay-opacity":"","overlay-gradient":""},"mobile":{"background-color":"var(--ast-global-color-5)","background-image":"","background-repeat":"repeat","background-position":"center center","background-size":"auto","background-attachment":"scroll","background-type":"","background-media":"","overlay-type":"","overlay-color":"","overlay-opacity":"","overlay-gradient":""}},"footnotes":""},"class_list":["post-43","page","type-page","status-publish","hentry"],"post_mailing_queue_ids":[],"_links":{"self":[{"href":"https:\/\/agora.xtec.cat\/insbaixemporda\/wp-json\/wp\/v2\/pages\/43","targetHints":{"allow":["GET"]}}],"collection":[{"href":"https:\/\/agora.xtec.cat\/insbaixemporda\/wp-json\/wp\/v2\/pages"}],"about":[{"href":"https:\/\/agora.xtec.cat\/insbaixemporda\/wp-json\/wp\/v2\/types\/page"}],"author":[{"embeddable":true,"href":"https:\/\/agora.xtec.cat\/insbaixemporda\/wp-json\/wp\/v2\/users\/1"}],"replies":[{"embeddable":true,"href":"https:\/\/agora.xtec.cat\/insbaixemporda\/wp-json\/wp\/v2\/comments?post=43"}],"version-history":[{"count":5,"href":"https:\/\/agora.xtec.cat\/insbaixemporda\/wp-json\/wp\/v2\/pages\/43\/revisions"}],"predecessor-version":[{"id":1220,"href":"https:\/\/agora.xtec.cat\/insbaixemporda\/wp-json\/wp\/v2\/pages\/43\/revisions\/1220"}],"up":[{"embeddable":true,"href":"https:\/\/agora.xtec.cat\/insbaixemporda\/wp-json\/wp\/v2\/pages\/19"}],"wp:attachment":[{"href":"https:\/\/agora.xtec.cat\/insbaixemporda\/wp-json\/wp\/v2\/media?parent=43"}],"curies":[{"name":"wp","href":"https:\/\/api.w.org\/{rel}","templated":true}]}}