{"id":39,"date":"2014-09-17T16:36:44","date_gmt":"2014-09-17T16:36:44","guid":{"rendered":"http:\/\/agora.xtec.cat\/insbaixemporda\/?page_id=39"},"modified":"2026-02-04T13:17:32","modified_gmt":"2026-02-04T12:17:32","slug":"instal%c2%b7lacions","status":"publish","type":"page","link":"https:\/\/agora.xtec.cat\/insbaixemporda\/linstitut\/instal%c2%b7lacions\/","title":{"rendered":"Instal\u00b7lacions"},"content":{"rendered":"\n<p>L&#8217;Institut Baix Empord\u00e0 est\u00e0 situat a la poblaci\u00f3 de Palafrugell, al Baix Empord\u00e0.\u00a0<\/p>\n\n\n\n<p>El centre t\u00e9 un edifici principal on hi ha les instal\u00b7lacions de consergeria, secretaria, la sala d&#8217;actes, la biblioteca, tamb\u00e9 les aules, les aules-tallers i un annex amb l&#8217;aula restaurant. Tamb\u00e9 disposa d&#8217;una aula-gimn\u00e0s i un pati amb diferents instal\u00b7lacions esportives i zona d&#8217;ombreig amb taules per poder descansar i gaudir de l&#8217;esbarjo l&#8217;alumnat d&#8217;ESO.<\/p>\n\n\n\n<p>Vols fer una <strong><a href=\"https:\/\/sites.google.com\/insridaura.cat\/una-ruta-virtual-pel-centre\/p%C3%A0gina-principal?authuser=0\">visitar virtual<\/a> <\/strong>a les nostres instal\u00b7lacions? <\/p>\n\n\n\n<p><em>Gr\u00e0cies al Treball de Recerca de l\u2019Esther M., centrat en la creaci\u00f3 d\u2019una ruta virtual de l\u2019institut, aquest projecte avui \u00e9s una realitat. Moltes gr\u00e0cies, Esther!<\/em><\/p>\n","protected":false},"excerpt":{"rendered":"<p>L&#8217;Institut Baix Empord\u00e0 est\u00e0 situat a la poblaci\u00f3 de Palafrugell, al Baix Empord\u00e0.\u00a0 El centre t\u00e9 un edifici principal on hi ha les instal\u00b7lacions de consergeria, secretaria, la sala d&#8217;actes, la biblioteca, tamb\u00e9 les aules, les aules-tallers i un annex amb l&#8217;aula restaurant. Tamb\u00e9 disposa d&#8217;una aula-gimn\u00e0s i un pati amb diferents instal\u00b7lacions esportives i [&hellip;]<\/p>\n","protected":false},"author":1,"featured_media":0,"parent":19,"menu_order":30,"comment_status":"closed","ping_status":"closed","template":"","meta":{"site-sidebar-layout":"default","site-content-layout":"","ast-site-content-layout":"default","site-content-style":"default","site-sidebar-style":"default","ast-global-header-display":"","ast-banner-title-visibility":"","ast-main-header-display":"","ast-hfb-above-header-display":"","ast-hfb-below-header-display":"","ast-hfb-mobile-header-display":"","site-post-title":"","ast-breadcrumbs-content":"","ast-featured-img":"","footer-sml-layout":"","theme-transparent-header-meta":"","adv-header-id-meta":"","stick-header-meta":"","header-above-stick-meta":"","header-main-stick-meta":"","header-below-stick-meta":"","astra-migrate-meta-layouts":"set","ast-page-background-enabled":"default","ast-page-background-meta":{"desktop":{"background-color":"var(--ast-global-color-4)","background-image":"","background-repeat":"repeat","background-position":"center center","background-size":"auto","background-attachment":"scroll","background-type":"","background-media":"","overlay-type":"","overlay-color":"","overlay-opacity":"","overlay-gradient":""},"tablet":{"background-color":"","background-image":"","background-repeat":"repeat","background-position":"center center","background-size":"auto","background-attachment":"scroll","background-type":"","background-media":"","overlay-type":"","overlay-color":"","overlay-opacity":"","overlay-gradient":""},"mobile":{"background-color":"","background-image":"","background-repeat":"repeat","background-position":"center center","background-size":"auto","background-attachment":"scroll","background-type":"","background-media":"","overlay-type":"","overlay-color":"","overlay-opacity":"","overlay-gradient":""}},"ast-content-background-meta":{"desktop":{"background-color":"var(--ast-global-color-5)","background-image":"","background-repeat":"repeat","background-position":"center center","background-size":"auto","background-attachment":"scroll","background-type":"","background-media":"","overlay-type":"","overlay-color":"","overlay-opacity":"","overlay-gradient":""},"tablet":{"background-color":"var(--ast-global-color-5)","background-image":"","background-repeat":"repeat","background-position":"center center","background-size":"auto","background-attachment":"scroll","background-type":"","background-media":"","overlay-type":"","overlay-color":"","overlay-opacity":"","overlay-gradient":""},"mobile":{"background-color":"var(--ast-global-color-5)","background-image":"","background-repeat":"repeat","background-position":"center center","background-size":"auto","background-attachment":"scroll","background-type":"","background-media":"","overlay-type":"","overlay-color":"","overlay-opacity":"","overlay-gradient":""}},"footnotes":""},"class_list":["post-39","page","type-page","status-publish","hentry"],"post_mailing_queue_ids":[],"_links":{"self":[{"href":"https:\/\/agora.xtec.cat\/insbaixemporda\/wp-json\/wp\/v2\/pages\/39","targetHints":{"allow":["GET"]}}],"collection":[{"href":"https:\/\/agora.xtec.cat\/insbaixemporda\/wp-json\/wp\/v2\/pages"}],"about":[{"href":"https:\/\/agora.xtec.cat\/insbaixemporda\/wp-json\/wp\/v2\/types\/page"}],"author":[{"embeddable":true,"href":"https:\/\/agora.xtec.cat\/insbaixemporda\/wp-json\/wp\/v2\/users\/1"}],"replies":[{"embeddable":true,"href":"https:\/\/agora.xtec.cat\/insbaixemporda\/wp-json\/wp\/v2\/comments?post=39"}],"version-history":[{"count":6,"href":"https:\/\/agora.xtec.cat\/insbaixemporda\/wp-json\/wp\/v2\/pages\/39\/revisions"}],"predecessor-version":[{"id":3114,"href":"https:\/\/agora.xtec.cat\/insbaixemporda\/wp-json\/wp\/v2\/pages\/39\/revisions\/3114"}],"up":[{"embeddable":true,"href":"https:\/\/agora.xtec.cat\/insbaixemporda\/wp-json\/wp\/v2\/pages\/19"}],"wp:attachment":[{"href":"https:\/\/agora.xtec.cat\/insbaixemporda\/wp-json\/wp\/v2\/media?parent=39"}],"curies":[{"name":"wp","href":"https:\/\/api.w.org\/{rel}","templated":true}]}}