{"id":3389,"date":"2026-04-07T14:52:08","date_gmt":"2026-04-07T12:52:08","guid":{"rendered":"https:\/\/agora.xtec.cat\/insbaixemporda\/?page_id=3389"},"modified":"2026-04-07T15:06:12","modified_gmt":"2026-04-07T13:06:12","slug":"auxiliar","status":"publish","type":"page","link":"https:\/\/agora.xtec.cat\/insbaixemporda\/estudis\/pfi-ptt\/auxiliar\/","title":{"rendered":"Auxiliar\u00a0en Treballs de Fusteria i Instal\u00b7laci\u00f3 de Mobles"},"content":{"rendered":"\n<h4 class=\"wp-block-heading\"><strong>Descripci\u00f3<\/strong><\/h4>\n\n\n\n<p>Aquests estudis capaciten per dur a terme tasques auxiliars de fabricaci\u00f3, instal\u00b7laci\u00f3 i muntatge d&#8217;elements de fusteria i moble, aix\u00ed com l&#8217;aplicaci\u00f3 de productes d&#8217;acabat. T\u00e9 una durada total de 1.000 hores, un curs acad\u00e8mic.<\/p>\n\n\n\n<h3 class=\"wp-block-heading\">Tr\u00e0mits<\/h3>\n\n\n\n<p>Per cursar un programa de formaci\u00f3 i inserci\u00f3 (PFI) del Departament d\u2019Educaci\u00f3 (PTT, FIAP i PIP en institut) cal fer la preinscripci\u00f3 i matr\u00edcula segons les directrius d\u2019aquest Departament.<\/p>\n\n\n\n<p>Trobareu m\u00e9s informaci\u00f3&nbsp;de la preinscripci\u00f3 <strong><a href=\"https:\/\/preinscripcio.gencat.cat\/ca\/estudis\/pfi\/inici\/\">aqu\u00ed<\/a><\/strong>.<\/p>\n\n\n\n<h4 class=\"wp-block-heading\"><strong>Continguts<\/strong><\/h4>\n\n\n\n<p>M\u00f2duls de formaci\u00f3 professional (inclouen 200 hores d&#8217;estada formativa a l&#8217;empresa)<\/p>\n\n\n\n<ul class=\"wp-block-list\">\n<li>Operacions B\u00e0siques de Mecanitzaci\u00f3 de Fusta i Derivats<\/li>\n\n\n\n<li>Instal\u00b7laci\u00f3 d&#8217;Elements de Fusteria i Moble<\/li>\n\n\n\n<li>Aplicaci\u00f3 d&#8217;Acabats B\u00e0sics de Fusteria i Moble<\/li>\n\n\n\n<li>Formaci\u00f3 B\u00e0sica en Prevenci\u00f3 de Riscos Laborals<\/li>\n\n\n\n<li>Projecte<\/li>\n<\/ul>\n\n\n\n<p>M\u00f2duls de formaci\u00f3 general<\/p>\n\n\n\n<ul class=\"wp-block-list\">\n<li>Estrat\u00e8gies i Eines de Comunicaci\u00f3<\/li>\n\n\n\n<li>Entorn Social i Territorial<\/li>\n\n\n\n<li>Estrat\u00e8gies i Eines Matem\u00e0tiques<\/li>\n\n\n\n<li>Incorporaci\u00f3 al M\u00f3n Professional<\/li>\n<\/ul>\n\n\n\n<p>Tutoria, seguiment i orientaci\u00f3 personalitzada<\/p>\n\n\n\n<h4 class=\"wp-block-heading\"><strong>Continu\u00eftat<\/strong><\/h4>\n\n\n\n<h5 class=\"wp-block-heading\">Sortides acad\u00e8miques<\/h5>\n\n\n\n<p>La superaci\u00f3 d&#8217;aquest programa de formaci\u00f3 i inserci\u00f3 (PFI) comporta el seg\u00fcent:<\/p>\n\n\n\n<ul class=\"wp-block-list\">\n<li>Certificat acad\u00e8mic i professional, que cont\u00e9 la qualificaci\u00f3 final obtinguda en el PFI i acredita les compet\u00e8ncies professionals assolides.<\/li>\n\n\n\n<li>Certificat del Curs de formaci\u00f3 preparatori per accedir als cicles de grau mitj\u00e0, si el PFI s&#8217;ha cursat en un centre autoritzat a impartir aquest curs.<\/li>\n\n\n\n<li>Acc\u00e9s als cicles formatius de grau mitj\u00e0, d&#8217;acord amb la Resoluci\u00f3 EDF\/4245\/2024, de 26 de novembre.<\/li>\n\n\n\n<li>Reconeixement dels m\u00f2duls professionals superats en el PFI per a l&#8217;obtenci\u00f3 del t\u00edtol professional b\u00e0sic associat al perfil.<\/li>\n\n\n\n<li>Acc\u00e9s als centres de formaci\u00f3 d&#8217;adults per obtenir el graduat en educaci\u00f3 secund\u00e0ria obligat\u00f2ria (GESO), sense complir el requisit de tenir 18 anys.<\/li>\n<\/ul>\n\n\n\n<h5 class=\"wp-block-heading\">Sortides professionals<\/h5>\n\n\n\n<p>La superaci\u00f3 d&#8217;aquest programa de formaci\u00f3 i inserci\u00f3 (PFI) permet accedir al&nbsp;<strong>m\u00f3n laboral<\/strong>&nbsp;com a:<\/p>\n\n\n\n<ul class=\"wp-block-list\">\n<li>muntador\/a de productes d&#8217;ebenisteria en general.<\/li>\n\n\n\n<li>muntador\/a de mobles de fusta o similars.<\/li>\n\n\n\n<li>muntador\/a de productes de fusta, excepte ebenisteria.<\/li>\n\n\n\n<li>muntador\/a d&#8217;envasos\/embalatges de fusta i similars.<\/li>\n\n\n\n<li>acabador\/a de mobles de fusta.<\/li>\n\n\n\n<li>polidor\/a-envernissador\/a de parquet.<\/li>\n\n\n\n<li>envernissador\u2013lacador o envernissadora-lacadora d&#8217;artesania de fusta.<\/li>\n\n\n\n<li>envernissador\u2013lacador o envernissadora-lacadora d&#8217;artesania de moble de fusta.<\/li>\n\n\n\n<li>operador\/a de tren d&#8217;acabat de moble.<\/li>\n\n\n\n<li>embalador\/a-empaquetador\/a-etiquetador\/a a m\u00e0.<\/li>\n\n\n\n<li>pe\u00f3 de la ind\u00fastria de la fusta i del suro.<\/li>\n<\/ul>\n\n\n\n<h4 class=\"wp-block-heading\">Acc\u00e9s<\/h4>\n\n\n\n<p>Poden accedir a aquest programa de formaci\u00f3 i inserci\u00f3 (PFI) els joves no ocupats que compleixin com a m\u00ednim 16 anys i com a m\u00e0xim 21 en l\u2019any d\u2019inici del programa i que no hagin obtingut el graduat en ESO.<\/p>\n","protected":false},"excerpt":{"rendered":"<p>Descripci\u00f3 Aquests estudis capaciten per dur a terme tasques auxiliars de fabricaci\u00f3, instal\u00b7laci\u00f3 i muntatge d&#8217;elements de fusteria i moble, aix\u00ed com l&#8217;aplicaci\u00f3 de productes d&#8217;acabat. T\u00e9 una durada total de 1.000 hores, un curs acad\u00e8mic. Tr\u00e0mits Per cursar un programa de formaci\u00f3 i inserci\u00f3 (PFI) del Departament d\u2019Educaci\u00f3 (PTT, FIAP i PIP en institut) [&hellip;]<\/p>\n","protected":false},"author":1,"featured_media":0,"parent":893,"menu_order":0,"comment_status":"closed","ping_status":"close","template":"","meta":{"site-sidebar-layout":"default","site-content-layout":"","ast-site-content-layout":"default","site-content-style":"default","site-sidebar-style":"default","ast-global-header-display":"","ast-banner-title-visibility":"","ast-main-header-display":"","ast-hfb-above-header-display":"","ast-hfb-below-header-display":"","ast-hfb-mobile-header-display":"","site-post-title":"","ast-breadcrumbs-content":"","ast-featured-img":"","footer-sml-layout":"","theme-transparent-header-meta":"","adv-header-id-meta":"","stick-header-meta":"","header-above-stick-meta":"","header-main-stick-meta":"","header-below-stick-meta":"","astra-migrate-meta-layouts":"set","ast-page-background-enabled":"default","ast-page-background-meta":{"desktop":{"background-color":"var(--ast-global-color-4)","background-image":"","background-repeat":"repeat","background-position":"center center","background-size":"auto","background-attachment":"scroll","background-type":"","background-media":"","overlay-type":"","overlay-color":"","overlay-opacity":"","overlay-gradient":""},"tablet":{"background-color":"","background-image":"","background-repeat":"repeat","background-position":"center center","background-size":"auto","background-attachment":"scroll","background-type":"","background-media":"","overlay-type":"","overlay-color":"","overlay-opacity":"","overlay-gradient":""},"mobile":{"background-color":"","background-image":"","background-repeat":"repeat","background-position":"center center","background-size":"auto","background-attachment":"scroll","background-type":"","background-media":"","overlay-type":"","overlay-color":"","overlay-opacity":"","overlay-gradient":""}},"ast-content-background-meta":{"desktop":{"background-color":"var(--ast-global-color-5)","background-image":"","background-repeat":"repeat","background-position":"center center","background-size":"auto","background-attachment":"scroll","background-type":"","background-media":"","overlay-type":"","overlay-color":"","overlay-opacity":"","overlay-gradient":""},"tablet":{"background-color":"var(--ast-global-color-5)","background-image":"","background-repeat":"repeat","background-position":"center center","background-size":"auto","background-attachment":"scroll","background-type":"","background-media":"","overlay-type":"","overlay-color":"","overlay-opacity":"","overlay-gradient":""},"mobile":{"background-color":"var(--ast-global-color-5)","background-image":"","background-repeat":"repeat","background-position":"center center","background-size":"auto","background-attachment":"scroll","background-type":"","background-media":"","overlay-type":"","overlay-color":"","overlay-opacity":"","overlay-gradient":""}},"footnotes":""},"class_list":["post-3389","page","type-page","status-publish","hentry"],"post_mailing_queue_ids":[],"_links":{"self":[{"href":"https:\/\/agora.xtec.cat\/insbaixemporda\/wp-json\/wp\/v2\/pages\/3389","targetHints":{"allow":["GET"]}}],"collection":[{"href":"https:\/\/agora.xtec.cat\/insbaixemporda\/wp-json\/wp\/v2\/pages"}],"about":[{"href":"https:\/\/agora.xtec.cat\/insbaixemporda\/wp-json\/wp\/v2\/types\/page"}],"author":[{"embeddable":true,"href":"https:\/\/agora.xtec.cat\/insbaixemporda\/wp-json\/wp\/v2\/users\/1"}],"replies":[{"embeddable":true,"href":"https:\/\/agora.xtec.cat\/insbaixemporda\/wp-json\/wp\/v2\/comments?post=3389"}],"version-history":[{"count":4,"href":"https:\/\/agora.xtec.cat\/insbaixemporda\/wp-json\/wp\/v2\/pages\/3389\/revisions"}],"predecessor-version":[{"id":3401,"href":"https:\/\/agora.xtec.cat\/insbaixemporda\/wp-json\/wp\/v2\/pages\/3389\/revisions\/3401"}],"up":[{"embeddable":true,"href":"https:\/\/agora.xtec.cat\/insbaixemporda\/wp-json\/wp\/v2\/pages\/893"}],"wp:attachment":[{"href":"https:\/\/agora.xtec.cat\/insbaixemporda\/wp-json\/wp\/v2\/media?parent=3389"}],"curies":[{"name":"wp","href":"https:\/\/api.w.org\/{rel}","templated":true}]}}