{"id":3161,"date":"2026-02-08T22:30:06","date_gmt":"2026-02-08T21:30:06","guid":{"rendered":"https:\/\/agora.xtec.cat\/insbaixemporda\/?page_id=3161"},"modified":"2026-02-08T22:30:06","modified_gmt":"2026-02-08T21:30:06","slug":"pla-desports-25-26","status":"publish","type":"page","link":"https:\/\/agora.xtec.cat\/insbaixemporda\/pla-desports-25-26\/","title":{"rendered":"Pla d&#8217;Esports 25-26"},"content":{"rendered":"\n<p>El Pla Catal\u00e0 d\u2019Esport a l\u2019Escola (PCEE) pret\u00e9n posar a l\u2019abast de tots els alumnes de prim\u00e0ria i secund\u00e0ria la pr\u00e0ctica d\u2019activitats tant f\u00edsiques com esportives i aconseguir els seg\u00fcents objectius:<\/p>\n\n\n\n<ul class=\"wp-block-list\">\n<li>Incrementar la participaci\u00f3 de tothom amb una incid\u00e8ncia especial en el col\u00b7lectiu de noies.<\/li>\n\n\n\n<li>Cercar la participaci\u00f3 per damunt de la competitivitat.<\/li>\n\n\n\n<li>Potenciar la funci\u00f3 integradora i de cohesi\u00f3 social de l\u2019esport escolar.<\/li>\n\n\n\n<li>Contribuir a la formaci\u00f3 en valors com la toler\u00e0ncia, el respecte i el compliment de les regles, la\u00a0confian\u00e7a en un mateix, el treball en equip, entre d\u2019altres.<\/li>\n\n\n\n<li>Fomentar la pr\u00e0ctica regular d\u2019activitats f\u00edsiques i esportives i l\u2019adquisici\u00f3 d\u2019h\u00e0bits saludables\u00a0que contribueixin a un millor benestar.<\/li>\n\n\n\n<li>Formar joves en els valors ciutadans.<\/li>\n<\/ul>\n\n\n\n<p>UNA HORA A LA SETMANA<\/p>\n\n\n\n<figure class=\"wp-block-image size-full\"><a href=\"https:\/\/agora.xtec.cat\/insbaixemporda\/wp-content\/uploads\/usu3485\/2026\/02\/Pla-esports-1.png\"><img loading=\"lazy\" decoding=\"async\" width=\"943\" height=\"667\" src=\"https:\/\/agora.xtec.cat\/insbaixemporda\/wp-content\/uploads\/usu3485\/2026\/02\/Pla-esports-1.png\" alt=\"\" class=\"wp-image-3162\" srcset=\"https:\/\/agora.xtec.cat\/insbaixemporda\/wp-content\/uploads\/usu3485\/2026\/02\/Pla-esports-1.png 943w, https:\/\/agora.xtec.cat\/insbaixemporda\/wp-content\/uploads\/usu3485\/2026\/02\/Pla-esports-1-300x212.png 300w, https:\/\/agora.xtec.cat\/insbaixemporda\/wp-content\/uploads\/usu3485\/2026\/02\/Pla-esports-1-768x543.png 768w\" sizes=\"auto, (max-width: 943px) 100vw, 943px\" \/><\/a><\/figure>\n\n\n\n<figure class=\"wp-block-image\"><img decoding=\"async\" src=\"http:\/\/insbaixemporda.cat\/wp-content\/uploads\/2025\/06\/TRI%CC%81PTIC-PCEE-25-26-PALAFRUGELL-2.png\" alt=\"\" class=\"wp-image-18112\"\/><\/figure>\n\n\n\n<p>Preinscriu-te al <a href=\"https:\/\/forms.gle\/FrCrC8vkQ74asjJd7\" target=\"_blank\" rel=\"noreferrer noopener\">PLA D\u2019ESPORTS 2025-2026<\/a><\/p>\n\n\n\n<p>i si teniu algun dubte:<\/p>\n\n\n\n<p><strong>Institut Frederic Mart\u00ed Carreras:\u00a0<\/strong>jparals@xtec.cat<br><strong>Institut Baix Empord\u00e0: <\/strong>malva256@xtec.cat<br><strong>Institut La Sureda:\u00a0<\/strong>jcasell9@xtec.cat<\/p>\n\n\n\n<p>M\u00e9s informaci\u00f3 sobre el <a href=\"https:\/\/xtec.gencat.cat\/ca\/comunitat\/esportescola\/\" target=\"_blank\" rel=\"noreferrer noopener\">Pla Catal\u00e0 d\u2019Esport a l\u2019Escola<\/a>.<\/p>\n\n\n\n<p><em>NOTA: La coordinaci\u00f3 del Pla d\u2019esports dels centres p\u00fablics de secund\u00e0ria de Palafrugell es reserva el dret a fer els canvis en activitats, horaris, dies, pagament i altres aspectes organitzatius, en compliment de la normativa del Departament d\u2019Ensenyament; Departament de Sanitat; Secretaria General de l\u2019Esport; Consell Esportiu del Baix Empord\u00e0 i l&#8217;Ajuntament de Palafrugell aix\u00ed com les normatives espec\u00edfiques de les entitats o instal\u00b7lacions que col\u00b7laboren en l\u2019organitzaci\u00f3 del PCEE.<\/em><\/p>\n","protected":false},"excerpt":{"rendered":"<p>El Pla Catal\u00e0 d\u2019Esport a l\u2019Escola (PCEE) pret\u00e9n posar a l\u2019abast de tots els alumnes de prim\u00e0ria i secund\u00e0ria la pr\u00e0ctica d\u2019activitats tant f\u00edsiques com esportives i aconseguir els seg\u00fcents objectius: UNA HORA A LA SETMANA Preinscriu-te al PLA D\u2019ESPORTS 2025-2026 i si teniu algun dubte: Institut Frederic Mart\u00ed Carreras:\u00a0jparals@xtec.catInstitut Baix Empord\u00e0: malva256@xtec.catInstitut La Sureda:\u00a0jcasell9@xtec.cat [&hellip;]<\/p>\n","protected":false},"author":1,"featured_media":0,"parent":0,"menu_order":0,"comment_status":"closed","ping_status":"close","template":"","meta":{"site-sidebar-layout":"default","site-content-layout":"","ast-site-content-layout":"default","site-content-style":"default","site-sidebar-style":"default","ast-global-header-display":"","ast-banner-title-visibility":"","ast-main-header-display":"","ast-hfb-above-header-display":"","ast-hfb-below-header-display":"","ast-hfb-mobile-header-display":"","site-post-title":"","ast-breadcrumbs-content":"","ast-featured-img":"","footer-sml-layout":"","theme-transparent-header-meta":"","adv-header-id-meta":"","stick-header-meta":"","header-above-stick-meta":"","header-main-stick-meta":"","header-below-stick-meta":"","astra-migrate-meta-layouts":"set","ast-page-background-enabled":"default","ast-page-background-meta":{"desktop":{"background-color":"var(--ast-global-color-4)","background-image":"","background-repeat":"repeat","background-position":"center center","background-size":"auto","background-attachment":"scroll","background-type":"","background-media":"","overlay-type":"","overlay-color":"","overlay-opacity":"","overlay-gradient":""},"tablet":{"background-color":"","background-image":"","background-repeat":"repeat","background-position":"center center","background-size":"auto","background-attachment":"scroll","background-type":"","background-media":"","overlay-type":"","overlay-color":"","overlay-opacity":"","overlay-gradient":""},"mobile":{"background-color":"","background-image":"","background-repeat":"repeat","background-position":"center center","background-size":"auto","background-attachment":"scroll","background-type":"","background-media":"","overlay-type":"","overlay-color":"","overlay-opacity":"","overlay-gradient":""}},"ast-content-background-meta":{"desktop":{"background-color":"var(--ast-global-color-5)","background-image":"","background-repeat":"repeat","background-position":"center center","background-size":"auto","background-attachment":"scroll","background-type":"","background-media":"","overlay-type":"","overlay-color":"","overlay-opacity":"","overlay-gradient":""},"tablet":{"background-color":"var(--ast-global-color-5)","background-image":"","background-repeat":"repeat","background-position":"center center","background-size":"auto","background-attachment":"scroll","background-type":"","background-media":"","overlay-type":"","overlay-color":"","overlay-opacity":"","overlay-gradient":""},"mobile":{"background-color":"var(--ast-global-color-5)","background-image":"","background-repeat":"repeat","background-position":"center center","background-size":"auto","background-attachment":"scroll","background-type":"","background-media":"","overlay-type":"","overlay-color":"","overlay-opacity":"","overlay-gradient":""}},"footnotes":""},"class_list":["post-3161","page","type-page","status-publish","hentry"],"post_mailing_queue_ids":[],"_links":{"self":[{"href":"https:\/\/agora.xtec.cat\/insbaixemporda\/wp-json\/wp\/v2\/pages\/3161","targetHints":{"allow":["GET"]}}],"collection":[{"href":"https:\/\/agora.xtec.cat\/insbaixemporda\/wp-json\/wp\/v2\/pages"}],"about":[{"href":"https:\/\/agora.xtec.cat\/insbaixemporda\/wp-json\/wp\/v2\/types\/page"}],"author":[{"embeddable":true,"href":"https:\/\/agora.xtec.cat\/insbaixemporda\/wp-json\/wp\/v2\/users\/1"}],"replies":[{"embeddable":true,"href":"https:\/\/agora.xtec.cat\/insbaixemporda\/wp-json\/wp\/v2\/comments?post=3161"}],"version-history":[{"count":1,"href":"https:\/\/agora.xtec.cat\/insbaixemporda\/wp-json\/wp\/v2\/pages\/3161\/revisions"}],"predecessor-version":[{"id":3163,"href":"https:\/\/agora.xtec.cat\/insbaixemporda\/wp-json\/wp\/v2\/pages\/3161\/revisions\/3163"}],"wp:attachment":[{"href":"https:\/\/agora.xtec.cat\/insbaixemporda\/wp-json\/wp\/v2\/media?parent=3161"}],"curies":[{"name":"wp","href":"https:\/\/api.w.org\/{rel}","templated":true}]}}