{"id":3010,"date":"2026-01-25T21:56:36","date_gmt":"2026-01-25T20:56:36","guid":{"rendered":"https:\/\/agora.xtec.cat\/insbaixemporda\/?page_id=3010"},"modified":"2026-01-25T22:05:06","modified_gmt":"2026-01-25T21:05:06","slug":"revista-gavarres","status":"publish","type":"page","link":"https:\/\/agora.xtec.cat\/insbaixemporda\/families\/revista-caliu-1983-2019\/revista-gavarres\/","title":{"rendered":"Revista Gavarres"},"content":{"rendered":"\n<h5 class=\"wp-block-heading\">Revista Gavarres de 1r d&#8217;ESO<\/h5>\n\n\n\n<p>La Revista Gavarres \u00e9s la culminaci\u00f3 del projecte globalitzat de 1r d\u2019ESO anomenat &#8220;Les Gavarres&#8221;. L\u2019alumnat treballa durant tot el curs l\u2019entorn proper de les Gavarres, el mac\u00eds que envolta part de la comarca del Baix Empord\u00e0 i que tan a prop del centre tenim. Aquest projecte engloba totes les mat\u00e8ries del nivell. Aix\u00ed es treballa el medi hum\u00e0 i natural de la serralada. La revista, doncs, \u00e9s on es bolca per escrit tota la informaci\u00f3 treballada.<\/p>\n\n\n\n<p>Aquesta revista tamb\u00e9 es pot consultar en f\u00edsic a la biblioteca del nostre centre.<\/p>\n\n\n\n<div class=\"wp-block-buttons is-layout-flex wp-block-buttons-is-layout-flex\">\n<div class=\"wp-block-button\"><a class=\"wp-block-button__link wp-element-button\">N\u00famero 1<\/a><\/div>\n\n\n\n<div class=\"wp-block-button\"><a class=\"wp-block-button__link wp-element-button\" href=\"https:\/\/www.calameo.com\/read\/00798116976839335d181?authid=t2GlPB36yIxz\">N\u00famero 2<\/a><\/div>\n<\/div>\n","protected":false},"excerpt":{"rendered":"<p>Revista Gavarres de 1r d&#8217;ESO La Revista Gavarres \u00e9s la culminaci\u00f3 del projecte globalitzat de 1r d\u2019ESO anomenat &#8220;Les Gavarres&#8221;. L\u2019alumnat treballa durant tot el curs l\u2019entorn proper de les Gavarres, el mac\u00eds que envolta part de la comarca del Baix Empord\u00e0 i que tan a prop del centre tenim. Aquest projecte engloba totes les [&hellip;]<\/p>\n","protected":false},"author":1,"featured_media":0,"parent":1452,"menu_order":0,"comment_status":"closed","ping_status":"closed","template":"","meta":{"site-sidebar-layout":"default","site-content-layout":"","ast-site-content-layout":"default","site-content-style":"default","site-sidebar-style":"default","ast-global-header-display":"","ast-banner-title-visibility":"","ast-main-header-display":"","ast-hfb-above-header-display":"","ast-hfb-below-header-display":"","ast-hfb-mobile-header-display":"","site-post-title":"","ast-breadcrumbs-content":"","ast-featured-img":"","footer-sml-layout":"","theme-transparent-header-meta":"","adv-header-id-meta":"","stick-header-meta":"","header-above-stick-meta":"","header-main-stick-meta":"","header-below-stick-meta":"","astra-migrate-meta-layouts":"set","ast-page-background-enabled":"default","ast-page-background-meta":{"desktop":{"background-color":"var(--ast-global-color-4)","background-image":"","background-repeat":"repeat","background-position":"center center","background-size":"auto","background-attachment":"scroll","background-type":"","background-media":"","overlay-type":"","overlay-color":"","overlay-opacity":"","overlay-gradient":""},"tablet":{"background-color":"","background-image":"","background-repeat":"repeat","background-position":"center center","background-size":"auto","background-attachment":"scroll","background-type":"","background-media":"","overlay-type":"","overlay-color":"","overlay-opacity":"","overlay-gradient":""},"mobile":{"background-color":"","background-image":"","background-repeat":"repeat","background-position":"center center","background-size":"auto","background-attachment":"scroll","background-type":"","background-media":"","overlay-type":"","overlay-color":"","overlay-opacity":"","overlay-gradient":""}},"ast-content-background-meta":{"desktop":{"background-color":"var(--ast-global-color-5)","background-image":"","background-repeat":"repeat","background-position":"center center","background-size":"auto","background-attachment":"scroll","background-type":"","background-media":"","overlay-type":"","overlay-color":"","overlay-opacity":"","overlay-gradient":""},"tablet":{"background-color":"var(--ast-global-color-5)","background-image":"","background-repeat":"repeat","background-position":"center center","background-size":"auto","background-attachment":"scroll","background-type":"","background-media":"","overlay-type":"","overlay-color":"","overlay-opacity":"","overlay-gradient":""},"mobile":{"background-color":"var(--ast-global-color-5)","background-image":"","background-repeat":"repeat","background-position":"center center","background-size":"auto","background-attachment":"scroll","background-type":"","background-media":"","overlay-type":"","overlay-color":"","overlay-opacity":"","overlay-gradient":""}},"footnotes":""},"class_list":["post-3010","page","type-page","status-publish","hentry"],"post_mailing_queue_ids":[],"_links":{"self":[{"href":"https:\/\/agora.xtec.cat\/insbaixemporda\/wp-json\/wp\/v2\/pages\/3010","targetHints":{"allow":["GET"]}}],"collection":[{"href":"https:\/\/agora.xtec.cat\/insbaixemporda\/wp-json\/wp\/v2\/pages"}],"about":[{"href":"https:\/\/agora.xtec.cat\/insbaixemporda\/wp-json\/wp\/v2\/types\/page"}],"author":[{"embeddable":true,"href":"https:\/\/agora.xtec.cat\/insbaixemporda\/wp-json\/wp\/v2\/users\/1"}],"replies":[{"embeddable":true,"href":"https:\/\/agora.xtec.cat\/insbaixemporda\/wp-json\/wp\/v2\/comments?post=3010"}],"version-history":[{"count":3,"href":"https:\/\/agora.xtec.cat\/insbaixemporda\/wp-json\/wp\/v2\/pages\/3010\/revisions"}],"predecessor-version":[{"id":3019,"href":"https:\/\/agora.xtec.cat\/insbaixemporda\/wp-json\/wp\/v2\/pages\/3010\/revisions\/3019"}],"up":[{"embeddable":true,"href":"https:\/\/agora.xtec.cat\/insbaixemporda\/wp-json\/wp\/v2\/pages\/1452"}],"wp:attachment":[{"href":"https:\/\/agora.xtec.cat\/insbaixemporda\/wp-json\/wp\/v2\/media?parent=3010"}],"curies":[{"name":"wp","href":"https:\/\/api.w.org\/{rel}","templated":true}]}}