{"id":3008,"date":"2026-01-25T21:55:34","date_gmt":"2026-01-25T20:55:34","guid":{"rendered":"https:\/\/agora.xtec.cat\/insbaixemporda\/?page_id=3008"},"modified":"2026-01-25T22:04:27","modified_gmt":"2026-01-25T21:04:27","slug":"revista-lesclat-i-caliu","status":"publish","type":"page","link":"https:\/\/agora.xtec.cat\/insbaixemporda\/families\/revista-caliu-1983-2019\/revista-lesclat-i-caliu\/","title":{"rendered":"Revista l&#8217;Esclat i Caliu (1983-2019)"},"content":{"rendered":"\n<p>Les revistes L&#8217;Esclat i Caliu han sigut les revistes dels alumnes de l\u2019institut Baix Empord\u00e0 des del 1983 fins al 2019. En un inici es va anomenar <strong>Revista Esclat<\/strong>, per\u00f2 a partir del curs 2002-2003 i com que a Palafrugell s&#8217;havia creat un grup d&#8217;ultradreta amb el mateix nom, es va decidir fer una votaci\u00f3 popular per canviar-ne el nom. Aix\u00ed va sorgir la renovada <strong>Revista Caliu<\/strong> que tenia el mateix prop\u00f2sit que l&#8217;anterior. Donar a con\u00e8ixer el dia a dia de l&#8217;alumnat del centre.  Malauradament, el curs 2020-21 es va deixar de fer arran de la pand\u00e8mia de Covid i no s&#8217;ha repr\u00e8s el projecte. <\/p>\n\n\n\n<p>A les p\u00e0gines d&#8217;aquestes revistes hi trobareu el dia a dia del centre, tot pensat, produ\u00eft i redactat per l&#8217;alumnat que ha anat passant per les nostres instal\u00b7lacions. Podeu trobar exemplars f\u00edsics de la revista a la biblioteca del centre.<\/p>\n\n\n\n<h5 class=\"wp-block-heading\"><strong>Revista Caliu<\/strong><a href=\"https:\/\/insbaixemporda.cat\/wp-content\/uploads\/2019\/06\/resvista2018_19.pdf\" target=\"_blank\" rel=\"noreferrer noopener\"><\/a><\/h5>\n\n\n\n<div class=\"wp-block-buttons is-layout-flex wp-block-buttons-is-layout-flex\">\n<div class=\"wp-block-button\"><a class=\"wp-block-button__link wp-element-button\" href=\"https:\/\/drive.google.com\/file\/d\/1Zx2uXaiCauigvzc7dVd9laA8Fy7oYJqt\/view?usp=drive_link\">N\u00famero 14 <\/a><\/div>\n\n\n\n<div class=\"wp-block-button\"><a class=\"wp-block-button__link wp-element-button\">N\u00famero 15<\/a><\/div>\n\n\n\n<div class=\"wp-block-button\"><a class=\"wp-block-button__link wp-element-button\" href=\"https:\/\/drive.google.com\/file\/d\/1lgrddv7_t46zLylaueds7MMuP9RNEP8S\/view?usp=sharing\">N\u00famero 16<\/a><\/div>\n\n\n\n<div class=\"wp-block-button\"><a class=\"wp-block-button__link wp-element-button\" href=\"https:\/\/drive.google.com\/file\/d\/1aUK4JtVUR0fpKyANP75ZF1pHJ29C1q2a\/view?usp=drive_link\">N\u00famero 17<\/a><\/div>\n\n\n\n<div class=\"wp-block-button\"><a class=\"wp-block-button__link wp-element-button\" href=\"https:\/\/drive.google.com\/file\/d\/1a90-UhewT_ug8p696xrwa1uUli7s3nea\/view?usp=drive_link\">N\u00famero 18<\/a><\/div>\n\n\n\n<div class=\"wp-block-button\"><a class=\"wp-block-button__link wp-element-button\" href=\"https:\/\/drive.google.com\/file\/d\/1Xkh0RLzoy7tVBqxbjqovptXE5EM0uMEA\/view?usp=drive_link\">N\u00famero 19<\/a><\/div>\n\n\n\n<div class=\"wp-block-button\"><a class=\"wp-block-button__link wp-element-button\" href=\"https:\/\/drive.google.com\/file\/d\/1pkCDVd6RWz4NIn3c6K_0o3i_iNp9G_4F\/view?usp=drive_link\">N\u00famero 20<\/a><\/div>\n\n\n\n<div class=\"wp-block-button\"><a class=\"wp-block-button__link wp-element-button\">N\u00famero 21<\/a><\/div>\n\n\n\n<div class=\"wp-block-button\"><a class=\"wp-block-button__link wp-element-button\">N\u00famero 22<\/a><\/div>\n\n\n\n<div class=\"wp-block-button\"><a class=\"wp-block-button__link wp-element-button\" href=\"https:\/\/drive.google.com\/file\/d\/1dwih1kZ3lS7TZKReHMa3jHBc2ZSa9qb8\/view?usp=drive_link\">N\u00famero 23<\/a><\/div>\n\n\n\n<div class=\"wp-block-button\"><a class=\"wp-block-button__link wp-element-button\">N\u00famero 24<\/a><\/div>\n\n\n\n<div class=\"wp-block-button\"><a class=\"wp-block-button__link wp-element-button\">N\u00famero 25<\/a><\/div>\n\n\n\n<div class=\"wp-block-button\"><a class=\"wp-block-button__link wp-element-button\">N\u00famero 26<\/a><\/div>\n\n\n\n<div class=\"wp-block-button\"><a class=\"wp-block-button__link wp-element-button\" href=\"https:\/\/drive.google.com\/file\/d\/1mpdFhLLnAmB-QnewfDa5Cjt2DMVoX4xG\/view?usp=drive_link\">N\u00famero 27<\/a><\/div>\n\n\n\n<div class=\"wp-block-button\"><a class=\"wp-block-button__link wp-element-button\" href=\"https:\/\/drive.google.com\/file\/d\/169t3WUE_ZQJJoT8AevaWMKd61j87huOh\/view?usp=drive_link\">N\u00famero 28<\/a><\/div>\n\n\n\n<div class=\"wp-block-button\"><a class=\"wp-block-button__link wp-element-button\" href=\"https:\/\/drive.google.com\/file\/d\/1FVLhrX9Zza80LC_TPj6U991lh1HMJA8M\/view?usp=drive_link\">N\u00famero 29<\/a><\/div>\n\n\n\n<div class=\"wp-block-button\"><a class=\"wp-block-button__link wp-element-button\" href=\"https:\/\/drive.google.com\/file\/d\/1S_tWVXlbYlARp3i-E0H2DWuSKMJQ8U4i\/view?usp=drive_link\">N\u00famero 30<\/a><\/div>\n\n\n\n<div class=\"wp-block-button\"><a class=\"wp-block-button__link wp-element-button\" href=\"https:\/\/drive.google.com\/file\/d\/1c3Mkg8n9mBhKPA4wv9K7YvKjw2rvZTGG\/view?usp=drive_link\">N\u00famero 31<\/a><\/div>\n\n\n\n<div class=\"wp-block-button\"><a class=\"wp-block-button__link wp-element-button\" href=\"https:\/\/drive.google.com\/file\/d\/17gfOm3emUp2urj8KaLwoq9Cuo9b3nUnN\/view?usp=drive_link\">N\u00famero 32<\/a><\/div>\n\n\n\n<div class=\"wp-block-button\"><a class=\"wp-block-button__link wp-element-button\" href=\"https:\/\/drive.google.com\/file\/d\/14mx1TC5Zz2FFHfyBi8RMlIGk0PoFe93r\/view?usp=drive_link\">N\u00famero 33<\/a><\/div>\n\n\n\n<div class=\"wp-block-button\"><a class=\"wp-block-button__link wp-element-button\" href=\"https:\/\/drive.google.com\/file\/d\/1_L7fOb8qNPEsg8-WwMGDM3I5dt4t64g9\/view?usp=drive_link\">N\u00famero 34<\/a><\/div>\n\n\n\n<div class=\"wp-block-button\"><a class=\"wp-block-button__link wp-element-button\" href=\"https:\/\/drive.google.com\/file\/d\/1ka9HZUcKIRHra7-KXiQ1ajNHQiiKglma\/view?usp=drive_link\">N\u00famero 35<\/a><\/div>\n\n\n\n<div class=\"wp-block-button\"><a class=\"wp-block-button__link wp-element-button\" href=\"https:\/\/drive.google.com\/file\/d\/14o4ETAx_-4my0m53Au9UH4aIWMHCBmEv\/view?usp=drive_link\">N\u00famero 36<\/a><\/div>\n<\/div>\n\n\n\n<h5 class=\"wp-block-heading\">Revista L&#8217;Esclat<\/h5>\n\n\n\n<div class=\"wp-block-buttons is-layout-flex wp-block-buttons-is-layout-flex\">\n<div class=\"wp-block-button\"><a class=\"wp-block-button__link wp-element-button\" href=\"https:\/\/drive.google.com\/file\/d\/1tFqinO0DTYyKwFRy5Zk_IyUXh_rccJ8V\/view?usp=drive_link\">N\u00famero 0<\/a><\/div>\n\n\n\n<div class=\"wp-block-button\"><a class=\"wp-block-button__link wp-element-button\" href=\"https:\/\/drive.google.com\/file\/d\/1GDt_dScNBVS7ZkmNFhQZnjvaRNgah5sz\/view?usp=drive_link\">N\u00famero 1<\/a><\/div>\n\n\n\n<div class=\"wp-block-button\"><a class=\"wp-block-button__link wp-element-button\" href=\"https:\/\/drive.google.com\/file\/d\/1eezkt3GefskDucRdBPQbkb-eVSFymKVv\/view?usp=drive_link\">N\u00famero 2<\/a><\/div>\n\n\n\n<div class=\"wp-block-button\"><a class=\"wp-block-button__link wp-element-button\" href=\"https:\/\/drive.google.com\/file\/d\/1f6i_VJOScgzlZFoAHqmnUJMQlf0ggakS\/view?usp=drive_link\">N\u00famero 3<\/a><\/div>\n\n\n\n<div class=\"wp-block-button\"><a class=\"wp-block-button__link wp-element-button\" href=\"https:\/\/drive.google.com\/file\/d\/1A8E3UjnY4K3c44MBLEyf_X_C8lwG2CN5\/view?usp=drive_link\">N\u00famero 4<\/a><\/div>\n\n\n\n<div class=\"wp-block-button\"><a class=\"wp-block-button__link wp-element-button\" href=\"https:\/\/drive.google.com\/file\/d\/1IBHWchb0v4PojItPdW2zbdUAf4p5Fdbr\/view?usp=drive_link\">N\u00famero 5<\/a><\/div>\n\n\n\n<div class=\"wp-block-button\"><a class=\"wp-block-button__link wp-element-button\" href=\"https:\/\/drive.google.com\/file\/d\/1e-nu_JCB80f5Lm6Q5YhRGWvHc1wT_0oa\/view?usp=drive_link\">N\u00famero 6<\/a><\/div>\n\n\n\n<div class=\"wp-block-button\"><a class=\"wp-block-button__link wp-element-button\" href=\"https:\/\/drive.google.com\/file\/d\/1LrLCkys-Lb3stN_00FBw2SQ-5yuTGyUT\/view?usp=drive_link\">N\u00famero 7<\/a><\/div>\n\n\n\n<div class=\"wp-block-button\"><a class=\"wp-block-button__link wp-element-button\" href=\"https:\/\/drive.google.com\/file\/d\/1YXckI8_W9wugemedpDhTr-qQY9nAf3k0\/view?usp=drive_link\">N\u00famero 8<\/a><\/div>\n\n\n\n<div class=\"wp-block-button\"><a class=\"wp-block-button__link wp-element-button\" href=\"https:\/\/drive.google.com\/file\/d\/165C2EUGVzH980FVGxEFez2GmHbRJD_4z\/view?usp=drive_link\">N\u00famero 9<\/a><\/div>\n\n\n\n<div class=\"wp-block-button\"><a class=\"wp-block-button__link wp-element-button\" href=\"https:\/\/drive.google.com\/file\/d\/1G5kaf_1X2NcBXCmpqkgDVwA6Iwj--qb3\/view?usp=drive_link\">N\u00famero 10<\/a><\/div>\n\n\n\n<div class=\"wp-block-button\"><a class=\"wp-block-button__link wp-element-button\" href=\"https:\/\/drive.google.com\/file\/d\/1S-9btumG-lDpC-x-RXKclctQmxwptleB\/view?usp=drive_link\">N\u00famero 11<\/a><\/div>\n\n\n\n<div class=\"wp-block-button\"><a class=\"wp-block-button__link wp-element-button\" href=\"https:\/\/drive.google.com\/file\/d\/1EMpDFXUSVyky9v5E-MnWYwzboog1Bl-c\/view?usp=drive_link\">N\u00famero 12<\/a><\/div>\n\n\n\n<div class=\"wp-block-button\"><a class=\"wp-block-button__link wp-element-button\" href=\"https:\/\/drive.google.com\/file\/d\/1ZEwBMdvRjQ1ZeD69S_0gkf7yjkAZ7yQu\/view?usp=drive_link\">N\u00famero 13<\/a><\/div>\n<\/div>\n","protected":false},"excerpt":{"rendered":"<p>Les revistes L&#8217;Esclat i Caliu han sigut les revistes dels alumnes de l\u2019institut Baix Empord\u00e0 des del 1983 fins al 2019. En un inici es va anomenar Revista Esclat, per\u00f2 a partir del curs 2002-2003 i com que a Palafrugell s&#8217;havia creat un grup d&#8217;ultradreta amb el mateix nom, es va decidir fer una votaci\u00f3 [&hellip;]<\/p>\n","protected":false},"author":1,"featured_media":0,"parent":1452,"menu_order":0,"comment_status":"closed","ping_status":"closed","template":"","meta":{"site-sidebar-layout":"default","site-content-layout":"","ast-site-content-layout":"default","site-content-style":"default","site-sidebar-style":"default","ast-global-header-display":"","ast-banner-title-visibility":"","ast-main-header-display":"","ast-hfb-above-header-display":"","ast-hfb-below-header-display":"","ast-hfb-mobile-header-display":"","site-post-title":"","ast-breadcrumbs-content":"","ast-featured-img":"","footer-sml-layout":"","theme-transparent-header-meta":"","adv-header-id-meta":"","stick-header-meta":"","header-above-stick-meta":"","header-main-stick-meta":"","header-below-stick-meta":"","astra-migrate-meta-layouts":"set","ast-page-background-enabled":"default","ast-page-background-meta":{"desktop":{"background-color":"var(--ast-global-color-4)","background-image":"","background-repeat":"repeat","background-position":"center center","background-size":"auto","background-attachment":"scroll","background-type":"","background-media":"","overlay-type":"","overlay-color":"","overlay-opacity":"","overlay-gradient":""},"tablet":{"background-color":"","background-image":"","background-repeat":"repeat","background-position":"center center","background-size":"auto","background-attachment":"scroll","background-type":"","background-media":"","overlay-type":"","overlay-color":"","overlay-opacity":"","overlay-gradient":""},"mobile":{"background-color":"","background-image":"","background-repeat":"repeat","background-position":"center center","background-size":"auto","background-attachment":"scroll","background-type":"","background-media":"","overlay-type":"","overlay-color":"","overlay-opacity":"","overlay-gradient":""}},"ast-content-background-meta":{"desktop":{"background-color":"var(--ast-global-color-5)","background-image":"","background-repeat":"repeat","background-position":"center center","background-size":"auto","background-attachment":"scroll","background-type":"","background-media":"","overlay-type":"","overlay-color":"","overlay-opacity":"","overlay-gradient":""},"tablet":{"background-color":"var(--ast-global-color-5)","background-image":"","background-repeat":"repeat","background-position":"center center","background-size":"auto","background-attachment":"scroll","background-type":"","background-media":"","overlay-type":"","overlay-color":"","overlay-opacity":"","overlay-gradient":""},"mobile":{"background-color":"var(--ast-global-color-5)","background-image":"","background-repeat":"repeat","background-position":"center center","background-size":"auto","background-attachment":"scroll","background-type":"","background-media":"","overlay-type":"","overlay-color":"","overlay-opacity":"","overlay-gradient":""}},"footnotes":""},"class_list":["post-3008","page","type-page","status-publish","hentry"],"post_mailing_queue_ids":[],"_links":{"self":[{"href":"https:\/\/agora.xtec.cat\/insbaixemporda\/wp-json\/wp\/v2\/pages\/3008","targetHints":{"allow":["GET"]}}],"collection":[{"href":"https:\/\/agora.xtec.cat\/insbaixemporda\/wp-json\/wp\/v2\/pages"}],"about":[{"href":"https:\/\/agora.xtec.cat\/insbaixemporda\/wp-json\/wp\/v2\/types\/page"}],"author":[{"embeddable":true,"href":"https:\/\/agora.xtec.cat\/insbaixemporda\/wp-json\/wp\/v2\/users\/1"}],"replies":[{"embeddable":true,"href":"https:\/\/agora.xtec.cat\/insbaixemporda\/wp-json\/wp\/v2\/comments?post=3008"}],"version-history":[{"count":3,"href":"https:\/\/agora.xtec.cat\/insbaixemporda\/wp-json\/wp\/v2\/pages\/3008\/revisions"}],"predecessor-version":[{"id":3018,"href":"https:\/\/agora.xtec.cat\/insbaixemporda\/wp-json\/wp\/v2\/pages\/3008\/revisions\/3018"}],"up":[{"embeddable":true,"href":"https:\/\/agora.xtec.cat\/insbaixemporda\/wp-json\/wp\/v2\/pages\/1452"}],"wp:attachment":[{"href":"https:\/\/agora.xtec.cat\/insbaixemporda\/wp-json\/wp\/v2\/media?parent=3008"}],"curies":[{"name":"wp","href":"https:\/\/api.w.org\/{rel}","templated":true}]}}