{"id":2978,"date":"2026-01-22T12:56:10","date_gmt":"2026-01-22T11:56:10","guid":{"rendered":"https:\/\/agora.xtec.cat\/insbaixemporda\/?page_id=2978"},"modified":"2026-01-26T20:48:23","modified_gmt":"2026-01-26T19:48:23","slug":"sollicitud-de-titols","status":"publish","type":"page","link":"https:\/\/agora.xtec.cat\/insbaixemporda\/secretaria\/sollicitud-de-titols\/","title":{"rendered":"Sol\u00b7licitud de t\u00edtols"},"content":{"rendered":"\n<h2 class=\"wp-block-heading\">ESO<\/h2>\n\n\n\n<p>Els t\u00edtols d&#8217;ESO es tramiten d&#8217;ofici des del mateix institut. No cal fer res.<\/p>\n\n\n\n<p>Des del centre s&#8217;envia per correu el resguard del t\u00edtol que \u00e9s v\u00e0lid fins que no arribi el t\u00edtol oficial. Un cop arribi al centre, la secretaria es posar\u00e0 en contacte amb l&#8217;interessat\/da perqu\u00e8 el pugui venir a recollir.<\/p>\n\n\n\n<h5 class=\"wp-block-heading\">Duplicat del t\u00edtol d&#8217;ESO:<\/h5>\n\n\n\n<p>Si desitgeu un duplicat del t\u00edtol de graduat en educaci\u00f3 secund\u00e0ria obligat\u00f2ria heu d&#8217;accedir al web de la Generalitat per la <a href=\"https:\/\/tramits.gencat.cat\/ca\/tramits\/tramits-temes\/titols-academics-no-universitaris\">Tramitaci\u00f3 de t\u00edtols acad\u00e8mics<\/a>.<\/p>\n\n\n\n<hr class=\"wp-block-separator has-alpha-channel-opacity\"\/>\n\n\n\n<h2 class=\"wp-block-heading\">POSTOBLIGATORIS<\/h2>\n\n\n\n<p>Els t\u00edtols dels estudis postobligatoris (Batxillerat, CFGM i CFGS) es tramiten personalment des del <strong>web de la Generalitat<\/strong> per la <a href=\"https:\/\/tramits.gencat.cat\/ca\/tramits\/tramits-temes\/titols-academics-no-universitaris\">Tramitaci\u00f3 de t\u00edtols acad\u00e8mics<\/a>.<\/p>\n","protected":false},"excerpt":{"rendered":"<p>ESO Els t\u00edtols d&#8217;ESO es tramiten d&#8217;ofici des del mateix institut. No cal fer res. Des del centre s&#8217;envia per correu el resguard del t\u00edtol que \u00e9s v\u00e0lid fins que no arribi el t\u00edtol oficial. Un cop arribi al centre, la secretaria es posar\u00e0 en contacte amb l&#8217;interessat\/da perqu\u00e8 el pugui venir a recollir. Duplicat [&hellip;]<\/p>\n","protected":false},"author":1,"featured_media":0,"parent":81,"menu_order":0,"comment_status":"closed","ping_status":"closed","template":"","meta":{"site-sidebar-layout":"default","site-content-layout":"","ast-site-content-layout":"default","site-content-style":"default","site-sidebar-style":"default","ast-global-header-display":"","ast-banner-title-visibility":"","ast-main-header-display":"","ast-hfb-above-header-display":"","ast-hfb-below-header-display":"","ast-hfb-mobile-header-display":"","site-post-title":"","ast-breadcrumbs-content":"","ast-featured-img":"","footer-sml-layout":"","theme-transparent-header-meta":"","adv-header-id-meta":"","stick-header-meta":"","header-above-stick-meta":"","header-main-stick-meta":"","header-below-stick-meta":"","astra-migrate-meta-layouts":"set","ast-page-background-enabled":"default","ast-page-background-meta":{"desktop":{"background-color":"var(--ast-global-color-4)","background-image":"","background-repeat":"repeat","background-position":"center center","background-size":"auto","background-attachment":"scroll","background-type":"","background-media":"","overlay-type":"","overlay-color":"","overlay-opacity":"","overlay-gradient":""},"tablet":{"background-color":"","background-image":"","background-repeat":"repeat","background-position":"center center","background-size":"auto","background-attachment":"scroll","background-type":"","background-media":"","overlay-type":"","overlay-color":"","overlay-opacity":"","overlay-gradient":""},"mobile":{"background-color":"","background-image":"","background-repeat":"repeat","background-position":"center center","background-size":"auto","background-attachment":"scroll","background-type":"","background-media":"","overlay-type":"","overlay-color":"","overlay-opacity":"","overlay-gradient":""}},"ast-content-background-meta":{"desktop":{"background-color":"var(--ast-global-color-5)","background-image":"","background-repeat":"repeat","background-position":"center center","background-size":"auto","background-attachment":"scroll","background-type":"","background-media":"","overlay-type":"","overlay-color":"","overlay-opacity":"","overlay-gradient":""},"tablet":{"background-color":"var(--ast-global-color-5)","background-image":"","background-repeat":"repeat","background-position":"center center","background-size":"auto","background-attachment":"scroll","background-type":"","background-media":"","overlay-type":"","overlay-color":"","overlay-opacity":"","overlay-gradient":""},"mobile":{"background-color":"var(--ast-global-color-5)","background-image":"","background-repeat":"repeat","background-position":"center center","background-size":"auto","background-attachment":"scroll","background-type":"","background-media":"","overlay-type":"","overlay-color":"","overlay-opacity":"","overlay-gradient":""}},"footnotes":""},"class_list":["post-2978","page","type-page","status-publish","hentry"],"post_mailing_queue_ids":[],"_links":{"self":[{"href":"https:\/\/agora.xtec.cat\/insbaixemporda\/wp-json\/wp\/v2\/pages\/2978","targetHints":{"allow":["GET"]}}],"collection":[{"href":"https:\/\/agora.xtec.cat\/insbaixemporda\/wp-json\/wp\/v2\/pages"}],"about":[{"href":"https:\/\/agora.xtec.cat\/insbaixemporda\/wp-json\/wp\/v2\/types\/page"}],"author":[{"embeddable":true,"href":"https:\/\/agora.xtec.cat\/insbaixemporda\/wp-json\/wp\/v2\/users\/1"}],"replies":[{"embeddable":true,"href":"https:\/\/agora.xtec.cat\/insbaixemporda\/wp-json\/wp\/v2\/comments?post=2978"}],"version-history":[{"count":2,"href":"https:\/\/agora.xtec.cat\/insbaixemporda\/wp-json\/wp\/v2\/pages\/2978\/revisions"}],"predecessor-version":[{"id":3028,"href":"https:\/\/agora.xtec.cat\/insbaixemporda\/wp-json\/wp\/v2\/pages\/2978\/revisions\/3028"}],"up":[{"embeddable":true,"href":"https:\/\/agora.xtec.cat\/insbaixemporda\/wp-json\/wp\/v2\/pages\/81"}],"wp:attachment":[{"href":"https:\/\/agora.xtec.cat\/insbaixemporda\/wp-json\/wp\/v2\/media?parent=2978"}],"curies":[{"name":"wp","href":"https:\/\/api.w.org\/{rel}","templated":true}]}}