{"id":2956,"date":"2026-01-22T11:54:38","date_gmt":"2026-01-22T10:54:38","guid":{"rendered":"https:\/\/agora.xtec.cat\/insbaixemporda\/?page_id=2956"},"modified":"2026-05-11T20:02:10","modified_gmt":"2026-05-11T18:02:10","slug":"matricula-cfgm","status":"publish","type":"page","link":"https:\/\/agora.xtec.cat\/insbaixemporda\/secretaria\/preinscripcio-i-matricula\/preinscripcio-i-matricula-fp\/matricula-cfgm\/","title":{"rendered":"Preinscripci\u00f3 i Matr\u00edcula CFGM"},"content":{"rendered":"\n<h4 class=\"wp-block-heading\">Informaci\u00f3<\/h4>\n\n\n\n<p>Trobar\u00e0s tota la informaci\u00f3 sobre el\u00a0<strong><a href=\"https:\/\/preinscripcio.gencat.cat\/ca\/estudis\/fp-grau-mitja\/inici\/\" target=\"_blank\" rel=\"noreferrer noopener\">proc\u00e9s de preinscripci\u00f3 a Cicles Formatius de Grau Mitj\u00e0<\/a><\/strong>\u00a0(Gencat).<\/p>\n\n\n\n<p>Tenen&nbsp;<strong>acc\u00e9s directe<\/strong>&nbsp;als Cicles Formatius de Grau Mitj\u00e0&nbsp;les persones que compleixen&nbsp;algun dels requisits&nbsp;seg\u00fcents:<\/p>\n\n\n\n<ul class=\"wp-block-list\">\n<li>Tenir el t\u00edtol de graduat en educaci\u00f3 secund\u00e0ria obligat\u00f2ria.<\/li>\n\n\n\n<li>Tenir el t\u00edtol de t\u00e8cnic o de t\u00e8cnic auxiliar.<\/li>\n\n\n\n<li>Haver superat el curs espec\u00edfic per a l\u2019acc\u00e9s als cicles formatius de grau mitj\u00e0 (CAM).<\/li>\n\n\n\n<li>Haver superat el segon curs del batxillerat unificat i polivalent (BUP).<\/li>\n\n\n\n<li>Tenir altres estudis equivalents a efectes acad\u00e8mics.<\/li>\n\n\n\n<li>Haver superat els m\u00f2duls obligatoris d\u2019un programa de qualificaci\u00f3 professional inicial (PFI\u2013PQPI).<\/li>\n\n\n\n<li>Haver superat la prova d\u2019acc\u00e9s a la universitat per a majors de 25 anys.<\/li>\n\n\n\n<li>Tenir un t\u00edtol per accedir a un cicle formatiu de grau superior.<\/li>\n<\/ul>\n\n\n\n<p>Les persones que no compleixen cap dels requisits esmentats han de superar una&nbsp;<a href=\"http:\/\/ensenyament.gencat.cat\/ca\/serveis-tramits\/proves\/proves-acces\/gm-fp\/\" target=\"_blank\" rel=\"noreferrer noopener\">prova d\u2019acc\u00e9s<\/a>. Per presentar-s\u2019hi han de tenir, com a m\u00ednim, 17 anys l\u2019any en qu\u00e8 es fa la prova.<\/p>\n\n\n\n<p>Podeu entrar al seg\u00fcent enlla\u00e7 de la Generalitat de Catalunya:&nbsp;<a href=\"http:\/\/queestudiar.gencat.cat\/ca\/preinscripcio\/estudis\/fp-gm\/\" target=\"_blank\" rel=\"noreferrer noopener\">qu\u00e8 estudiar a Catalunya<\/a>.<\/p>\n\n\n\n<h4 class=\"wp-block-heading\">Oferta<\/h4>\n\n\n\n<p>L\u2019oferta de cicles formatius de grau mitj\u00e0 i de places es pot consultar a la p\u00e0gina del&nbsp;&nbsp;<a href=\"http:\/\/mapaescolar.gencat.cat\/\">mapa escolar&nbsp;<\/a>a la pestanya de preinscripci\u00f3 amb el nostre codi de centre 17002557 i el tipus d\u2019ensenyament de formaci\u00f3 professional.<\/p>\n\n\n\n<h4 class=\"wp-block-heading\">Sol\u00b7licitud<\/h4>\n\n\n\n<p>La preinscripci\u00f3 s\u2019haur\u00e0 de fer\u00a0<strong>ELECTR\u00d2NICAMENT<\/strong>, a trav\u00e9s del web de\u00a0<a href=\"https:\/\/preinscripcio.gencat.cat\/ca\/estudis\/fp-grau-mitja\/preinscriute\/sollicitud\/\" target=\"_blank\" rel=\"noreferrer noopener\">Preinscripci\u00f3<\/a>\u00a0\u00a0del Departament d&#8217;Educaci\u00f3 i Formaci\u00f3 Professional, en els dies de la preinscripci\u00f3 establerts.<\/p>\n\n\n\n<h4 class=\"wp-block-heading\">Criteris espec\u00edfics de puntuaci\u00f3<\/h4>\n\n\n\n<p>Les sol\u00b7licituds s\u2019ordenen segons&nbsp;<strong>les&nbsp;diferents vies d\u2019acc\u00e9s als cicles<\/strong>&nbsp;i, dins de cada via, segons la&nbsp;qualificaci\u00f3 mitjana&nbsp;dels estudis o el curs o la prova d\u2019acc\u00e9s.<\/p>\n\n\n\n<h4 class=\"wp-block-heading\">Vies d\u2019acc\u00e9s<\/h4>\n\n\n\n<p><strong>Proc\u00e9s per a alumnat amb continu\u00eftat d\u2019escolaritzaci\u00f3<\/strong><\/p>\n\n\n\n<p>Les places s\u2019assignen segons les vies d\u2019acc\u00e9s seg\u00fcents, tenint en compte que si per alguna de les vies d\u2019acc\u00e9s no s\u2019ocupen totes les places reservades que corresponen, les vacants es reparteixen entre les altres vies de forma proporcional:<\/p>\n\n\n\n<p>\u2013&nbsp; VIA 1: Per als alumnes que hi accedeixen per la via de l\u2019ESO o estudis equivalents es fa una reserva de places del 70%.<\/p>\n\n\n\n<p>\u2013&nbsp; VIA 2:&nbsp; Per als alumnes que hi accedeixen per la via dels programes de qualificaci\u00f3 professional inicial (PQPI) es fa una reserva de places del 20 %. Per aquesta via hi accedeixen els alumnes procedents de la formaci\u00f3 professional b\u00e0sica o dels cicles formatius de grau b\u00e0sic.<\/p>\n\n\n\n<p>\u2013&nbsp; VIA 3: Per als alumnes que hi accedeixen per la via de la prova d\u2019acc\u00e9s o que tenen l\u2019exempci\u00f3 total d\u2019aquesta prova, el curs espec\u00edfic d\u2019acc\u00e9s o que tenen altres titulacions que en permeten l\u2019acc\u00e9s, es fa una reserva de places del 10 %. Els alumnes dels programes de formaci\u00f3 i inserci\u00f3 (PFI) que han participat en les proves d\u2019acc\u00e9s i les han superat o han obtingut l\u2019exempci\u00f3 d\u2019aquestes, accedeixen per aquesta via i participen en el proc\u00e9s amb la qualificaci\u00f3 obtinguda a la prova. Aquesta qualificaci\u00f3 es calcula d\u2019acord amb el que determina la convocat\u00f2ria anual de proves d\u2019acc\u00e9s.<\/p>\n\n\n\n<p>Les peticions s\u2019ordenen, dins de cada via, d\u2019acord amb la qualificaci\u00f3 mitjana dels estudis o la qualificaci\u00f3 de la prova que permet l\u2019acc\u00e9s al cicle.<\/p>\n\n\n\n<ul class=\"wp-block-list\">\n<li>Quan no existeixin places suficients en el centre s\u2019at\u00e9n exclusivament l\u2019expedient acad\u00e8mic de l\u2019alumne, amb independ\u00e8ncia que procedeixi del mateix centre o d\u2019un altre.<\/li>\n<\/ul>\n\n\n\n<hr class=\"wp-block-separator has-alpha-channel-opacity\"\/>\n\n\n\n<h4 class=\"wp-block-heading\"><strong>PRIMERA TANDA D\u2019ASSIGNACIONS\u00a0<\/strong>(&#8212; de &#8212; del 2026)<\/h4>\n\n\n\n<p><strong>Llista de places assignades en la primera tanda, amb indicaci\u00f3 de la petici\u00f3 atesa de l\u2019alumne<\/strong>: <\/p>\n\n\n\n<p><strong>CONFIRMACI\u00d3 DE LA MATR\u00cdCULA O RENUNCIA A LA PLA\u00c7A assignada en la primera tanda<\/strong>: de l\u2019&#8212; al &#8212; de &#8212; de 2026.<\/p>\n\n\n\n<p>Si has obtingut pla\u00e7a en aquesta tanda, rebr\u00e0s un SMS i un correu electr\u00f2nic amb l\u2019enlla\u00e7 a una declaraci\u00f3 responsable on haur\u00e0s d\u2019acceptar\/confirmar la pla\u00e7a.<\/p>\n\n\n\n<p>Quan hagis confirmat la matr\u00edcula en l\u00ednia de la pla\u00e7a assignada en aquesta tanda d\u2019assignaci\u00f3, el proc\u00e9s encara no s\u2019ha acabat perqu\u00e8 encara falta el darrer pas que \u00e9s completar-la.<\/p>\n\n\n\n<p><strong>PER\u00cdODE PER COMPLETAR LA MATR\u00cdCULA AL CENTRE<\/strong>\u00a0(per les places assignades en primera tanda):\u00a0 de l\u2019&#8212; al &#8212; de &#8212; de 2026<\/p>\n\n\n\n<figure class=\"wp-block-table\"><table class=\"has-fixed-layout\"><tbody><tr><td class=\"has-text-align-center\" data-align=\"center\"><strong>PER COMPLETAR LA MATR\u00cdCULA de la primera tanda FES CLIC AQU\u00cd<\/strong>\u00a0<\/td><\/tr><\/tbody><\/table><\/figure>\n\n\n\n<hr class=\"wp-block-separator has-alpha-channel-opacity\"\/>\n\n\n\n<h4 class=\"wp-block-heading\"><strong>SEGONA TANDA D\u2019ASSIGNACIONS\u00a0<\/strong>(&#8212; de &#8212; de 2026)<\/h4>\n\n\n\n<p><strong>Llista de places assignades en la segona tanda, amb indicaci\u00f3 de la petici\u00f3 atesa de l\u2019alumne<\/strong>: 18 de juliol de 2025 (disponible en la data indicada).<\/p>\n\n\n\n<p>*\u00a0<strong>Alumnat assignat al centre en segona tanda<\/strong><\/p>\n\n\n\n<p><strong>CONFIRMACI\u00d3 DE LA MATR\u00cdCULA O RENUNCIA A LA PLA\u00c7A assignada en la segona tanda<\/strong>: 21 i 22 de juliol de 2025.<\/p>\n\n\n\n<p>Si has obtingut pla\u00e7a en aquesta tanda, rebr\u00e0s un SMS i un correu electr\u00f2nic amb l\u2019enlla\u00e7 a una declaraci\u00f3 responsable on haur\u00e0s d\u2019acceptar la pla\u00e7a.<\/p>\n\n\n\n<p>Quan hagis confirmat la matr\u00edcula en l\u00ednia de la pla\u00e7a assignada en aquesta tanda d\u2019assignaci\u00f3, el proc\u00e9s encara no s\u2019ha acabat perqu\u00e8 encara falta l\u2019\u00faltim pas que \u00e9s completar la matr\u00edcula.<\/p>\n\n\n\n<p><strong>PER\u00cdODE PER COMPLETAR LA MATR\u00cdCULA AL CENTRE<\/strong>\u00a0(per les places assignades en segona tanda):\u00a0 del &#8212; al &#8212; de &#8212; del 2026.<\/p>\n\n\n\n<figure class=\"wp-block-table\"><table class=\"has-fixed-layout\"><tbody><tr><td class=\"has-text-align-center\" data-align=\"center\"><strong>PER COMPLETAR LA MATR\u00cdCULA DE LA SEGONA TANDA FES CLIC AQU\u00cd<\/strong><\/td><\/tr><\/tbody><\/table><\/figure>\n\n\n\n<hr class=\"wp-block-separator has-alpha-channel-opacity\"\/>\n\n\n\n<h4 class=\"wp-block-heading\"><strong>TERCERA TANDA D\u2019ASSIGNACION<\/strong>S (&#8212; de &#8212; del 2026)<\/h4>\n\n\n\n<p><strong>Publicaci\u00f3 de places assignades a la tercera tanda<\/strong>: &#8212; de &#8212; del 2026.<\/p>\n\n\n\n<p>*\u00a0<strong>Alumnat assignat al centre en tercera tanda<\/strong><\/p>\n\n\n\n<p><strong>CONFIRMACI\u00d3 DE LA MATR\u00cdCULA O RENUNCIA A LA PLA\u00c7A assignada en la tercera tanda<\/strong>: &#8212; i &#8212; de j&#8212; de 2026.<\/p>\n\n\n\n<p>Si has obtingut pla\u00e7a en aquesta tanda, rebr\u00e0s un SMS i un correu electr\u00f2nic amb l\u2019enlla\u00e7 a una declaraci\u00f3 responsable on haur\u00e0s d\u2019acceptar la pla\u00e7a.<\/p>\n\n\n\n<p>Quan hagis confirmat la matr\u00edcula en l\u00ednia de la pla\u00e7a assignada en aquesta tanda d\u2019assignaci\u00f3, el proc\u00e9s encara no s\u2019ha acabat perqu\u00e8 encara falta l\u2019\u00faltim pas que \u00e9s completar la matr\u00edcula.<\/p>\n\n\n\n<p><strong>PER\u00cdODE PER COMPLETAR LA MATR\u00cdCULA AL CENTRE<\/strong>\u00a0(per les places assignades en tercera tanda):\u00a0 &#8212; i &#8212; de &#8212; i de l\u2019&#8212; al &#8212; de &#8212; del 2026.<\/p>\n\n\n\n<figure class=\"wp-block-table\"><table class=\"has-fixed-layout\"><tbody><tr><td class=\"has-text-align-center\" data-align=\"center\"><strong>PER COMPLETAR LA MATR\u00cdCULA DE LA TERCERA TANDA FES CLIC AQU\u00cd<\/strong><\/td><\/tr><\/tbody><\/table><\/figure>\n\n\n\n<hr class=\"wp-block-separator has-alpha-channel-opacity\"\/>\n\n\n\n<h4 class=\"wp-block-heading\">Normativa<\/h4>\n\n\n\n<p>Podeu consultar la normativa vigent al web de la <a href=\"http:\/\/xtec.gencat.cat\/ca\/curriculum\/professionals\/fp\/normativa\/\">Generalitat de Catalunya<\/a>.<\/p>\n","protected":false},"excerpt":{"rendered":"<p>Informaci\u00f3 Trobar\u00e0s tota la informaci\u00f3 sobre el\u00a0proc\u00e9s de preinscripci\u00f3 a Cicles Formatius de Grau Mitj\u00e0\u00a0(Gencat). Tenen&nbsp;acc\u00e9s directe&nbsp;als Cicles Formatius de Grau Mitj\u00e0&nbsp;les persones que compleixen&nbsp;algun dels requisits&nbsp;seg\u00fcents: Les persones que no compleixen cap dels requisits esmentats han de superar una&nbsp;prova d\u2019acc\u00e9s. Per presentar-s\u2019hi han de tenir, com a m\u00ednim, 17 anys l\u2019any en qu\u00e8 es [&hellip;]<\/p>\n","protected":false},"author":1,"featured_media":0,"parent":1013,"menu_order":0,"comment_status":"closed","ping_status":"closed","template":"","meta":{"site-sidebar-layout":"default","site-content-layout":"","ast-site-content-layout":"default","site-content-style":"default","site-sidebar-style":"default","ast-global-header-display":"","ast-banner-title-visibility":"","ast-main-header-display":"","ast-hfb-above-header-display":"","ast-hfb-below-header-display":"","ast-hfb-mobile-header-display":"","site-post-title":"","ast-breadcrumbs-content":"","ast-featured-img":"","footer-sml-layout":"","theme-transparent-header-meta":"","adv-header-id-meta":"","stick-header-meta":"","header-above-stick-meta":"","header-main-stick-meta":"","header-below-stick-meta":"","astra-migrate-meta-layouts":"set","ast-page-background-enabled":"default","ast-page-background-meta":{"desktop":{"background-color":"var(--ast-global-color-4)","background-image":"","background-repeat":"repeat","background-position":"center center","background-size":"auto","background-attachment":"scroll","background-type":"","background-media":"","overlay-type":"","overlay-color":"","overlay-opacity":"","overlay-gradient":""},"tablet":{"background-color":"","background-image":"","background-repeat":"repeat","background-position":"center center","background-size":"auto","background-attachment":"scroll","background-type":"","background-media":"","overlay-type":"","overlay-color":"","overlay-opacity":"","overlay-gradient":""},"mobile":{"background-color":"","background-image":"","background-repeat":"repeat","background-position":"center center","background-size":"auto","background-attachment":"scroll","background-type":"","background-media":"","overlay-type":"","overlay-color":"","overlay-opacity":"","overlay-gradient":""}},"ast-content-background-meta":{"desktop":{"background-color":"var(--ast-global-color-5)","background-image":"","background-repeat":"repeat","background-position":"center center","background-size":"auto","background-attachment":"scroll","background-type":"","background-media":"","overlay-type":"","overlay-color":"","overlay-opacity":"","overlay-gradient":""},"tablet":{"background-color":"var(--ast-global-color-5)","background-image":"","background-repeat":"repeat","background-position":"center center","background-size":"auto","background-attachment":"scroll","background-type":"","background-media":"","overlay-type":"","overlay-color":"","overlay-opacity":"","overlay-gradient":""},"mobile":{"background-color":"var(--ast-global-color-5)","background-image":"","background-repeat":"repeat","background-position":"center center","background-size":"auto","background-attachment":"scroll","background-type":"","background-media":"","overlay-type":"","overlay-color":"","overlay-opacity":"","overlay-gradient":""}},"footnotes":""},"class_list":["post-2956","page","type-page","status-publish","hentry"],"post_mailing_queue_ids":[],"_links":{"self":[{"href":"https:\/\/agora.xtec.cat\/insbaixemporda\/wp-json\/wp\/v2\/pages\/2956","targetHints":{"allow":["GET"]}}],"collection":[{"href":"https:\/\/agora.xtec.cat\/insbaixemporda\/wp-json\/wp\/v2\/pages"}],"about":[{"href":"https:\/\/agora.xtec.cat\/insbaixemporda\/wp-json\/wp\/v2\/types\/page"}],"author":[{"embeddable":true,"href":"https:\/\/agora.xtec.cat\/insbaixemporda\/wp-json\/wp\/v2\/users\/1"}],"replies":[{"embeddable":true,"href":"https:\/\/agora.xtec.cat\/insbaixemporda\/wp-json\/wp\/v2\/comments?post=2956"}],"version-history":[{"count":5,"href":"https:\/\/agora.xtec.cat\/insbaixemporda\/wp-json\/wp\/v2\/pages\/2956\/revisions"}],"predecessor-version":[{"id":3461,"href":"https:\/\/agora.xtec.cat\/insbaixemporda\/wp-json\/wp\/v2\/pages\/2956\/revisions\/3461"}],"up":[{"embeddable":true,"href":"https:\/\/agora.xtec.cat\/insbaixemporda\/wp-json\/wp\/v2\/pages\/1013"}],"wp:attachment":[{"href":"https:\/\/agora.xtec.cat\/insbaixemporda\/wp-json\/wp\/v2\/media?parent=2956"}],"curies":[{"name":"wp","href":"https:\/\/api.w.org\/{rel}","templated":true}]}}