{"id":27,"date":"2014-09-17T16:24:03","date_gmt":"2014-09-17T16:24:03","guid":{"rendered":"http:\/\/agora.xtec.cat\/insbaixemporda\/?page_id=27"},"modified":"2026-01-16T20:02:29","modified_gmt":"2026-01-16T19:02:29","slug":"historia","status":"publish","type":"page","link":"https:\/\/agora.xtec.cat\/insbaixemporda\/linstitut\/historia\/","title":{"rendered":"Hist\u00f2ria"},"content":{"rendered":"\n<div class=\"wp-block-getwid-content-timeline\" data-animation=\"none\" data-filling=\"true\"><div class=\"wp-block-getwid-content-timeline__line\"><div class=\"wp-block-getwid-content-timeline__bar\"><\/div><\/div><div class=\"wp-block-getwid-content-timeline__wrapper\">\n<div class=\"wp-block-getwid-content-timeline-item\"><div class=\"wp-block-getwid-content-timeline-item__wrapper\"><div class=\"wp-block-getwid-content-timeline-item__card\"><div class=\"wp-block-getwid-content-timeline-item__card-wrapper\"><div class=\"wp-block-getwid-content-timeline-item__image-wrapper\"><img loading=\"lazy\" decoding=\"async\" width=\"1045\" height=\"703\" class=\"wp-block-getwid-content-timeline-item__image wp-image-1217\" src=\"https:\/\/agora.xtec.cat\/insbaixemporda\/wp-content\/uploads\/usu3485\/2025\/09\/foto-de-la-tarongeta.jpg\" alt=\"\" srcset=\"https:\/\/agora.xtec.cat\/insbaixemporda\/wp-content\/uploads\/usu3485\/2025\/09\/foto-de-la-tarongeta.jpg 1045w, https:\/\/agora.xtec.cat\/insbaixemporda\/wp-content\/uploads\/usu3485\/2025\/09\/foto-de-la-tarongeta-300x202.jpg 300w, https:\/\/agora.xtec.cat\/insbaixemporda\/wp-content\/uploads\/usu3485\/2025\/09\/foto-de-la-tarongeta-1024x689.jpg 1024w, https:\/\/agora.xtec.cat\/insbaixemporda\/wp-content\/uploads\/usu3485\/2025\/09\/foto-de-la-tarongeta-768x517.jpg 768w\" sizes=\"auto, (max-width: 1045px) 100vw, 1045px\" \/><\/div><div class=\"wp-block-getwid-content-timeline-item__content-wrapper\"><div class=\"wp-block-getwid-content-timeline-item__mobile-meta\"><p class=\"wp-block-getwid-content-timeline-item__meta-content\">Al principi de tot l&#8217;institut Baix Empord\u00e0 va ser fundat com a Escola de Formaci\u00f3 Professional que va ser inaugurada el 4 d&#8217;octubre de 1974 a l&#8217;edifici de l&#8217;antiga Escola d&#8217;Arts i Oficis al carrer de la Tarongeta, on es troba en l&#8217;actualitat el&nbsp;Museu del Suro. La seva creaci\u00f3 es considera un \u00abimportant pas per a la vila\u00bb, que va comptar amb un important suport de l&#8217;alcalde&nbsp;Joan Rutllant i Pibernat&nbsp;i el seu equip. &nbsp;Els primers alumnes inscrits en aquell curs van ser 28, dels quals vint-i-set estaven especialitzats en l&#8217;automoci\u00f3 i un en l&#8217;especialitat de metall, sota la direcci\u00f3 del professor Mart\u00ed Bofill i Pareras.<br><br>El local anava quedant petit aix\u00ed que l&#8217;Ajuntament de Palafrugell&nbsp;va haver d&#8217;habilitar altres depend\u00e8ncies municipals per donar acolliment a la gran demanda de places escolars. Despr\u00e9s de nombroses protestes i mobilitzacions pel mal estat de les instal\u00b7lacions, l&#8217;1 d&#8217;octubre de l&#8217;any 1984 es va decidir traslladar l&#8217;institut a l&#8217;avinguda de les Corts Catalanes n\u00famero 7, la seva actual ubicaci\u00f3. <br><\/p><\/div>\n<h3 class=\"wp-block-heading\">Primers anys (1974-1984)<\/h3>\n\n\n\n<p>&nbsp;<\/p>\n<\/div><\/div><\/div><div class=\"wp-block-getwid-content-timeline-item__point\"><div class=\"wp-block-getwid-content-timeline-item__point-content\"><\/div><\/div><div class=\"wp-block-getwid-content-timeline-item__meta\"><p class=\"wp-block-getwid-content-timeline-item__meta-content\">Al principi de tot l&#8217;institut Baix Empord\u00e0 va ser fundat com a Escola de Formaci\u00f3 Professional que va ser inaugurada el 4 d&#8217;octubre de 1974 a l&#8217;edifici de l&#8217;antiga Escola d&#8217;Arts i Oficis al carrer de la Tarongeta, on es troba en l&#8217;actualitat el&nbsp;Museu del Suro. La seva creaci\u00f3 es considera un \u00abimportant pas per a la vila\u00bb, que va comptar amb un important suport de l&#8217;alcalde&nbsp;Joan Rutllant i Pibernat&nbsp;i el seu equip. &nbsp;Els primers alumnes inscrits en aquell curs van ser 28, dels quals vint-i-set estaven especialitzats en l&#8217;automoci\u00f3 i un en l&#8217;especialitat de metall, sota la direcci\u00f3 del professor Mart\u00ed Bofill i Pareras.<br><br>El local anava quedant petit aix\u00ed que l&#8217;Ajuntament de Palafrugell&nbsp;va haver d&#8217;habilitar altres depend\u00e8ncies municipals per donar acolliment a la gran demanda de places escolars. Despr\u00e9s de nombroses protestes i mobilitzacions pel mal estat de les instal\u00b7lacions, l&#8217;1 d&#8217;octubre de l&#8217;any 1984 es va decidir traslladar l&#8217;institut a l&#8217;avinguda de les Corts Catalanes n\u00famero 7, la seva actual ubicaci\u00f3. <br><\/p><\/div><\/div><\/div>\n\n\n\n<div class=\"wp-block-getwid-content-timeline-item\"><div class=\"wp-block-getwid-content-timeline-item__wrapper\"><div class=\"wp-block-getwid-content-timeline-item__card\"><div class=\"wp-block-getwid-content-timeline-item__card-wrapper\"><div class=\"wp-block-getwid-content-timeline-item__image-wrapper\"><img loading=\"lazy\" decoding=\"async\" width=\"1198\" height=\"583\" class=\"wp-block-getwid-content-timeline-item__image wp-image-918\" src=\"https:\/\/agora.xtec.cat\/insbaixemporda\/wp-content\/uploads\/usu3485\/2025\/06\/Captura-de-pantalla-2025-06-24-a-les-0.11.08.png\" alt=\"\" srcset=\"https:\/\/agora.xtec.cat\/insbaixemporda\/wp-content\/uploads\/usu3485\/2025\/06\/Captura-de-pantalla-2025-06-24-a-les-0.11.08.png 1198w, https:\/\/agora.xtec.cat\/insbaixemporda\/wp-content\/uploads\/usu3485\/2025\/06\/Captura-de-pantalla-2025-06-24-a-les-0.11.08-300x146.png 300w, https:\/\/agora.xtec.cat\/insbaixemporda\/wp-content\/uploads\/usu3485\/2025\/06\/Captura-de-pantalla-2025-06-24-a-les-0.11.08-1024x498.png 1024w, https:\/\/agora.xtec.cat\/insbaixemporda\/wp-content\/uploads\/usu3485\/2025\/06\/Captura-de-pantalla-2025-06-24-a-les-0.11.08-768x374.png 768w\" sizes=\"auto, (max-width: 1198px) 100vw, 1198px\" \/><\/div><div class=\"wp-block-getwid-content-timeline-item__content-wrapper\"><div class=\"wp-block-getwid-content-timeline-item__mobile-meta\"><p class=\"wp-block-getwid-content-timeline-item__meta-content\">El nou edifici es posava en funcionament amb el nom oficial d&#8217;Institut de Formaci\u00f3 Professional Baix Empord\u00e0. <br><br>El curs 1989\u201390, despr\u00e9s de diverses reivindicacions del centre, de les institucions i d&#8217;entitats del sector hoteler, es va aconseguir el cicle de turisme.<br>Fins al setembre de 1997 el centre va funcionar com escola de Formaci\u00f3 Professional de forma exclusiva.  A partir d\u2019aquell any, en comen\u00e7ar la reforma educativa, \u00e9s quan va passar a ser Institut d\u2019Ensenyament Secundari IES Baix Empord\u00e0.<br><br>El curs 2001\u20132002 es va obrir l&#8217;Escola d&#8217;Hoteleria i Turisme.<br>&nbsp;<\/p><\/div>\n<h3 class=\"wp-block-heading\">Nou edifici, nova etapa (1989-2002)<\/h3>\n\n\n\n<p><\/p>\n<\/div><\/div><\/div><div class=\"wp-block-getwid-content-timeline-item__point\"><div class=\"wp-block-getwid-content-timeline-item__point-content\"><\/div><\/div><div class=\"wp-block-getwid-content-timeline-item__meta\"><p class=\"wp-block-getwid-content-timeline-item__meta-content\">El nou edifici es posava en funcionament amb el nom oficial d&#8217;Institut de Formaci\u00f3 Professional Baix Empord\u00e0. <br><br>El curs 1989\u201390, despr\u00e9s de diverses reivindicacions del centre, de les institucions i d&#8217;entitats del sector hoteler, es va aconseguir el cicle de turisme.<br>Fins al setembre de 1997 el centre va funcionar com escola de Formaci\u00f3 Professional de forma exclusiva.  A partir d\u2019aquell any, en comen\u00e7ar la reforma educativa, \u00e9s quan va passar a ser Institut d\u2019Ensenyament Secundari IES Baix Empord\u00e0.<br><br>El curs 2001\u20132002 es va obrir l&#8217;Escola d&#8217;Hoteleria i Turisme.<br>&nbsp;<\/p><\/div><\/div><\/div>\n\n\n\n<div class=\"wp-block-getwid-content-timeline-item\"><div class=\"wp-block-getwid-content-timeline-item__wrapper\"><div class=\"wp-block-getwid-content-timeline-item__card\"><div class=\"wp-block-getwid-content-timeline-item__card-wrapper\"><div class=\"wp-block-getwid-content-timeline-item__image-wrapper\"><img loading=\"lazy\" decoding=\"async\" width=\"1280\" height=\"600\" class=\"wp-block-getwid-content-timeline-item__image wp-image-756\" src=\"https:\/\/agora.xtec.cat\/insbaixemporda\/wp-content\/uploads\/usu3485\/2025\/06\/WhatsApp-Image-2025-06-23-at-19.29.22-3.jpeg\" alt=\"\" srcset=\"https:\/\/agora.xtec.cat\/insbaixemporda\/wp-content\/uploads\/usu3485\/2025\/06\/WhatsApp-Image-2025-06-23-at-19.29.22-3.jpeg 1280w, https:\/\/agora.xtec.cat\/insbaixemporda\/wp-content\/uploads\/usu3485\/2025\/06\/WhatsApp-Image-2025-06-23-at-19.29.22-3-300x141.jpeg 300w, https:\/\/agora.xtec.cat\/insbaixemporda\/wp-content\/uploads\/usu3485\/2025\/06\/WhatsApp-Image-2025-06-23-at-19.29.22-3-1024x480.jpeg 1024w, https:\/\/agora.xtec.cat\/insbaixemporda\/wp-content\/uploads\/usu3485\/2025\/06\/WhatsApp-Image-2025-06-23-at-19.29.22-3-768x360.jpeg 768w\" sizes=\"auto, (max-width: 1280px) 100vw, 1280px\" \/><\/div><div class=\"wp-block-getwid-content-timeline-item__content-wrapper\"><div class=\"wp-block-getwid-content-timeline-item__mobile-meta\"><p class=\"wp-block-getwid-content-timeline-item__meta-content\"><br><br>Al curs 2006-07 el centre va entrar en una gran transformaci\u00f3, incorporant-se en el projecte de qualitat i millora. La direcci\u00f3 va coordinar la qualitat fins a l\u2019obtenci\u00f3 de la certificaci\u00f3&nbsp; l\u2019ISO 9001:2008 a l\u2019any 2010. D\u2019aquesta transformaci\u00f3 va n\u00e9ixer la pol\u00edtica de qualitat del nostre centre.<br><br>L&#8217;any 2007 es van reformar 1537,69m<sup>2<\/sup> i es va ampliar uns 2772,26m<sup>2<\/sup>. Amb aquesta ampliaci\u00f3 i reforma es van aconseguir uns espais necessaris per poder donar una educaci\u00f3 de qualitat. Amb la remodelaci\u00f3 de l&#8217;institut, s&#8217;hi va habilitar un espai de cuines i la zona de restaurant.<br><br>El 23 de juliol de 2010 es va signar un acord quadriennal d\u2019aplicaci\u00f3 del pla estrat\u00e8gic per a la millora de la qualitat del servei educatiu pel per\u00edode 2010-2014.<br><br>El curs 2011\u201312 es van reobrir les instal\u00b7lacions de l&#8217;Escola d&#8217;Hoteleria i Turisme del Baix Empord\u00e0, la reobertura es feia en una nova part de l&#8217;edifici actual amb instal\u00b7lacions m\u00e9s modernes.<\/p><\/div>\n<h3 class=\"wp-block-heading\">Ampliaci\u00f3 de les instal\u00b7lacions (2007-2014)<\/h3>\n\n\n\n<p><\/p>\n<\/div><\/div><\/div><div class=\"wp-block-getwid-content-timeline-item__point\"><div class=\"wp-block-getwid-content-timeline-item__point-content\"><\/div><\/div><div class=\"wp-block-getwid-content-timeline-item__meta\"><p class=\"wp-block-getwid-content-timeline-item__meta-content\"><br><br>Al curs 2006-07 el centre va entrar en una gran transformaci\u00f3, incorporant-se en el projecte de qualitat i millora. La direcci\u00f3 va coordinar la qualitat fins a l\u2019obtenci\u00f3 de la certificaci\u00f3&nbsp; l\u2019ISO 9001:2008 a l\u2019any 2010. D\u2019aquesta transformaci\u00f3 va n\u00e9ixer la pol\u00edtica de qualitat del nostre centre.<br><br>L&#8217;any 2007 es van reformar 1537,69m<sup>2<\/sup> i es va ampliar uns 2772,26m<sup>2<\/sup>. Amb aquesta ampliaci\u00f3 i reforma es van aconseguir uns espais necessaris per poder donar una educaci\u00f3 de qualitat. Amb la remodelaci\u00f3 de l&#8217;institut, s&#8217;hi va habilitar un espai de cuines i la zona de restaurant.<br><br>El 23 de juliol de 2010 es va signar un acord quadriennal d\u2019aplicaci\u00f3 del pla estrat\u00e8gic per a la millora de la qualitat del servei educatiu pel per\u00edode 2010-2014.<br><br>El curs 2011\u201312 es van reobrir les instal\u00b7lacions de l&#8217;Escola d&#8217;Hoteleria i Turisme del Baix Empord\u00e0, la reobertura es feia en una nova part de l&#8217;edifici actual amb instal\u00b7lacions m\u00e9s modernes.<\/p><\/div><\/div><\/div>\n\n\n\n<div class=\"wp-block-getwid-content-timeline-item\"><div class=\"wp-block-getwid-content-timeline-item__wrapper\"><div class=\"wp-block-getwid-content-timeline-item__card\"><div class=\"wp-block-getwid-content-timeline-item__card-wrapper\"><div class=\"wp-block-getwid-content-timeline-item__image-wrapper\"><img loading=\"lazy\" decoding=\"async\" width=\"1280\" height=\"602\" class=\"wp-block-getwid-content-timeline-item__image wp-image-749\" src=\"https:\/\/agora.xtec.cat\/insbaixemporda\/wp-content\/uploads\/usu3485\/2025\/06\/WhatsApp-Image-2025-06-23-at-19.29.21.jpeg\" alt=\"\" srcset=\"https:\/\/agora.xtec.cat\/insbaixemporda\/wp-content\/uploads\/usu3485\/2025\/06\/WhatsApp-Image-2025-06-23-at-19.29.21.jpeg 1280w, https:\/\/agora.xtec.cat\/insbaixemporda\/wp-content\/uploads\/usu3485\/2025\/06\/WhatsApp-Image-2025-06-23-at-19.29.21-300x141.jpeg 300w, https:\/\/agora.xtec.cat\/insbaixemporda\/wp-content\/uploads\/usu3485\/2025\/06\/WhatsApp-Image-2025-06-23-at-19.29.21-1024x482.jpeg 1024w, https:\/\/agora.xtec.cat\/insbaixemporda\/wp-content\/uploads\/usu3485\/2025\/06\/WhatsApp-Image-2025-06-23-at-19.29.21-768x361.jpeg 768w\" sizes=\"auto, (max-width: 1280px) 100vw, 1280px\" \/><\/div><div class=\"wp-block-getwid-content-timeline-item__content-wrapper\"><div class=\"wp-block-getwid-content-timeline-item__mobile-meta\"><p class=\"wp-block-getwid-content-timeline-item__meta-content\">Des del curs 2014-15 fins a l\u2019actual l\u2019institut ha crescut en nombre d\u2019alumnes per l\u2019augment de la demografia de Palafrugell. Tamb\u00e9 ha augmentat el nombre de l\u00ednies d&#8217;ESO i Batxillerat aix\u00ed com de cicles formatius per donar resposta a aquest creixement. A m\u00e9s a m\u00e9s, s&#8217;han anat incorporant noves modalitats de cursos com el PFI-FIAP i PTT.\u00a0<br><br>Des del curs 2024-25 l&#8217;Institut compta amb una nova tipologia d&#8217;estudi postobligatori. Des de llavors les instal\u00b7lacions acullen un Itinerari Formatiu Espec\u00edfic (IFE) per formar alumnat amb necessitats educatives espec\u00edfiques i poder ser auxiliar en serveis de restauraci\u00f3 i elaboraci\u00f3 d&#8217;\u00e0pats.\u00a0Des d&#8217;aquest curs tamb\u00e9 s&#8217;ofereixen Certificats  Professionals (CP) de les branques de cuina i administraci\u00f3.<\/p><\/div>\n<h3 class=\"wp-block-heading\">Actualitat<\/h3>\n\n\n\n<p><\/p>\n<\/div><\/div><\/div><div class=\"wp-block-getwid-content-timeline-item__point\"><div class=\"wp-block-getwid-content-timeline-item__point-content\"><\/div><\/div><div class=\"wp-block-getwid-content-timeline-item__meta\"><p class=\"wp-block-getwid-content-timeline-item__meta-content\">Des del curs 2014-15 fins a l\u2019actual l\u2019institut ha crescut en nombre d\u2019alumnes per l\u2019augment de la demografia de Palafrugell. Tamb\u00e9 ha augmentat el nombre de l\u00ednies d&#8217;ESO i Batxillerat aix\u00ed com de cicles formatius per donar resposta a aquest creixement. A m\u00e9s a m\u00e9s, s&#8217;han anat incorporant noves modalitats de cursos com el PFI-FIAP i PTT.\u00a0<br><br>Des del curs 2024-25 l&#8217;Institut compta amb una nova tipologia d&#8217;estudi postobligatori. Des de llavors les instal\u00b7lacions acullen un Itinerari Formatiu Espec\u00edfic (IFE) per formar alumnat amb necessitats educatives espec\u00edfiques i poder ser auxiliar en serveis de restauraci\u00f3 i elaboraci\u00f3 d&#8217;\u00e0pats.\u00a0Des d&#8217;aquest curs tamb\u00e9 s&#8217;ofereixen Certificats  Professionals (CP) de les branques de cuina i administraci\u00f3.<\/p><\/div><\/div><\/div>\n<\/div><\/div>\n","protected":false},"excerpt":{"rendered":"","protected":false},"author":1,"featured_media":0,"parent":19,"menu_order":20,"comment_status":"closed","ping_status":"closed","template":"","meta":{"site-sidebar-layout":"default","site-content-layout":"","ast-site-content-layout":"default","site-content-style":"default","site-sidebar-style":"default","ast-global-header-display":"","ast-banner-title-visibility":"","ast-main-header-display":"","ast-hfb-above-header-display":"","ast-hfb-below-header-display":"","ast-hfb-mobile-header-display":"","site-post-title":"","ast-breadcrumbs-content":"","ast-featured-img":"","footer-sml-layout":"","theme-transparent-header-meta":"","adv-header-id-meta":"","stick-header-meta":"","header-above-stick-meta":"","header-main-stick-meta":"","header-below-stick-meta":"","astra-migrate-meta-layouts":"set","ast-page-background-enabled":"default","ast-page-background-meta":{"desktop":{"background-color":"var(--ast-global-color-4)","background-image":"","background-repeat":"repeat","background-position":"center center","background-size":"auto","background-attachment":"scroll","background-type":"","background-media":"","overlay-type":"","overlay-color":"","overlay-opacity":"","overlay-gradient":""},"tablet":{"background-color":"","background-image":"","background-repeat":"repeat","background-position":"center center","background-size":"auto","background-attachment":"scroll","background-type":"","background-media":"","overlay-type":"","overlay-color":"","overlay-opacity":"","overlay-gradient":""},"mobile":{"background-color":"","background-image":"","background-repeat":"repeat","background-position":"center center","background-size":"auto","background-attachment":"scroll","background-type":"","background-media":"","overlay-type":"","overlay-color":"","overlay-opacity":"","overlay-gradient":""}},"ast-content-background-meta":{"desktop":{"background-color":"var(--ast-global-color-5)","background-image":"","background-repeat":"repeat","background-position":"center center","background-size":"auto","background-attachment":"scroll","background-type":"","background-media":"","overlay-type":"","overlay-color":"","overlay-opacity":"","overlay-gradient":""},"tablet":{"background-color":"var(--ast-global-color-5)","background-image":"","background-repeat":"repeat","background-position":"center center","background-size":"auto","background-attachment":"scroll","background-type":"","background-media":"","overlay-type":"","overlay-color":"","overlay-opacity":"","overlay-gradient":""},"mobile":{"background-color":"var(--ast-global-color-5)","background-image":"","background-repeat":"repeat","background-position":"center center","background-size":"auto","background-attachment":"scroll","background-type":"","background-media":"","overlay-type":"","overlay-color":"","overlay-opacity":"","overlay-gradient":""}},"footnotes":""},"class_list":["post-27","page","type-page","status-publish","hentry"],"post_mailing_queue_ids":[],"_links":{"self":[{"href":"https:\/\/agora.xtec.cat\/insbaixemporda\/wp-json\/wp\/v2\/pages\/27","targetHints":{"allow":["GET"]}}],"collection":[{"href":"https:\/\/agora.xtec.cat\/insbaixemporda\/wp-json\/wp\/v2\/pages"}],"about":[{"href":"https:\/\/agora.xtec.cat\/insbaixemporda\/wp-json\/wp\/v2\/types\/page"}],"author":[{"embeddable":true,"href":"https:\/\/agora.xtec.cat\/insbaixemporda\/wp-json\/wp\/v2\/users\/1"}],"replies":[{"embeddable":true,"href":"https:\/\/agora.xtec.cat\/insbaixemporda\/wp-json\/wp\/v2\/comments?post=27"}],"version-history":[{"count":6,"href":"https:\/\/agora.xtec.cat\/insbaixemporda\/wp-json\/wp\/v2\/pages\/27\/revisions"}],"predecessor-version":[{"id":1263,"href":"https:\/\/agora.xtec.cat\/insbaixemporda\/wp-json\/wp\/v2\/pages\/27\/revisions\/1263"}],"up":[{"embeddable":true,"href":"https:\/\/agora.xtec.cat\/insbaixemporda\/wp-json\/wp\/v2\/pages\/19"}],"wp:attachment":[{"href":"https:\/\/agora.xtec.cat\/insbaixemporda\/wp-json\/wp\/v2\/media?parent=27"}],"curies":[{"name":"wp","href":"https:\/\/api.w.org\/{rel}","templated":true}]}}