{"id":19,"date":"2014-09-17T14:56:56","date_gmt":"2014-09-17T14:56:56","guid":{"rendered":"http:\/\/agora.xtec.cat\/insbaixemporda\/?page_id=19"},"modified":"2026-02-04T13:32:56","modified_gmt":"2026-02-04T12:32:56","slug":"linstitut","status":"publish","type":"page","link":"https:\/\/agora.xtec.cat\/insbaixemporda\/linstitut\/","title":{"rendered":"L&#8217;institut"},"content":{"rendered":"<p data-start=\"65\" data-end=\"329\">L\u2019<b>institut Baix Empord\u00e0 <\/b>som un centre p\u00fablic d&#8217;educaci\u00f3 secund\u00e0ria del Departament d&#8217;Educaci\u00f3 i Formaci\u00f3 professional, situat a Palafrugell, a la comarca del Baix Empord\u00e0.<\/p>\n<p data-start=\"65\" data-end=\"329\"><\/p>\nPel que fa a l\u2019ESO, l\u2019institut, rep alumnes de Palafrugell, Mont-ras, Llofriu, Calella, Llafranc, Pals, Begur, Esclany\u00e0 i Regenc\u00f3s. El batxillerat es nodreix majorit\u00e0riament del nostre propi alumnat de l\u2019ESO, i en un tant per cent m\u00e9s redu\u00eft\u00a0 tamb\u00e9 n\u2019arriben d\u2019altres centres de la poblaci\u00f3.\u00a0 A quant als cicles formatius la proced\u00e8ncia dels seus alumnes \u00e9s de tota la comarca.\n\nA escala municipal l\u2019Ajuntament vetlla per l\u2019educaci\u00f3 dels joves i es duen a terme diverses activitats fora de l\u2019horari lectiu. El nostre municipi t\u00e9 en marxa un pla educatiu d\u2019entorn que engloba l\u2019educaci\u00f3 360. Es disposa d\u2019educadors de carrer que es coordinen amb el centre educatiu aix\u00ed com de l\u2019espai jove municipal. Tamb\u00e9 des de l\u2019Espai Jove hi ha un vincle estret amb el centre, la dinamitzadora de l\u2019espai jove ve un dia a la setmana al centre a l\u2019hora del pati i des de l\u2019ajuntament s\u2019ofereixen diverses xerrades per a joves en horari lectiu.\n<p data-start=\"65\" data-end=\"329\"> <\/p>\nL\u2019ajuntament tamb\u00e9 col\u00b7labora amb el centre educatiu amb la unitat d\u2019escolaritzaci\u00f3 compartida (UEC) i amb Projecte Singular.\n<p data-start=\"65\" data-end=\"329\"><\/p>\n<p data-start=\"65\" data-end=\"329\"><strong>ESO:<\/strong><\/p>\n<p data-start=\"65\" data-end=\"329\">Al centre oferim estudis d\u2019Educaci\u00f3 Secund\u00e0ria Obligat\u00f2ria (ESO). Actualment, tenim 3 l\u00ednies oficials per nivell de 1r a 3r i, a 4t, en tenim 5. El centre amb els seus recursos disponibles, en fa a tots els nivells un grup extra per esponjar l&#8217;alumnat i cuidar una mica m\u00e9s la diversitat a l&#8217;aula.<\/p>\n<p data-start=\"331\" data-end=\"527\"><strong>Els batxillerats que oferim:<\/strong><\/p>\n\n<ul>\n \t<li data-start=\"331\" data-end=\"527\">Modalitat cient\u00edfic-tecnol\u00f2gica<\/li>\n \t<li data-start=\"331\" data-end=\"527\">Modalitat social-human\u00edstica.<\/li>\n<\/ul>\n<strong>Els cicles formatius que s\u2019ofereixen s\u00f3n:<\/strong>\n<p data-start=\"65\" data-end=\"329\"><!-- \/wp:paragraph --> <!-- wp:list --><\/p>\n\n<ul class=\"wp-block-list\"><!-- wp:list-item -->\n \t<li>CFGM de Gesti\u00f3 Administrativa (AG10).<\/li>\n<!-- \/wp:list-item --> <!-- wp:list-item -->\n \t<li>CFGM de Gesti\u00f3 Administrativa a l\u2019\u00e0mbit jur\u00eddic (AG11).<\/li>\n<!-- \/wp:list-item --> <!-- wp:list-item -->\n \t<li>CFGM Electromec\u00e0nica de vehicles autom\u00f2bils (TM10).<\/li>\n<!-- \/wp:list-item --> <!-- wp:list-item -->\n \t<li>CFGM Instal\u00b7lacions el\u00e8ctriques i autom\u00e0tiques (EE10).<\/li>\n<!-- \/wp:list-item --> <!-- wp:list-item -->\n \t<li>CFGM Cuina i Gastronomia (HT10).<\/li>\n<!-- \/wp:list-item --> <!-- wp:list-item -->\n \t<li>CFGM Forneria, pastisseria i confiteria (IA60).<\/li>\n<!-- \/wp:list-item --> <!-- wp:list-item -->\n \t<li>CFGM Serveis en restauraci\u00f3 (HT30)<\/li>\n<!-- \/wp:list-item --> <!-- wp:list-item -->\n \t<li>CFGS Administraci\u00f3 i finances (AGB0).<\/li>\n<!-- \/wp:list-item --> <!-- wp:list-item -->\n \t<li>CFGS Sistemes electrot\u00e8cnics i automatitzats (EEA0).<\/li>\n<!-- \/wp:list-item --> <!-- wp:list-item -->\n \t<li>CFGS Direcci\u00f3 de cuina (HTD0)<\/li>\n<!-- \/wp:list-item --> <!-- wp:list-item -->\n \t<li>CFGS Gesti\u00f3 d\u2019allotjaments tur\u00edstics. (HTB0)<\/li>\n<!-- \/wp:list-item --><\/ul>\n<p data-start=\"65\" data-end=\"329\"><!-- \/wp:list --> <!-- wp:paragraph --><\/p>\n<strong>Altres estudis oferits:<\/strong>\n<p data-start=\"65\" data-end=\"329\"><!-- \/wp:paragraph --> <!-- wp:list --><\/p>\n\n<ul class=\"wp-block-list\"><!-- wp:list-item -->\n \t<li>El Programa de Formaci\u00f3 i Inserci\u00f3 (PFI-FIAP) de serralleria, que dona formaci\u00f3 a l\u2019alumnat que no ha obtingut el graduat d\u2019ESO, el de cuina, el PTT de jardineria i el de comer\u00e7.<\/li>\n<!-- \/wp:list-item --> <!-- wp:list-item -->\n \t<li>IFE Auxiliar en Serveis de Restauraci\u00f3 i Elaboraci\u00f3 d&#8217;\u00c0pats (IFE HT10)<\/li>\n<!-- \/wp:list-item --> <!-- wp:list-item -->\n \t<li>Certificats professionals en l&#8217;\u00e0mbit de la cuina i l&#8217;administraci\u00f3.<\/li>\n<\/ul>\n<p data-start=\"529\" data-end=\"714\">Pr\u00f2ximament tamb\u00e9 oferirem Assessorament i Reconeixement Acad\u00e8mic de cicles formatius.<\/p>","protected":false},"excerpt":{"rendered":"<p>L\u2019institut Baix Empord\u00e0 som un centre p\u00fablic d&#8217;educaci\u00f3 secund\u00e0ria del Departament d&#8217;Educaci\u00f3 i Formaci\u00f3 professional, situat a Palafrugell, a la comarca del Baix Empord\u00e0. Pel que fa a l\u2019ESO, l\u2019institut, rep alumnes de Palafrugell, Mont-ras, Llofriu, Calella, Llafranc, Pals, Begur, Esclany\u00e0 i Regenc\u00f3s. El batxillerat es nodreix majorit\u00e0riament del nostre propi alumnat de l\u2019ESO, i [&hellip;]<\/p>\n","protected":false},"author":1,"featured_media":0,"parent":0,"menu_order":0,"comment_status":"closed","ping_status":"closed","template":"","meta":{"site-sidebar-layout":"default","site-content-layout":"","ast-site-content-layout":"default","site-content-style":"default","site-sidebar-style":"default","ast-global-header-display":"","ast-banner-title-visibility":"","ast-main-header-display":"","ast-hfb-above-header-display":"","ast-hfb-below-header-display":"","ast-hfb-mobile-header-display":"","site-post-title":"","ast-breadcrumbs-content":"","ast-featured-img":"","footer-sml-layout":"","theme-transparent-header-meta":"","adv-header-id-meta":"","stick-header-meta":"","header-above-stick-meta":"","header-main-stick-meta":"","header-below-stick-meta":"","astra-migrate-meta-layouts":"set","ast-page-background-enabled":"default","ast-page-background-meta":{"desktop":{"background-color":"var(--ast-global-color-4)","background-image":"","background-repeat":"repeat","background-position":"center center","background-size":"auto","background-attachment":"scroll","background-type":"","background-media":"","overlay-type":"","overlay-color":"","overlay-opacity":"","overlay-gradient":""},"tablet":{"background-color":"","background-image":"","background-repeat":"repeat","background-position":"center center","background-size":"auto","background-attachment":"scroll","background-type":"","background-media":"","overlay-type":"","overlay-color":"","overlay-opacity":"","overlay-gradient":""},"mobile":{"background-color":"","background-image":"","background-repeat":"repeat","background-position":"center center","background-size":"auto","background-attachment":"scroll","background-type":"","background-media":"","overlay-type":"","overlay-color":"","overlay-opacity":"","overlay-gradient":""}},"ast-content-background-meta":{"desktop":{"background-color":"var(--ast-global-color-5)","background-image":"","background-repeat":"repeat","background-position":"center center","background-size":"auto","background-attachment":"scroll","background-type":"","background-media":"","overlay-type":"","overlay-color":"","overlay-opacity":"","overlay-gradient":""},"tablet":{"background-color":"var(--ast-global-color-5)","background-image":"","background-repeat":"repeat","background-position":"center center","background-size":"auto","background-attachment":"scroll","background-type":"","background-media":"","overlay-type":"","overlay-color":"","overlay-opacity":"","overlay-gradient":""},"mobile":{"background-color":"var(--ast-global-color-5)","background-image":"","background-repeat":"repeat","background-position":"center center","background-size":"auto","background-attachment":"scroll","background-type":"","background-media":"","overlay-type":"","overlay-color":"","overlay-opacity":"","overlay-gradient":""}},"footnotes":""},"class_list":["post-19","page","type-page","status-publish","hentry"],"post_mailing_queue_ids":[],"_links":{"self":[{"href":"https:\/\/agora.xtec.cat\/insbaixemporda\/wp-json\/wp\/v2\/pages\/19","targetHints":{"allow":["GET"]}}],"collection":[{"href":"https:\/\/agora.xtec.cat\/insbaixemporda\/wp-json\/wp\/v2\/pages"}],"about":[{"href":"https:\/\/agora.xtec.cat\/insbaixemporda\/wp-json\/wp\/v2\/types\/page"}],"author":[{"embeddable":true,"href":"https:\/\/agora.xtec.cat\/insbaixemporda\/wp-json\/wp\/v2\/users\/1"}],"replies":[{"embeddable":true,"href":"https:\/\/agora.xtec.cat\/insbaixemporda\/wp-json\/wp\/v2\/comments?post=19"}],"version-history":[{"count":3,"href":"https:\/\/agora.xtec.cat\/insbaixemporda\/wp-json\/wp\/v2\/pages\/19\/revisions"}],"predecessor-version":[{"id":3116,"href":"https:\/\/agora.xtec.cat\/insbaixemporda\/wp-json\/wp\/v2\/pages\/19\/revisions\/3116"}],"wp:attachment":[{"href":"https:\/\/agora.xtec.cat\/insbaixemporda\/wp-json\/wp\/v2\/media?parent=19"}],"curies":[{"name":"wp","href":"https:\/\/api.w.org\/{rel}","templated":true}]}}