{"id":1661,"date":"2026-01-18T14:14:57","date_gmt":"2026-01-18T13:14:57","guid":{"rendered":"https:\/\/agora.xtec.cat\/insbaixemporda\/?page_id=1661"},"modified":"2026-04-15T15:37:16","modified_gmt":"2026-04-15T13:37:16","slug":"informacions-generals","status":"publish","type":"page","link":"https:\/\/agora.xtec.cat\/insbaixemporda\/informacions-generals\/","title":{"rendered":"Novetats Importants"},"content":{"rendered":"\n<h4 class=\"wp-block-heading\"><strong>Publicaci\u00f3 de les llistes de sol\u00b7licituds de preinscripci\u00f3 a l&#8217;ESO.<\/strong><\/h4>\n\n\n\n<div data-wp-interactive=\"core\/file\" class=\"wp-block-file\"><object data-wp-bind--hidden=\"!state.hasPdfPreview\" hidden class=\"wp-block-file__embed\" data=\"https:\/\/agora.xtec.cat\/insbaixemporda\/wp-content\/uploads\/usu3485\/2026\/04\/INFORME_BAREM_PROVISIONAL_BAREM.pdf\" type=\"application\/pdf\" style=\"width:100%;height:600px\" aria-label=\"Incrustaci\u00f3 del fitxer INFORME_BAREM_PROVISIONAL_BAREM.\"><\/object><a id=\"wp-block-file--media-39830a7a-4ed5-44ed-a05b-c7f2ea3de14d\" href=\"https:\/\/agora.xtec.cat\/insbaixemporda\/wp-content\/uploads\/usu3485\/2026\/04\/INFORME_BAREM_PROVISIONAL_BAREM.pdf\">INFORME_BAREM_PROVISIONAL_BAREM<\/a><a href=\"https:\/\/agora.xtec.cat\/insbaixemporda\/wp-content\/uploads\/usu3485\/2026\/04\/INFORME_BAREM_PROVISIONAL_BAREM.pdf\" class=\"wp-block-file__button wp-element-button\" download aria-describedby=\"wp-block-file--media-39830a7a-4ed5-44ed-a05b-c7f2ea3de14d\">Baixa<\/a><\/div>\n\n\n\n<p>Reclamacions del 15 al 20 d&#8217;abril del 2026. El 23 d&#8217;abril es publicaran les puntuacions resoltes de les reclamacions. Les reclamacions es fan des de l&#8217;aplicatiu del Departament d&#8217;Educaci\u00f3 i Formaci\u00f3 Professional.<\/p>\n\n\n\n<p><\/p>\n\n\n\n<hr class=\"wp-block-separator has-alpha-channel-opacity\"\/>\n\n\n\n<p><\/p>\n\n\n\n<h4 class=\"wp-block-heading\"><strong>Consulta les notes de tall dels Cicles Formatius pel curs que ve<\/strong><\/h4>\n\n\n\n<p><a href=\"https:\/\/preinscripcio.gencat.cat\/ca\/inici\/\"><strong>Aqu\u00ed<\/strong><\/a>&nbsp;pots consultar les notes de tall.<\/p>\n\n\n\n<p><\/p>\n\n\n\n<hr class=\"wp-block-separator has-alpha-channel-opacity\"\/>\n\n\n\n<p><\/p>\n\n\n\n<figure class=\"wp-block-image alignright size-large is-resized\"><a href=\"https:\/\/agora.xtec.cat\/insbaixemporda\/wp-content\/uploads\/usu3485\/2026\/03\/Portes-Obertes-pfi.png\"><img loading=\"lazy\" decoding=\"async\" width=\"819\" height=\"1024\" src=\"https:\/\/agora.xtec.cat\/insbaixemporda\/wp-content\/uploads\/usu3485\/2026\/03\/Portes-Obertes-pfi-819x1024.png\" alt=\"\" class=\"wp-image-3327\" style=\"width:257px;height:auto\" srcset=\"https:\/\/agora.xtec.cat\/insbaixemporda\/wp-content\/uploads\/usu3485\/2026\/03\/Portes-Obertes-pfi-819x1024.png 819w, https:\/\/agora.xtec.cat\/insbaixemporda\/wp-content\/uploads\/usu3485\/2026\/03\/Portes-Obertes-pfi-240x300.png 240w, https:\/\/agora.xtec.cat\/insbaixemporda\/wp-content\/uploads\/usu3485\/2026\/03\/Portes-Obertes-pfi-768x960.png 768w, https:\/\/agora.xtec.cat\/insbaixemporda\/wp-content\/uploads\/usu3485\/2026\/03\/Portes-Obertes-pfi.png 1080w\" sizes=\"auto, (max-width: 819px) 100vw, 819px\" \/><\/a><\/figure>\n\n\n\n<h4 class=\"wp-block-heading\"><strong>Portes Obertes de PFI pel curs 26-27<\/strong><\/h4>\n\n\n\n<p>Del dimarts,<strong> 28 d&#8217;abril <\/strong>del 2026, es far\u00e0 la <strong>jornada de portes obertes<\/strong> per l&#8217;alumnat i fam\u00edlies que vulguin fer<strong> algun dels nostres <a href=\"https:\/\/agora.xtec.cat\/insbaixemporda\/estudis\/pfi-ptt\/\">PFI<\/a> el curs 26-27.<\/strong><\/p>\n\n\n\n<p>A partir de les <strong>18h <\/strong>visita les instal\u00b7lacions.<\/p>\n\n\n\n<p>Les dates per a realitzar la <strong>preinscripci\u00f3 <\/strong>s\u00f3n del <strong>4 al 13 de maig<\/strong>. <\/p>\n\n\n\n<p><\/p>\n\n\n\n<p><\/p>\n\n\n\n<hr class=\"wp-block-separator has-alpha-channel-opacity\"\/>\n\n\n\n<p><\/p>\n\n\n\n<figure class=\"wp-block-image alignleft size-large is-resized\"><a href=\"https:\/\/agora.xtec.cat\/insbaixemporda\/wp-content\/uploads\/usu3485\/2026\/03\/Portes-Obertes-cicles.png\"><img loading=\"lazy\" decoding=\"async\" width=\"819\" height=\"1024\" src=\"https:\/\/agora.xtec.cat\/insbaixemporda\/wp-content\/uploads\/usu3485\/2026\/03\/Portes-Obertes-cicles-819x1024.png\" alt=\"\" class=\"wp-image-3326\" style=\"width:264px;height:auto\" srcset=\"https:\/\/agora.xtec.cat\/insbaixemporda\/wp-content\/uploads\/usu3485\/2026\/03\/Portes-Obertes-cicles-819x1024.png 819w, https:\/\/agora.xtec.cat\/insbaixemporda\/wp-content\/uploads\/usu3485\/2026\/03\/Portes-Obertes-cicles-240x300.png 240w, https:\/\/agora.xtec.cat\/insbaixemporda\/wp-content\/uploads\/usu3485\/2026\/03\/Portes-Obertes-cicles-768x960.png 768w, https:\/\/agora.xtec.cat\/insbaixemporda\/wp-content\/uploads\/usu3485\/2026\/03\/Portes-Obertes-cicles.png 1080w\" sizes=\"auto, (max-width: 819px) 100vw, 819px\" \/><\/a><\/figure>\n\n\n\n<h4 class=\"wp-block-heading\">Portes Obertes de Cicles Formatius pel curs 26-27<\/h4>\n\n\n\n<p>Del dimarts,<strong> 19 de maig <\/strong>del 2026, es far\u00e0 la <strong>jornada de portes obertes<\/strong> per l&#8217;alumnat i fam\u00edlies que vulguin fer<strong> algun dels nostres cicles formatius el curs 26-27.<\/strong><\/p>\n\n\n\n<p>A partir de les <strong>18h <\/strong>visita les instal\u00b7lacions.<\/p>\n\n\n\n<p>Les dates per a realitzar la <strong>preinscripci\u00f3 telem\u00e0tica <\/strong>s\u00f3n del <strong>26 de maig a l&#8217;1 de juny<\/strong>. Podeu accedir al web de la preinscripci\u00f3 del Departament: <a href=\"https:\/\/preinscripcio.gencat.cat\/ca\/estudis\/batxillerat\/preinscriute\/sollicitud\/index.html#com-es-fa-la-preinscripcio-als-estudis-de-doble-titulacio\"><strong>aqu\u00ed<\/strong><\/a> (es fan tots els tr\u00e0mits des d&#8217;all\u00e0).<\/p>\n\n\n\n<p><\/p>\n\n\n\n<hr class=\"wp-block-separator has-alpha-channel-opacity\"\/>\n\n\n\n<p><\/p>\n\n\n\n<p><\/p>\n\n\n\n<figure class=\"wp-block-image alignright size-large is-resized\"><a href=\"https:\/\/agora.xtec.cat\/insbaixemporda\/wp-content\/uploads\/usu3485\/2026\/03\/Portes-Obertes-ife.png\"><img loading=\"lazy\" decoding=\"async\" width=\"819\" height=\"1024\" src=\"https:\/\/agora.xtec.cat\/insbaixemporda\/wp-content\/uploads\/usu3485\/2026\/03\/Portes-Obertes-ife-819x1024.png\" alt=\"\" class=\"wp-image-3328\" style=\"width:283px;height:auto\" srcset=\"https:\/\/agora.xtec.cat\/insbaixemporda\/wp-content\/uploads\/usu3485\/2026\/03\/Portes-Obertes-ife-819x1024.png 819w, https:\/\/agora.xtec.cat\/insbaixemporda\/wp-content\/uploads\/usu3485\/2026\/03\/Portes-Obertes-ife-240x300.png 240w, https:\/\/agora.xtec.cat\/insbaixemporda\/wp-content\/uploads\/usu3485\/2026\/03\/Portes-Obertes-ife-768x960.png 768w, https:\/\/agora.xtec.cat\/insbaixemporda\/wp-content\/uploads\/usu3485\/2026\/03\/Portes-Obertes-ife.png 1080w\" sizes=\"auto, (max-width: 819px) 100vw, 819px\" \/><\/a><\/figure>\n\n\n\n<h4 class=\"wp-block-heading\"><strong>Portes Obertes de l&#8217;IFE pel curs 26-27<\/strong><\/h4>\n\n\n\n<p>Del dimecres,<strong> 6 de maig <\/strong>del 2026, es far\u00e0 la <strong>jornada de portes obertes<\/strong> per l&#8217;alumnat i fam\u00edlies que vulguin fer<strong> el nostre <a href=\"https:\/\/agora.xtec.cat\/insbaixemporda\/estudis\/ife\/\">IFE<\/a> el curs 26-27.<\/strong><\/p>\n\n\n\n<p>A partir de les <strong>18h <\/strong>visita les instal\u00b7lacions.<\/p>\n\n\n\n<p>Les dates per a realitzar la <strong>preinscripci\u00f3 <\/strong>s\u00f3n de l&#8217;<strong>11 al 22 de maig<\/strong>. Podeu accedir al web de la preinscripci\u00f3 del Departament: <a href=\"https:\/\/preinscripcio.gencat.cat\/ca\/estudis\/batxillerat\/preinscriute\/sollicitud\/index.html#com-es-fa-la-preinscripcio-als-estudis-de-doble-titulacio\"><strong>aqu\u00ed<\/strong><\/a> (es fan tots els tr\u00e0mits des d&#8217;all\u00e0).<\/p>\n\n\n\n<p><\/p>\n","protected":false},"excerpt":{"rendered":"<p>Publicaci\u00f3 de les llistes de sol\u00b7licituds de preinscripci\u00f3 a l&#8217;ESO. Reclamacions del 15 al 20 d&#8217;abril del 2026. El 23 d&#8217;abril es publicaran les puntuacions resoltes de les reclamacions. Les reclamacions es fan des de l&#8217;aplicatiu del Departament d&#8217;Educaci\u00f3 i Formaci\u00f3 Professional. Consulta les notes de tall dels Cicles Formatius pel curs que ve Aqu\u00ed&nbsp;pots [&hellip;]<\/p>\n","protected":false},"author":1,"featured_media":0,"parent":0,"menu_order":0,"comment_status":"closed","ping_status":"close","template":"","meta":{"site-sidebar-layout":"default","site-content-layout":"","ast-site-content-layout":"default","site-content-style":"default","site-sidebar-style":"default","ast-global-header-display":"","ast-banner-title-visibility":"","ast-main-header-display":"","ast-hfb-above-header-display":"","ast-hfb-below-header-display":"","ast-hfb-mobile-header-display":"","site-post-title":"","ast-breadcrumbs-content":"","ast-featured-img":"","footer-sml-layout":"","theme-transparent-header-meta":"","adv-header-id-meta":"","stick-header-meta":"","header-above-stick-meta":"","header-main-stick-meta":"","header-below-stick-meta":"","astra-migrate-meta-layouts":"set","ast-page-background-enabled":"default","ast-page-background-meta":{"desktop":{"background-color":"var(--ast-global-color-4)","background-image":"","background-repeat":"repeat","background-position":"center center","background-size":"auto","background-attachment":"scroll","background-type":"","background-media":"","overlay-type":"","overlay-color":"","overlay-opacity":"","overlay-gradient":""},"tablet":{"background-color":"","background-image":"","background-repeat":"repeat","background-position":"center center","background-size":"auto","background-attachment":"scroll","background-type":"","background-media":"","overlay-type":"","overlay-color":"","overlay-opacity":"","overlay-gradient":""},"mobile":{"background-color":"","background-image":"","background-repeat":"repeat","background-position":"center center","background-size":"auto","background-attachment":"scroll","background-type":"","background-media":"","overlay-type":"","overlay-color":"","overlay-opacity":"","overlay-gradient":""}},"ast-content-background-meta":{"desktop":{"background-color":"var(--ast-global-color-5)","background-image":"","background-repeat":"repeat","background-position":"center center","background-size":"auto","background-attachment":"scroll","background-type":"","background-media":"","overlay-type":"","overlay-color":"","overlay-opacity":"","overlay-gradient":""},"tablet":{"background-color":"var(--ast-global-color-5)","background-image":"","background-repeat":"repeat","background-position":"center center","background-size":"auto","background-attachment":"scroll","background-type":"","background-media":"","overlay-type":"","overlay-color":"","overlay-opacity":"","overlay-gradient":""},"mobile":{"background-color":"var(--ast-global-color-5)","background-image":"","background-repeat":"repeat","background-position":"center center","background-size":"auto","background-attachment":"scroll","background-type":"","background-media":"","overlay-type":"","overlay-color":"","overlay-opacity":"","overlay-gradient":""}},"footnotes":""},"class_list":["post-1661","page","type-page","status-publish","hentry"],"post_mailing_queue_ids":[],"_links":{"self":[{"href":"https:\/\/agora.xtec.cat\/insbaixemporda\/wp-json\/wp\/v2\/pages\/1661","targetHints":{"allow":["GET"]}}],"collection":[{"href":"https:\/\/agora.xtec.cat\/insbaixemporda\/wp-json\/wp\/v2\/pages"}],"about":[{"href":"https:\/\/agora.xtec.cat\/insbaixemporda\/wp-json\/wp\/v2\/types\/page"}],"author":[{"embeddable":true,"href":"https:\/\/agora.xtec.cat\/insbaixemporda\/wp-json\/wp\/v2\/users\/1"}],"replies":[{"embeddable":true,"href":"https:\/\/agora.xtec.cat\/insbaixemporda\/wp-json\/wp\/v2\/comments?post=1661"}],"version-history":[{"count":5,"href":"https:\/\/agora.xtec.cat\/insbaixemporda\/wp-json\/wp\/v2\/pages\/1661\/revisions"}],"predecessor-version":[{"id":3415,"href":"https:\/\/agora.xtec.cat\/insbaixemporda\/wp-json\/wp\/v2\/pages\/1661\/revisions\/3415"}],"wp:attachment":[{"href":"https:\/\/agora.xtec.cat\/insbaixemporda\/wp-json\/wp\/v2\/media?parent=1661"}],"curies":[{"name":"wp","href":"https:\/\/api.w.org\/{rel}","templated":true}]}}