{"id":1452,"date":"2026-01-17T02:10:13","date_gmt":"2026-01-17T01:10:13","guid":{"rendered":"https:\/\/agora.xtec.cat\/insbaixemporda\/?page_id=1452"},"modified":"2026-01-25T22:13:26","modified_gmt":"2026-01-25T21:13:26","slug":"revista-caliu-1983-2019","status":"publish","type":"page","link":"https:\/\/agora.xtec.cat\/insbaixemporda\/families\/revista-caliu-1983-2019\/","title":{"rendered":"Revistes del centre"},"content":{"rendered":"\n<h5 class=\"wp-block-heading\">Revista L&#8217;Esclat i Caliu (1983-2019)<\/h5>\n\n\n\n<p>Les revistes <a href=\"https:\/\/agora.xtec.cat\/insbaixemporda\/families\/revista-caliu-1983-2019\/revista-lesclat-i-caliu\/\">L&#8217;Esclat i Caliu<\/a> han sigut les revistes dels alumnes de l\u2019institut Baix Empord\u00e0 des del 1983 fins al 2019. En un inici es va anomenar <strong>Revista Esclat<\/strong>, per\u00f2 a partir del curs 2002-2003 i com que a Palafrugell s&#8217;havia creat un grup d&#8217;ultradreta amb el mateix nom, es va decidir fer una votaci\u00f3 popular per canviar-ne el nom. Aix\u00ed va sorgir la renovada <strong>Revista Caliu<\/strong> que tenia el mateix prop\u00f2sit que l&#8217;anterior. Donar a con\u00e8ixer el dia a dia de l&#8217;alumnat del centre. Malauradament, el curs 2020-21 es va deixar de fer arran de la pand\u00e8mia de Covid i no s&#8217;ha repr\u00e8s el projecte.<\/p>\n\n\n\n<p>A les p\u00e0gines d&#8217;aquestes revistes hi trobareu el dia a dia del centre, tot pensat, produ\u00eft i redactat per l&#8217;alumnat que ha anat passant per les nostres instal\u00b7lacions. Podeu trobar exemplars f\u00edsics de la revista a la biblioteca del centre.<\/p>\n\n\n\n<h5 class=\"wp-block-heading\">Revista Gavarres de 1r d&#8217;ESO<\/h5>\n\n\n\n<p>La <a href=\"https:\/\/agora.xtec.cat\/insbaixemporda\/families\/revista-caliu-1983-2019\/revista-gavarres\/\">Revista Gavarres<\/a> \u00e9s la culminaci\u00f3 del projecte transversal de 1r d\u2019ESO. L\u2019alumnat treballa durant tot el curs l\u2019entorn proper de les Gavarres i ho fa de manera transversal tocant totes les mat\u00e8ries. Aix\u00ed es treballa el medi hum\u00e0 i natural de la serralada.<\/p>\n\n\n\n<h5 class=\"wp-block-heading\">Revista Feminista del Baix de 4t d&#8217;ESO<\/h5>\n\n\n\n<p>La <a href=\"https:\/\/agora.xtec.cat\/insbaixemporda\/families\/revista-caliu-1983-2019\/revista-feminista-del-baix\/\">Revista Feminista del Baix<\/a> \u00e9s un dels productes finals del projecte globalitzat de 4t d&#8217;ESO &#8220;Dones individualitzades&#8221;. En aquest projecte es treballa les dones com han passat desapercebudes per la hist\u00f2ria. Es pret\u00e9n, doncs, destacar-ne les feines, tasques i descobriments i fer-les visibles per a tothom.<\/p>\n","protected":false},"excerpt":{"rendered":"<p>Revista L&#8217;Esclat i Caliu (1983-2019) Les revistes L&#8217;Esclat i Caliu han sigut les revistes dels alumnes de l\u2019institut Baix Empord\u00e0 des del 1983 fins al 2019. En un inici es va anomenar Revista Esclat, per\u00f2 a partir del curs 2002-2003 i com que a Palafrugell s&#8217;havia creat un grup d&#8217;ultradreta amb el mateix nom, es [&hellip;]<\/p>\n","protected":false},"author":1,"featured_media":0,"parent":621,"menu_order":0,"comment_status":"closed","ping_status":"closed","template":"","meta":{"site-sidebar-layout":"default","site-content-layout":"","ast-site-content-layout":"default","site-content-style":"default","site-sidebar-style":"default","ast-global-header-display":"","ast-banner-title-visibility":"","ast-main-header-display":"","ast-hfb-above-header-display":"","ast-hfb-below-header-display":"","ast-hfb-mobile-header-display":"","site-post-title":"","ast-breadcrumbs-content":"","ast-featured-img":"","footer-sml-layout":"","theme-transparent-header-meta":"","adv-header-id-meta":"","stick-header-meta":"","header-above-stick-meta":"","header-main-stick-meta":"","header-below-stick-meta":"","astra-migrate-meta-layouts":"set","ast-page-background-enabled":"default","ast-page-background-meta":{"desktop":{"background-color":"var(--ast-global-color-4)","background-image":"","background-repeat":"repeat","background-position":"center center","background-size":"auto","background-attachment":"scroll","background-type":"","background-media":"","overlay-type":"","overlay-color":"","overlay-opacity":"","overlay-gradient":""},"tablet":{"background-color":"","background-image":"","background-repeat":"repeat","background-position":"center center","background-size":"auto","background-attachment":"scroll","background-type":"","background-media":"","overlay-type":"","overlay-color":"","overlay-opacity":"","overlay-gradient":""},"mobile":{"background-color":"","background-image":"","background-repeat":"repeat","background-position":"center center","background-size":"auto","background-attachment":"scroll","background-type":"","background-media":"","overlay-type":"","overlay-color":"","overlay-opacity":"","overlay-gradient":""}},"ast-content-background-meta":{"desktop":{"background-color":"var(--ast-global-color-5)","background-image":"","background-repeat":"repeat","background-position":"center center","background-size":"auto","background-attachment":"scroll","background-type":"","background-media":"","overlay-type":"","overlay-color":"","overlay-opacity":"","overlay-gradient":""},"tablet":{"background-color":"var(--ast-global-color-5)","background-image":"","background-repeat":"repeat","background-position":"center center","background-size":"auto","background-attachment":"scroll","background-type":"","background-media":"","overlay-type":"","overlay-color":"","overlay-opacity":"","overlay-gradient":""},"mobile":{"background-color":"var(--ast-global-color-5)","background-image":"","background-repeat":"repeat","background-position":"center center","background-size":"auto","background-attachment":"scroll","background-type":"","background-media":"","overlay-type":"","overlay-color":"","overlay-opacity":"","overlay-gradient":""}},"footnotes":""},"class_list":["post-1452","page","type-page","status-publish","hentry"],"post_mailing_queue_ids":[],"_links":{"self":[{"href":"https:\/\/agora.xtec.cat\/insbaixemporda\/wp-json\/wp\/v2\/pages\/1452","targetHints":{"allow":["GET"]}}],"collection":[{"href":"https:\/\/agora.xtec.cat\/insbaixemporda\/wp-json\/wp\/v2\/pages"}],"about":[{"href":"https:\/\/agora.xtec.cat\/insbaixemporda\/wp-json\/wp\/v2\/types\/page"}],"author":[{"embeddable":true,"href":"https:\/\/agora.xtec.cat\/insbaixemporda\/wp-json\/wp\/v2\/users\/1"}],"replies":[{"embeddable":true,"href":"https:\/\/agora.xtec.cat\/insbaixemporda\/wp-json\/wp\/v2\/comments?post=1452"}],"version-history":[{"count":5,"href":"https:\/\/agora.xtec.cat\/insbaixemporda\/wp-json\/wp\/v2\/pages\/1452\/revisions"}],"predecessor-version":[{"id":3022,"href":"https:\/\/agora.xtec.cat\/insbaixemporda\/wp-json\/wp\/v2\/pages\/1452\/revisions\/3022"}],"up":[{"embeddable":true,"href":"https:\/\/agora.xtec.cat\/insbaixemporda\/wp-json\/wp\/v2\/pages\/621"}],"wp:attachment":[{"href":"https:\/\/agora.xtec.cat\/insbaixemporda\/wp-json\/wp\/v2\/media?parent=1452"}],"curies":[{"name":"wp","href":"https:\/\/api.w.org\/{rel}","templated":true}]}}