{"id":1436,"date":"2026-01-17T01:41:51","date_gmt":"2026-01-17T00:41:51","guid":{"rendered":"https:\/\/agora.xtec.cat\/insbaixemporda\/?page_id=1436"},"modified":"2026-03-24T17:49:45","modified_gmt":"2026-03-24T16:49:45","slug":"premis-medi-ambient","status":"publish","type":"page","link":"https:\/\/agora.xtec.cat\/insbaixemporda\/linstitut\/premis-medi-ambient\/","title":{"rendered":"Premis Medi Ambient"},"content":{"rendered":"\n<h4 class=\"wp-block-heading\">Or\u00edgens del Premi Medi Ambient<\/h4>\n\n\n\n<figure class=\"wp-block-image aligncenter size-large is-resized\"><a href=\"https:\/\/agora.xtec.cat\/insbaixemporda\/wp-content\/uploads\/usu3485\/2026\/02\/Logo-Premis-Medi-Ambient.png\"><img loading=\"lazy\" decoding=\"async\" width=\"1024\" height=\"1024\" src=\"https:\/\/agora.xtec.cat\/insbaixemporda\/wp-content\/uploads\/usu3485\/2026\/02\/Logo-Premis-Medi-Ambient-1024x1024.png\" alt=\"\" class=\"wp-image-3109\" style=\"width:275px;height:auto\" srcset=\"https:\/\/agora.xtec.cat\/insbaixemporda\/wp-content\/uploads\/usu3485\/2026\/02\/Logo-Premis-Medi-Ambient-1024x1024.png 1024w, https:\/\/agora.xtec.cat\/insbaixemporda\/wp-content\/uploads\/usu3485\/2026\/02\/Logo-Premis-Medi-Ambient-300x300.png 300w, https:\/\/agora.xtec.cat\/insbaixemporda\/wp-content\/uploads\/usu3485\/2026\/02\/Logo-Premis-Medi-Ambient-150x150.png 150w, https:\/\/agora.xtec.cat\/insbaixemporda\/wp-content\/uploads\/usu3485\/2026\/02\/Logo-Premis-Medi-Ambient-768x768.png 768w, https:\/\/agora.xtec.cat\/insbaixemporda\/wp-content\/uploads\/usu3485\/2026\/02\/Logo-Premis-Medi-Ambient-1536x1536.png 1536w, https:\/\/agora.xtec.cat\/insbaixemporda\/wp-content\/uploads\/usu3485\/2026\/02\/Logo-Premis-Medi-Ambient.png 1563w\" sizes=\"auto, (max-width: 1024px) 100vw, 1024px\" \/><\/a><\/figure>\n\n\n\n<p>Cap a l\u2019any <strong>1999<\/strong>, un professor, l&#8217;Albert, del centre va presentar a la direcci\u00f3 la proposta d\u2019integrar l\u2019institut a la <strong>Xarxa d\u2019Escoles Verdes<\/strong>. Tot i que en aquell moment el projecte estava pensat principalment per a centres de prim\u00e0ria, la voluntat i la implicaci\u00f3 del professorat van fer possible la incorporaci\u00f3 del nostre institut a la iniciativa.<\/p>\n\n\n\n<p>La proposta es va presentar al claustre, on va ser aprovada, i es van definir uns objectius que posteriorment van ser avaluats per especialistes externs en medi ambient. D\u2019aquesta manera, el nostre centre va esdevenir <strong>un dels primers instituts de Catalunya<\/strong> a formar part de la Xarxa d\u2019Escoles Verdes, conjuntament amb les escoles Torres Jonama i Barcel\u00f3 i Matas, amb el suport de l\u2019Ajuntament de Palafrugell.<\/p>\n\n\n\n<p>Amb el pas del temps, el comprom\u00eds ambiental del centre es va refor\u00e7ar amb la incorporaci\u00f3 a la <strong>xarxa d\u2019escoles solars<\/strong>, fet que va permetre disposar d\u2019una font d\u2019energia solar pr\u00f2pia. A m\u00e9s, gr\u00e0cies al suport de l\u2019Ajuntament i de l\u2019Associaci\u00f3 de Fam\u00edlies, es va integrar un sistema d\u2019energia t\u00e8rmica per a l\u2019aigua calenta sanit\u00e0ria del centre, que dona servei tant a les dutxes com a les instal\u00b7lacions d\u2019Hostaleria.<\/p>\n\n\n\n<p>Dos anys despr\u00e9s de l\u2019inici del projecte, el 2001, es va impulsar la creaci\u00f3 dels <strong>Premis de Medi Ambient<\/strong>, adre\u00e7ats inicialment als centres que estaven a la xarxa Escoles Verdes. <\/p>\n\n\n\n<p>La iniciativa va tenir una molt bona acollida i, des d\u2019aleshores, els premis es convoquen de manera continuada al nostre institut. En les primeres edicions s\u2019hi van establir diverses categories (Prim\u00e0ria, Secund\u00e0ria, Batxillerat i Cicles Formatius), amb participaci\u00f3, en el cas dels cicles formatius, a escala dels Pa\u00efsos Catalans.<\/p>\n\n\n\n<p>Davant l\u2019elevada participaci\u00f3 i la complexitat organitzativa, el projecte es va redefinir amb el temps. Actualment, els Premis de Medi Ambient consisteixen en:<\/p>\n\n\n\n<ul class=\"wp-block-list\">\n<li>un <strong>premi de Batxillerat i Cicles Formatius<\/strong>, adre\u00e7at als instituts de tot Catalunya.<\/li>\n\n\n\n<li>un <strong>premi a la millor fotografia de medi ambient<\/strong>, destinat a les escoles de Prim\u00e0ria de la comarca del Baix Empord\u00e0.<\/li>\n<\/ul>\n\n\n\n<p>Aquests premis s\u00f3n avui una expressi\u00f3 consolidada del comprom\u00eds del centre amb l\u2019educaci\u00f3 ambiental i la sostenibilitat.<\/p>\n\n\n\n<hr class=\"wp-block-separator has-alpha-channel-opacity\"\/>\n\n\n\n<h2 class=\"wp-block-heading has-text-align-center\">Premis de Medi Ambient<\/h2>\n\n\n\n<figure class=\"wp-block-image aligncenter size-large\"><a href=\"https:\/\/agora.xtec.cat\/insbaixemporda\/wp-content\/uploads\/usu3485\/2026\/02\/Capcalera-Formulari-Premis-Medi-Ambient-1.png\"><img loading=\"lazy\" decoding=\"async\" width=\"1024\" height=\"256\" src=\"https:\/\/agora.xtec.cat\/insbaixemporda\/wp-content\/uploads\/usu3485\/2026\/02\/Capcalera-Formulari-Premis-Medi-Ambient-1-1024x256.png\" alt=\"\" class=\"wp-image-3107\" srcset=\"https:\/\/agora.xtec.cat\/insbaixemporda\/wp-content\/uploads\/usu3485\/2026\/02\/Capcalera-Formulari-Premis-Medi-Ambient-1-1024x256.png 1024w, https:\/\/agora.xtec.cat\/insbaixemporda\/wp-content\/uploads\/usu3485\/2026\/02\/Capcalera-Formulari-Premis-Medi-Ambient-1-300x75.png 300w, https:\/\/agora.xtec.cat\/insbaixemporda\/wp-content\/uploads\/usu3485\/2026\/02\/Capcalera-Formulari-Premis-Medi-Ambient-1-768x192.png 768w, https:\/\/agora.xtec.cat\/insbaixemporda\/wp-content\/uploads\/usu3485\/2026\/02\/Capcalera-Formulari-Premis-Medi-Ambient-1-1536x384.png 1536w, https:\/\/agora.xtec.cat\/insbaixemporda\/wp-content\/uploads\/usu3485\/2026\/02\/Capcalera-Formulari-Premis-Medi-Ambient-1-2048x512.png 2048w\" sizes=\"auto, (max-width: 1024px) 100vw, 1024px\" \/><\/a><\/figure>\n\n\n\n<p>Amb motiu del projecte d\u2019Escoles Verdes de la Generalitat de Catalunya, l\u2019institut Baix Empord\u00e0 organitza la XXIV edici\u00f3 dels Premis de Medi Ambient pel curs 2024-2025. L\u2019acte compta amb el suport de l\u2019Ajuntament de Palafrugell i l\u2019Associaci\u00f3 de Fam\u00edlies.&nbsp; L\u2019objectiu \u00e9s fomentar l\u2019educaci\u00f3 en valors ambientals i motivar els joves a estudiar i investigar el medi ambient.<\/p>\n\n\n\n<h5 class=\"wp-block-heading\"><strong>Bases<\/strong><\/h5>\n\n\n\n<ul class=\"wp-block-list\">\n<li>Pot participar en aquest concurs tot l\u2019alu<span style=\"font-size: revert; background-color: rgba(0, 0, 0, 0); font-weight: inherit;\">mnat que cursi&nbsp;<\/span><strong style=\"font-size: revert; background-color: rgba(0, 0, 0, 0);\">Batxillerat<\/strong><span style=\"font-size: revert; background-color: rgba(0, 0, 0, 0); font-weight: inherit;\">&nbsp;i&nbsp;<\/span><strong style=\"font-size: revert; background-color: rgba(0, 0, 0, 0);\">Cicles Formatius<\/strong><span style=\"font-size: revert; background-color: rgba(0, 0, 0, 0); font-weight: inherit;\">&nbsp;de Grau Mitj\u00e0 i Grau Superior de qualsevol institut de Catalunya. <\/span><\/li>\n\n\n\n<li><span style=\"font-size: revert; background-color: rgba(0, 0, 0, 0); font-weight: inherit;\">L\u2019objectiu del concurs \u00e9s l\u2019elaboraci\u00f3 de qualsevol classe de treball (human\u00edstic, social, cient\u00edfic, art\u00edstic o tecnol\u00f2gic) escrit en llengua catalana, sobre tem\u00e0tica mediambiental en qu\u00e8 hi hagi la participaci\u00f3 de l\u2019alumnat individualment o en grup. Cada concursant podr\u00e0 presentar un \u00fanic treball. <\/span><\/li>\n\n\n\n<li><span style=\"font-size: revert; background-color: rgba(0, 0, 0, 0); font-weight: inherit;\">Els treballs en equip seran d\u2019un m\u00e0xim de quatre persones. <\/span><\/li>\n\n\n\n<li><span style=\"font-size: revert; background-color: rgba(0, 0, 0, 0); font-weight: inherit;\">Cada escola o institut participant podr\u00e0 presentar com a m\u00e0xim quatre treballs per nivell. <\/span><\/li>\n\n\n\n<li><span style=\"font-size: revert; background-color: rgba(0, 0, 0, 0); font-weight: inherit;\">Els treballs seran valorats per un tribunal format per tres docents de l\u2019INS Baix Empord\u00e0.<\/span><\/li>\n\n\n\n<li><span style=\"font-size: revert; background-color: rgba(0, 0, 0, 0); font-weight: inherit;\">Els treballs s\u2019han de fer arribar a trav\u00e9s del formulari d\u2019inscripci\u00f3 que trobareu en aquesta p\u00e0gina web.<\/span><\/li>\n\n\n\n<li><span style=\"font-size: revert; background-color: rgba(0, 0, 0, 0); font-weight: inherit;\">\u00c9s imprescindible fer la inscripci\u00f3 en l\u00ednia a l\u2019apartat d\u2019inscripci\u00f3.<\/span><\/li>\n\n\n\n<li><span style=\"font-size: revert; background-color: rgba(0, 0, 0, 0); font-weight: inherit;\">Els guanyadors hauran de recollir el premi personalment. <\/span><\/li>\n\n\n\n<li><span style=\"font-size: revert; background-color: rgba(0, 0, 0, 0); font-weight: inherit;\">Si no assisteix, s\u2019entendr\u00e0 que no s\u2019accepta el premi.<\/span><\/li>\n\n\n\n<li><span style=\"font-size: revert; background-color: rgba(0, 0, 0, 0); font-weight: inherit;\">L\u2019institut Baix Empord\u00e0 es reserva el dret de fer \u00fas dels treballs presentats al concurs.<\/span><\/li>\n\n\n\n<li><span style=\"font-size: revert; background-color: rgba(0, 0, 0, 0); font-weight: inherit;\">La data l\u00edmit d\u2019admissi\u00f3 dels treballs de la<\/span> <strong style=\"font-size: revert; background-color: rgba(0, 0, 0, 0);\">25a edici\u00f3 ser\u00e0 el<strong>&nbsp;13 de mar\u00e7 de 2026<\/strong><\/strong><span style=\"font-size: revert; background-color: rgba(0, 0, 0, 0); font-weight: inherit;\">.<\/span><\/li>\n\n\n\n<li><span style=\"font-size: revert; background-color: rgba(0, 0, 0, 0); font-weight: inherit;\">Els premis s\u2019atorgaran de la seg\u00fcent manera: un primer premi de&nbsp;<\/span><strong style=\"font-size: revert; background-color: rgba(0, 0, 0, 0);\">500 \u20ac<\/strong><span style=\"font-size: revert; background-color: rgba(0, 0, 0, 0); font-weight: inherit;\">&nbsp;i un segon premi d\u2019una&nbsp;<\/span><strong style=\"font-size: revert; background-color: rgba(0, 0, 0, 0);\">tauleta<\/strong><span style=\"font-size: revert; background-color: rgba(0, 0, 0, 0); font-weight: inherit;\">&nbsp;valorada en m\u00e9s de 250 \u20ac. Si la qualitat dels treballs no arriba als m\u00ednims exigits pel tribunal, es podr\u00e0 declarar desert.<\/span><\/li>\n\n\n\n<li><span style=\"font-size: revert; background-color: rgba(0, 0, 0, 0); font-weight: inherit;\">L\u2019Institut Baix Empord\u00e0 es reserva el dret d\u2019atorgar algun acc\u00e8ssit per destacar els treballs de qualitat.&nbsp;<\/span><\/li>\n\n\n\n<li><span style=\"font-size: revert; background-color: rgba(0, 0, 0, 0); font-weight: inherit;\">El fet de participar en el concurs, comporta l\u2019acceptaci\u00f3 de tots els punts anteriors d\u2019aquestes bases.<\/span><\/li>\n<\/ul>\n\n\n\n<p><\/p>\n\n\n\n<h5 class=\"wp-block-heading\">Inscripci\u00f3 concurs de treballs de recerca<\/h5>\n\n\n\n<p>Premis medi ambient: <strong>Formulari d\u2019inscripci\u00f3. FORMULARI TANCAT.<\/strong><\/p>\n\n\n\n<hr class=\"wp-block-separator has-alpha-channel-opacity\"\/>\n\n\n\n<h2 class=\"wp-block-heading has-text-align-center\">Concurs de fotografia<\/h2>\n\n\n\n<figure class=\"wp-block-image size-large\"><a href=\"https:\/\/agora.xtec.cat\/insbaixemporda\/wp-content\/uploads\/usu3485\/2026\/02\/Capcalera-formulari-Premis-Fotografia.png\"><img loading=\"lazy\" decoding=\"async\" width=\"1024\" height=\"256\" src=\"https:\/\/agora.xtec.cat\/insbaixemporda\/wp-content\/uploads\/usu3485\/2026\/02\/Capcalera-formulari-Premis-Fotografia-1024x256.png\" alt=\"\" class=\"wp-image-3108\" srcset=\"https:\/\/agora.xtec.cat\/insbaixemporda\/wp-content\/uploads\/usu3485\/2026\/02\/Capcalera-formulari-Premis-Fotografia-1024x256.png 1024w, https:\/\/agora.xtec.cat\/insbaixemporda\/wp-content\/uploads\/usu3485\/2026\/02\/Capcalera-formulari-Premis-Fotografia-300x75.png 300w, https:\/\/agora.xtec.cat\/insbaixemporda\/wp-content\/uploads\/usu3485\/2026\/02\/Capcalera-formulari-Premis-Fotografia-768x192.png 768w, https:\/\/agora.xtec.cat\/insbaixemporda\/wp-content\/uploads\/usu3485\/2026\/02\/Capcalera-formulari-Premis-Fotografia-1536x384.png 1536w, https:\/\/agora.xtec.cat\/insbaixemporda\/wp-content\/uploads\/usu3485\/2026\/02\/Capcalera-formulari-Premis-Fotografia-2048x512.png 2048w\" sizes=\"auto, (max-width: 1024px) 100vw, 1024px\" \/><\/a><\/figure>\n\n\n\n<h5 class=\"wp-block-heading\"><strong>Bases<\/strong><\/h5>\n\n\n\n<ol class=\"wp-block-list\">\n<li>PARTICIPANTS: El concurs s\u2019adre\u00e7a exclusivament a&nbsp;<strong>l\u2019alumnat de cinqu\u00e8 i sis\u00e8 de prim\u00e0ria de les escoles p\u00fabliques, concertades i privades<\/strong>&nbsp;de la comarca del Baix Empord\u00e0.<\/li>\n\n\n\n<li>OBRES: 1 fotografia per autor\/a.<\/li>\n\n\n\n<li>AUTORIA i DRETS: La fotografia presentada ha de ser presa per l\u2019autor\/a. Aquest\/a es responsabilitzar\u00e0 totalment dels drets d\u2019imatge i de qualsevol possible reclamaci\u00f3. L\u2019INS Baix Empord\u00e0 es reserva el dret de fer \u00fas de les fotografies presentades al concurs.<\/li>\n\n\n\n<li>TEMA I T\u00c8CNICA: Pel curs 2025-2026, la tem\u00e0tica de la fotografia ser\u00e0 \u201c<strong>BIODIVERSITAT<\/strong>\u201d amb t\u00e8cnica lliure.<\/li>\n\n\n\n<li>FOTOGRAFIA: s\u2019ha de presentar en format JPEG<\/li>\n\n\n\n<li>TRAMESA: La fotografia s\u2019ha d\u2019adjuntar al formulari d\u2019inscripci\u00f3 que trobareu a la part inferior d\u2019aquesta p\u00e0gina web indicant les dades de l\u2019autor\/a i les dades de l\u2019escola participant.<\/li>\n\n\n\n<li>TERMINI D\u2019ADMISSI\u00d3: La data l\u00edmit d\u2019admissi\u00f3 ser\u00e0 el<strong>\u00a0\u00a027\u00a0de mar\u00e7 de 2026<\/strong>.<strong> PRORROGAT FINS AL 30 D&#8217;ABRIL!<\/strong><\/li>\n\n\n\n<li>JURAT: Estar\u00e0 format per un tribunal de 3 docents de l\u2019INS Baix Empord\u00e0 pertanyents a l\u2019Equip de Treball d\u2019Escoles Verdes.<\/li>\n\n\n\n<li>PREMIS: Hi haur\u00e0 tres premis:<br>\u2013 Un primer premi a la millor fotografia, d\u2019una <strong>c\u00e0mera d&#8217;acci\u00f3&nbsp;4K<\/strong>.<br>\u2013 Un segon premi, una c\u00e0mera de fotos instant\u00e0nia.<br>\u2013 Un tercer premi, d\u2019un disc dur extern d\u20191TB.<\/li>\n\n\n\n<li>Els premis es lliuraran el mateix dia i en el mateix acte del \u201cPremi de Medi Ambient per unes escoles verdes\u201d.<\/li>\n\n\n\n<li>Els\/les guanyadors\/res hauran de recollir el premi personalment. Si no s\u2019assisteix, s\u2019entendr\u00e0 que no s\u2019accepta el premi.<\/li>\n\n\n\n<li>El fet de participar en el concurs, comporta l\u2019acceptaci\u00f3 de tots els punts anteriors d\u2019aquestes bases.<\/li>\n<\/ol>\n\n\n\n<p><\/p>\n\n\n\n<h5 class=\"wp-block-heading\">Inscripci\u00f3 concurs de fotografia<\/h5>\n\n\n\n<p>Concurs de Fotografia: <a href=\"https:\/\/forms.gle\/6Z5rnY6nwDbDrceq8\"><strong>Formulari d&#8217;inscripci\u00f3 (fotografia)<\/strong><\/a>.<\/p>\n","protected":false},"excerpt":{"rendered":"<p>Or\u00edgens del Premi Medi Ambient Cap a l\u2019any 1999, un professor, l&#8217;Albert, del centre va presentar a la direcci\u00f3 la proposta d\u2019integrar l\u2019institut a la Xarxa d\u2019Escoles Verdes. Tot i que en aquell moment el projecte estava pensat principalment per a centres de prim\u00e0ria, la voluntat i la implicaci\u00f3 del professorat van fer possible la [&hellip;]<\/p>\n","protected":false},"author":1,"featured_media":0,"parent":19,"menu_order":0,"comment_status":"closed","ping_status":"closed","template":"","meta":{"site-sidebar-layout":"default","site-content-layout":"","ast-site-content-layout":"default","site-content-style":"default","site-sidebar-style":"default","ast-global-header-display":"","ast-banner-title-visibility":"","ast-main-header-display":"","ast-hfb-above-header-display":"","ast-hfb-below-header-display":"","ast-hfb-mobile-header-display":"","site-post-title":"","ast-breadcrumbs-content":"","ast-featured-img":"","footer-sml-layout":"","theme-transparent-header-meta":"","adv-header-id-meta":"","stick-header-meta":"","header-above-stick-meta":"","header-main-stick-meta":"","header-below-stick-meta":"","astra-migrate-meta-layouts":"set","ast-page-background-enabled":"default","ast-page-background-meta":{"desktop":{"background-color":"var(--ast-global-color-4)","background-image":"","background-repeat":"repeat","background-position":"center center","background-size":"auto","background-attachment":"scroll","background-type":"","background-media":"","overlay-type":"","overlay-color":"","overlay-opacity":"","overlay-gradient":""},"tablet":{"background-color":"","background-image":"","background-repeat":"repeat","background-position":"center center","background-size":"auto","background-attachment":"scroll","background-type":"","background-media":"","overlay-type":"","overlay-color":"","overlay-opacity":"","overlay-gradient":""},"mobile":{"background-color":"","background-image":"","background-repeat":"repeat","background-position":"center center","background-size":"auto","background-attachment":"scroll","background-type":"","background-media":"","overlay-type":"","overlay-color":"","overlay-opacity":"","overlay-gradient":""}},"ast-content-background-meta":{"desktop":{"background-color":"var(--ast-global-color-5)","background-image":"","background-repeat":"repeat","background-position":"center center","background-size":"auto","background-attachment":"scroll","background-type":"","background-media":"","overlay-type":"","overlay-color":"","overlay-opacity":"","overlay-gradient":""},"tablet":{"background-color":"var(--ast-global-color-5)","background-image":"","background-repeat":"repeat","background-position":"center center","background-size":"auto","background-attachment":"scroll","background-type":"","background-media":"","overlay-type":"","overlay-color":"","overlay-opacity":"","overlay-gradient":""},"mobile":{"background-color":"var(--ast-global-color-5)","background-image":"","background-repeat":"repeat","background-position":"center center","background-size":"auto","background-attachment":"scroll","background-type":"","background-media":"","overlay-type":"","overlay-color":"","overlay-opacity":"","overlay-gradient":""}},"footnotes":""},"class_list":["post-1436","page","type-page","status-publish","hentry"],"post_mailing_queue_ids":[],"_links":{"self":[{"href":"https:\/\/agora.xtec.cat\/insbaixemporda\/wp-json\/wp\/v2\/pages\/1436","targetHints":{"allow":["GET"]}}],"collection":[{"href":"https:\/\/agora.xtec.cat\/insbaixemporda\/wp-json\/wp\/v2\/pages"}],"about":[{"href":"https:\/\/agora.xtec.cat\/insbaixemporda\/wp-json\/wp\/v2\/types\/page"}],"author":[{"embeddable":true,"href":"https:\/\/agora.xtec.cat\/insbaixemporda\/wp-json\/wp\/v2\/users\/1"}],"replies":[{"embeddable":true,"href":"https:\/\/agora.xtec.cat\/insbaixemporda\/wp-json\/wp\/v2\/comments?post=1436"}],"version-history":[{"count":6,"href":"https:\/\/agora.xtec.cat\/insbaixemporda\/wp-json\/wp\/v2\/pages\/1436\/revisions"}],"predecessor-version":[{"id":3315,"href":"https:\/\/agora.xtec.cat\/insbaixemporda\/wp-json\/wp\/v2\/pages\/1436\/revisions\/3315"}],"up":[{"embeddable":true,"href":"https:\/\/agora.xtec.cat\/insbaixemporda\/wp-json\/wp\/v2\/pages\/19"}],"wp:attachment":[{"href":"https:\/\/agora.xtec.cat\/insbaixemporda\/wp-json\/wp\/v2\/media?parent=1436"}],"curies":[{"name":"wp","href":"https:\/\/api.w.org\/{rel}","templated":true}]}}