{"id":1434,"date":"2026-01-17T01:41:30","date_gmt":"2026-01-17T00:41:30","guid":{"rendered":"https:\/\/agora.xtec.cat\/insbaixemporda\/?page_id=1434"},"modified":"2026-01-27T14:01:22","modified_gmt":"2026-01-27T13:01:22","slug":"escoles-verdes","status":"publish","type":"page","link":"https:\/\/agora.xtec.cat\/insbaixemporda\/linstitut\/escoles-verdes\/","title":{"rendered":"Escoles Sostenibles"},"content":{"rendered":"\n<figure class=\"wp-block-image aligncenter size-full is-resized\"><a href=\"https:\/\/agora.xtec.cat\/insbaixemporda\/wp-content\/uploads\/usu3485\/2026\/01\/logo-escoles-verdes.png\"><img loading=\"lazy\" decoding=\"async\" width=\"450\" height=\"417\" src=\"https:\/\/agora.xtec.cat\/insbaixemporda\/wp-content\/uploads\/usu3485\/2026\/01\/logo-escoles-verdes.png\" alt=\"\" class=\"wp-image-3062\" style=\"width:217px;height:auto\" srcset=\"https:\/\/agora.xtec.cat\/insbaixemporda\/wp-content\/uploads\/usu3485\/2026\/01\/logo-escoles-verdes.png 450w, https:\/\/agora.xtec.cat\/insbaixemporda\/wp-content\/uploads\/usu3485\/2026\/01\/logo-escoles-verdes-300x278.png 300w\" sizes=\"auto, (max-width: 450px) 100vw, 450px\" \/><\/a><\/figure>\n\n\n\n<h4 class=\"wp-block-heading\">Escoles Verdes<\/h4>\n\n\n\n<p>A l&#8217;institut Baix Empord\u00e0 som <a href=\"https:\/\/mediambient.gencat.cat\/ca\/05_ambits_dactuacio\/persones-i-natura\/centres-educatius\/xarxa-escoles-verdes\/\">Escola Verda<\/a> i formem part de la xarxa d&#8217;Escoles Verdes de Catalunya (<a href=\"https:\/\/escolesxesc.cat\/\">XESC<\/a>).<\/p>\n\n\n\n<p>El Programa escoles verdes sorgeix com un comprom\u00eds de la Generalitat de Catalunya per donar suport a tots els centres educatius de Catalunya que volen innovar, incloure, avan\u00e7ar, sistematitzar i organitzar accions educatives que tinguin la finalitat d&#8217;afrontar, des de l&#8217;educaci\u00f3, els nous reptes i valors de la sostenibilitat.<br><br>I, per tant, es plantegen tres grans objectius:<\/p>\n\n\n\n<ul class=\"wp-block-list\">\n<li>Ajudar els centres a incorporar els valors de l&#8217;educaci\u00f3 per a la sostenibilitat en tots els \u00e0mbits de la vida del centre (curr\u00edculum, gesti\u00f3, relacions amb l&#8217;entorn, etc.).<\/li>\n\n\n\n<li>Promoure la participaci\u00f3 i la implicaci\u00f3 activa de la comunitat educativa en la millora del seu entorn.<\/li>\n\n\n\n<li>Afavorir l&#8217;intercanvi entre els centres que comparteixen uns mateixos objectius.<\/li>\n<\/ul>\n\n\n\n<hr class=\"wp-block-separator has-alpha-channel-opacity\"\/>\n\n\n\n<figure class=\"wp-block-image aligncenter size-full\"><a href=\"https:\/\/agora.xtec.cat\/insbaixemporda\/wp-content\/uploads\/usu3485\/2026\/01\/Logo-Escoles-Blaves-06-Catalunya-768x228-1.png\"><img loading=\"lazy\" decoding=\"async\" width=\"768\" height=\"228\" src=\"https:\/\/agora.xtec.cat\/insbaixemporda\/wp-content\/uploads\/usu3485\/2026\/01\/Logo-Escoles-Blaves-06-Catalunya-768x228-1.png\" alt=\"\" class=\"wp-image-3069\" srcset=\"https:\/\/agora.xtec.cat\/insbaixemporda\/wp-content\/uploads\/usu3485\/2026\/01\/Logo-Escoles-Blaves-06-Catalunya-768x228-1.png 768w, https:\/\/agora.xtec.cat\/insbaixemporda\/wp-content\/uploads\/usu3485\/2026\/01\/Logo-Escoles-Blaves-06-Catalunya-768x228-1-300x89.png 300w\" sizes=\"auto, (max-width: 768px) 100vw, 768px\" \/><\/a><\/figure>\n\n\n\n<h4 class=\"wp-block-heading\">Escoles Blaves Europees<\/h4>\n\n\n\n<h5 class=\"wp-block-heading\"><strong>Qu\u00e8 \u00e9s una Escola Blava?<\/strong><\/h5>\n\n\n\n<p>\u00c9s un centre educatiu d\u2019infantil, prim\u00e0ria, secund\u00e0ria o cicles formatius, que incorpora el mar i l\u2019aigua dol\u00e7a al curr\u00edculum, fomenta projectes interdisciplinaris i col\u00b7labora amb entitats del sector blau. A m\u00e9s, ofereix a l\u2019alumnat una mirada global sobre la sostenibilitat i els ecosistemes aqu\u00e0tics.<\/p>\n\n\n\n<h5 class=\"wp-block-heading\"><strong>Avantatges per al centre i per a l\u2019equip docent:<\/strong><\/h5>\n\n\n\n<ul class=\"wp-block-list\">\n<li>Formar part d\u2019una xarxa de centres connectats en l&#8217;\u00e0mbit regional, estatal, europeu i mundial.<\/li>\n\n\n\n<li>Participar en projectes conjunts (com Erasmus+) i accedir a&nbsp;<strong>finan\u00e7ament<\/strong>&nbsp;per activitats relacionades amb el mar i l\u2019aigua dol\u00e7a.<\/li>\n\n\n\n<li>Disposar de&nbsp;<strong>recursos educatius<\/strong>&nbsp;i formacions en l\u00ednia sobre educaci\u00f3 blava.<\/li>\n\n\n\n<li>Col\u00b7laborar amb entitats del sector, enriquint el curr\u00edculum amb experi\u00e8ncies reals.<\/li>\n\n\n\n<li>Oportunitat de participar en esdeveniments internacionals, com el&nbsp;<strong>European Maritime Day<\/strong>.<\/li>\n\n\n\n<li>Prioritat en recursos, formacions o activitats de cultura oce\u00e0nica i de l\u2019aigua.<\/li>\n<\/ul>\n\n\n\n<h5 class=\"wp-block-heading\"><strong>Quins s\u00f3n els criteris per ser Escola Blava?<\/strong><\/h5>\n\n\n\n<p>Per obtenir el reconeixement de la <a href=\"https:\/\/maritime-forum.ec.europa.eu\/theme\/ocean-literacy-and-blue-skills\/ocean-literacy\/network-european-blue-schools_en\">Network of European Blue Schools<\/a> (NEBS), el projecte ha de complir&nbsp;<strong>5 requisits obligatoris<\/strong>:<\/p>\n\n\n\n<ol class=\"wp-block-list\">\n<li><strong>Desenvolupar un projecte amb activitats interconnectades<\/strong><strong><br><\/strong>No \u00e9s una acci\u00f3 puntual: cal plantejar un conjunt d\u2019activitats que es relacionin entre elles i \u00e9s una oportunitat per a col\u00b7laborar entre diferents departaments del centre.<\/li>\n\n\n\n<li><strong>Produir un resultat clar i tangible<\/strong><strong><br><\/strong>Pot ser un v\u00eddeo, una exposici\u00f3, un mural, un bloc\u2026 L\u2019important \u00e9s que hi hagi un producte final que mostri el treball fet.<\/li>\n\n\n\n<li><strong>Implicar tot l\u2019alumnat<\/strong><strong><br><\/strong>El projecte ha de ser inclusiu i arribar a tots els grups que s\u2019hagin definit des del principi. El gruo m\u00ednim seria una classe.<\/li>\n\n\n\n<li><strong>Col\u00b7laborar amb una entitat local<\/strong><strong><br><\/strong>Pot ser un centre de recerca, una universitat, una associaci\u00f3 ambiental, una confraria de pescadors, un museu, una empresa local blava, un ajuntament\u2026 La idea \u00e9s connectar escola i comunitat.<\/li>\n\n\n\n<li><strong>Comunicar els resultats del projecte<\/strong><strong><br><\/strong>Compartiu-ho amb les fam\u00edlies, a les xarxes socials i la web del centre, als mitjans locals o en trobades educatives fent una xerrada. La difusi\u00f3 \u00e9s clau!<\/li>\n<\/ol>\n\n\n\n<p>Des de l&#8217;institut Baix Empord\u00e0 estem treballant per convertir-nos en <strong><a href=\"https:\/\/maritime-forum.ec.europa.eu\/theme\/ocean-literacy-and-blue-skills\/ocean-literacy\/network-european-blue-schools\/become-european-blue-school_en\">Escola Blava Europea<\/a><\/strong> i complir tots els 5 primers requisits.<\/p>\n","protected":false},"excerpt":{"rendered":"<p>Escoles Verdes A l&#8217;institut Baix Empord\u00e0 som Escola Verda i formem part de la xarxa d&#8217;Escoles Verdes de Catalunya (XESC). El Programa escoles verdes sorgeix com un comprom\u00eds de la Generalitat de Catalunya per donar suport a tots els centres educatius de Catalunya que volen innovar, incloure, avan\u00e7ar, sistematitzar i organitzar accions educatives que tinguin [&hellip;]<\/p>\n","protected":false},"author":1,"featured_media":0,"parent":19,"menu_order":0,"comment_status":"closed","ping_status":"closed","template":"","meta":{"site-sidebar-layout":"default","site-content-layout":"","ast-site-content-layout":"default","site-content-style":"default","site-sidebar-style":"default","ast-global-header-display":"","ast-banner-title-visibility":"","ast-main-header-display":"","ast-hfb-above-header-display":"","ast-hfb-below-header-display":"","ast-hfb-mobile-header-display":"","site-post-title":"","ast-breadcrumbs-content":"","ast-featured-img":"","footer-sml-layout":"","theme-transparent-header-meta":"","adv-header-id-meta":"","stick-header-meta":"","header-above-stick-meta":"","header-main-stick-meta":"","header-below-stick-meta":"","astra-migrate-meta-layouts":"set","ast-page-background-enabled":"default","ast-page-background-meta":{"desktop":{"background-color":"var(--ast-global-color-4)","background-image":"","background-repeat":"repeat","background-position":"center center","background-size":"auto","background-attachment":"scroll","background-type":"","background-media":"","overlay-type":"","overlay-color":"","overlay-opacity":"","overlay-gradient":""},"tablet":{"background-color":"","background-image":"","background-repeat":"repeat","background-position":"center center","background-size":"auto","background-attachment":"scroll","background-type":"","background-media":"","overlay-type":"","overlay-color":"","overlay-opacity":"","overlay-gradient":""},"mobile":{"background-color":"","background-image":"","background-repeat":"repeat","background-position":"center center","background-size":"auto","background-attachment":"scroll","background-type":"","background-media":"","overlay-type":"","overlay-color":"","overlay-opacity":"","overlay-gradient":""}},"ast-content-background-meta":{"desktop":{"background-color":"var(--ast-global-color-5)","background-image":"","background-repeat":"repeat","background-position":"center center","background-size":"auto","background-attachment":"scroll","background-type":"","background-media":"","overlay-type":"","overlay-color":"","overlay-opacity":"","overlay-gradient":""},"tablet":{"background-color":"var(--ast-global-color-5)","background-image":"","background-repeat":"repeat","background-position":"center center","background-size":"auto","background-attachment":"scroll","background-type":"","background-media":"","overlay-type":"","overlay-color":"","overlay-opacity":"","overlay-gradient":""},"mobile":{"background-color":"var(--ast-global-color-5)","background-image":"","background-repeat":"repeat","background-position":"center center","background-size":"auto","background-attachment":"scroll","background-type":"","background-media":"","overlay-type":"","overlay-color":"","overlay-opacity":"","overlay-gradient":""}},"footnotes":""},"class_list":["post-1434","page","type-page","status-publish","hentry"],"post_mailing_queue_ids":[],"_links":{"self":[{"href":"https:\/\/agora.xtec.cat\/insbaixemporda\/wp-json\/wp\/v2\/pages\/1434","targetHints":{"allow":["GET"]}}],"collection":[{"href":"https:\/\/agora.xtec.cat\/insbaixemporda\/wp-json\/wp\/v2\/pages"}],"about":[{"href":"https:\/\/agora.xtec.cat\/insbaixemporda\/wp-json\/wp\/v2\/types\/page"}],"author":[{"embeddable":true,"href":"https:\/\/agora.xtec.cat\/insbaixemporda\/wp-json\/wp\/v2\/users\/1"}],"replies":[{"embeddable":true,"href":"https:\/\/agora.xtec.cat\/insbaixemporda\/wp-json\/wp\/v2\/comments?post=1434"}],"version-history":[{"count":6,"href":"https:\/\/agora.xtec.cat\/insbaixemporda\/wp-json\/wp\/v2\/pages\/1434\/revisions"}],"predecessor-version":[{"id":3071,"href":"https:\/\/agora.xtec.cat\/insbaixemporda\/wp-json\/wp\/v2\/pages\/1434\/revisions\/3071"}],"up":[{"embeddable":true,"href":"https:\/\/agora.xtec.cat\/insbaixemporda\/wp-json\/wp\/v2\/pages\/19"}],"wp:attachment":[{"href":"https:\/\/agora.xtec.cat\/insbaixemporda\/wp-json\/wp\/v2\/media?parent=1434"}],"curies":[{"name":"wp","href":"https:\/\/api.w.org\/{rel}","templated":true}]}}