{"id":1430,"date":"2026-01-17T01:40:58","date_gmt":"2026-01-17T00:40:58","guid":{"rendered":"https:\/\/agora.xtec.cat\/insbaixemporda\/?page_id=1430"},"modified":"2026-04-13T13:50:12","modified_gmt":"2026-04-13T11:50:12","slug":"la-radio-del-baix","status":"publish","type":"page","link":"https:\/\/agora.xtec.cat\/insbaixemporda\/alumnat\/la-radio-del-baix\/","title":{"rendered":"La R\u00e0dio del Baix"},"content":{"rendered":"\n<p>Aqu\u00ed trobareu els P\u00f2dcasts que el nostre alumnat va fent.<\/p>\n\n\n\n<h4 class=\"wp-block-heading\"><strong>Freq\u00fc\u00e8ncia Jove<\/strong> <\/h4>\n\n\n\n<p>El p\u00f2dcast Freq\u00fc\u00e8ncia Jove \u00e9s el programa de r\u00e0dio que fan l&#8217;alumnat del Projecte Singular de l&#8217;institut Baix Empord\u00e0.<\/p>\n\n\n\n<div class=\"wp-block-buttons is-layout-flex wp-block-buttons-is-layout-flex\">\n<div class=\"wp-block-button\"><a class=\"wp-block-button__link wp-element-button\" href=\"https:\/\/drive.google.com\/file\/d\/142XTRfPrCJ2n_0BqjljHH5o4NRqubFIF\/view?usp=drive_link\">Programa 1<\/a><\/div>\n\n\n\n<div class=\"wp-block-button\"><a class=\"wp-block-button__link wp-element-button\" href=\"https:\/\/drive.google.com\/file\/d\/1ddn6ZPDDiJkhivDWj0qC_QUQCABs4zgV\/view?usp=drive_link\">Programa 2<\/a><\/div>\n\n\n\n<div class=\"wp-block-button\"><a class=\"wp-block-button__link wp-element-button\" href=\"https:\/\/drive.google.com\/file\/d\/112M4rsm4Okarg1eW89Ey1w8G1y-65BMj\/view?usp=drive_link\">Programa 3<\/a><\/div>\n\n\n\n<div class=\"wp-block-button\"><a class=\"wp-block-button__link wp-element-button\" href=\"https:\/\/drive.google.com\/file\/d\/14L-B_313i-Zzcpe34TbP7jh1JjLiu1Ed\/view?usp=drive_link\">Programa 4<\/a><\/div>\n\n\n\n<div class=\"wp-block-button\"><a class=\"wp-block-button__link wp-element-button\" href=\"https:\/\/drive.google.com\/file\/d\/1pg2NyiXoNA5QZJnXAb2t-A48aQT7wfFE\/view?usp=sharing\">Programa 5 (especial Harry)<\/a><\/div>\n\n\n\n<div class=\"wp-block-button\"><a class=\"wp-block-button__link wp-element-button\" href=\"https:\/\/drive.google.com\/file\/d\/1j_kHU3wO8d2slIZrLGqAX8aqafaHrvVF\/view?usp=sharing\">Programa 6<\/a><\/div>\n\n\n\n<div class=\"wp-block-button\"><a class=\"wp-block-button__link wp-element-button\" href=\"https:\/\/drive.google.com\/file\/d\/17YLCczpCORtR6W4t7fpEK3U3SfSrEClJ\/view?usp=drive_link\">Programa 7<\/a><\/div>\n\n\n\n<div class=\"wp-block-button\"><a class=\"wp-block-button__link wp-element-button\" href=\"https:\/\/drive.google.com\/file\/d\/1lB5itM-2VmrNeyjY7dOsEjaJay7dcZal\/view?usp=drive_link\">Programa 8<\/a><\/div>\n\n\n\n<div class=\"wp-block-button\"><a class=\"wp-block-button__link wp-element-button\" href=\"https:\/\/drive.google.com\/file\/d\/1O01LcVY0ZAEYBia-gu8JgUWihe7GEP6J\/view?usp=drive_link\">Programa 9 <\/a><\/div>\n\n\n\n<div class=\"wp-block-button\"><a class=\"wp-block-button__link wp-element-button\" href=\"https:\/\/drive.google.com\/file\/d\/1FwSNPDA_ezYqq9rNN10Lc5SGMUpC8LEr\/view?usp=drive_link\">Programa 10<\/a><\/div>\n\n\n\n<div class=\"wp-block-button\"><a class=\"wp-block-button__link wp-element-button\" href=\"https:\/\/drive.google.com\/file\/d\/1v5eNx-PRDgN9PCXq6hkGOUHHlhaM9FVS\/view?usp=drive_link\">Programa 11<\/a><\/div>\n\n\n\n<div class=\"wp-block-button\"><a class=\"wp-block-button__link wp-element-button\" href=\"https:\/\/drive.google.com\/file\/d\/1BLmViXOMMUxsXTbwsPvPyIusMdMc2BUF\/view?usp=drive_link\">Programa 12<\/a><\/div>\n<\/div>\n\n\n\n<p><\/p>\n\n\n\n<p><\/p>\n","protected":false},"excerpt":{"rendered":"<p>Aqu\u00ed trobareu els P\u00f2dcasts que el nostre alumnat va fent. Freq\u00fc\u00e8ncia Jove El p\u00f2dcast Freq\u00fc\u00e8ncia Jove \u00e9s el programa de r\u00e0dio que fan l&#8217;alumnat del Projecte Singular de l&#8217;institut Baix Empord\u00e0.<\/p>\n","protected":false},"author":1,"featured_media":0,"parent":1246,"menu_order":0,"comment_status":"closed","ping_status":"closed","template":"","meta":{"site-sidebar-layout":"default","site-content-layout":"","ast-site-content-layout":"default","site-content-style":"default","site-sidebar-style":"default","ast-global-header-display":"","ast-banner-title-visibility":"","ast-main-header-display":"","ast-hfb-above-header-display":"","ast-hfb-below-header-display":"","ast-hfb-mobile-header-display":"","site-post-title":"","ast-breadcrumbs-content":"","ast-featured-img":"","footer-sml-layout":"","theme-transparent-header-meta":"","adv-header-id-meta":"","stick-header-meta":"","header-above-stick-meta":"","header-main-stick-meta":"","header-below-stick-meta":"","astra-migrate-meta-layouts":"set","ast-page-background-enabled":"default","ast-page-background-meta":{"desktop":{"background-color":"var(--ast-global-color-4)","background-image":"","background-repeat":"repeat","background-position":"center center","background-size":"auto","background-attachment":"scroll","background-type":"","background-media":"","overlay-type":"","overlay-color":"","overlay-opacity":"","overlay-gradient":""},"tablet":{"background-color":"","background-image":"","background-repeat":"repeat","background-position":"center center","background-size":"auto","background-attachment":"scroll","background-type":"","background-media":"","overlay-type":"","overlay-color":"","overlay-opacity":"","overlay-gradient":""},"mobile":{"background-color":"","background-image":"","background-repeat":"repeat","background-position":"center center","background-size":"auto","background-attachment":"scroll","background-type":"","background-media":"","overlay-type":"","overlay-color":"","overlay-opacity":"","overlay-gradient":""}},"ast-content-background-meta":{"desktop":{"background-color":"var(--ast-global-color-5)","background-image":"","background-repeat":"repeat","background-position":"center center","background-size":"auto","background-attachment":"scroll","background-type":"","background-media":"","overlay-type":"","overlay-color":"","overlay-opacity":"","overlay-gradient":""},"tablet":{"background-color":"var(--ast-global-color-5)","background-image":"","background-repeat":"repeat","background-position":"center center","background-size":"auto","background-attachment":"scroll","background-type":"","background-media":"","overlay-type":"","overlay-color":"","overlay-opacity":"","overlay-gradient":""},"mobile":{"background-color":"var(--ast-global-color-5)","background-image":"","background-repeat":"repeat","background-position":"center center","background-size":"auto","background-attachment":"scroll","background-type":"","background-media":"","overlay-type":"","overlay-color":"","overlay-opacity":"","overlay-gradient":""}},"footnotes":""},"class_list":["post-1430","page","type-page","status-publish","hentry"],"post_mailing_queue_ids":[],"_links":{"self":[{"href":"https:\/\/agora.xtec.cat\/insbaixemporda\/wp-json\/wp\/v2\/pages\/1430","targetHints":{"allow":["GET"]}}],"collection":[{"href":"https:\/\/agora.xtec.cat\/insbaixemporda\/wp-json\/wp\/v2\/pages"}],"about":[{"href":"https:\/\/agora.xtec.cat\/insbaixemporda\/wp-json\/wp\/v2\/types\/page"}],"author":[{"embeddable":true,"href":"https:\/\/agora.xtec.cat\/insbaixemporda\/wp-json\/wp\/v2\/users\/1"}],"replies":[{"embeddable":true,"href":"https:\/\/agora.xtec.cat\/insbaixemporda\/wp-json\/wp\/v2\/comments?post=1430"}],"version-history":[{"count":6,"href":"https:\/\/agora.xtec.cat\/insbaixemporda\/wp-json\/wp\/v2\/pages\/1430\/revisions"}],"predecessor-version":[{"id":3407,"href":"https:\/\/agora.xtec.cat\/insbaixemporda\/wp-json\/wp\/v2\/pages\/1430\/revisions\/3407"}],"up":[{"embeddable":true,"href":"https:\/\/agora.xtec.cat\/insbaixemporda\/wp-json\/wp\/v2\/pages\/1246"}],"wp:attachment":[{"href":"https:\/\/agora.xtec.cat\/insbaixemporda\/wp-json\/wp\/v2\/media?parent=1430"}],"curies":[{"name":"wp","href":"https:\/\/api.w.org\/{rel}","templated":true}]}}