{"id":1406,"date":"2026-01-17T01:16:12","date_gmt":"2026-01-17T00:16:12","guid":{"rendered":"https:\/\/agora.xtec.cat\/insbaixemporda\/?page_id=1406"},"modified":"2026-01-17T01:27:39","modified_gmt":"2026-01-17T00:27:39","slug":"material-eso-i-batxillerat-pel-curs-2025-26","status":"publish","type":"page","link":"https:\/\/agora.xtec.cat\/insbaixemporda\/families\/material-i-llibres\/material-eso-i-batxillerat-pel-curs-2025-26\/","title":{"rendered":"Material ESO pel curs 2025-26"},"content":{"rendered":"\n<p>Els llibres i els materials&nbsp;<strong>s\u2019hauran d\u2019adquirir individualment on es desitgi<\/strong>. Es recomana comprar en establiments de proximitat. Hi ha material espec\u00edfic que si s\u2019indica on es pot adquirir.<\/p>\n\n\n\n<p>A l&#8217;institut Baix Empord\u00e0 funcionem amb <strong>LLIBRES SOCIALITZATS<\/strong> a l&#8217;ESO i al Batxillerat<\/p>\n\n\n\n<h4 class=\"wp-block-heading\">ESO<\/h4>\n\n\n\n<ul class=\"wp-block-list\">\n<li>Llibres i material de&nbsp;<strong>1r d\u2019ESO<\/strong>\n<ul class=\"wp-block-list\">\n<li>Alumnat de 1r d\u2019ESO ordinari \u2013&nbsp;<a href=\"http:\/\/insbaixemporda.cat\/wp-content\/uploads\/2025\/07\/1rMaterial-FAM%C3%8DLIES-CURS-25-26_1ESO.pdf\" target=\"_blank\" rel=\"noreferrer noopener\"><strong>Veure el llistat de llibres i material&nbsp;<\/strong><\/a><\/li>\n\n\n\n<li>Alumnat de 1r d\u2019ESO NESE (Necessitats Espec\u00edfiques de Suport Educatiu) \u2013&nbsp;<a href=\"http:\/\/insbaixemporda.cat\/wp-content\/uploads\/2025\/07\/1NESE-Material-FAM%C3%8DLIES-CURS-25-26_1ESO.pdf\" target=\"_blank\" rel=\"noreferrer noopener\"><strong>Veure el llistat de llibres i material.<\/strong><\/a><\/li>\n<\/ul>\n<\/li>\n\n\n\n<li>Llibres i material de&nbsp;<strong>2n d\u2019ESO&nbsp;&nbsp;<\/strong>\n<ul class=\"wp-block-list\">\n<li>Alumnat de 2n d\u2019ESO ordinari \u2013&nbsp;<a href=\"http:\/\/insbaixemporda.cat\/wp-content\/uploads\/2025\/07\/2nMaterial-FAM%C3%8DLIES-CURS-25-26_2ESO.pdf\" target=\"_blank\" rel=\"noreferrer noopener\"><strong>Veure el llistat de llibres i material<\/strong><\/a><\/li>\n\n\n\n<li>Alumnat de 2n d\u2019ESO NESE (Necessitats Espec\u00edfiques de Suport Educatiu) \u2013&nbsp;<a href=\"http:\/\/insbaixemporda.cat\/wp-content\/uploads\/2025\/07\/2NESE-Material-FAM%C3%8DLIES-CURS-25-26_2ESO.pdf\" target=\"_blank\" rel=\"noreferrer noopener\"><strong>Veure el llistat de llibres i material<\/strong><\/a><\/li>\n<\/ul>\n<\/li>\n\n\n\n<li>Llibres i material de&nbsp;<strong>3r d\u2019ESO&nbsp;<\/strong>\n<ul class=\"wp-block-list\">\n<li>Alumnat de 3r d\u2019ESO ordinari \u2013&nbsp;<a href=\"http:\/\/insbaixemporda.cat\/wp-content\/uploads\/2025\/07\/3rMaterial-FAM%C3%8DLIES-CURS-25-26_3ESO.pdf\" target=\"_blank\" rel=\"noreferrer noopener\"><strong>Veure el llistat de llibres i material<\/strong><\/a><\/li>\n\n\n\n<li>Alumnat de 3r d\u2019ESO NESE (Necessitats Espec\u00edfiques de Suport Educatiu) \u2013&nbsp;<a href=\"http:\/\/insbaixemporda.cat\/wp-content\/uploads\/2025\/07\/3NESE-Material-FAM%C3%8DLIES-CURS-25-26_3ESO.pdf\" target=\"_blank\" rel=\"noreferrer noopener\"><strong>Veure el llistat de llibres i material<\/strong><\/a><\/li>\n<\/ul>\n<\/li>\n\n\n\n<li>Llibres i material de&nbsp;<strong>4t d\u2019ESO&nbsp;<\/strong>\n<ul class=\"wp-block-list\">\n<li>Alumnat de 4t d\u2019ESO ordinari \u2013&nbsp;<a href=\"http:\/\/insbaixemporda.cat\/wp-content\/uploads\/2025\/07\/4tMaterial-FAM%C3%8DLIES-CURS-25-26_4ESO.pdf\" target=\"_blank\" rel=\"noreferrer noopener\"><strong>Veure el llistat de llibres i material<\/strong><\/a><\/li>\n\n\n\n<li>Alumnat de 4t d\u2019ESO NESE (Necessitats Espec\u00edfiques de Suport Educatiu) \u2013&nbsp;<a href=\"http:\/\/insbaixemporda.cat\/wp-content\/uploads\/2025\/07\/4NESE-Material-FAM%C3%8DLIES-CURS-25-26_4ESO.pdf\" target=\"_blank\" rel=\"noreferrer noopener\"><strong>Veure el llistat de llibres i material.<\/strong><\/a><\/li>\n<\/ul>\n<\/li>\n\n\n\n<li>L\u2019alumnat&nbsp;<strong>SIEI<\/strong>&nbsp;(Suport Intensiu per a l&#8217;Escolaritzaci\u00f3 Inclusiva) de 1r, 2n, 3r i 4t va ser informat a la reuni\u00f3 amb les fam\u00edlies que es va fer el mes de juliol.<\/li>\n<\/ul>\n","protected":false},"excerpt":{"rendered":"<p>Els llibres i els materials&nbsp;s\u2019hauran d\u2019adquirir individualment on es desitgi. Es recomana comprar en establiments de proximitat. Hi ha material espec\u00edfic que si s\u2019indica on es pot adquirir. A l&#8217;institut Baix Empord\u00e0 funcionem amb LLIBRES SOCIALITZATS a l&#8217;ESO i al Batxillerat ESO<\/p>\n","protected":false},"author":1,"featured_media":0,"parent":1408,"menu_order":0,"comment_status":"closed","ping_status":"closed","template":"","meta":{"site-sidebar-layout":"default","site-content-layout":"","ast-site-content-layout":"default","site-content-style":"default","site-sidebar-style":"default","ast-global-header-display":"","ast-banner-title-visibility":"","ast-main-header-display":"","ast-hfb-above-header-display":"","ast-hfb-below-header-display":"","ast-hfb-mobile-header-display":"","site-post-title":"","ast-breadcrumbs-content":"","ast-featured-img":"","footer-sml-layout":"","theme-transparent-header-meta":"","adv-header-id-meta":"","stick-header-meta":"","header-above-stick-meta":"","header-main-stick-meta":"","header-below-stick-meta":"","astra-migrate-meta-layouts":"set","ast-page-background-enabled":"default","ast-page-background-meta":{"desktop":{"background-color":"var(--ast-global-color-4)","background-image":"","background-repeat":"repeat","background-position":"center center","background-size":"auto","background-attachment":"scroll","background-type":"","background-media":"","overlay-type":"","overlay-color":"","overlay-opacity":"","overlay-gradient":""},"tablet":{"background-color":"","background-image":"","background-repeat":"repeat","background-position":"center center","background-size":"auto","background-attachment":"scroll","background-type":"","background-media":"","overlay-type":"","overlay-color":"","overlay-opacity":"","overlay-gradient":""},"mobile":{"background-color":"","background-image":"","background-repeat":"repeat","background-position":"center center","background-size":"auto","background-attachment":"scroll","background-type":"","background-media":"","overlay-type":"","overlay-color":"","overlay-opacity":"","overlay-gradient":""}},"ast-content-background-meta":{"desktop":{"background-color":"var(--ast-global-color-5)","background-image":"","background-repeat":"repeat","background-position":"center center","background-size":"auto","background-attachment":"scroll","background-type":"","background-media":"","overlay-type":"","overlay-color":"","overlay-opacity":"","overlay-gradient":""},"tablet":{"background-color":"var(--ast-global-color-5)","background-image":"","background-repeat":"repeat","background-position":"center center","background-size":"auto","background-attachment":"scroll","background-type":"","background-media":"","overlay-type":"","overlay-color":"","overlay-opacity":"","overlay-gradient":""},"mobile":{"background-color":"var(--ast-global-color-5)","background-image":"","background-repeat":"repeat","background-position":"center center","background-size":"auto","background-attachment":"scroll","background-type":"","background-media":"","overlay-type":"","overlay-color":"","overlay-opacity":"","overlay-gradient":""}},"footnotes":""},"class_list":["post-1406","page","type-page","status-publish","hentry"],"post_mailing_queue_ids":[],"_links":{"self":[{"href":"https:\/\/agora.xtec.cat\/insbaixemporda\/wp-json\/wp\/v2\/pages\/1406","targetHints":{"allow":["GET"]}}],"collection":[{"href":"https:\/\/agora.xtec.cat\/insbaixemporda\/wp-json\/wp\/v2\/pages"}],"about":[{"href":"https:\/\/agora.xtec.cat\/insbaixemporda\/wp-json\/wp\/v2\/types\/page"}],"author":[{"embeddable":true,"href":"https:\/\/agora.xtec.cat\/insbaixemporda\/wp-json\/wp\/v2\/users\/1"}],"replies":[{"embeddable":true,"href":"https:\/\/agora.xtec.cat\/insbaixemporda\/wp-json\/wp\/v2\/comments?post=1406"}],"version-history":[{"count":2,"href":"https:\/\/agora.xtec.cat\/insbaixemporda\/wp-json\/wp\/v2\/pages\/1406\/revisions"}],"predecessor-version":[{"id":1411,"href":"https:\/\/agora.xtec.cat\/insbaixemporda\/wp-json\/wp\/v2\/pages\/1406\/revisions\/1411"}],"up":[{"embeddable":true,"href":"https:\/\/agora.xtec.cat\/insbaixemporda\/wp-json\/wp\/v2\/pages\/1408"}],"wp:attachment":[{"href":"https:\/\/agora.xtec.cat\/insbaixemporda\/wp-json\/wp\/v2\/media?parent=1406"}],"curies":[{"name":"wp","href":"https:\/\/api.w.org\/{rel}","templated":true}]}}