{"id":1402,"date":"2026-01-17T01:10:37","date_gmt":"2026-01-17T00:10:37","guid":{"rendered":"https:\/\/agora.xtec.cat\/insbaixemporda\/?page_id=1402"},"modified":"2026-01-17T01:11:42","modified_gmt":"2026-01-17T00:11:42","slug":"empreses-collaboradores","status":"publish","type":"page","link":"https:\/\/agora.xtec.cat\/insbaixemporda\/linstitut\/empreses-collaboradores\/","title":{"rendered":"Empreses col\u00b7laboradores"},"content":{"rendered":"\n<p>Empreses col\u00b7laboradores en la formaci\u00f3 en centres de treball del nostre alumnat durant els cursos (anys 2023 a 2025).<br>Des del nostre centre agra\u00efm la col\u00b7laboraci\u00f3 de les 332 empreses i institucions que figuren a continuaci\u00f3 per la seva contribuci\u00f3 a completar la formaci\u00f3 del nostre alumnat.<\/p>\n\n\n\n<h4 class=\"wp-block-heading has-text-align-center\">Cicles Formatius<\/h4>\n\n\n\n<div class=\"wp-block-columns is-layout-flex wp-container-core-columns-is-layout-1 wp-block-columns-is-layout-flex\">\n<div class=\"wp-block-column is-layout-flow wp-block-column-is-layout-flow\">\n<h6 class=\"wp-block-heading\">CFGM Electromec\u00e0nica de vehicles autom\u00f2bils<\/h6>\n\n\n\n<ul class=\"wp-block-list\">\n<li>AUTOMOCIO I SERVEIS DEL NORD-EST SL<\/li>\n\n\n\n<li>FABIAN PORTILLO CARMONA<\/li>\n\n\n\n<li>DAVID ISERN CLIMENT<\/li>\n\n\n\n<li>GARATGE MATAS SL<\/li>\n\n\n\n<li>PNEUMATICS I TREN DE RENTAT SL<\/li>\n\n\n\n<li>CARLES BADOSA SALVADOR<\/li>\n\n\n\n<li>IVAN SANTAMARINA GONZALEZ<\/li>\n\n\n\n<li>TALLERS AUTOADA SL<\/li>\n\n\n\n<li>PERE PELLICER FERRER<\/li>\n\n\n\n<li>GARATGE PONSAT\u00cd SL<\/li>\n\n\n\n<li>AUTOBLAY SL<\/li>\n\n\n\n<li>ARO MOTOR J PARADEDA SL<\/li>\n\n\n\n<li>ANTONIO SANCHEZ QUESADA<\/li>\n\n\n\n<li>VALL D\u2019ARO MOTORS SC<\/li>\n\n\n\n<li>SERVI-KIA 2002 SL<\/li>\n\n\n\n<li>RAFAEL GUILLEN MANERA<\/li>\n\n\n\n<li>AUTO ATELIER 2015 SL<\/li>\n\n\n\n<li>AUTO EL\u00c8CTRIC I MEC\u00c0NICA VILA SL<\/li>\n\n\n\n<li>AUTOMOTOR SC<\/li>\n\n\n\n<li>AUTONAUTICA EMPORDA<\/li>\n\n\n\n<li>CAR SERVICE VINIMI S.C<\/li>\n\n\n\n<li>EL MANETES<\/li>\n\n\n\n<li>GARATGE ESTACI\u00d3 SC<\/li>\n\n\n\n<li>GARATGE LLOFRIU<\/li>\n\n\n\n<li>GREEN STAR SL<\/li>\n\n\n\n<li>HELLER MOTOR S.L.<\/li>\n\n\n\n<li>JOCOMA SERVEIS I MANTENIMENTS SL<\/li>\n\n\n\n<li>MMS ACCESSORIS SL<\/li>\n\n\n\n<li>PLANXISTERIA SANT ANTONI SL<\/li>\n\n\n\n<li>PORTES BISBAL SL<\/li>\n\n\n\n<li>PUIG LAPORTA SA<\/li>\n\n\n\n<li>TALLER FORALLAC<\/li>\n\n\n\n<li>TALLER NOU CALONGE, SL<\/li>\n\n\n\n<li>TALLER PLANXAUTO 2005 SLL<\/li>\n\n\n\n<li>TALLERES J.PORCEL SL<\/li>\n\n\n\n<li>TALLERS MARQU\u00c9S SC<\/li>\n\n\n\n<li>TALLERS SERRATOSA SL<\/li>\n\n\n\n<li>VALL D\u2019ARO MOTORS SC<\/li>\n\n\n\n<li>EMPORSPEED SANT FELIU DE GUIXOLS<\/li>\n\n\n\n<li>TALLER AVINGUDA<\/li>\n\n\n\n<li>TALLER MEC\u00c0NIC ANTONIO SANCHEZ<\/li>\n\n\n\n<li>TALLER TORROELLA DE MONTGR\u00cd<\/li>\n\n\n\n<li>GARATGE PERE MIR<\/li>\n\n\n\n<li>TALLERES SANTAMARINA<\/li>\n\n\n\n<li>TALLER MEC\u00c0NIC FABIAN PORTILLO CARMONA<\/li>\n\n\n\n<li>RENAULT PALAFRUGELL<\/li>\n\n\n\n<li>AUTOTALLER GOU<\/li>\n\n\n\n<li>LA BISBAL<\/li>\n\n\n\n<li>BIG MOTO<\/li>\n\n\n\n<li>SEU MONT-RAS<\/li>\n<\/ul>\n\n\n\n<h6 class=\"wp-block-heading\">CFGS Administraci\u00f3 i finances<\/h6>\n\n\n\n<ul class=\"wp-block-list\">\n<li>AJUNTAMENT DE CALONGE<\/li>\n\n\n\n<li>DECOR FUSTA BAIX EMPORD\u00c0 SL<\/li>\n\n\n\n<li>VIATGES RIGATOURS SL<\/li>\n\n\n\n<li>ZANOTELLI SL<\/li>\n\n\n\n<li>EXPERTIA GROUP BAIXEMPORD\u00c0 SL<\/li>\n\n\n\n<li>GRUP GESTOR ADMINISTRACIONS I SERVEIS 2020 SL<\/li>\n\n\n\n<li>ANASS EL HAOUZI ZAKI<\/li>\n\n\n\n<li>CARLOS DIAZ HUERTAS<\/li>\n\n\n\n<li>ANGLO LTD<\/li>\n\n\n\n<li>ARMACELL IBERIA SL<\/li>\n\n\n\n<li>ASSESSORIA NELL CONSULTING SL<\/li>\n\n\n\n<li>DK8 ASSESSORS SC<\/li>\n\n\n\n<li>GRUP COSTA BRAVA CENTRE SCCL<\/li>\n\n\n\n<li>GUILLEM BOSSACOMA XICOIRA ADVOCATS<\/li>\n\n\n\n<li>LEADERFOX<\/li>\n\n\n\n<li>PALAFRUGELL ASSESSORS JCM SL<\/li>\n\n\n\n<li>PARK HOTEL SAN JORGE<\/li>\n\n\n\n<li>PUNT IMG SERVEIS SL<\/li>\n\n\n\n<li>TAX BAIX EMPORDA, S.L<\/li>\n\n\n\n<li>UGARTE GINER ASSESSORAMENT SL<\/li>\n\n\n\n<li>UNIO EMPRESARIS HOSTALERIA I TURISME COSTA BRAVA CENTRE<\/li>\n\n\n\n<li>WESTBOURNE ACADEMY SCHOOL OF ENGLISH<\/li>\n\n\n\n<li>SEGUR VISIO<\/li>\n\n\n\n<li>COL.LEGI COR DE MARIA-LA BISBAL<\/li>\n\n\n\n<li>SEGUROS PALMERAS-AHZ SEGUROS<\/li>\n<\/ul>\n\n\n\n<h6 class=\"wp-block-heading\">CFGM Gesti\u00f3 administrativa orientat a l\u2019\u00e0mbit jur\u00eddic<\/h6>\n\n\n\n<ul class=\"wp-block-list\">\n<li>AJUNTAMENT DE PALAFRUGELL<\/li>\n\n\n\n<li>BUFET PLAJA ADVOCATS<\/li>\n\n\n\n<li>PORCEL ADVOCATS<\/li>\n\n\n\n<li>DEPARTAMENT DE JUSTICIA (JUTJATS DE BLANES)<\/li>\n\n\n\n<li>DEPARTAMENT DE JUSTICIA (JUTJATS DE LA BISBAL D\u2019EMPORD\u00c0)<\/li>\n\n\n\n<li>ELECTER SL<\/li>\n\n\n\n<li>CAMBRA DE COMER\u00c7 DE SANT FELIU DE GU\u00cdXOLS<\/li>\n\n\n\n<li>CONSELL COMARCAL DEL BAIX EMPORD\u00c0<\/li>\n\n\n\n<li>GUILLEM BOSSACOMA XICOIRA ADVOCATS<\/li>\n\n\n\n<li>PALAM\u00d3S ASSESSORS, SL<\/li>\n\n\n\n<li>ROJAS DELGADO SL<\/li>\n\n\n\n<li>COL.LEGI COR DE MARIA- LA BISBAL<\/li>\n\n\n\n<li>BAIX EMPORDA SERVEIS<\/li>\n\n\n\n<li>DEPARTAMENT DE JUSTICIA-DRETS I MEMORIA- GIRONA<\/li>\n\n\n\n<li>OFICINA D\u2019ATENCIO CIUTADANA-PALAFRUGELL<\/li>\n\n\n\n<li>DEPARTAMENT DE JUSTICIA, DRETS I MEMORIA-JUTJATS DE GIRONA<\/li>\n\n\n\n<li>REGISTRE DE LA PROPIETAT DE PALAFRUGELL<\/li>\n\n\n\n<li>DAVID CARRASCO ADVOCAT-PALAMOS<\/li>\n\n\n\n<li>ESPEJO PEREZ&amp;ASSOCIATS-CALONGE<\/li>\n\n\n\n<li>FINQUES COSTA BRAVA REAL ESTATE<\/li>\n\n\n\n<li>JENNIFER PEREZ TORRES<\/li>\n\n\n\n<li>LAMYA LAMRINI HADDAD<\/li>\n\n\n\n<li>DAVID MELGAR GARCIA<\/li>\n\n\n\n<li>ERNEST PLAJA GALI<\/li>\n\n\n\n<li>CRISTINA GRANELL CASALS<\/li>\n<\/ul>\n<\/div>\n\n\n\n<div class=\"wp-block-column is-layout-flow wp-block-column-is-layout-flow\">\n<h6 class=\"wp-block-heading\">CFGM Forneria, pastisseria i confiteria<\/h6>\n\n\n\n<ul class=\"wp-block-list\">\n<li>PASTISSERIA FONT SL<\/li>\n\n\n\n<li>LLEVANT FORA PUNTES SL<\/li>\n\n\n\n<li>LA INQUIETA GASTRONOMICA SLU<\/li>\n\n\n\n<li>ARTOAL SL<\/li>\n\n\n\n<li>BALDIRI I M\u00aa MONTSERRAT FERRER I BECH<\/li>\n\n\n\n<li>COLLBONI 1888 SL<\/li>\n\n\n\n<li>DURAN I ESPADA SC<\/li>\n\n\n\n<li>JAIME FONT CASADEVALL JOSE FONT CASADEVALL CB<\/li>\n\n\n\n<li>PASTISSERIA BATALLE SL<\/li>\n\n\n\n<li>PASTISSERIA GL\u00d2RIA<\/li>\n\n\n\n<li>PASTISSERIA J BRUGUES<\/li>\n\n\n\n<li>PIZZERIA LA RIERA SL<\/li>\n\n\n\n<li>FLECA PASTISSERIA CAN DURAN 108<\/li>\n\n\n\n<li>RESTAURANT EL DESCARAT<\/li>\n<\/ul>\n\n\n\n<h6 class=\"wp-block-heading\">CFGS Direcci\u00f3 de cuina (Formaci\u00f3 Dual)<\/h6>\n\n\n\n<ul class=\"wp-block-list\">\n<li>LLEVANT FORA FORA PUNTES SL<\/li>\n\n\n\n<li>B&amp;E 2020 SL<\/li>\n\n\n\n<li>EXPLOTACIONES DEL AMPURDAN SL<\/li>\n\n\n\n<li>ES PORTAL PALS SL<\/li>\n\n\n\n<li>HOTEL SANT ROC SA<\/li>\n\n\n\n<li>JOROFON SL<\/li>\n\n\n\n<li>LA CIBOULETTE SL<\/li>\n\n\n\n<li>RESTAURANT LLAFRANC<\/li>\n\n\n\n<li>RESTAURANT LA PLA\u00c7A<\/li>\n\n\n\n<li>RESTAURANT MAS DELS ARCS<\/li>\n\n\n\n<li>RESTAURANT SILOC<\/li>\n\n\n\n<li>SALLES HOTEL &amp; SPA CALA DEL PI<\/li>\n<\/ul>\n\n\n\n<h6 class=\"wp-block-heading\">CFGS Sistemes electrot\u00e8cnics i automatitzats (Formaci\u00f3 Dual)<\/h6>\n\n\n\n<ul class=\"wp-block-list\">\n<li>GREEN ELECTRIC ENERGIES RENOVABLES SL<\/li>\n\n\n\n<li>JOSE SANCHEZ GARCIA<\/li>\n\n\n\n<li>BRAVIDA SVERIGE<\/li>\n\n\n\n<li>CLUB NAUTIC PALAMOS<\/li>\n\n\n\n<li>CB ARTESANOS GASTRONOMICOS SLU<\/li>\n\n\n\n<li>3CONTROL SC<\/li>\n\n\n\n<li>AMBE ELECTR\u00d2NICA INDUSTRIAL SL<\/li>\n\n\n\n<li>AMITEC AUTOMATISMES SL<\/li>\n\n\n\n<li>ARMACELL IBERIA SL<\/li>\n\n\n\n<li>CLIMA BEGUR SL<\/li>\n\n\n\n<li>COMEXI GROUP INDUSTRIES SA<\/li>\n\n\n\n<li>DEMOPACK SL (GRUP MIL\u00c1N)<\/li>\n\n\n\n<li>FRIT RAVICH SL<\/li>\n\n\n\n<li>ENVASES PL\u00c1STICOS DEL TER SA (ENPLATER)<\/li>\n\n\n\n<li>HUTCHINSON NICHIRIN BRAKE HOSES, SL<\/li>\n\n\n\n<li>INSTAL\u00b7LACIONS BLOE SL<\/li>\n\n\n\n<li>INSTAL\u00b7LACIONS JOAN SERVI\u00c0 SL<\/li>\n\n\n\n<li>JVIGAS SA<\/li>\n\n\n\n<li>LAMPISTERIA SABRI\u00c0 SL<\/li>\n\n\n\n<li>ROGLANS SA<\/li>\n\n\n\n<li>SELEC ENV\u00c0S 2004 SLU<\/li>\n\n\n\n<li>TECNOEL\u00c8CTRIC GIRONA SL<\/li>\n\n\n\n<li>TREFINOS SL<\/li>\n\n\n\n<li>LAMPISTERIA SANCHEZ GARCIA<\/li>\n\n\n\n<li>CAN BECH \u2013 PALAFRUGELL<\/li>\n<\/ul>\n\n\n\n<h6 class=\"wp-block-heading\">CFGM Gesti\u00f3 administrativa<\/h6>\n\n\n\n<ul class=\"wp-block-list\">\n<li>AJUNTAMENT DE CALONGE<\/li>\n\n\n\n<li>AJUNTAMENT DE PALAFRUGELL<\/li>\n\n\n\n<li>ALEX ASSESSORIA<\/li>\n\n\n\n<li>ARKITEKTURA<\/li>\n\n\n\n<li>MASCA MOTOR SL<\/li>\n\n\n\n<li>WESDURLAN SL<\/li>\n\n\n\n<li>LAPONA ARMARIO SOSTENIBLE SL<\/li>\n\n\n\n<li>ESCOLA PI VERD<\/li>\n\n\n\n<li>CARLESER SL<\/li>\n\n\n\n<li>OFIMON<\/li>\n\n\n\n<li>SALMA LAGHZAOUI<\/li>\n\n\n\n<li>LAURA RAMI\u00d3 BELLT<\/li>\n\n\n\n<li>UGARTE GINER ASSESSORAMENT SL<\/li>\n\n\n\n<li>COMPUT APAGE SL<\/li>\n\n\n\n<li>CAP PALAFRUGELL<\/li>\n\n\n\n<li>CAP PALAMOS<\/li>\n\n\n\n<li>EMPLATER<\/li>\n\n\n\n<li>CONSORCI ASSISTENCIAL DEL BAIX EMPORD\u00c0<\/li>\n\n\n\n<li>CREU ROJA ESPANYOLA<\/li>\n\n\n\n<li>FARM\u00c0CIA CAMP D\u2019EN PRATS C.B<\/li>\n\n\n\n<li>FUNDACI\u00d3 JOSEP PALLACH<\/li>\n\n\n\n<li>IMMOBIL\u00c0RIA COMANGAU SL<\/li>\n\n\n\n<li>J VIGAS SA<\/li>\n\n\n\n<li>JOSEP NICOLAU ESTANYOL<\/li>\n\n\n\n<li>LUNA GESTIO S.C<\/li>\n\n\n\n<li>PANINI ESPA\u00d1A SA<\/li>\n\n\n\n<li>TOP SAILING CHARTER SL<\/li>\n\n\n\n<li>TORRENT API SA<\/li>\n\n\n\n<li>XALOC FORMACI\u00d3 SL<\/li>\n\n\n\n<li>CAN BECH PALAFRUGELL<\/li>\n\n\n\n<li>CREU ROJA PALAFRUGELL<\/li>\n\n\n\n<li>HOSPITAL DE PALAM\u00d3S<\/li>\n\n\n\n<li>CLUB TENNIS LLAFRANC<\/li>\n\n\n\n<li>CARNISSERIES ARNALL<\/li>\n\n\n\n<li>GB ARTESANOS GASTRONOMICOS<\/li>\n\n\n\n<li>ARCAS ASSESSORIA COMPTABLE<\/li>\n\n\n\n<li>H&amp;A GESTIO FUTURA<\/li>\n\n\n\n<li>TAX ASSESSORIA I GESTI\u00d3<\/li>\n<\/ul>\n<\/div>\n\n\n\n<div class=\"wp-block-column is-layout-flow wp-block-column-is-layout-flow\">\n<h6 class=\"wp-block-heading\">CFGS Gesti\u00f3 d&#8217;allotjaments tur\u00edstics<\/h6>\n\n\n\n<ul class=\"wp-block-list\">\n<li>EMPORD\u00c0 GOLF CLUB SA<\/li>\n\n\n\n<li>AJUNTAMENT DE PALAFRUGELL<\/li>\n\n\n\n<li>ESPAI DE DESCANS SL<\/li>\n\n\n\n<li>CAP DE PALAFRUGELL<\/li>\n\n\n\n<li>OFICINA DE TURISME DE PALAFRUGELL<\/li>\n\n\n\n<li>ARRELS EMPORD\u00c0<\/li>\n\n\n\n<li>FUNDACI\u00d3 P\u00daBLICA MUSEU DEL SURO DE PALAFRUGELL<\/li>\n\n\n\n<li>COSMOPOLITA HOTEL BOUTIQUE AND SPA<\/li>\n\n\n\n<li>SHOPA SA<\/li>\n\n\n\n<li>BALADE SL<\/li>\n\n\n\n<li>LA COSTA GOLF &amp; BEACH RESORT<\/li>\n\n\n\n<li>AG\u00c8NCIA AVI BEGUR SL<\/li>\n\n\n\n<li>AJUNTAMENT DE CALONGE<\/li>\n\n\n\n<li>AJUNTAMENT DE PALAM\u00d3S<\/li>\n\n\n\n<li>ARRELS D\u2019EMPORD\u00c0 SL<\/li>\n\n\n\n<li>ECTUS SL ECOLOGIA TURISME I SOSTENIBILITAT SL<\/li>\n\n\n\n<li>EL DELFIN VERDE HOTEL CLIPPER(CLIPPER HOTEL****&amp;VILLAS)<\/li>\n\n\n\n<li>FUNDACI\u00d3 P\u00daBLICA MUSEU DEL SURO DE PALAFRUGELL<\/li>\n\n\n\n<li>GIRO RENT SL<\/li>\n\n\n\n<li>NOSY DE MAR SL<\/li>\n\n\n\n<li>OFICINA DE TURISME DE PALAFRUGELL<\/li>\n\n\n\n<li>PARK HOTEL SAN JORGE<\/li>\n<\/ul>\n\n\n\n<h6 class=\"wp-block-heading\">CFGM Serveis en restauraci\u00f3 (Formaci\u00f3 Dual)<\/h6>\n\n\n\n<p>ENTRE DOS MONS SC<br>HOSTALILLO SA<br>RESTAURANT PAHISSA DEL MAS POU<\/p>\n\n\n\n<h6 class=\"wp-block-heading\">CFGM Cuina i gastronomia (Formaci\u00f3 Dual)<\/h6>\n\n\n\n<ul class=\"wp-block-list\">\n<li>RESTAURANT CAN DOL\u00c7<\/li>\n\n\n\n<li>RESVIC-SIGA SL<\/li>\n\n\n\n<li>ESTEVE GARCIA VILANOVA<\/li>\n\n\n\n<li>COLLBLANC SEGLE XXI SL<\/li>\n\n\n\n<li>RESTAURANT NAUTIC PALAM\u00d3S<\/li>\n\n\n\n<li>RESTAURANT ELS TINARS<\/li>\n\n\n\n<li>HOTEL MAS GENER\u00d3S<\/li>\n\n\n\n<li>RESTAURANT LA JOVITA PER L\u2019ESTEVE GV<\/li>\n\n\n\n<li>NOLASC A CASA<\/li>\n\n\n\n<li>RESTAURANT CAN QUEL<\/li>\n\n\n\n<li>ENTRE DOS MONS SC<\/li>\n\n\n\n<li>HOTEL TERRAMAR S.A.<\/li>\n\n\n\n<li>RESTAURANT DVISI, S.C.<\/li>\n\n\n\n<li>RESTAURANT MONT-RAS<\/li>\n\n\n\n<li>RESTAURANT VILLA LAURA<\/li>\n\n\n\n<li>RESTAURANT XADO<\/li>\n\n\n\n<li>RV APARTAMENTS SA<\/li>\n<\/ul>\n\n\n\n<h6 class=\"wp-block-heading\">CFGM Instal\u00b7lacions el\u00e8ctriques i autom\u00e0tiques<\/h6>\n\n\n\n<ul class=\"wp-block-list\">\n<li>ESPAI DE DESCANS SL<\/li>\n\n\n\n<li>ARMACEL IBERIA SL<\/li>\n\n\n\n<li>TREFINOS<\/li>\n\n\n\n<li>ROGLANS SA<\/li>\n\n\n\n<li>GB ARTESANOS GASTRONOMICOS SLU<\/li>\n\n\n\n<li>CESAR BENITO GOMEZ<\/li>\n\n\n\n<li>ENGINYERIA DE CONTROL TECNOLOGIC EMPORD\u00c0 SL<\/li>\n\n\n\n<li>ELECTRICA AMPORDA SL<\/li>\n\n\n\n<li>ADAM PISCINES<\/li>\n\n\n\n<li>DISTRONIC EMPORD\u00c0 SL<\/li>\n\n\n\n<li>GAMOTEC BAIX EMPORD\u00c0 SL<\/li>\n\n\n\n<li>INSTAL\u00b7LACIONS T\u00c8CNIQUES ROJANO<\/li>\n\n\n\n<li>INSTAL\u00b7LACIONS RAMOS<\/li>\n\n\n\n<li>INSTAL\u00b7LACIONS I MANTENIMENT DARO SL<\/li>\n\n\n\n<li>INSTAL\u00b7LACIONS FABREGA<\/li>\n\n\n\n<li>INSTAL\u00b7LACIONS BAIXCAT SLU<\/li>\n\n\n\n<li>INSTAL\u00b7LACIONS 2020 SL<\/li>\n\n\n\n<li>INSTAL\u00b7LACIONS BAHI<\/li>\n\n\n\n<li>INSTAL\u00b7LACIONS COLL BONET SL<\/li>\n\n\n\n<li>INSTAL\u00b7LACIONS JORDI FELIU<\/li>\n\n\n\n<li>INSTAL\u00b7LACIONS FRIGOLA DEULOFEU SL<\/li>\n\n\n\n<li>INSTAL\u00b7LACIONS I MANTENIMENT JOSEP FLORES<\/li>\n\n\n\n<li>INSTAL\u00b7LACIONS JOAN SERVI\u00c0 SL<\/li>\n\n\n\n<li>INSTAL\u00b7LACIONS JORDI CASAS<\/li>\n\n\n\n<li>INSTAL\u00b7LACIONS JOSE LU\u00cdS GONZ\u00c1LEZ<\/li>\n\n\n\n<li>INSTAL\u00b7LACIONS JORDI PLANA<\/li>\n\n\n\n<li>INSTAL\u00b7LACIONS MANEN SL<\/li>\n\n\n\n<li>INSTAL\u00b7LACIONS SERGIO RA\u00daL RODR\u00cdGUEZ<\/li>\n\n\n\n<li>INSTAL\u00b7LACIONS TERRADELLES SL<\/li>\n\n\n\n<li>INSTAL\u00b7LACIONS C\u00c1RDENAS<\/li>\n\n\n\n<li>INSTAL\u00b7LACIONS GONZALEZ<\/li>\n\n\n\n<li>INSTAL\u00b7LACIONS E. CARRION<\/li>\n\n\n\n<li>MORA ROSAS SA<\/li>\n\n\n\n<li>PORTES BISBAL SL<\/li>\n\n\n\n<li>PROTELEC EMPORD\u00c0 SL<\/li>\n\n\n\n<li>ARRELS EMPORD\u00c0<\/li>\n\n\n\n<li>CAN BECH \u2013 PALAFRUGELL<\/li>\n\n\n\n<li>LUALDA ELECTRIC<\/li>\n\n\n\n<li>QUADRES ELECTRICS ANNA CUADROS<\/li>\n\n\n\n<li>SERVICIO TECNICO REPARACIONES TIANI ABDESSADEK<\/li>\n\n\n\n<li>EMPRESA INSTAL\u00b7LADORA EN BAIXA TENSI\u00d3 SALVADOR MIQUEL P\u00c9REZ<\/li>\n\n\n\n<li>LAMPISTERIA ESTEVE<\/li>\n\n\n\n<li>ZONA VERDA EMPORD\u00c0 SL<\/li>\n<\/ul>\n<\/div>\n<\/div>\n\n\n\n<h4 class=\"wp-block-heading has-text-align-center\">PFI -Programes de Formaci\u00f3 i Inserci\u00f3<\/h4>\n\n\n\n<div class=\"wp-block-columns is-layout-flex wp-container-core-columns-is-layout-2 wp-block-columns-is-layout-flex\">\n<div class=\"wp-block-column is-layout-flow wp-block-column-is-layout-flow\">\n<h6 class=\"wp-block-heading\">Auxiliar de serralleria i construccions met\u00e0l\u00b7liques<\/h6>\n\n\n\n<ul class=\"wp-block-list\">\n<li>AJUNTAMENT DE TORROELLA DE MONTGRI<\/li>\n\n\n\n<li>AJUNTAMENT MONT-RAS<\/li>\n\n\n\n<li>CARITAS DIOCESANA DE GIRONA<\/li>\n\n\n\n<li>CAVIGLASS MUNTATGES SL<\/li>\n\n\n\n<li>EMPRESA MIXTA D\u2019 AIGUES DE LA COSTA BRAVA SA<\/li>\n\n\n\n<li>PORTES BISBAL SA<\/li>\n\n\n\n<li>SERRALLERIA BATALLER SL<\/li>\n\n\n\n<li>SERRALLERIA XAVIER CESPEDES<\/li>\n\n\n\n<li>TANCAMENTS D\u2019ALUMINI RDM SL<\/li>\n\n\n\n<li>TANCAMENTS MONT-RAS PVC I ALUMINI 2010 SL<\/li>\n\n\n\n<li>XAVIER GARCIA MARTINEZ<\/li>\n\n\n\n<li>TALLER ABDELHAK NASSIRI BENALOU<\/li>\n\n\n\n<li>TALLER JORDI TRIAS<\/li>\n\n\n\n<li>AUTON\u00c0UTICA\u00a0 EMPORD\u00c0<\/li>\n<\/ul>\n<\/div>\n\n\n\n<div class=\"wp-block-column is-layout-flow wp-block-column-is-layout-flow\">\n<h6 class=\"wp-block-heading\">Auxiliar d\u2019hoteleria: serveis de restauraci\u00f3 i cuina<\/h6>\n\n\n\n<ul class=\"wp-block-list\">\n<li>RESTAURANT CAN QUEL<\/li>\n\n\n\n<li>RESTAURANT EL DESCARAT<\/li>\n\n\n\n<li>RESTAURANT MOTXA BEGUR<\/li>\n\n\n\n<li>RESTAURANT QUESADA<\/li>\n\n\n\n<li>TEATRE LA GORGA DE PALAM\u00d3S<\/li>\n\n\n\n<li>EHA SL<\/li>\n\n\n\n<li>HOTEL TRIAS<\/li>\n\n\n\n<li>VITALE GASTROHUB<\/li>\n\n\n\n<li>RESTAURANT LA MEDINA<\/li>\n\n\n\n<li>BAR JUANAN<\/li>\n\n\n\n<li>RESTAURANT ROSTEY<\/li>\n\n\n\n<li>RESTAURANT LA VILLA<\/li>\n\n\n\n<li>MUSEU DE LA PESCA<\/li>\n\n\n\n<li>RESTAURANT LLAFRANC<\/li>\n<\/ul>\n\n\n\n<h6 class=\"wp-block-heading\">Auxiliar de perruqueria i est\u00e8tica<\/h6>\n\n\n\n<ul class=\"wp-block-list\">\n<li>BARBERIA NOU ESTIL<\/li>\n\n\n\n<li>PERRUQUERIA ESTHER VILA<\/li>\n\n\n\n<li>EST\u00c8TICA GEMMA<\/li>\n\n\n\n<li>SAL\u00d3 FATI BEAUTY<\/li>\n\n\n\n<li>VANESA ARIAS<\/li>\n\n\n\n<li>PERRUQUERIA QUE CORTE!<\/li>\n\n\n\n<li>PERRUQUERIA ALBA<\/li>\n\n\n\n<li>TEATRE LA GORGA DE PALAM\u00d3S<\/li>\n\n\n\n<li>OFICINA DE TURISME DE PERATALLADA<\/li>\n<\/ul>\n<\/div>\n\n\n\n<div class=\"wp-block-column is-layout-flow wp-block-column-is-layout-flow\">\n<h6 class=\"wp-block-heading\">Auxiliar de vivers i jardins<\/h6>\n\n\n\n<ul class=\"wp-block-list\">\n<li>TEATRE LA GORGA DE PALAM\u00d3S<\/li>\n\n\n\n<li>BRIGADA MUNICIPAL DE PALAFRUGELL<\/li>\n\n\n\n<li>LLUIS PANN\u00d3N CLARAMUNT<\/li>\n\n\n\n<li>CENTRE OCUPACIONAL I DE TREBALL TRAMUNTANA (PALAFRUGELL)<\/li>\n\n\n\n<li>JARDINS I BOSCOS ENRIC<\/li>\n\n\n\n<li>ALBERT SAIS RODR\u00cdGUEZ<\/li>\n\n\n\n<li>JARDINS TRIADOR<\/li>\n\n\n\n<li>CENTRE OCUPACIONAL I DE TREBALL TRAMUNTANA<\/li>\n<\/ul>\n\n\n\n<h6 class=\"wp-block-heading\">Auxiliar de comer\u00e7 i atenci\u00f3 al p\u00fablic<\/h6>\n\n\n\n<ul class=\"wp-block-list\">\n<li>CENTRE MUNICIPAL D\u2019EDUCACI\u00d3<\/li>\n\n\n\n<li>HOSPITAL DE PALAM\u00d3S<\/li>\n\n\n\n<li>TEATRE LA GORGA DE PALAM\u00d3S<\/li>\n\n\n\n<li>AINE<\/li>\n\n\n\n<li>SALS DE MAR<\/li>\n\n\n\n<li>BITXUS<\/li>\n\n\n\n<li>BONAREA<\/li>\n\n\n\n<li>NOURIAS ATELIER<\/li>\n\n\n\n<li>RS AUTOMOTION<\/li>\n\n\n\n<li>BONAREA PALAFRUGELL<\/li>\n\n\n\n<li>\u00c0REA D\u2019ENSENYAMENT<\/li>\n\n\n\n<li>TOURYA\u00a0 DAZDAZ<\/li>\n<\/ul>\n<\/div>\n<\/div>\n","protected":false},"excerpt":{"rendered":"<p>Empreses col\u00b7laboradores en la formaci\u00f3 en centres de treball del nostre alumnat durant els cursos (anys 2023 a 2025).Des del nostre centre agra\u00efm la col\u00b7laboraci\u00f3 de les 332 empreses i institucions que figuren a continuaci\u00f3 per la seva contribuci\u00f3 a completar la formaci\u00f3 del nostre alumnat. Cicles Formatius CFGM Electromec\u00e0nica de vehicles autom\u00f2bils CFGS Administraci\u00f3 [&hellip;]<\/p>\n","protected":false},"author":1,"featured_media":0,"parent":19,"menu_order":0,"comment_status":"closed","ping_status":"closed","template":"","meta":{"site-sidebar-layout":"default","site-content-layout":"","ast-site-content-layout":"default","site-content-style":"default","site-sidebar-style":"default","ast-global-header-display":"","ast-banner-title-visibility":"","ast-main-header-display":"","ast-hfb-above-header-display":"","ast-hfb-below-header-display":"","ast-hfb-mobile-header-display":"","site-post-title":"","ast-breadcrumbs-content":"","ast-featured-img":"","footer-sml-layout":"","theme-transparent-header-meta":"","adv-header-id-meta":"","stick-header-meta":"","header-above-stick-meta":"","header-main-stick-meta":"","header-below-stick-meta":"","astra-migrate-meta-layouts":"set","ast-page-background-enabled":"default","ast-page-background-meta":{"desktop":{"background-color":"var(--ast-global-color-4)","background-image":"","background-repeat":"repeat","background-position":"center center","background-size":"auto","background-attachment":"scroll","background-type":"","background-media":"","overlay-type":"","overlay-color":"","overlay-opacity":"","overlay-gradient":""},"tablet":{"background-color":"","background-image":"","background-repeat":"repeat","background-position":"center center","background-size":"auto","background-attachment":"scroll","background-type":"","background-media":"","overlay-type":"","overlay-color":"","overlay-opacity":"","overlay-gradient":""},"mobile":{"background-color":"","background-image":"","background-repeat":"repeat","background-position":"center center","background-size":"auto","background-attachment":"scroll","background-type":"","background-media":"","overlay-type":"","overlay-color":"","overlay-opacity":"","overlay-gradient":""}},"ast-content-background-meta":{"desktop":{"background-color":"var(--ast-global-color-5)","background-image":"","background-repeat":"repeat","background-position":"center center","background-size":"auto","background-attachment":"scroll","background-type":"","background-media":"","overlay-type":"","overlay-color":"","overlay-opacity":"","overlay-gradient":""},"tablet":{"background-color":"var(--ast-global-color-5)","background-image":"","background-repeat":"repeat","background-position":"center center","background-size":"auto","background-attachment":"scroll","background-type":"","background-media":"","overlay-type":"","overlay-color":"","overlay-opacity":"","overlay-gradient":""},"mobile":{"background-color":"var(--ast-global-color-5)","background-image":"","background-repeat":"repeat","background-position":"center center","background-size":"auto","background-attachment":"scroll","background-type":"","background-media":"","overlay-type":"","overlay-color":"","overlay-opacity":"","overlay-gradient":""}},"footnotes":""},"class_list":["post-1402","page","type-page","status-publish","hentry"],"post_mailing_queue_ids":[],"_links":{"self":[{"href":"https:\/\/agora.xtec.cat\/insbaixemporda\/wp-json\/wp\/v2\/pages\/1402","targetHints":{"allow":["GET"]}}],"collection":[{"href":"https:\/\/agora.xtec.cat\/insbaixemporda\/wp-json\/wp\/v2\/pages"}],"about":[{"href":"https:\/\/agora.xtec.cat\/insbaixemporda\/wp-json\/wp\/v2\/types\/page"}],"author":[{"embeddable":true,"href":"https:\/\/agora.xtec.cat\/insbaixemporda\/wp-json\/wp\/v2\/users\/1"}],"replies":[{"embeddable":true,"href":"https:\/\/agora.xtec.cat\/insbaixemporda\/wp-json\/wp\/v2\/comments?post=1402"}],"version-history":[{"count":1,"href":"https:\/\/agora.xtec.cat\/insbaixemporda\/wp-json\/wp\/v2\/pages\/1402\/revisions"}],"predecessor-version":[{"id":1403,"href":"https:\/\/agora.xtec.cat\/insbaixemporda\/wp-json\/wp\/v2\/pages\/1402\/revisions\/1403"}],"up":[{"embeddable":true,"href":"https:\/\/agora.xtec.cat\/insbaixemporda\/wp-json\/wp\/v2\/pages\/19"}],"wp:attachment":[{"href":"https:\/\/agora.xtec.cat\/insbaixemporda\/wp-json\/wp\/v2\/media?parent=1402"}],"curies":[{"name":"wp","href":"https:\/\/api.w.org\/{rel}","templated":true}]}}