{"id":1309,"date":"2026-01-16T22:07:44","date_gmt":"2026-01-16T21:07:44","guid":{"rendered":"https:\/\/agora.xtec.cat\/insbaixemporda\/?page_id=1309"},"modified":"2026-01-17T00:07:42","modified_gmt":"2026-01-16T23:07:42","slug":"beques-erasmus-alumnat","status":"publish","type":"page","link":"https:\/\/agora.xtec.cat\/insbaixemporda\/erasmus-2\/erasmus\/beques-erasmus-alumnat\/","title":{"rendered":"Beques Erasmus+ Alumnat"},"content":{"rendered":"\n<p><strong>El nostre centre ha obtingut la Carta Erasmus per a Educaci\u00f3 Superior, tamb\u00e9 coneguda com&nbsp;(European Charter for Higher Education), que ens permet formar part del nou programa de la&nbsp;Uni\u00f3 Europea Erasmus +.<\/strong><\/p>\n\n\n\n<p>Erasmus+ integra sota una mateixa estructura programes anteriors com Comenius, Leonardo,&nbsp;Erasmus, etc. El nostre centre s\u2019acull al programa Erasmus+ per poder oferir al nostre&nbsp;alumnat de Cicles Formatius de Grau Superior l\u2019oportunitat de realitzar el per\u00edode de&nbsp;pr\u00e0ctiques en empreses (FCT) en un pa\u00eds de la Uni\u00f3 Europea.<\/p>\n\n\n\n<p>El programa Erasmus+ brinda l\u2019oportunitat d\u2019adquirir una experi\u00e8ncia molt enriquidora, tant en l&#8217;\u00e0mbit professional com personal. En el terreny professional, obre les portes a noves formes de&nbsp;treball i a possibles contactes professionals, i sempre ser\u00e0 un factor de valor afegit en el seu&nbsp;curr\u00edculum. A m\u00e9s, els dos mesos d\u2019estada i treball al pa\u00eds estranger contribueixen a consolidar&nbsp;el coneixement de l\u2019idioma (generalment angl\u00e8s), aspecte tamb\u00e9 fonamental en la recerca de&nbsp;feina.<\/p>\n\n\n\n<p>En el pla personal, l\u2019experi\u00e8ncia de viure en un altre pa\u00eds i haver de resoldre tant els aspectes&nbsp;professionals com els quotidians en un entorn fora del familiar, i en una llengua que no \u00e9s la&nbsp;pr\u00f2pia, proporciona un nivell de maduresa i de responsabilitat importants. A m\u00e9s, con\u00e8ixer&nbsp;altra gent i cultures sempre \u00e9s enriquidor, i per descomptat, es tracta tamb\u00e9 de passar-ho b\u00e9!<\/p>\n\n\n\n<p>Confiem que aquest programa tingui continu\u00eftat en cursos successius, i encoratgem l\u2019alumnat&nbsp;de Cicles Formatius de Grau Superior a qu\u00e8 s\u2019animi a sol\u00b7licitar la beca Erasmus+.<\/p>\n\n\n\n<h5 class=\"wp-block-heading\"><strong>Caracter\u00edstiques del programa Erasmus + a l\u2019institut Baix Empord\u00e0<\/strong><\/h5>\n\n\n\n<p>Les mobilitats Erasmus al nostre Institut s\u00f3n per a la realitzaci\u00f3 de les pr\u00e0ctiques dels alumnes de Cicles Formatius de Grau superior en empreses a l\u2019estranger, complint tota la normativa del Departament d\u2019Ensenyament per al m\u00f2dul de Formaci\u00f3 en Centres de Treball (FCT ). Per tant, aquestes mobilitats es reconeixen com el m\u00f2dul de FCT.<\/p>\n\n\n\n<p>En completar les pr\u00e0ctiques, i despr\u00e9s de rebre els certificats corresponents de les empreses, les pr\u00e0ctiques seran reconegudes mitjan\u00e7ant el procediment oficial determinat pel Departament d\u2019Educaci\u00f3.<\/p>\n\n\n\n<h6 class=\"wp-block-heading\"><strong>Informaci\u00f3 important:<\/strong><\/h6>\n\n\n\n<p>La beca Erasmus facilita la mobilitat d\u2019estudiants a altres pa\u00efsos europeus i el posterior reconeixement de les estades realitzades. Les ajudes econ\u00f2miques s\u00f3n una contribuci\u00f3 per compensar les despeses addicionals de l\u2019estada a l\u2019estranger.&nbsp;<strong>En cap cas, la beca cobrir\u00e0 totes les despeses de l\u2019estada.<\/strong><\/p>\n\n\n\n<ul class=\"wp-block-list\">\n<li><a href=\"http:\/\/insbaixemporda.cat\/wp-content\/uploads\/2025\/09\/CONVOCATORIA-ERASMUS-2025-26SETEMBRE.docx.pdf\" target=\"_blank\" rel=\"noreferrer noopener\">Convocat\u00f2ria ERASMUS 2025 \u2013 2026<\/a><\/li>\n\n\n\n<li><a href=\"http:\/\/insbaixemporda.cat\/wp-content\/uploads\/2025\/09\/COMPROM%C3%8DS-DE-PARTICIPACI%C3%93-mobilitat-2025-26.docx.pdf\" target=\"_blank\" rel=\"noreferrer noopener\">Comprom\u00eds de participaci\u00f3 ERASMUS 2025 \u2013 2026<\/a><\/li>\n<\/ul>\n\n\n\n<h6 class=\"wp-block-heading\"><strong>Convocat\u00f2ria i document de comprom\u00eds<\/strong><\/h6>\n\n\n\n<p><strong>* Proc\u00e9s de selecci\u00f3<\/strong><\/p>\n\n\n\n<p>En el seg\u00fcent enlla\u00e7 trobareu el formulari que cal emplenar per participar en el proc\u00e9s de selecci\u00f3 per assignar les beques de mobilitat per al curs 2025-26.<\/p>\n\n\n\n<p>Podeu fer la sol\u00b7licitud de participaci\u00f3 fins al dia&nbsp;<strong>30 de setembre de 2025<\/strong><\/p>\n\n\n\n<p><strong><a href=\"https:\/\/docs.google.com\/forms\/d\/e\/1FAIpQLSdvXjp7DMoKjtwIH6aH25yorfQumPWwt-S95uCamKjPzHBiDw\/viewform?usp=header\" target=\"_blank\" rel=\"noreferrer noopener\">Formulari de sol\u00b7licitud<\/a><\/strong><\/p>\n\n\n\n<div class=\"wp-block-buttons is-layout-flex wp-block-buttons-is-layout-flex\">\n<div class=\"wp-block-button\"><a class=\"wp-block-button__link wp-element-button\" href=\"https:\/\/agora.xtec.cat\/insbaixemporda\/erasmus\/beques-erasmus-alumnat\/informacio-i-convocatoria-erasmus-alumnat-2023-24\/\">Informaci\u00f3 i convocat\u00f2ria 2023-24<\/a><\/div>\n\n\n\n<div class=\"wp-block-button\"><a class=\"wp-block-button__link wp-element-button\" href=\"https:\/\/agora.xtec.cat\/insbaixemporda\/informacio-i-convocatoria-erasmus-alumnat-2019-20\/\">Informaci\u00f3 i convocat\u00f2ria 2019-20<\/a><\/div>\n\n\n\n<div class=\"wp-block-button\"><a class=\"wp-block-button__link wp-element-button\" href=\"https:\/\/agora.xtec.cat\/insbaixemporda\/erasmus\/beques-erasmus-alumnat\/informacio-i-convocatoria-erasmus-alumnat-2018-19\/\">Informaci\u00f3 i convocat\u00f2ria 2018-19<\/a><\/div>\n\n\n\n<div class=\"wp-block-button\"><a class=\"wp-block-button__link wp-element-button\" href=\"https:\/\/agora.xtec.cat\/insbaixemporda\/erasmus\/beques-erasmus-alumnat\/informacio-i-convocatoria-erasmus-alumnat-2017-18\/\">Informaci\u00f3 i convocat\u00f2ria 2017-18<\/a><\/div>\n\n\n\n<div class=\"wp-block-button\"><a class=\"wp-block-button__link wp-element-button\" href=\"https:\/\/agora.xtec.cat\/insbaixemporda\/erasmus\/beques-erasmus-alumnat\/informacio-i-informacio-i-convocatoria-2016-17\/\">Informaci\u00f3 i convocat\u00f2ria 2016-17<\/a><\/div>\n\n\n\n<div class=\"wp-block-button\"><a class=\"wp-block-button__link wp-element-button\" href=\"https:\/\/agora.xtec.cat\/insbaixemporda\/erasmus-student-network-esn\/\">ERASMUS STUDENT NETWORK (ESN)<\/a><\/div>\n<\/div>\n\n\n\n<p><\/p>\n","protected":false},"excerpt":{"rendered":"<p>El nostre centre ha obtingut la Carta Erasmus per a Educaci\u00f3 Superior, tamb\u00e9 coneguda com&nbsp;(European Charter for Higher Education), que ens permet formar part del nou programa de la&nbsp;Uni\u00f3 Europea Erasmus +. Erasmus+ integra sota una mateixa estructura programes anteriors com Comenius, Leonardo,&nbsp;Erasmus, etc. El nostre centre s\u2019acull al programa Erasmus+ per poder oferir al [&hellip;]<\/p>\n","protected":false},"author":1,"featured_media":0,"parent":1302,"menu_order":0,"comment_status":"closed","ping_status":"closed","template":"","meta":{"site-sidebar-layout":"default","site-content-layout":"","ast-site-content-layout":"default","site-content-style":"default","site-sidebar-style":"default","ast-global-header-display":"","ast-banner-title-visibility":"","ast-main-header-display":"","ast-hfb-above-header-display":"","ast-hfb-below-header-display":"","ast-hfb-mobile-header-display":"","site-post-title":"","ast-breadcrumbs-content":"","ast-featured-img":"","footer-sml-layout":"","theme-transparent-header-meta":"","adv-header-id-meta":"","stick-header-meta":"","header-above-stick-meta":"","header-main-stick-meta":"","header-below-stick-meta":"","astra-migrate-meta-layouts":"set","ast-page-background-enabled":"default","ast-page-background-meta":{"desktop":{"background-color":"var(--ast-global-color-4)","background-image":"","background-repeat":"repeat","background-position":"center center","background-size":"auto","background-attachment":"scroll","background-type":"","background-media":"","overlay-type":"","overlay-color":"","overlay-opacity":"","overlay-gradient":""},"tablet":{"background-color":"","background-image":"","background-repeat":"repeat","background-position":"center center","background-size":"auto","background-attachment":"scroll","background-type":"","background-media":"","overlay-type":"","overlay-color":"","overlay-opacity":"","overlay-gradient":""},"mobile":{"background-color":"","background-image":"","background-repeat":"repeat","background-position":"center center","background-size":"auto","background-attachment":"scroll","background-type":"","background-media":"","overlay-type":"","overlay-color":"","overlay-opacity":"","overlay-gradient":""}},"ast-content-background-meta":{"desktop":{"background-color":"var(--ast-global-color-5)","background-image":"","background-repeat":"repeat","background-position":"center center","background-size":"auto","background-attachment":"scroll","background-type":"","background-media":"","overlay-type":"","overlay-color":"","overlay-opacity":"","overlay-gradient":""},"tablet":{"background-color":"var(--ast-global-color-5)","background-image":"","background-repeat":"repeat","background-position":"center center","background-size":"auto","background-attachment":"scroll","background-type":"","background-media":"","overlay-type":"","overlay-color":"","overlay-opacity":"","overlay-gradient":""},"mobile":{"background-color":"var(--ast-global-color-5)","background-image":"","background-repeat":"repeat","background-position":"center center","background-size":"auto","background-attachment":"scroll","background-type":"","background-media":"","overlay-type":"","overlay-color":"","overlay-opacity":"","overlay-gradient":""}},"footnotes":""},"class_list":["post-1309","page","type-page","status-publish","hentry"],"post_mailing_queue_ids":[],"_links":{"self":[{"href":"https:\/\/agora.xtec.cat\/insbaixemporda\/wp-json\/wp\/v2\/pages\/1309","targetHints":{"allow":["GET"]}}],"collection":[{"href":"https:\/\/agora.xtec.cat\/insbaixemporda\/wp-json\/wp\/v2\/pages"}],"about":[{"href":"https:\/\/agora.xtec.cat\/insbaixemporda\/wp-json\/wp\/v2\/types\/page"}],"author":[{"embeddable":true,"href":"https:\/\/agora.xtec.cat\/insbaixemporda\/wp-json\/wp\/v2\/users\/1"}],"replies":[{"embeddable":true,"href":"https:\/\/agora.xtec.cat\/insbaixemporda\/wp-json\/wp\/v2\/comments?post=1309"}],"version-history":[{"count":6,"href":"https:\/\/agora.xtec.cat\/insbaixemporda\/wp-json\/wp\/v2\/pages\/1309\/revisions"}],"predecessor-version":[{"id":1366,"href":"https:\/\/agora.xtec.cat\/insbaixemporda\/wp-json\/wp\/v2\/pages\/1309\/revisions\/1366"}],"up":[{"embeddable":true,"href":"https:\/\/agora.xtec.cat\/insbaixemporda\/wp-json\/wp\/v2\/pages\/1302"}],"wp:attachment":[{"href":"https:\/\/agora.xtec.cat\/insbaixemporda\/wp-json\/wp\/v2\/media?parent=1309"}],"curies":[{"name":"wp","href":"https:\/\/api.w.org\/{rel}","templated":true}]}}