{"id":1282,"date":"2026-01-16T20:47:16","date_gmt":"2026-01-16T19:47:16","guid":{"rendered":"https:\/\/agora.xtec.cat\/insbaixemporda\/?page_id=1282"},"modified":"2026-01-16T22:33:48","modified_gmt":"2026-01-16T21:33:48","slug":"assessorament-i-reconeixement-academic","status":"publish","type":"page","link":"https:\/\/agora.xtec.cat\/insbaixemporda\/estudis\/assessorament-i-reconeixement-academic\/","title":{"rendered":"Assessorament i Reconeixement Acad\u00e8mic"},"content":{"rendered":"\n<p>\u00c9s un servei personalitzat que ajuda les persones a definir i assolir el seu objectiu\u00a0 professional mitjan\u00e7ant la identificaci\u00f3 de la formaci\u00f3 amb reconeixement acad\u00e8mic, l\u2019an\u00e0lisi de les possibilitats de recon\u00e8ixer acad\u00e8micament la seva experi\u00e8ncia laboral i la determinaci\u00f3 d\u2019un pla de treball\u00a0 per a aconseguir-ho.<\/p>\n\n\n\n<h3 class=\"wp-block-heading\"><strong>Servei d&#8217;assessorament<\/strong>\u00a0a l&#8217;FP<\/h3>\n\n\n\n<figure class=\"wp-block-image size-large is-resized\"><a href=\"https:\/\/agora.xtec.cat\/insbaixemporda\/wp-content\/uploads\/usu3485\/2026\/01\/Aanagrama-assessorament-.jpg\"><img loading=\"lazy\" decoding=\"async\" width=\"1024\" height=\"1024\" src=\"https:\/\/agora.xtec.cat\/insbaixemporda\/wp-content\/uploads\/usu3485\/2026\/01\/Aanagrama-assessorament--1024x1024.jpg\" alt=\"\" class=\"wp-image-1294\" style=\"width:193px;height:auto\" srcset=\"https:\/\/agora.xtec.cat\/insbaixemporda\/wp-content\/uploads\/usu3485\/2026\/01\/Aanagrama-assessorament--1024x1024.jpg 1024w, https:\/\/agora.xtec.cat\/insbaixemporda\/wp-content\/uploads\/usu3485\/2026\/01\/Aanagrama-assessorament--300x300.jpg 300w, https:\/\/agora.xtec.cat\/insbaixemporda\/wp-content\/uploads\/usu3485\/2026\/01\/Aanagrama-assessorament--150x150.jpg 150w, https:\/\/agora.xtec.cat\/insbaixemporda\/wp-content\/uploads\/usu3485\/2026\/01\/Aanagrama-assessorament--768x768.jpg 768w, https:\/\/agora.xtec.cat\/insbaixemporda\/wp-content\/uploads\/usu3485\/2026\/01\/Aanagrama-assessorament-.jpg 1080w\" sizes=\"auto, (max-width: 1024px) 100vw, 1024px\" \/><\/a><\/figure>\n\n\n\n<p><strong>El servei d\u2019assessorament<\/strong> \u00e9s un servei personalitzat que acompanya les persones en la definici\u00f3 i l\u2019assoliment del seu objectiu professional. Es basa en la identificaci\u00f3 de la formaci\u00f3 amb reconeixement acad\u00e8mic, l\u2019an\u00e0lisi de les possibilitats de recon\u00e8ixer acad\u00e8micament l\u2019experi\u00e8ncia laboral i la definici\u00f3 d\u2019un pla de treball per fer possible aquest proc\u00e9s.<\/p>\n\n\n\n<p>Aquest servei es presta de manera <strong>individualitzada des del nostre centre educatiu<\/strong> i t\u00e9 un <strong>cost de 60,00 \u20ac<\/strong>, d\u2019acord amb el preu p\u00fablic establert (vegeu bonificacions i exempcions).<\/p>\n\n\n\n<p><strong>A qui s\u2019adre\u00e7a?<\/strong> S\u2019adre\u00e7a a les persones adultes interessades a obtenir una diagnosi de les seves possibilitats formatives i de promoci\u00f3 professional i con\u00e8ixer l\u2019itinerari formatiu m\u00e9s adequat per aconseguir l\u2019objectiu de qualificaci\u00f3 proposat.<\/p>\n\n\n\n<p><strong>Qu\u00e8 ofereix?<\/strong><\/p>\n\n\n\n<ul class=\"wp-block-list\">\n<li>Disposar de forma individual d\u2019un assessor especialista en una fam\u00edlia professional que m\u2019ajudar\u00e0 a identificar les meves capacitats, interessos i el meu objectiu professional al llarg de diferents sessions de treball.<\/li>\n\n\n\n<li>Entendre les possibilitats que m\u2019ofereix el sistema de Formaci\u00f3 Professional i com puc beneficiar-me\u2019n.<\/li>\n\n\n\n<li>Saber si la meva experi\u00e8ncia laboral es pot recon\u00e8ixer acad\u00e8micament\u00a0 per continguts d\u2019un cicle formatiu, i qu\u00e8 he de fer per aconseguir-ho.<\/li>\n\n\n\n<li>Con\u00e8ixer si els cursos de formaci\u00f3 que he realitzat tenen reconeixement acad\u00e8mic i en quina mesura em poden ajudar a assolir un t\u00edtol de Formaci\u00f3 Professional.<\/li>\n\n\n\n<li>Assessorament per decidir l\u2019estrat\u00e8gia de formaci\u00f3 que millor s\u2019adapti als meus interessos, traject\u00f2ria professional i al temps de qu\u00e8 disposo.<\/li>\n\n\n\n<li>Disposar d\u2019un informe d\u2019assessorament amb un pla de treball personalitzat amb les indicacions sobre les actuacions que he de fer, i informacions pr\u00e0ctiques per assolir un t\u00edtol de Formaci\u00f3 Professional.<\/li>\n\n\n\n<li>L\u2019informe d\u2019assessorament obtingut \u00e9s un requisit per\u00a0 presentar-se al servei de reconeixement de l\u2019experi\u00e8ncia laboral.<\/li>\n<\/ul>\n\n\n\n<hr class=\"wp-block-separator has-alpha-channel-opacity\"\/>\n\n\n\n<h3 class=\"wp-block-heading\"><strong>Servei de Reconeixement\u00a0 dels aprenentatges<\/strong><\/h3>\n\n\n\n<figure class=\"wp-block-image size-full is-resized\"><a href=\"https:\/\/agora.xtec.cat\/insbaixemporda\/wp-content\/uploads\/usu3485\/2026\/01\/Anagrama-reconeixement-1024x1024-1.jpg\"><img loading=\"lazy\" decoding=\"async\" width=\"1024\" height=\"1024\" src=\"https:\/\/agora.xtec.cat\/insbaixemporda\/wp-content\/uploads\/usu3485\/2026\/01\/Anagrama-reconeixement-1024x1024-1.jpg\" alt=\"\" class=\"wp-image-1293\" style=\"width:186px;height:auto\" srcset=\"https:\/\/agora.xtec.cat\/insbaixemporda\/wp-content\/uploads\/usu3485\/2026\/01\/Anagrama-reconeixement-1024x1024-1.jpg 1024w, https:\/\/agora.xtec.cat\/insbaixemporda\/wp-content\/uploads\/usu3485\/2026\/01\/Anagrama-reconeixement-1024x1024-1-300x300.jpg 300w, https:\/\/agora.xtec.cat\/insbaixemporda\/wp-content\/uploads\/usu3485\/2026\/01\/Anagrama-reconeixement-1024x1024-1-150x150.jpg 150w, https:\/\/agora.xtec.cat\/insbaixemporda\/wp-content\/uploads\/usu3485\/2026\/01\/Anagrama-reconeixement-1024x1024-1-768x768.jpg 768w\" sizes=\"auto, (max-width: 1024px) 100vw, 1024px\" \/><\/a><\/figure>\n\n\n\n<p><strong>El servei de reconeixement acad\u00e8mic de l\u2019experi\u00e8ncia laboral<\/strong> permet acreditar oficialment els treballs i les feines que una persona ha realitzat al llarg de la seva vida laboral. Durant el proc\u00e9s, es verifiquen les experi\u00e8ncies professionals aportades i es comparen amb els continguts dels cicles formatius de Formaci\u00f3 Professional relacionats.<\/p>\n\n\n\n<p>Aquest servei t\u00e9 un <strong>preu p\u00fablic de 18 \u20ac per unitat formativa<\/strong>, segons la normativa vigent (vegeu bonificacions i exempcions)<\/p>\n\n\n\n<p><strong>A qui s&#8217;adre\u00e7a?<\/strong> S\u2019adre\u00e7a a les persones amb experi\u00e8ncia laboral que vulguin un reconeixement acad\u00e8mic dels aprenentatges adquirits relacionats amb un determinat Cicle Formatiu. <\/p>\n\n\n\n<p><strong>Per sol\u00b7licitar el servei cal complir els requisits seg\u00fcents:<\/strong><\/p>\n\n\n\n<ul class=\"wp-block-list\">\n<li>Haver complert\u00a0<strong>18 anys<\/strong>,<\/li>\n\n\n\n<li>Acreditar experi\u00e8ncia laboral o en activitats socials d&#8217;almenys\u00a0<strong>2 anys en el sector<\/strong>,<\/li>\n\n\n\n<li>Disposar de l&#8217;<strong>informe d&#8217;assessorament obtingut en el servei d&#8217;assessorament,<\/strong>\u00a0o document equivalent de convocat\u00f2ries d&#8217;acreditaci\u00f3 o validaci\u00f3 amb l&#8217;orientaci\u00f3 i\/o assessorament del mateix t\u00edtol o d&#8217;un t\u00edtol af\u00ed.<\/li>\n<\/ul>\n\n\n\n<p><strong><em>El fet de participar en el servei d&#8217;assessorament no comporta reserva de places pel servei de reconeixement.<\/em><\/strong><\/p>\n\n\n\n<hr class=\"wp-block-separator has-alpha-channel-opacity\"\/>\n\n\n\n<h5 class=\"wp-block-heading\"><strong>Bonificacions<\/strong><\/h5>\n\n\n\n<p>Les persones membres de fam\u00edlies nombroses classificades en la categoria general i les persones membres de fam\u00edlies monoparentals, tenen una bonificaci\u00f3 del 50% dels imports dels preus p\u00fablics, sense que ambdues bonificacions siguin acumulables. <\/p>\n\n\n\n<h5 class=\"wp-block-heading\">Exempcions<\/h5>\n\n\n\n<p>Estaran exemptes de pagament les persones membres de fam\u00edlies nombroses de categoria especial, les v\u00edctimes d\u2019actes terroristes, els seus c\u00f2njuges i els seus fills, les persones que posseeixen la declaraci\u00f3 legal de minusv\u00e0lua en un grau igual o superior al 33%, i les persones subjectes a mesures privatives de llibertat.<\/p>\n\n\n\n<p><strong><em>Les bonificacions i exempcions previstes s\u2019apliquen pr\u00e8via justificaci\u00f3 documental.<\/em><\/strong><\/p>\n\n\n\n<hr class=\"wp-block-separator has-alpha-channel-opacity\"\/>\n\n\n\n<h5 class=\"wp-block-heading\">Requisits per poder participar en el proc\u00e9s d\u2019assessorament i reconeixement<\/h5>\n\n\n\n<h6 class=\"wp-block-heading\">1. Persones que treballen com a assalariades<\/h6>\n\n\n\n<ul class=\"wp-block-list\">\n<li>Informe de la vida laboral, original i actualitzat, expedit per la Tresoreria General de la Seguretat Social, on consti l\u2019empresa, el grup i el per\u00edode de cotitzaci\u00f3.<\/li>\n\n\n\n<li>Certificat de l\u2019empresa on consti la durada del contracte, les activitats que s\u2019han\u00a0 portat a terme i la seva durada.<\/li>\n\n\n\n<li>Titulacions oficials<\/li>\n\n\n\n<li>Cursos de formaci\u00f3<\/li>\n<\/ul>\n\n\n\n<h6 class=\"wp-block-heading\">2. Persones que treballen com a aut\u00f2nomes<\/h6>\n\n\n\n<ul class=\"wp-block-list\">\n<li>Certificat de la Tresoreria General de la Seguretat Social o de la mutualitat laboral que correspongui.<\/li>\n\n\n\n<li>Liquidaci\u00f3 de l\u2019impost d\u2019activitats econ\u00f2miques o la p\u00e0gina del model 036 de la declaraci\u00f3 censal del Ministeri d\u2019Hisenda, on consta la descripci\u00f3, el tipus i el grup\u00a0 d\u2019activitat.<\/li>\n\n\n\n<li>Declaraci\u00f3 personal de les activitats que porta a terme.<\/li>\n\n\n\n<li>Titulacions oficials<\/li>\n\n\n\n<li>Cursos de formaci\u00f3<\/li>\n<\/ul>\n\n\n\n<h6 class=\"wp-block-heading\">3. Persones que desenvolupen activitats socials professionals sense relaci\u00f3 laboral en entitats socioeducatives, socioculturals, educatives o del lleure<\/h6>\n\n\n\n<ul class=\"wp-block-list\">\n<li>Certificat de l\u2019empresa o empreses o de l\u2019entitat o entitats, on constin, de manera detallada, les tasques o activitats que s\u2019han portat a terme i el temps de dedicaci\u00f3, relacionades amb el cicle formatiu pel qual es demana el reconeixement.<\/li>\n\n\n\n<li>Titulacions oficials<\/li>\n\n\n\n<li>Cursos de formaci\u00f3<\/li>\n<\/ul>\n\n\n\n<hr class=\"wp-block-separator has-alpha-channel-opacity\"\/>\n\n\n\n<h5 class=\"wp-block-heading\"><strong>Oferta dels Serveis d\u2019Assessorament i Reconeixement<\/strong> de l&#8217;institut Baix Empord\u00e0<\/h5>\n\n\n\n<figure class=\"wp-block-table\"><table class=\"has-fixed-layout\"><tbody><tr><td class=\"has-text-align-center\" data-align=\"center\"><strong>CICLE<\/strong><\/td><td class=\"has-text-align-center\" data-align=\"center\"><strong>NOMBRE DE PLACES<\/strong><\/td><\/tr><tr><td class=\"has-text-align-center\" data-align=\"center\">CFPM HT10 &#8211; Cuina i gastronomia <\/td><td class=\"has-text-align-center\" data-align=\"center\">5 <\/td><\/tr><tr><td class=\"has-text-align-center\" data-align=\"center\">CFPM HT30 &#8211; Serveis en restauraci\u00f3 <\/td><td class=\"has-text-align-center\" data-align=\"center\">5 <\/td><\/tr><tr><td class=\"has-text-align-center\" data-align=\"center\">CFPM HTD0 &#8211; Direcci\u00f3 de cuina <\/td><td class=\"has-text-align-center\" data-align=\"center\">5 <\/td><\/tr><tr><td class=\"has-text-align-center\" data-align=\"center\">CFPM HTB0 &#8211; Gesti\u00f3 d\u2019allotjaments tur\u00edstics <\/td><td class=\"has-text-align-center\" data-align=\"center\">5 <\/td><\/tr><tr><td class=\"has-text-align-center\" data-align=\"center\">CFPM IA60 &#8211; Forneria, pastisseria i confiteria <\/td><td class=\"has-text-align-center\" data-align=\"center\">5<\/td><\/tr><tr><td class=\"has-text-align-center\" data-align=\"center\">CFPM AG10 &#8211; Gesti\u00f3 administrativa<\/td><td class=\"has-text-align-center\" data-align=\"center\">5 <\/td><\/tr><tr><td class=\"has-text-align-center\" data-align=\"center\">CFPM AG11 &#8211; Gesti\u00f3 administrativa en \u00e0mbit jur\u00eddic<\/td><td class=\"has-text-align-center\" data-align=\"center\">5<\/td><\/tr><\/tbody><\/table><\/figure>\n\n\n\n<hr class=\"wp-block-separator has-alpha-channel-opacity\"\/>\n\n\n\n<h5 class=\"wp-block-heading\">Criteris i procediment d\u2019admissi\u00f3 de les sol\u00b7licituds<\/h5>\n\n\n\n<p>En els centres dependents del Departament d\u2019Educaci\u00f3, l\u2019ordre d\u2019admissi\u00f3 al servei es&nbsp;fa d\u2019acord amb l\u2019edat m\u00e9s gran de la persona sol\u00b7licitant, la qual es justifica mitjan\u00e7ant&nbsp;el document corresponent: DNI, NIE o passaport.<\/p>\n\n\n\n<hr class=\"wp-block-separator has-alpha-channel-opacity\"\/>\n\n\n\n<h5 class=\"wp-block-heading\"><strong>Per\u00edode de sol\u00b7licitud al servei d\u2019assessorament<\/strong> (dates per determinar)<\/h5>\n\n\n\n<p>Descarregar-se l\u2019impr\u00e8s de\u00a0<a href=\"http:\/\/insbaixemporda.cat\/wp-content\/uploads\/2021\/09\/Assessor_-i-reco_A449-Sol.licitud-servei-ASS.pdf\" target=\"_blank\" rel=\"noreferrer noopener\">sol\u00b7licitud al servei d\u2019assessorament<\/a>\u00a0o  recollir l\u2019impr\u00e8s a la secretaria (segons horari d&#8217;atenci\u00f3 al p\u00fablic).<\/p>\n\n\n\n<p>Presentaci\u00f3 de la sol\u00b7licitud: enviant la sol\u00b7licitud per mail a\u00a0<strong><a href=\"mailto:arfp@insbaixemporda.cat\" target=\"_blank\" rel=\"noreferrer noopener\">fp@insbaixemporda.cat<\/a><\/strong>\u00a0 \u00a0o b\u00e9 a\u00a0<strong>la secretaria del centre<\/strong>\u00a0(segons horari d&#8217;atenci\u00f3 al p\u00fablic).<\/p>\n\n\n\n<hr class=\"wp-block-separator has-alpha-channel-opacity\"\/>\n\n\n\n<h5 class=\"wp-block-heading\"><strong>Inscripci\u00f3, pagament i presentaci\u00f3 de la documentaci\u00f3 (inscripci\u00f3 definitiva al servei d\u2019assessorament):\u00a0<\/strong>dates per determinar<\/h5>\n\n\n\n<p>\u2013\u00a0<a href=\"http:\/\/insbaixemporda.cat\/wp-content\/uploads\/2021\/09\/Assessor_i-reco_A451-Inscripci%C3%B3-servei-ASS.pdf\" target=\"_blank\" rel=\"noreferrer noopener\">Impr\u00e8s d\u2019inscripci\u00f3 definitiva al servei\u00a0<\/a>o trucar al centre per concertar una cita per recollir l\u2019impr\u00e8s (972300323).<\/p>\n\n\n\n<p>\u2013 Full de pagament i bonificaci\u00f3\/exempci\u00f3 (ben aviat estar\u00e0 disponible)<\/p>\n\n\n\n<p>La presentaci\u00f3 del full d\u2019inscripci\u00f3, el comprovant de pagament i documentaci\u00f3 es pot fer per e-correu a\u00a0\u00a0<strong><a href=\"mailto:arfp@insbaixemporda.cat\" target=\"_blank\" rel=\"noreferrer noopener\">fp@insbaixemporda.cat<\/a><\/strong>\u00a0 o de forma presencial a la secretaria del centre (segons horari d&#8217;atenci\u00f3 al p\u00fablic).<\/p>\n\n\n\n<p>Tota la documentaci\u00f3 a qu\u00e8 es fa refer\u00e8ncia tamb\u00e9 est\u00e0 disponible a la secretaria del centre (segons horari d&#8217;atenci\u00f3 al p\u00fablic).<\/p>\n\n\n\n<h5 class=\"wp-block-heading\"><strong>Per\u00edode Sessions d\u2019Assessorament<\/strong>: dates per determinar<\/h5>\n\n\n\n<p><a href=\"http:\/\/insbaixemporda.cat\/wp-content\/uploads\/2021\/09\/Carta-comprom%C3%ADs-assessorament-20-21.pdf\" target=\"_blank\" rel=\"noreferrer noopener\">Document de comprom\u00eds de qualitat del servei<\/a><\/p>\n\n\n\n<h5 class=\"wp-block-heading\">Calendari general del servei d\u2019assessorament<\/h5>\n\n\n\n<p>(disponible pr\u00f2ximament)<\/p>\n\n\n\n<hr class=\"wp-block-separator has-alpha-channel-opacity\"\/>\n\n\n\n<h5 class=\"wp-block-heading\">Calendari general del servei de reconeixement<\/h5>\n\n\n\n<p>(disponible pr\u00f2ximament)<\/p>\n\n\n\n<hr class=\"wp-block-separator has-alpha-channel-opacity\"\/>\n\n\n\n<h5 class=\"wp-block-heading\">Per a m\u00e9s informaci\u00f3, contacteu a l\u2019adre\u00e7a:\u00a0\u00a0<\/h5>\n\n\n\n<p><a href=\"mailto:fp@insbaixemporda.cat\">fp@insbaixemporda.cat<\/a><\/p>\n\n\n\n<hr class=\"wp-block-separator has-alpha-channel-opacity\"\/>\n\n\n\n<h5 class=\"wp-block-heading\"><strong>Legislaci\u00f3 vigent<\/strong><\/h5>\n\n\n\n<ul class=\"wp-block-list\">\n<li><a href=\"https:\/\/agora.xtec.cat\/iesmila\/wp-content\/uploads\/usu844\/2023\/01\/Resolucio-mesures-flexibilizadores-2.pdf\">Resoluci\u00f3 ENS\/1891\/2012 de 23 d\u2019agost. Mesures Flexibilitzadores<\/a><\/li>\n\n\n\n<li><a href=\"https:\/\/agora.xtec.cat\/iesmila\/wp-content\/uploads\/usu844\/2023\/01\/Resolucio-matricula-sense-requisits-1.pdf\">Resoluci\u00f3 ENS\/1061\/2018 de 15 de maig. Matr\u00edcula sense requisits<\/a><\/li>\n\n\n\n<li><a href=\"https:\/\/agora.xtec.cat\/iesmila\/wp-content\/uploads\/usu844\/2023\/01\/Ordre-preus-publics-2.pdf\">Resoluci\u00f3 ENS\/270\/2012 de 31 d\u2019agost. Preus p\u00fablics<\/a><\/li>\n<\/ul>\n\n\n\n<p>M\u00e9s informaci\u00f3:&nbsp;<a href=\"https:\/\/triaeducativa.gencat.cat\/ca\/fp\/cataleg-serveis\/cataleg\/\">https:\/\/triaeducativa.gencat.cat\/ca\/fp\/cataleg-serveis\/cataleg\/<\/a><\/p>\n","protected":false},"excerpt":{"rendered":"<p>\u00c9s un servei personalitzat que ajuda les persones a definir i assolir el seu objectiu\u00a0 professional mitjan\u00e7ant la identificaci\u00f3 de la formaci\u00f3 amb reconeixement acad\u00e8mic, l\u2019an\u00e0lisi de les possibilitats de recon\u00e8ixer acad\u00e8micament la seva experi\u00e8ncia laboral i la determinaci\u00f3 d\u2019un pla de treball\u00a0 per a aconseguir-ho. Servei d&#8217;assessorament\u00a0a l&#8217;FP El servei d\u2019assessorament \u00e9s un servei [&hellip;]<\/p>\n","protected":false},"author":1,"featured_media":0,"parent":195,"menu_order":0,"comment_status":"closed","ping_status":"closed","template":"","meta":{"site-sidebar-layout":"default","site-content-layout":"","ast-site-content-layout":"default","site-content-style":"default","site-sidebar-style":"default","ast-global-header-display":"","ast-banner-title-visibility":"","ast-main-header-display":"","ast-hfb-above-header-display":"","ast-hfb-below-header-display":"","ast-hfb-mobile-header-display":"","site-post-title":"","ast-breadcrumbs-content":"","ast-featured-img":"","footer-sml-layout":"","theme-transparent-header-meta":"","adv-header-id-meta":"","stick-header-meta":"","header-above-stick-meta":"","header-main-stick-meta":"","header-below-stick-meta":"","astra-migrate-meta-layouts":"set","ast-page-background-enabled":"default","ast-page-background-meta":{"desktop":{"background-color":"var(--ast-global-color-4)","background-image":"","background-repeat":"repeat","background-position":"center center","background-size":"auto","background-attachment":"scroll","background-type":"","background-media":"","overlay-type":"","overlay-color":"","overlay-opacity":"","overlay-gradient":""},"tablet":{"background-color":"","background-image":"","background-repeat":"repeat","background-position":"center center","background-size":"auto","background-attachment":"scroll","background-type":"","background-media":"","overlay-type":"","overlay-color":"","overlay-opacity":"","overlay-gradient":""},"mobile":{"background-color":"","background-image":"","background-repeat":"repeat","background-position":"center center","background-size":"auto","background-attachment":"scroll","background-type":"","background-media":"","overlay-type":"","overlay-color":"","overlay-opacity":"","overlay-gradient":""}},"ast-content-background-meta":{"desktop":{"background-color":"var(--ast-global-color-5)","background-image":"","background-repeat":"repeat","background-position":"center center","background-size":"auto","background-attachment":"scroll","background-type":"","background-media":"","overlay-type":"","overlay-color":"","overlay-opacity":"","overlay-gradient":""},"tablet":{"background-color":"var(--ast-global-color-5)","background-image":"","background-repeat":"repeat","background-position":"center center","background-size":"auto","background-attachment":"scroll","background-type":"","background-media":"","overlay-type":"","overlay-color":"","overlay-opacity":"","overlay-gradient":""},"mobile":{"background-color":"var(--ast-global-color-5)","background-image":"","background-repeat":"repeat","background-position":"center center","background-size":"auto","background-attachment":"scroll","background-type":"","background-media":"","overlay-type":"","overlay-color":"","overlay-opacity":"","overlay-gradient":""}},"footnotes":""},"class_list":["post-1282","page","type-page","status-publish","hentry"],"post_mailing_queue_ids":[],"_links":{"self":[{"href":"https:\/\/agora.xtec.cat\/insbaixemporda\/wp-json\/wp\/v2\/pages\/1282","targetHints":{"allow":["GET"]}}],"collection":[{"href":"https:\/\/agora.xtec.cat\/insbaixemporda\/wp-json\/wp\/v2\/pages"}],"about":[{"href":"https:\/\/agora.xtec.cat\/insbaixemporda\/wp-json\/wp\/v2\/types\/page"}],"author":[{"embeddable":true,"href":"https:\/\/agora.xtec.cat\/insbaixemporda\/wp-json\/wp\/v2\/users\/1"}],"replies":[{"embeddable":true,"href":"https:\/\/agora.xtec.cat\/insbaixemporda\/wp-json\/wp\/v2\/comments?post=1282"}],"version-history":[{"count":3,"href":"https:\/\/agora.xtec.cat\/insbaixemporda\/wp-json\/wp\/v2\/pages\/1282\/revisions"}],"predecessor-version":[{"id":1295,"href":"https:\/\/agora.xtec.cat\/insbaixemporda\/wp-json\/wp\/v2\/pages\/1282\/revisions\/1295"}],"up":[{"embeddable":true,"href":"https:\/\/agora.xtec.cat\/insbaixemporda\/wp-json\/wp\/v2\/pages\/195"}],"wp:attachment":[{"href":"https:\/\/agora.xtec.cat\/insbaixemporda\/wp-json\/wp\/v2\/media?parent=1282"}],"curies":[{"name":"wp","href":"https:\/\/api.w.org\/{rel}","templated":true}]}}