{"id":1277,"date":"2026-01-16T20:30:48","date_gmt":"2026-01-16T19:30:48","guid":{"rendered":"https:\/\/agora.xtec.cat\/insbaixemporda\/?page_id=1277"},"modified":"2026-01-16T22:32:24","modified_gmt":"2026-01-16T21:32:24","slug":"complecio-dels-cicles-formatius","status":"publish","type":"page","link":"https:\/\/agora.xtec.cat\/insbaixemporda\/estudis\/complecio-dels-cicles-formatius\/","title":{"rendered":"Compleci\u00f3 dels Cicles Formatius"},"content":{"rendered":"\n<p><strong>Qu\u00e8 \u00e9s la compleci\u00f3 i per qu\u00e8 es fa?<\/strong><br>Amb l\u2019entrada en vigor dels nous curr\u00edculums de Formaci\u00f3 Professional, alguns cicles formatius LOE han estat substitu\u00efts o extingits. Per garantir que l\u2019alumnat que no va poder finalitzar els estudis dins del termini ordinari tingui dret a&nbsp;completar la seva formaci\u00f3, el Departament d\u2019Educaci\u00f3 i Formaci\u00f3 Professional&nbsp;estableix un procediment de compleci\u00f3 regulat per&nbsp;l\u2019Ordre EDF\/74\/2025. Aquest procediment permet a l\u2019alumnat accedir a activitats d\u2019avaluaci\u00f3 o de recuperaci\u00f3 durant els dos cursos acad\u00e8mics seg\u00fcents a l\u2019extinci\u00f3 del cicle, amb&nbsp;l\u2019objectiu d\u2019obtenir el t\u00edtol corresponent.<\/p>\n\n\n\n<p>Nom\u00e9s poden sol\u00b7licitar la compleci\u00f3 a l\u2019Institut Baix Empord\u00e0 l\u2019alumnat que hagi cursat el darrer any del cicle formatiu en aquest centre.<\/p>\n\n\n\n<p><strong>Objectiu:<\/strong><br>Facilitar a l\u2019alumnat que ha cursat un cicle formatiu LOE a l\u2019Institut Baix Empord\u00e0\u2014i no l\u2019ha finalitzat\u2014 la possibilitat de completar-lo dins el marc legal establert pel Departament d\u2019Educaci\u00f3 i Formaci\u00f3 Professional.<\/p>\n\n\n\n<p><strong>Cursos disponibles per a la compleci\u00f3:<\/strong><br>Durant els dos cursos acad\u00e8mics seg\u00fcents a la data de supressi\u00f3 legal del t\u00edtol o del pla d\u2019estudis, per als ensenyaments en la modalitat presencial. La formaci\u00f3 pr\u00e0ctica en centres de treball es pot completar durant els dos cursos seg\u00fcents a la data de supressi\u00f3 legal del t\u00edtol o del pla d\u2019estudis.<\/p>\n\n\n\n<p><strong>Inscripci\u00f3 a les proves d\u2019avaluaci\u00f3:<\/strong><br>Les proves d\u2019avaluaci\u00f3 es convoquen&nbsp;dues vegades&nbsp;l\u2019any, amb els seg\u00fcents per\u00edodes d\u2019inscripci\u00f3:<br>\u2013 De l\u20191 al 15 d\u2019octubre \u2192 per presentar-se a la convocat\u00f2ria de novembre.<br>\u2013 De l\u20191 al 15 de mar\u00e7 \u2192 per presentar-se a la convocat\u00f2ria d\u2019abril.<\/p>\n\n\n\n<p><strong>Convocat\u00f2ries de proves:<\/strong><br>Convocat\u00f2ria de novembre:&nbsp;entre l\u20191 i el 30 de novembre.<br>Convocat\u00f2ria d\u2019abril:&nbsp;entre l\u20191 i el 30 d\u2019abril<\/p>\n\n\n\n<p><strong>Documentaci\u00f3 necess\u00e0ria:<\/strong><br>Per inscriure\u2019s caldr\u00e0:<br>\u2013 Emplenar el&nbsp;formulari d\u2019inscripci\u00f3&nbsp;presencialment al centre, de dilluns a divendres de 10:00\u202fh a 13:00\u202fh i dijous de 16:00\u202fh a 18:00\u202fh.<br>\u2013 Efectuar el&nbsp;pagament dels preus p\u00fablics&nbsp;(informaci\u00f3 aviat disponible).<\/p>\n\n\n\n<p>\u2013 Per a qualsevol dubte o aclariment, podeu adre\u00e7ar-vos a la secretaria del centre (<a href=\"mailto:secretaria@insbaixemporda.cat\">secretaria@insbaixemporda.cat<\/a>) o escriure un correu a\u00a0<a href=\"mailto:fp@insbaixemporda.cat\">fp@insbaixemporda.cat<\/a>.<\/p>\n\n\n\n<h4 class=\"wp-block-heading\">CALENDARI DE LES PROVES DE COMPLECI\u00d3 (<strong>procediment per completar els ensenyaments professionalitzadors que s\u2019extingeixen.)<\/strong><\/h4>\n\n\n\n<figure class=\"wp-block-image\"><img decoding=\"async\" src=\"http:\/\/insbaixemporda.cat\/wp-content\/uploads\/2025\/11\/Horaris-Compleci%C3%B3-Electricitat.png\" alt=\"\" class=\"wp-image-19235\"\/><\/figure>\n\n\n\n<figure class=\"wp-block-image\"><img decoding=\"async\" src=\"http:\/\/insbaixemporda.cat\/wp-content\/uploads\/2025\/11\/Horaris-Compleci%C3%B3-Automoci%C3%B3.png\" alt=\"\" class=\"wp-image-19236\"\/><\/figure>\n\n\n\n<figure class=\"wp-block-image\"><img decoding=\"async\" src=\"http:\/\/insbaixemporda.cat\/wp-content\/uploads\/2025\/11\/Horaris-Compleci%C3%B3-Jur%C3%ADdic.png\" alt=\"\" class=\"wp-image-19237\"\/><\/figure>\n\n\n\n<figure class=\"wp-block-image\"><img decoding=\"async\" src=\"http:\/\/insbaixemporda.cat\/wp-content\/uploads\/2025\/11\/Horaris-Compleci%C3%B3-Pasti.png\" alt=\"\" class=\"wp-image-19238\"\/><\/figure>\n\n\n\n<figure class=\"wp-block-image\"><img decoding=\"async\" src=\"http:\/\/insbaixemporda.cat\/wp-content\/uploads\/2025\/11\/Horaris-Compleci%C3%B3-Cuina.png\" alt=\"\" class=\"wp-image-19239\"\/><\/figure>\n","protected":false},"excerpt":{"rendered":"<p>Qu\u00e8 \u00e9s la compleci\u00f3 i per qu\u00e8 es fa?Amb l\u2019entrada en vigor dels nous curr\u00edculums de Formaci\u00f3 Professional, alguns cicles formatius LOE han estat substitu\u00efts o extingits. Per garantir que l\u2019alumnat que no va poder finalitzar els estudis dins del termini ordinari tingui dret a&nbsp;completar la seva formaci\u00f3, el Departament d\u2019Educaci\u00f3 i Formaci\u00f3 Professional&nbsp;estableix un [&hellip;]<\/p>\n","protected":false},"author":1,"featured_media":0,"parent":195,"menu_order":0,"comment_status":"closed","ping_status":"closed","template":"","meta":{"site-sidebar-layout":"default","site-content-layout":"","ast-site-content-layout":"default","site-content-style":"default","site-sidebar-style":"default","ast-global-header-display":"","ast-banner-title-visibility":"","ast-main-header-display":"","ast-hfb-above-header-display":"","ast-hfb-below-header-display":"","ast-hfb-mobile-header-display":"","site-post-title":"","ast-breadcrumbs-content":"","ast-featured-img":"","footer-sml-layout":"","theme-transparent-header-meta":"","adv-header-id-meta":"","stick-header-meta":"","header-above-stick-meta":"","header-main-stick-meta":"","header-below-stick-meta":"","astra-migrate-meta-layouts":"set","ast-page-background-enabled":"default","ast-page-background-meta":{"desktop":{"background-color":"var(--ast-global-color-4)","background-image":"","background-repeat":"repeat","background-position":"center center","background-size":"auto","background-attachment":"scroll","background-type":"","background-media":"","overlay-type":"","overlay-color":"","overlay-opacity":"","overlay-gradient":""},"tablet":{"background-color":"","background-image":"","background-repeat":"repeat","background-position":"center center","background-size":"auto","background-attachment":"scroll","background-type":"","background-media":"","overlay-type":"","overlay-color":"","overlay-opacity":"","overlay-gradient":""},"mobile":{"background-color":"","background-image":"","background-repeat":"repeat","background-position":"center center","background-size":"auto","background-attachment":"scroll","background-type":"","background-media":"","overlay-type":"","overlay-color":"","overlay-opacity":"","overlay-gradient":""}},"ast-content-background-meta":{"desktop":{"background-color":"var(--ast-global-color-5)","background-image":"","background-repeat":"repeat","background-position":"center center","background-size":"auto","background-attachment":"scroll","background-type":"","background-media":"","overlay-type":"","overlay-color":"","overlay-opacity":"","overlay-gradient":""},"tablet":{"background-color":"var(--ast-global-color-5)","background-image":"","background-repeat":"repeat","background-position":"center center","background-size":"auto","background-attachment":"scroll","background-type":"","background-media":"","overlay-type":"","overlay-color":"","overlay-opacity":"","overlay-gradient":""},"mobile":{"background-color":"var(--ast-global-color-5)","background-image":"","background-repeat":"repeat","background-position":"center center","background-size":"auto","background-attachment":"scroll","background-type":"","background-media":"","overlay-type":"","overlay-color":"","overlay-opacity":"","overlay-gradient":""}},"footnotes":""},"class_list":["post-1277","page","type-page","status-publish","hentry"],"post_mailing_queue_ids":[],"_links":{"self":[{"href":"https:\/\/agora.xtec.cat\/insbaixemporda\/wp-json\/wp\/v2\/pages\/1277","targetHints":{"allow":["GET"]}}],"collection":[{"href":"https:\/\/agora.xtec.cat\/insbaixemporda\/wp-json\/wp\/v2\/pages"}],"about":[{"href":"https:\/\/agora.xtec.cat\/insbaixemporda\/wp-json\/wp\/v2\/types\/page"}],"author":[{"embeddable":true,"href":"https:\/\/agora.xtec.cat\/insbaixemporda\/wp-json\/wp\/v2\/users\/1"}],"replies":[{"embeddable":true,"href":"https:\/\/agora.xtec.cat\/insbaixemporda\/wp-json\/wp\/v2\/comments?post=1277"}],"version-history":[{"count":1,"href":"https:\/\/agora.xtec.cat\/insbaixemporda\/wp-json\/wp\/v2\/pages\/1277\/revisions"}],"predecessor-version":[{"id":1278,"href":"https:\/\/agora.xtec.cat\/insbaixemporda\/wp-json\/wp\/v2\/pages\/1277\/revisions\/1278"}],"up":[{"embeddable":true,"href":"https:\/\/agora.xtec.cat\/insbaixemporda\/wp-json\/wp\/v2\/pages\/195"}],"wp:attachment":[{"href":"https:\/\/agora.xtec.cat\/insbaixemporda\/wp-json\/wp\/v2\/media?parent=1277"}],"curies":[{"name":"wp","href":"https:\/\/api.w.org\/{rel}","templated":true}]}}