{"id":1042,"date":"2025-06-24T23:55:23","date_gmt":"2025-06-24T21:55:23","guid":{"rendered":"https:\/\/agora.xtec.cat\/insbaixemporda\/?page_id=1042"},"modified":"2026-03-26T14:21:05","modified_gmt":"2026-03-26T13:21:05","slug":"tria-optatives-4t-eso","status":"publish","type":"page","link":"https:\/\/agora.xtec.cat\/insbaixemporda\/secretaria\/tria-doptatives-eso-i-batxillerat\/tria-optatives-4t-eso\/","title":{"rendered":"Tria Optatives 4t ESO"},"content":{"rendered":"\n<h3 class=\"wp-block-heading\">Itineraris formatius de 4t d&#8217;ESO pel curs 25-26<\/h3>\n\n\n\n<p>L&#8217;alumnat de&nbsp;3r d&#8217;ESO ha d\u2019escollir quina tria d&#8217;optatives (3 mat\u00e8ries) o itinerari formatiu voldr\u00e0 fer a 4t d&#8217;ESO tenint en compte les seves habilitats, interessos i vocacions.&nbsp; <\/p>\n\n\n\n<p><a href=\"https:\/\/drive.google.com\/file\/d\/1ZrFTBewnh7OKItBe2TA4QlVXD-xOvYmu\/view?usp=drive_link\"><strong>Per qu\u00e8 \u00e9s important fer b\u00e9 la tria?<\/strong><\/a> Mira el v\u00eddeo per saber m\u00e9s coses sobre els itineraris i la tria.<\/p>\n\n\n\n<p>Clicant la imatge s&#8217;accedeix al web de la tria on es poden <strong>visualitzar v\u00eddeos<\/strong> on s&#8217;explica en qu\u00e8 consisteix cada mat\u00e8ria, veure els <strong>itineraris que es recomanen des del centre<\/strong> i <strong>fer la tria de les mat\u00e8ries <\/strong>a trav\u00e9s d&#8217;un formulari.<\/p>\n\n\n\n<figure class=\"wp-block-image aligncenter size-large is-resized\"><a href=\"https:\/\/sites.google.com\/xtec.cat\/optatives4tesoinsbaixemporda\/inici\"><img loading=\"lazy\" decoding=\"async\" width=\"1024\" height=\"1024\" src=\"https:\/\/agora.xtec.cat\/insbaixemporda\/wp-content\/uploads\/usu3485\/2026\/03\/Tria-optatives-4t-1024x1024.png\" alt=\"\" class=\"wp-image-3335\" style=\"width:346px;height:auto\" srcset=\"https:\/\/agora.xtec.cat\/insbaixemporda\/wp-content\/uploads\/usu3485\/2026\/03\/Tria-optatives-4t-1024x1024.png 1024w, https:\/\/agora.xtec.cat\/insbaixemporda\/wp-content\/uploads\/usu3485\/2026\/03\/Tria-optatives-4t-300x300.png 300w, https:\/\/agora.xtec.cat\/insbaixemporda\/wp-content\/uploads\/usu3485\/2026\/03\/Tria-optatives-4t-150x150.png 150w, https:\/\/agora.xtec.cat\/insbaixemporda\/wp-content\/uploads\/usu3485\/2026\/03\/Tria-optatives-4t-768x768.png 768w, https:\/\/agora.xtec.cat\/insbaixemporda\/wp-content\/uploads\/usu3485\/2026\/03\/Tria-optatives-4t.png 1080w\" sizes=\"auto, (max-width: 1024px) 100vw, 1024px\" \/><\/a><\/figure>\n","protected":false},"excerpt":{"rendered":"<p>Itineraris formatius de 4t d&#8217;ESO pel curs 25-26 L&#8217;alumnat de&nbsp;3r d&#8217;ESO ha d\u2019escollir quina tria d&#8217;optatives (3 mat\u00e8ries) o itinerari formatiu voldr\u00e0 fer a 4t d&#8217;ESO tenint en compte les seves habilitats, interessos i vocacions.&nbsp; Per qu\u00e8 \u00e9s important fer b\u00e9 la tria? Mira el v\u00eddeo per saber m\u00e9s coses sobre els itineraris i la [&hellip;]<\/p>\n","protected":false},"author":1,"featured_media":0,"parent":1038,"menu_order":0,"comment_status":"closed","ping_status":"close","template":"","meta":{"site-sidebar-layout":"default","site-content-layout":"","ast-site-content-layout":"default","site-content-style":"default","site-sidebar-style":"default","ast-global-header-display":"","ast-banner-title-visibility":"","ast-main-header-display":"","ast-hfb-above-header-display":"","ast-hfb-below-header-display":"","ast-hfb-mobile-header-display":"","site-post-title":"","ast-breadcrumbs-content":"","ast-featured-img":"","footer-sml-layout":"","theme-transparent-header-meta":"","adv-header-id-meta":"","stick-header-meta":"","header-above-stick-meta":"","header-main-stick-meta":"","header-below-stick-meta":"","astra-migrate-meta-layouts":"set","ast-page-background-enabled":"default","ast-page-background-meta":{"desktop":{"background-color":"var(--ast-global-color-4)","background-image":"","background-repeat":"repeat","background-position":"center center","background-size":"auto","background-attachment":"scroll","background-type":"","background-media":"","overlay-type":"","overlay-color":"","overlay-opacity":"","overlay-gradient":""},"tablet":{"background-color":"","background-image":"","background-repeat":"repeat","background-position":"center center","background-size":"auto","background-attachment":"scroll","background-type":"","background-media":"","overlay-type":"","overlay-color":"","overlay-opacity":"","overlay-gradient":""},"mobile":{"background-color":"","background-image":"","background-repeat":"repeat","background-position":"center center","background-size":"auto","background-attachment":"scroll","background-type":"","background-media":"","overlay-type":"","overlay-color":"","overlay-opacity":"","overlay-gradient":""}},"ast-content-background-meta":{"desktop":{"background-color":"var(--ast-global-color-5)","background-image":"","background-repeat":"repeat","background-position":"center center","background-size":"auto","background-attachment":"scroll","background-type":"","background-media":"","overlay-type":"","overlay-color":"","overlay-opacity":"","overlay-gradient":""},"tablet":{"background-color":"var(--ast-global-color-5)","background-image":"","background-repeat":"repeat","background-position":"center center","background-size":"auto","background-attachment":"scroll","background-type":"","background-media":"","overlay-type":"","overlay-color":"","overlay-opacity":"","overlay-gradient":""},"mobile":{"background-color":"var(--ast-global-color-5)","background-image":"","background-repeat":"repeat","background-position":"center center","background-size":"auto","background-attachment":"scroll","background-type":"","background-media":"","overlay-type":"","overlay-color":"","overlay-opacity":"","overlay-gradient":""}},"footnotes":""},"class_list":["post-1042","page","type-page","status-publish","hentry"],"post_mailing_queue_ids":[],"_links":{"self":[{"href":"https:\/\/agora.xtec.cat\/insbaixemporda\/wp-json\/wp\/v2\/pages\/1042","targetHints":{"allow":["GET"]}}],"collection":[{"href":"https:\/\/agora.xtec.cat\/insbaixemporda\/wp-json\/wp\/v2\/pages"}],"about":[{"href":"https:\/\/agora.xtec.cat\/insbaixemporda\/wp-json\/wp\/v2\/types\/page"}],"author":[{"embeddable":true,"href":"https:\/\/agora.xtec.cat\/insbaixemporda\/wp-json\/wp\/v2\/users\/1"}],"replies":[{"embeddable":true,"href":"https:\/\/agora.xtec.cat\/insbaixemporda\/wp-json\/wp\/v2\/comments?post=1042"}],"version-history":[{"count":6,"href":"https:\/\/agora.xtec.cat\/insbaixemporda\/wp-json\/wp\/v2\/pages\/1042\/revisions"}],"predecessor-version":[{"id":3343,"href":"https:\/\/agora.xtec.cat\/insbaixemporda\/wp-json\/wp\/v2\/pages\/1042\/revisions\/3343"}],"up":[{"embeddable":true,"href":"https:\/\/agora.xtec.cat\/insbaixemporda\/wp-json\/wp\/v2\/pages\/1038"}],"wp:attachment":[{"href":"https:\/\/agora.xtec.cat\/insbaixemporda\/wp-json\/wp\/v2\/media?parent=1042"}],"curies":[{"name":"wp","href":"https:\/\/api.w.org\/{rel}","templated":true}]}}