{"id":1033,"date":"2025-06-24T23:50:05","date_gmt":"2025-06-24T21:50:05","guid":{"rendered":"https:\/\/agora.xtec.cat\/insbaixemporda\/?page_id=1033"},"modified":"2026-03-16T14:11:19","modified_gmt":"2026-03-16T13:11:19","slug":"proves-anuals-per-completar-leso","status":"publish","type":"page","link":"https:\/\/agora.xtec.cat\/insbaixemporda\/secretaria\/proves-anuals-per-completar-leso\/","title":{"rendered":"Proves anuals per completar l&#8217;ESO"},"content":{"rendered":"\n<p>Poden conc\u00f3rrer a la prova aquells alumnes que van finalitzar l\u2019ESO el 2023\/2024 i el 2024\/2025 i que no van obtenir el t\u00edtol. (<strong><a href=\"http:\/\/ensenyament.gencat.cat\/ca\/serveis-tramits\/proves\/proves-lliures-obtencio-titols\/obtencio-titol-eso\/\" target=\"_blank\" rel=\"noreferrer noopener\">INFO+<\/a><\/strong>)<\/p>\n\n\n\n<h3 class=\"wp-block-heading\">Inscripci\u00f3<\/h3>\n\n\n\n<p>Del 2 al 12 de febrer de 2026, presencial a l\u2019institut on van cursar l\u2019ESO.<\/p>\n\n\n\n<p><a href=\"http:\/\/insbaixemporda.cat\/wp-content\/uploads\/2025\/01\/Proves_GESO_INSCRIPCIO_2025.pdf\" target=\"_blank\" rel=\"noreferrer noopener\">Impr\u00e8s de sol\u00b7licitud de participaci\u00f3<\/a>. (cal presentar-lo a la secretaria del centre)<\/p>\n\n\n\n<h3 class=\"wp-block-heading\">Qui s\u2019hi pot presentar?<\/h3>\n\n\n\n<p>Per a les proves de l\u2019actual curs 2025-2026, s\u2019han de reunir els tres requisits seg\u00fcents:<\/p>\n\n\n\n<ul class=\"wp-block-list\">\n<li>Haver finalitzat l\u2019ESO l\u2019any 2023\/2024 o 2024\/2025<\/li>\n\n\n\n<li>Tenir almenys 18 anys o complir-los dins de l\u2019any 2025. <\/li>\n\n\n\n<li>Tamb\u00e9 hi pot conc\u00f3rrer l\u2019alumne que faci els 17 anys l\u2019any 2025, sempre que compleixi alguna de les condicions seg\u00fcents:\n<ul class=\"wp-block-list\">\n<li>Tenir un contracte laboral que li impedeixi assistir al centre en r\u00e8gim ordinari.<\/li>\n\n\n\n<li>Trobar-se en proc\u00e9s d\u2019obtenci\u00f3 d\u2019un perm\u00eds de treball (alumnat estranger).<\/li>\n\n\n\n<li>Ser esportista d\u2019alt rendiment.<\/li>\n\n\n\n<li>Tenir un expedient d\u2019homologaci\u00f3 obert d\u2019estudis estrangers al t\u00edtol de GESO.<\/li>\n<\/ul>\n<\/li>\n\n\n\n<li>Haver cursat l\u2019ESO (el 4t curs incl\u00f2s) sense haver obtingut el t\u00edtol.<\/li>\n<\/ul>\n\n\n\n<p>En aplicaci\u00f3 d\u2019aquests requisits, queden exclosos de les proves els alumnes inscrits per repetir 4t d\u2019ESO el 2025\/2026. En canvi, hi poden conc\u00f3rrer els alumnes que estan matriculats a ensenyaments d\u2019adults o a l\u2019Institut Obert de Catalunya, sempre que compleixin els tres requisits abans esmentats.<\/p>\n\n\n\n<h3 class=\"wp-block-heading\">Continguts<\/h3>\n\n\n\n<ul class=\"wp-block-list\">\n<li><a href=\"http:\/\/insbaixemporda.cat\/wp-content\/uploads\/2025\/02\/Criteris_avaluacio_GESO_Socials.pdf\" target=\"_blank\" rel=\"noreferrer noopener\">Ci\u00e8ncies socials<\/a><\/li>\n\n\n\n<li><a href=\"https:\/\/drive.google.com\/open?id=1b5cQKNd97-gkg6q4qP_vPdW2EiYS6zjU\" target=\"_blank\" rel=\"noreferrer noopener\">Economia<\/a><\/li>\n\n\n\n<li><a href=\"https:\/\/drive.google.com\/open?id=10GCSb7jHEhnDK4Bp7-PpxGdMF1X2FepL\" target=\"_blank\" rel=\"noreferrer noopener\">Emprenedoria<\/a><\/li>\n\n\n\n<li><a href=\"http:\/\/insbaixemporda.cat\/wp-content\/uploads\/2023\/01\/Proves-obtenci%C3%B3-graduat-ESO_criteris_Ciencies.pdf\" target=\"_blank\" rel=\"noreferrer noopener\">F\u00edsica i Qu\u00edmica<\/a><\/li>\n\n\n\n<li><a href=\"http:\/\/insbaixemporda.cat\/wp-content\/uploads\/2025\/01\/%C3%8Dndex-de-continguts-b%C3%A0sics-4ESO-Biologia-i-Geologia.pdf\" target=\"_blank\" rel=\"noreferrer noopener\">Biologia i Geologia<\/a><\/li>\n\n\n\n<li><a href=\"https:\/\/drive.google.com\/file\/d\/1blgMzUX4lYvzrIBFjskVbdos5Tta72AX\/view?usp=sharing\" target=\"_blank\" rel=\"noreferrer noopener\">Llat\u00ed<\/a><\/li>\n\n\n\n<li><a href=\"http:\/\/insbaixemporda.cat\/wp-content\/uploads\/2025\/02\/Proves_GESO_Llengua_Catalana_INSCRIPCIO_2025.pdf\" target=\"_blank\" rel=\"noreferrer noopener\">Llengua catalana i literatura<\/a><\/li>\n\n\n\n<li><a href=\"http:\/\/insbaixemporda.cat\/wp-content\/uploads\/2025\/02\/4-ESO-LS-PROVES-GESO-LLENGUA-CASTELLANA-I-LITERATURA-2025.pdf\" target=\"_blank\" rel=\"noreferrer noopener\">Llengua castellana i literatura<\/a><\/li>\n\n\n\n<li><a href=\"http:\/\/insbaixemporda.cat\/wp-content\/uploads\/2025\/02\/criteris_avaluacio_GESO_angles.pdf\" target=\"_blank\" rel=\"noreferrer noopener\">Llengua anglesa<\/a><\/li>\n\n\n\n<li><a href=\"http:\/\/insbaixemporda.cat\/wp-content\/uploads\/2025\/02\/Continguts-Matem%C3%A0tiques-proves-GESO.pdf\" target=\"_blank\" rel=\"noreferrer noopener\">Matem\u00e0tiques<\/a><\/li>\n\n\n\n<li><a href=\"http:\/\/insbaixemporda.cat\/wp-content\/uploads\/2025\/01\/Tecnologia-i-digitalitzaci%C3%B3-Proves_GESO.pdf\" target=\"_blank\" rel=\"noreferrer noopener\">Tecnologia i digitalitzaci\u00f3<\/a><\/li>\n<\/ul>\n\n\n\n<h3 class=\"wp-block-heading\">Dates de les proves<\/h3>\n\n\n\n<p>La realitzaci\u00f3 de les proves ser\u00e0 els dies&nbsp;<strong>9, 10, 11, 12 i 16  de mar\u00e7<\/strong> de 2026; de 15 a 18 hores al nostre l\u2019institut de forma presencial.<\/p>\n\n\n\n<h4 class=\"wp-block-heading\">Horari<\/h4>\n\n\n\n<figure class=\"wp-block-table\"><table class=\"has-fixed-layout\"><tbody><tr><td><strong>Hora<\/strong><\/td><td><strong>Dilluns, 9 de mar\u00e7<\/strong><\/td><td><strong>Dimarts, 10 de mar\u00e7<\/strong><\/td><td><strong>Dimecres, 11 de mar\u00e7<\/strong><\/td><td><strong>Dijous, 12 de mar\u00e7<\/strong><\/td><td><strong>Dilluns, 16 mar\u00e7<\/strong><\/td><\/tr><tr><td><strong>15.30h<\/strong><\/td><td>Llengua catalana<\/td><td>Matem\u00e0tiques<\/td><td>Llengua anglesa<\/td><td>Biologia i Geologia<\/td><td>Compet\u00e8ncia Personal (entrevista)<\/td><\/tr><tr><td><strong>16.30h<\/strong><\/td><td>Llengua castellana<\/td><td>Ci\u00e8ncies Socials<\/td><td>Educaci\u00f3 Visual i Pl\u00e0stica<\/td><td>F\u00edsica i Qu\u00edmica<\/td><td>Compet\u00e8ncia Emprenedora (entrevista)<\/td><\/tr><\/tbody><\/table><\/figure>\n\n\n\n<h3 class=\"wp-block-heading\">Avaluaci\u00f3<\/h3>\n\n\n\n<p>En els dies posteriors a la realitzaci\u00f3 de les proves<\/p>\n\n\n\n<h3 class=\"wp-block-heading\">Entrega de qualificacions<\/h3>\n\n\n\n<p>S&#8217;avisar\u00e0 per correu a les persones candidates perqu\u00e8 puguin venir-les a recollir al centre. <strong>A partir del dia 19 de mar\u00e7 de 2025 en horari de secretaria<\/strong> (de 10 a 13h)<\/p>\n","protected":false},"excerpt":{"rendered":"<p>Poden conc\u00f3rrer a la prova aquells alumnes que van finalitzar l\u2019ESO el 2023\/2024 i el 2024\/2025 i que no van obtenir el t\u00edtol. (INFO+) Inscripci\u00f3 Del 2 al 12 de febrer de 2026, presencial a l\u2019institut on van cursar l\u2019ESO. Impr\u00e8s de sol\u00b7licitud de participaci\u00f3. (cal presentar-lo a la secretaria del centre) Qui s\u2019hi pot [&hellip;]<\/p>\n","protected":false},"author":1,"featured_media":0,"parent":81,"menu_order":0,"comment_status":"closed","ping_status":"close","template":"","meta":{"site-sidebar-layout":"default","site-content-layout":"","ast-site-content-layout":"default","site-content-style":"default","site-sidebar-style":"default","ast-global-header-display":"","ast-banner-title-visibility":"","ast-main-header-display":"","ast-hfb-above-header-display":"","ast-hfb-below-header-display":"","ast-hfb-mobile-header-display":"","site-post-title":"","ast-breadcrumbs-content":"","ast-featured-img":"","footer-sml-layout":"","theme-transparent-header-meta":"","adv-header-id-meta":"","stick-header-meta":"","header-above-stick-meta":"","header-main-stick-meta":"","header-below-stick-meta":"","astra-migrate-meta-layouts":"set","ast-page-background-enabled":"default","ast-page-background-meta":{"desktop":{"background-color":"var(--ast-global-color-4)","background-image":"","background-repeat":"repeat","background-position":"center center","background-size":"auto","background-attachment":"scroll","background-type":"","background-media":"","overlay-type":"","overlay-color":"","overlay-opacity":"","overlay-gradient":""},"tablet":{"background-color":"","background-image":"","background-repeat":"repeat","background-position":"center center","background-size":"auto","background-attachment":"scroll","background-type":"","background-media":"","overlay-type":"","overlay-color":"","overlay-opacity":"","overlay-gradient":""},"mobile":{"background-color":"","background-image":"","background-repeat":"repeat","background-position":"center center","background-size":"auto","background-attachment":"scroll","background-type":"","background-media":"","overlay-type":"","overlay-color":"","overlay-opacity":"","overlay-gradient":""}},"ast-content-background-meta":{"desktop":{"background-color":"var(--ast-global-color-5)","background-image":"","background-repeat":"repeat","background-position":"center center","background-size":"auto","background-attachment":"scroll","background-type":"","background-media":"","overlay-type":"","overlay-color":"","overlay-opacity":"","overlay-gradient":""},"tablet":{"background-color":"var(--ast-global-color-5)","background-image":"","background-repeat":"repeat","background-position":"center center","background-size":"auto","background-attachment":"scroll","background-type":"","background-media":"","overlay-type":"","overlay-color":"","overlay-opacity":"","overlay-gradient":""},"mobile":{"background-color":"var(--ast-global-color-5)","background-image":"","background-repeat":"repeat","background-position":"center center","background-size":"auto","background-attachment":"scroll","background-type":"","background-media":"","overlay-type":"","overlay-color":"","overlay-opacity":"","overlay-gradient":""}},"footnotes":""},"class_list":["post-1033","page","type-page","status-publish","hentry"],"post_mailing_queue_ids":[],"_links":{"self":[{"href":"https:\/\/agora.xtec.cat\/insbaixemporda\/wp-json\/wp\/v2\/pages\/1033","targetHints":{"allow":["GET"]}}],"collection":[{"href":"https:\/\/agora.xtec.cat\/insbaixemporda\/wp-json\/wp\/v2\/pages"}],"about":[{"href":"https:\/\/agora.xtec.cat\/insbaixemporda\/wp-json\/wp\/v2\/types\/page"}],"author":[{"embeddable":true,"href":"https:\/\/agora.xtec.cat\/insbaixemporda\/wp-json\/wp\/v2\/users\/1"}],"replies":[{"embeddable":true,"href":"https:\/\/agora.xtec.cat\/insbaixemporda\/wp-json\/wp\/v2\/comments?post=1033"}],"version-history":[{"count":6,"href":"https:\/\/agora.xtec.cat\/insbaixemporda\/wp-json\/wp\/v2\/pages\/1033\/revisions"}],"predecessor-version":[{"id":3313,"href":"https:\/\/agora.xtec.cat\/insbaixemporda\/wp-json\/wp\/v2\/pages\/1033\/revisions\/3313"}],"up":[{"embeddable":true,"href":"https:\/\/agora.xtec.cat\/insbaixemporda\/wp-json\/wp\/v2\/pages\/81"}],"wp:attachment":[{"href":"https:\/\/agora.xtec.cat\/insbaixemporda\/wp-json\/wp\/v2\/media?parent=1033"}],"curies":[{"name":"wp","href":"https:\/\/api.w.org\/{rel}","templated":true}]}}