{"id":1012,"date":"2025-06-24T23:39:21","date_gmt":"2025-06-24T21:39:21","guid":{"rendered":"https:\/\/agora.xtec.cat\/insbaixemporda\/?page_id=1012"},"modified":"2026-05-11T19:42:25","modified_gmt":"2026-05-11T17:42:25","slug":"preinscripcio-i-matricula-batxillerat","status":"publish","type":"page","link":"https:\/\/agora.xtec.cat\/insbaixemporda\/secretaria\/preinscripcio-i-matricula\/preinscripcio-i-matricula-batxillerat\/","title":{"rendered":"Preinscripci\u00f3 i matr\u00edcula del Batxillerat"},"content":{"rendered":"\n<p>L\u2019horari d\u2019oficina d\u2019atenci\u00f3 al p\u00fablic de secretaria \u00e9s de 10 h a 13 h<\/p>\n\n\n\n<h4 class=\"wp-block-heading has-text-align-center\">PREINSCRIPCI\u00d3 BATXILLERAT 26-27<\/h4>\n\n\n\n<h4 class=\"wp-block-heading\">Informaci\u00f3<\/h4>\n\n\n\n<p>Les persones que tinguin estudis previs als actuals poden consultar la taula del\u00a0<a href=\"https:\/\/triaeducativa.gencat.cat\/web\/.content\/titulacions\/equivalencies\/taules-equivalencies.pdf\"><strong>resum d\u2019equival\u00e8ncies entre t\u00edtols del sistema educatiu<\/strong><\/a>.<\/p>\n\n\n\n<p>Podeu entrar al seg\u00fcent enlla\u00e7 de la Generalitat de Catalunya:&nbsp;<a href=\"http:\/\/queestudiar.gencat.cat\/ca\/preinscripcio\/estudis\/batxillerat\/\" target=\"_blank\" rel=\"noreferrer noopener\">qu\u00e8 estudiar a Catalunya<\/a>.<\/p>\n\n\n\n<p>Informaci\u00f3 sobre el&nbsp;<a href=\"https:\/\/preinscripcio.gencat.cat\/ca\/estudis\/batxillerat\/inici\/\" target=\"_blank\" rel=\"noreferrer noopener\"><strong>proc\u00e9s de preinscripci\u00f3 a batxillerat<\/strong><\/a>&nbsp;(Gencat). <\/p>\n\n\n\n<h4 class=\"wp-block-heading\">Sol\u00b7licitud<\/h4>\n\n\n\n<p>La preinscripci\u00f3 als estudis de Batxillerat es fa telem\u00e0ticament, a trav\u00e9s del web del <a href=\"https:\/\/preinscripcio.gencat.cat\/ca\/estudis\/batxillerat\/preinscriute\/sollicitud\"><strong>Departament d\u2019Educaci\u00f3 i Formaci\u00f3 Professional<\/strong><\/a>. En aquesta mateixa p\u00e0gina hi trobareu tota la informaci\u00f3 necess\u00e0ria per poder-la dur a terme.<\/p>\n\n\n\n<h4 class=\"wp-block-heading\">Criteris de prioritat<\/h4>\n\n\n\n<h6 class=\"wp-block-heading\"><strong>CRITERIS GENERALS DE PRIORITAT<\/strong><\/h6>\n\n\n\n<ul class=\"wp-block-list\">\n<li>Per tenir germans matriculats al centre INS Baix Empord\u00e0, durant el curs 2024\/25, s\u2019atorguen\u00a0<strong>50 punts<\/strong>\u00a0segons els criteris generals de la convocat\u00f2ria.<\/li>\n\n\n\n<li>Domicili habitual dins de la zona educativa del centre :\u00a0<strong>30 punts<\/strong>.<\/li>\n\n\n\n<li>Si escau, documentaci\u00f3 acreditativa de la prestaci\u00f3 econ\u00f2mica de la renda garantida de ciutadania, per obtenir els\u00a0<strong>15 punts<\/strong>.<\/li>\n\n\n\n<li>A la puntuaci\u00f3 per criteris prioritaris se li sumar\u00e0\u00a0<strong>la nota obtinguda<\/strong>\u00a0per a l\u2019acc\u00e9s als estudis.<\/li>\n<\/ul>\n\n\n\n<h6 class=\"wp-block-heading\"><strong>CRITERIS COMPLEMENTARIS DE PRIORITAT<\/strong><\/h6>\n\n\n\n<ul class=\"wp-block-list\">\n<li>Quan el pare, mare o tutor legal treballa en el centre. S\u2019obtindran&nbsp;<strong>10 punts<\/strong>.<\/li>\n\n\n\n<li>Si escau, justificant oficial corresponent, quan l\u2019alumne o un familiar de 1r grau acrediti una discapacitat de grau igual o superior al 33%, per obtenir els&nbsp;<strong>15 punts<\/strong>.<\/li>\n\n\n\n<li>Si escau, original i fotoc\u00f2pia del llibre de fam\u00edlia nombrosa o monoparental, vigent, per obtenir els&nbsp;<strong>10 punts<\/strong>.<\/li>\n\n\n\n<li>Alumne en situaci\u00f3 d\u2019acolliment familiar, obt\u00e9&nbsp;<strong>10 punts<\/strong>.<\/li>\n\n\n\n<li>Ser bess\u00f3 o trigemin:&nbsp;<strong>10 punts<\/strong>.<\/li>\n\n\n\n<li>Si es t\u00e9 condici\u00f3 de v\u00edctima de viol\u00e8ncia de g\u00e8nere o de terrorisme:&nbsp;<strong>10 punts<\/strong>.<\/li>\n<\/ul>\n\n\n\n<h5 class=\"wp-block-heading\">Normativa<\/h5>\n\n\n\n<p>Podeu consultar la normativa vigent al seg\u00fcent enlla\u00e7 de la Generalitat de Catalunya:<\/p>\n\n\n\n<p><a href=\"https:\/\/dogc.gencat.cat\/ca\/document-del-dogc\/?documentId=894935\" target=\"_blank\" rel=\"noreferrer noopener\">Resoluci\u00f3 EDU\/596\/2021, de 2 de mar\u00e7,&nbsp;<\/a>per la qual s\u2019aproven les normes de preinscripci\u00f3 i matr\u00edcula d\u2019alumnes als centres del Servei d\u2019Educaci\u00f3 de Catalunya i altres centres educatius, en els diversos ensenyaments sostinguts amb fons p\u00fablics, per al curs 2021-2022 (DOGC, n\u00fam. 8357, de 5.3.2021)<\/p>\n\n\n\n<p><a href=\"https:\/\/dogc.gencat.cat\/ca\/document-del-dogc\/?documentId=893678\" target=\"_blank\" rel=\"noreferrer noopener\">Decret 11\/2021, de 16 de febrer,&nbsp;<\/a>de la programaci\u00f3 de l\u2019oferta educativa i del procediment d\u2019admissi\u00f3 en els centres del Servei d\u2019Educaci\u00f3 de Catalunya (DOGC, n\u00fam. 8344, de 18.2.2021)<\/p>\n\n\n\n<p><a href=\"http:\/\/portaljuridic.gencat.cat\/ca\/pjur_ocults\/pjur_resultats_fitxa?action=fitxa&amp;documentId=840821\">DECRET 31\/2019, de 5 de febrer, de modificaci\u00f3 del Decret 75\/2007, de 27 de mar\u00e7, pel qual s\u2019estableix el procediment d\u2019admissi\u00f3 de l\u2019alumnat als centres en els ensenyaments sufragats amb fons p\u00fablics.&nbsp;(DOGC&nbsp; n\u00fam.&nbsp; 7805 &nbsp;publicat el &nbsp;07\/02\/2019)<\/a><\/p>\n\n\n\n<p><a href=\"http:\/\/dogc.gencat.cat\/ca\/pdogc_canals_interns\/pdogc_resultats_fitxa\/?action=fitxa&amp;documentId=438351\">DECRET 75\/2007, de 27 de mar\u00e7, pel qual s\u2019estableix el procediment d\u2019admissi\u00f3 de l\u2019alumnat als centres en els ensenyaments sufragats amb fons p\u00fablics.&nbsp;(DOGC&nbsp; n\u00fam.&nbsp; 4852 &nbsp;publicat el &nbsp;29\/03\/2007)<\/a><\/p>\n\n\n\n<hr class=\"wp-block-separator has-alpha-channel-opacity\"\/>\n\n\n\n<h4 class=\"wp-block-heading has-text-align-center\">MATR\u00cdCULA BATXILLERAT 26- 27<\/h4>\n\n\n\n<p>El per\u00edode de matriculaci\u00f3 de batxillerat per als alumnes preinscrits amb pla\u00e7a assignada \u00e9s <strong>del &#8212; al &#8212; de juny de 202<\/strong>6, ambd\u00f3s inclosos.<\/p>\n\n\n\n<p>Si no pots fer la matriculaci\u00f3 en aquestes dates, cal que presentis un justificant com m\u00e9s aviat millor al mateix centre, perqu\u00e8 si no es considera que renuncies a la pla\u00e7a i la perds.<\/p>\n\n\n\n<h4 class=\"wp-block-heading\">Matr\u00edcula<\/h4>\n\n\n\n<ul class=\"wp-block-list\">\n<li>Matr\u00edcula a primer i segon de Batxillerat\u00a0<strong>NOM\u00c9S\u00a0per alumnat nou al centre<\/strong>:\u00a0\u00a0del &#8212; al &#8212; de juny 2026.<\/li>\n<\/ul>\n\n\n\n<ul class=\"wp-block-list\">\n<li>TRIA D\u2019ITINERARI I MAT\u00c8RIES<\/li>\n\n\n\n<li>Nom\u00e9s ha de triar mat\u00e8ries l\u2019alumnat nou al centre\n<ul class=\"wp-block-list\">\n<li>L\u2019<strong>alumnat NOU AL CENTRE de 1r\u00a0<\/strong>\u00a0<a href=\"https:\/\/docs.google.com\/forms\/d\/e\/1FAIpQLSe_s9k5lbwZ7ONAAFBU_bo7lXdfr7HYcKo7W4NUw5ZYUp9jfw\/viewform?usp=header\" target=\"_blank\" rel=\"noreferrer noopener\"><strong>Tria d\u2019optatives de 1r de batxillerat<\/strong><\/a>.<\/li>\n\n\n\n<li>L\u2019<strong>alumnat NOU AL CENTRE de 2n\u00a0<\/strong>\u00a0<a href=\"https:\/\/docs.google.com\/forms\/d\/e\/1FAIpQLSfHETL_uys6jOSnpfzRk1RPx6qL7qC-Tqn-SyoYmDjzA3U0zg\/viewform?usp=header\" target=\"_blank\" rel=\"noreferrer noopener\"><strong>Tria d\u2019optatives de 2n de batxillerat.<\/strong><\/a><\/li>\n<\/ul>\n<\/li>\n<\/ul>\n\n\n\n<hr class=\"wp-block-separator has-alpha-channel-opacity\"\/>\n\n\n\n<h4 class=\"wp-block-heading\">Pagaments per Batxillerat<\/h4>\n\n\n\n<p>Els pagaments estaran actius en el moment de la matr\u00edcula a trav\u00e9s de l\u2019app iEduca TokApp.<br>Per fer efectiva la matr\u00edcula caldr\u00e0 que s\u2019hagi efectuat el pagament.<\/p>\n\n\n\n<p><a href=\"https:\/\/play.google.com\/store\/apps\/details?id=com.MultiExpo.ieduca&amp;pcampaignid=web_share\" target=\"_blank\" rel=\"noreferrer noopener\">Descarregar-se l\u2019aplicaci\u00f3 iEduca TokApp<\/a>&nbsp;per Android<br><a href=\"https:\/\/apps.apple.com\/cl\/app\/ieduca-tokapp\/id1082664178\" target=\"_blank\" rel=\"noreferrer noopener\">Descarregar-se l\u2019aplicaci\u00f3 iEduca TokApp<\/a>&nbsp;per iPhone<\/p>\n\n\n\n<p>\u00c9s molt important tenir descarregada l\u2019aplicaci\u00f3 iEduca TokApp.<br>A l\u2019apartat \u201c<strong>Xat<\/strong>\u201d hi trobareu un missatge amb la petici\u00f3 de pagament o b\u00e9, a l\u2019apartat \u201c<strong>Pagaments<\/strong>\u201d hi trobareu l\u2019acc\u00e9s per fer efectiu el pagament.<\/p>\n","protected":false},"excerpt":{"rendered":"<p>L\u2019horari d\u2019oficina d\u2019atenci\u00f3 al p\u00fablic de secretaria \u00e9s de 10 h a 13 h PREINSCRIPCI\u00d3 BATXILLERAT 26-27 Informaci\u00f3 Les persones que tinguin estudis previs als actuals poden consultar la taula del\u00a0resum d\u2019equival\u00e8ncies entre t\u00edtols del sistema educatiu. Podeu entrar al seg\u00fcent enlla\u00e7 de la Generalitat de Catalunya:&nbsp;qu\u00e8 estudiar a Catalunya. Informaci\u00f3 sobre el&nbsp;proc\u00e9s de preinscripci\u00f3 [&hellip;]<\/p>\n","protected":false},"author":1,"featured_media":0,"parent":1003,"menu_order":0,"comment_status":"closed","ping_status":"close","template":"","meta":{"site-sidebar-layout":"default","site-content-layout":"","ast-site-content-layout":"default","site-content-style":"default","site-sidebar-style":"default","ast-global-header-display":"","ast-banner-title-visibility":"","ast-main-header-display":"","ast-hfb-above-header-display":"","ast-hfb-below-header-display":"","ast-hfb-mobile-header-display":"","site-post-title":"","ast-breadcrumbs-content":"","ast-featured-img":"","footer-sml-layout":"","theme-transparent-header-meta":"","adv-header-id-meta":"","stick-header-meta":"","header-above-stick-meta":"","header-main-stick-meta":"","header-below-stick-meta":"","astra-migrate-meta-layouts":"set","ast-page-background-enabled":"default","ast-page-background-meta":{"desktop":{"background-color":"var(--ast-global-color-4)","background-image":"","background-repeat":"repeat","background-position":"center center","background-size":"auto","background-attachment":"scroll","background-type":"","background-media":"","overlay-type":"","overlay-color":"","overlay-opacity":"","overlay-gradient":""},"tablet":{"background-color":"","background-image":"","background-repeat":"repeat","background-position":"center center","background-size":"auto","background-attachment":"scroll","background-type":"","background-media":"","overlay-type":"","overlay-color":"","overlay-opacity":"","overlay-gradient":""},"mobile":{"background-color":"","background-image":"","background-repeat":"repeat","background-position":"center center","background-size":"auto","background-attachment":"scroll","background-type":"","background-media":"","overlay-type":"","overlay-color":"","overlay-opacity":"","overlay-gradient":""}},"ast-content-background-meta":{"desktop":{"background-color":"var(--ast-global-color-5)","background-image":"","background-repeat":"repeat","background-position":"center center","background-size":"auto","background-attachment":"scroll","background-type":"","background-media":"","overlay-type":"","overlay-color":"","overlay-opacity":"","overlay-gradient":""},"tablet":{"background-color":"var(--ast-global-color-5)","background-image":"","background-repeat":"repeat","background-position":"center center","background-size":"auto","background-attachment":"scroll","background-type":"","background-media":"","overlay-type":"","overlay-color":"","overlay-opacity":"","overlay-gradient":""},"mobile":{"background-color":"var(--ast-global-color-5)","background-image":"","background-repeat":"repeat","background-position":"center center","background-size":"auto","background-attachment":"scroll","background-type":"","background-media":"","overlay-type":"","overlay-color":"","overlay-opacity":"","overlay-gradient":""}},"footnotes":""},"class_list":["post-1012","page","type-page","status-publish","hentry"],"post_mailing_queue_ids":[],"_links":{"self":[{"href":"https:\/\/agora.xtec.cat\/insbaixemporda\/wp-json\/wp\/v2\/pages\/1012","targetHints":{"allow":["GET"]}}],"collection":[{"href":"https:\/\/agora.xtec.cat\/insbaixemporda\/wp-json\/wp\/v2\/pages"}],"about":[{"href":"https:\/\/agora.xtec.cat\/insbaixemporda\/wp-json\/wp\/v2\/types\/page"}],"author":[{"embeddable":true,"href":"https:\/\/agora.xtec.cat\/insbaixemporda\/wp-json\/wp\/v2\/users\/1"}],"replies":[{"embeddable":true,"href":"https:\/\/agora.xtec.cat\/insbaixemporda\/wp-json\/wp\/v2\/comments?post=1012"}],"version-history":[{"count":6,"href":"https:\/\/agora.xtec.cat\/insbaixemporda\/wp-json\/wp\/v2\/pages\/1012\/revisions"}],"predecessor-version":[{"id":3463,"href":"https:\/\/agora.xtec.cat\/insbaixemporda\/wp-json\/wp\/v2\/pages\/1012\/revisions\/3463"}],"up":[{"embeddable":true,"href":"https:\/\/agora.xtec.cat\/insbaixemporda\/wp-json\/wp\/v2\/pages\/1003"}],"wp:attachment":[{"href":"https:\/\/agora.xtec.cat\/insbaixemporda\/wp-json\/wp\/v2\/media?parent=1012"}],"curies":[{"name":"wp","href":"https:\/\/api.w.org\/{rel}","templated":true}]}}