{"id":1011,"date":"2025-06-24T23:39:21","date_gmt":"2025-06-24T21:39:21","guid":{"rendered":"https:\/\/agora.xtec.cat\/insbaixemporda\/?page_id=1011"},"modified":"2026-05-11T20:01:06","modified_gmt":"2026-05-11T18:01:06","slug":"preinscripcio-i-matricula-eso","status":"publish","type":"page","link":"https:\/\/agora.xtec.cat\/insbaixemporda\/secretaria\/preinscripcio-i-matricula\/preinscripcio-i-matricula-eso\/","title":{"rendered":"Preinscripci\u00f3 i matr\u00edcula ESO"},"content":{"rendered":"\n<p>L\u2019horari d\u2019oficina d\u2019atenci\u00f3 al p\u00fablic de secretaria \u00e9s de 10 h a 13 h<\/p>\n\n\n\n<h4 class=\"wp-block-heading has-text-align-center\">PREINSCRIPCI\u00d3 ESO 26-27<\/h4>\n\n\n\n<p>L\u2019horari d\u2019oficina d\u2019atenci\u00f3 al p\u00fablic de secretaria \u00e9s de 10 h a 13 h<\/p>\n\n\n\n<h5 class=\"wp-block-heading\">Oferta<\/h5>\n\n\n\n<p>Us informem de l\u2019oferta inicial de places pel curs 2026\/2027:&nbsp;&nbsp;<strong><a href=\"http:\/\/mapaescolar.gencat.cat\/\" target=\"_blank\" rel=\"noreferrer noopener\">Mapa escolar de la preinscripci\u00f3 curs 2026\/27<\/a><\/strong><\/p>\n\n\n\n<p><strong>Publicaci\u00f3 de l&#8217;oferta inicial de places<\/strong><em> <\/em><em>a 03\/03\/2026<\/em> (Cal consultar l&#8217;oferta final per veure si hi ha canvis)<\/p>\n\n\n\n<figure class=\"wp-block-table\"><table class=\"has-fixed-layout\"><tbody><tr><td><strong>Curs<\/strong><\/td><td><strong>Oferta escolar<\/strong><\/td><td><strong>Oferta de places per a preinscripci\u00f3: <\/strong>Ordin\u00e0ries<\/td><td><strong>Oferta de places per a preinscripci\u00f3:<\/strong> NEE<\/td><\/tr><tr><td><strong>1 ESO<\/strong><\/td><td>81<\/td><td>38<\/td><td>40<\/td><\/tr><tr><td><strong>2 ESO<\/strong><\/td><td>81<\/td><td>0<\/td><td>0<\/td><\/tr><tr><td><strong>3 ESO<\/strong><\/td><td>81<\/td><td>0<\/td><td>0<\/td><\/tr><tr><td><strong>4 ESO<\/strong><\/td><td>81<\/td><td>0<\/td><td>0<\/td><\/tr><\/tbody><\/table><\/figure>\n\n\n\n<p>Codi de centre:&nbsp;<strong>17002557<\/strong><\/p>\n\n\n\n<h5 class=\"wp-block-heading\">Informaci\u00f3 i sol\u00b7licitud<\/h5>\n\n\n\n<p>Per fer la sol\u00b7licitud de preinscripci\u00f3 a l&#8217;ESO s&#8217;ha de fer telem\u00e0ticament a trav\u00e9s del <a href=\"https:\/\/preinscripcio.gencat.cat\/ca\/estudis\/eso\/informat\/calendari\/\"><strong>web de la preinscripci\u00f3<\/strong><\/a> del Departament d&#8217;Educaic\u00f3 i Formaci\u00f3 Professional.<\/p>\n\n\n\n<p>Podeu entrar al seg\u00fcent enlla\u00e7 de la Generalitat de Catalunya:&nbsp;<a href=\"http:\/\/queestudiar.gencat.cat\/ca\/preinscripcio\/estudis\/obligatoris\/\" target=\"_blank\" rel=\"noreferrer noopener\">qu\u00e8 estudiar a Catalunya<\/a>.<\/p>\n\n\n\n<h5 class=\"wp-block-heading\">Ajuda per fer la preinscripci\u00f3<\/h5>\n\n\n\n<p>Qu\u00e8 \u00e9s l\u2019<strong>idalu<\/strong>? \u00c9s l\u2019identificador de l\u2019alumne que l\u2019acompanya durant tota la seva escolaritzaci\u00f3. \u00c9s un n\u00famero que el podem trobar a l\u2019informe de qualificacions dels vostres fills (de qualsevol etapa educativa). Tamb\u00e9 el podeu consultar\u00a0<a href=\"http:\/\/educacio.gencat.cat\/ca\/tramits\/tramits-temes\/identificador-alumne?moda=1\" target=\"_blank\" rel=\"noreferrer noopener\">aqu\u00ed<\/a>.<\/p>\n\n\n\n<p><a href=\"https:\/\/educacio.gencat.cat\/ca\/departament\/publicacions\/videos\/preinscripcio\/index.html\">V\u00eddeos per a la preinscripci\u00f3 en l\u00ednia i matr\u00edcula del curs 2025-26<\/a><\/p>\n\n\n\n<hr class=\"wp-block-separator has-alpha-channel-opacity\"\/>\n\n\n\n<h4 class=\"wp-block-heading alignwide has-text-align-center\"><strong>MATR\u00cdCULA 26-27<\/strong><\/h4>\n\n\n\n<h4 class=\"wp-block-heading\">Sol\u00b7licitud de matr\u00edcula:<\/h4>\n\n\n\n<p>L\u2019alumnat nou al centre ha de formalitzar la matr\u00edcula entre el 22 i 30 de juny del 2026<\/p>\n\n\n\n<h4 class=\"wp-block-heading\">Calendari<\/h4>\n\n\n\n<p><strong>Matr\u00edcula d\u2019alumnat que cursa ESO al centre (de 2n a 4t d\u2019ESO): <\/strong>Aquest alumnat no ha de fer matr\u00edcula. Rebr\u00e0 un missatge per iEduca TokApp on podr\u00e0 fer la confirmaci\u00f3 i el pagament.<\/p>\n\n\n\n<p><strong>Matr\u00edcula nou alumnat pel curs 26-27: <\/strong>Matr\u00edcula d\u2019alumnat nou (1r d\u2019ESO) al centre:\u00a0 aquest alumnat ha de formalitzar la matr\u00edcula entre\u00a0<strong>el 22 i el 30 de juny del 202<\/strong>6\u00a0<strong>AQU\u00cd<\/strong>. (s&#8217;obrir\u00e0 el termini a partir del 22 de juny). <\/p>\n\n\n\n<figure class=\"wp-block-table\"><table class=\"has-fixed-layout\"><tbody><tr><td class=\"has-text-align-center\" data-align=\"center\"><strong><a href=\"https:\/\/forms.gle\/xHSkCtuVgket3EF59\" target=\"_blank\" rel=\"noreferrer noopener\">Matr\u00edcula alumnat nou al centre<\/a><\/strong> pel curs actual (25-26)<\/td><\/tr><\/tbody><\/table><\/figure>\n\n\n\n<h4 class=\"wp-block-heading\">Documentaci\u00f3<\/h4>\n\n\n\n<p>La fotografia, les autoritzacions i la resta de documentaci\u00f3 que s\u2019esmenten en aquest apartat s\u2019han d\u2019aportar i\/o donar l\u2019autoritzaci\u00f3 en el mateix formulari de matriculaci\u00f3 de l\u2019apartat anterior.<\/p>\n\n\n\n<ul class=\"wp-block-list\">\n<li>1 fotografia tipus carnet.<\/li>\n\n\n\n<li>Document autoritzaci\u00f3 \u00fas imatge, publicaci\u00f3 de dades de car\u00e0cter personal i de material que elaboren: per l\u2019<strong>alumnat de 1r i de 2n<\/strong>,&nbsp;<a href=\"http:\/\/insbaixemporda.cat\/wp-content\/uploads\/2023\/06\/zzzDRETS-IMATGE_DADES_MATERIAL_Menors-14-anys_A251.pdf\" target=\"_blank\" rel=\"noreferrer noopener\">aquest document<\/a>&nbsp;i per l\u2019<strong>alumnat de 3r i 4t<\/strong>,&nbsp;<a href=\"http:\/\/insbaixemporda.cat\/wp-content\/uploads\/2023\/06\/zzzDRETS-IMATGE_DADES_MATERIAL_Majors-14-anys_A254.pdf\" target=\"_blank\" rel=\"noreferrer noopener\">aquest document<\/a>.<\/li>\n\n\n\n<li>L\u2019<strong>alumnat de 1r i 2n,<\/strong>&nbsp;document&nbsp;<a href=\"http:\/\/insbaixemporda.cat\/wp-content\/uploads\/2023\/06\/zzz%C3%9AS-SERVEIS-I-RECURSOS-WEB_Menors-14-anys_A253-1.pdf\" target=\"_blank\" rel=\"noreferrer noopener\">Autoritzaci\u00f3 \u00fas de serveis i recursos digitals a Internet per treballar a l\u2019aula<\/a>.<\/li>\n\n\n\n<li>L\u2019<strong>alumnat de 3r i de 4t<\/strong>, document&nbsp;<a href=\"http:\/\/insbaixemporda.cat\/wp-content\/uploads\/2023\/06\/zzz%C3%9AS-SERVEIS-I-RECURSOS-WEB_Majors-14-anys-per%C3%B2-menors-de-18_A252-1-1.pdf\" target=\"_blank\" rel=\"noreferrer noopener\">Comunicaci\u00f3 \u00fas de serveis i recursos digitals a Internet per treballar a l\u2019aula<\/a>.<\/li>\n\n\n\n<li>Document&nbsp;<a href=\"http:\/\/insbaixemporda.cat\/wp-content\/uploads\/2023\/06\/zzzCARTA-COMPROM%C3%8DS-EDUCATIU.pdf\" target=\"_blank\" rel=\"noreferrer noopener\">Carta de comprom\u00eds educatiu<\/a>.&nbsp;<strong>Nom\u00e9s alumnat nouvingut.<\/strong><\/li>\n\n\n\n<li>L\u2019<strong>alumnat de 4t<\/strong>,&nbsp;si escau,&nbsp;Tria d\u2019optatives de 4t d\u2019ESO.<\/li>\n\n\n\n<li>Comprovant d\u2019haver abonat el pagament de material i activitats.<\/li>\n\n\n\n<li>Tota la documentaci\u00f3 que no s\u2019hagi lliurat en el moment de la preinscripci\u00f3.<\/li>\n<\/ul>\n\n\n\n<h4 class=\"wp-block-heading\">Pagaments de la quota de material per l&#8217;ESO<\/h4>\n\n\n\n<p>Els pagaments estaran actius quan el centre ho determini a trav\u00e9s de l\u2019app iEduca TokApp.<br>Per fer efectiva la matr\u00edcula caldr\u00e0 que s\u2019hagi efectuat el pagament de la quota de material.<\/p>\n\n\n\n<p><a href=\"https:\/\/play.google.com\/store\/apps\/details?id=com.MultiExpo.ieduca&amp;pcampaignid=web_share\" target=\"_blank\" rel=\"noreferrer noopener\">Descarregar-se l\u2019aplicaci\u00f3 iEduca TokApp<\/a>&nbsp;per Android<br><a href=\"https:\/\/apps.apple.com\/cl\/app\/ieduca-tokapp\/id1082664178\" target=\"_blank\" rel=\"noreferrer noopener\">Descarregar-se l\u2019aplicaci\u00f3 iEduca TokApp<\/a>&nbsp;per iPhone<\/p>\n\n\n\n<p>\u00c9s molt important tenir descarregada l\u2019aplicaci\u00f3 iEduca TokApp. <br>I quan el centre ho requereixi a l\u2019apartat \u201c<strong>Xat<\/strong>\u201d hi trobareu un missatge amb la petici\u00f3 de pagament o b\u00e9, a l\u2019apartat \u201c<strong>Pagaments<\/strong>\u201d hi trobareu l\u2019acc\u00e9s per fer efectiu el pagament.<\/p>\n","protected":false},"excerpt":{"rendered":"<p>L\u2019horari d\u2019oficina d\u2019atenci\u00f3 al p\u00fablic de secretaria \u00e9s de 10 h a 13 h PREINSCRIPCI\u00d3 ESO 26-27 L\u2019horari d\u2019oficina d\u2019atenci\u00f3 al p\u00fablic de secretaria \u00e9s de 10 h a 13 h Oferta Us informem de l\u2019oferta inicial de places pel curs 2026\/2027:&nbsp;&nbsp;Mapa escolar de la preinscripci\u00f3 curs 2026\/27 Publicaci\u00f3 de l&#8217;oferta inicial de places a [&hellip;]<\/p>\n","protected":false},"author":1,"featured_media":0,"parent":1003,"menu_order":0,"comment_status":"closed","ping_status":"close","template":"","meta":{"site-sidebar-layout":"default","site-content-layout":"","ast-site-content-layout":"default","site-content-style":"default","site-sidebar-style":"default","ast-global-header-display":"","ast-banner-title-visibility":"","ast-main-header-display":"","ast-hfb-above-header-display":"","ast-hfb-below-header-display":"","ast-hfb-mobile-header-display":"","site-post-title":"","ast-breadcrumbs-content":"","ast-featured-img":"","footer-sml-layout":"","theme-transparent-header-meta":"","adv-header-id-meta":"","stick-header-meta":"","header-above-stick-meta":"","header-main-stick-meta":"","header-below-stick-meta":"","astra-migrate-meta-layouts":"set","ast-page-background-enabled":"default","ast-page-background-meta":{"desktop":{"background-color":"var(--ast-global-color-4)","background-image":"","background-repeat":"repeat","background-position":"center center","background-size":"auto","background-attachment":"scroll","background-type":"","background-media":"","overlay-type":"","overlay-color":"","overlay-opacity":"","overlay-gradient":""},"tablet":{"background-color":"","background-image":"","background-repeat":"repeat","background-position":"center center","background-size":"auto","background-attachment":"scroll","background-type":"","background-media":"","overlay-type":"","overlay-color":"","overlay-opacity":"","overlay-gradient":""},"mobile":{"background-color":"","background-image":"","background-repeat":"repeat","background-position":"center center","background-size":"auto","background-attachment":"scroll","background-type":"","background-media":"","overlay-type":"","overlay-color":"","overlay-opacity":"","overlay-gradient":""}},"ast-content-background-meta":{"desktop":{"background-color":"var(--ast-global-color-5)","background-image":"","background-repeat":"repeat","background-position":"center center","background-size":"auto","background-attachment":"scroll","background-type":"","background-media":"","overlay-type":"","overlay-color":"","overlay-opacity":"","overlay-gradient":""},"tablet":{"background-color":"var(--ast-global-color-5)","background-image":"","background-repeat":"repeat","background-position":"center center","background-size":"auto","background-attachment":"scroll","background-type":"","background-media":"","overlay-type":"","overlay-color":"","overlay-opacity":"","overlay-gradient":""},"mobile":{"background-color":"var(--ast-global-color-5)","background-image":"","background-repeat":"repeat","background-position":"center center","background-size":"auto","background-attachment":"scroll","background-type":"","background-media":"","overlay-type":"","overlay-color":"","overlay-opacity":"","overlay-gradient":""}},"footnotes":""},"class_list":["post-1011","page","type-page","status-publish","hentry"],"post_mailing_queue_ids":[],"_links":{"self":[{"href":"https:\/\/agora.xtec.cat\/insbaixemporda\/wp-json\/wp\/v2\/pages\/1011","targetHints":{"allow":["GET"]}}],"collection":[{"href":"https:\/\/agora.xtec.cat\/insbaixemporda\/wp-json\/wp\/v2\/pages"}],"about":[{"href":"https:\/\/agora.xtec.cat\/insbaixemporda\/wp-json\/wp\/v2\/types\/page"}],"author":[{"embeddable":true,"href":"https:\/\/agora.xtec.cat\/insbaixemporda\/wp-json\/wp\/v2\/users\/1"}],"replies":[{"embeddable":true,"href":"https:\/\/agora.xtec.cat\/insbaixemporda\/wp-json\/wp\/v2\/comments?post=1011"}],"version-history":[{"count":6,"href":"https:\/\/agora.xtec.cat\/insbaixemporda\/wp-json\/wp\/v2\/pages\/1011\/revisions"}],"predecessor-version":[{"id":3471,"href":"https:\/\/agora.xtec.cat\/insbaixemporda\/wp-json\/wp\/v2\/pages\/1011\/revisions\/3471"}],"up":[{"embeddable":true,"href":"https:\/\/agora.xtec.cat\/insbaixemporda\/wp-json\/wp\/v2\/pages\/1003"}],"wp:attachment":[{"href":"https:\/\/agora.xtec.cat\/insbaixemporda\/wp-json\/wp\/v2\/media?parent=1011"}],"curies":[{"name":"wp","href":"https:\/\/api.w.org\/{rel}","templated":true}]}}