{"id":1007,"date":"2025-06-24T23:28:54","date_gmt":"2025-06-24T21:28:54","guid":{"rendered":"https:\/\/agora.xtec.cat\/insbaixemporda\/?page_id=1007"},"modified":"2026-04-01T13:04:56","modified_gmt":"2026-04-01T11:04:56","slug":"documents-i-tramits","status":"publish","type":"page","link":"https:\/\/agora.xtec.cat\/insbaixemporda\/secretaria\/documents-i-tramits\/","title":{"rendered":"Documents i tr\u00e0mits"},"content":{"rendered":"\n<p><a href=\"https:\/\/drive.google.com\/file\/d\/1r4neiJU3N0Hqd-vwWe4W2GT9XYym6ipZ\/view?usp=drive_link\"><strong>Av\u00eds de les fam\u00edlies al centre per abs\u00e8ncia de llarga durada (+3 dies) menors de 18 anys.<\/strong><\/a><\/p>\n\n\n\n<p><a href=\"https:\/\/drive.google.com\/file\/d\/1qRJrx_WqqCPeDJVoU1KpAXnea78Dve_O\/view?usp=drive_link\"><strong>Av\u00eds d\u2019abs\u00e8ncia de llarga durada (+3 dies) +18 anys.<\/strong><\/a><\/p>\n\n\n\n<p><strong>&nbsp;<a href=\"https:\/\/drive.google.com\/file\/d\/1QajHhgbUUjQHL5BBxC1ZBHmCTsKBdX5b\/view?usp=drive_link\">Sol\u00b7licitud d\u2019acreditaci\u00f3 de la llengua catalana B2 \u2013 C1<\/a><\/strong><\/p>\n\n\n\n<p><a href=\"https:\/\/drive.google.com\/file\/d\/1tPta5G3GOstoJTLC_TqwPXtzgzXlubFq\/view?usp=drive_link\"><strong>iEduca Autoritzaci\u00f3 +18 anys fam\u00edlies<\/strong><\/a><\/p>\n\n\n\n<p><a href=\"https:\/\/drive.google.com\/file\/d\/109i8-NR517uPtCWM5igztz2SMOooQSZ3\/view?usp=drive_link\">Sol\u00b7licitud Gen\u00e8rica<\/a><\/p>\n\n\n\n<p><a href=\"https:\/\/drive.google.com\/file\/d\/10H7kF0dDsBmPANbZbmNa8NCwQNT3TDaF\/view?usp=drive_link\">Full de Reclamaci\u00f3 de Qualificacions<\/a><\/p>\n\n\n\n<p><a href=\"https:\/\/drive.google.com\/file\/d\/1N44EVoJvLELX6ZPXkQ8Ejof5Xqr56KFj\/view?usp=drive_link\">Full de Queixes i Suggeriments<\/a><\/p>\n\n\n\n<p><a href=\"https:\/\/drive.google.com\/file\/d\/188U5xC_gGnIqtd9whL1QPB8rLuqHBon3\/view?usp=drive_link\">Sol\u00b7licitud de Baixa Acad\u00e8mica<\/a><\/p>\n\n\n\n<p><a href=\"https:\/\/drive.google.com\/file\/d\/1TitBUrh8fbDMVn_ZebSsc9fW-S4DiA7T\/view?usp=drive_link\">Sol\u00b7licitud d&#8217;Anulaci\u00f3 de la Matr\u00edcula<\/a><\/p>\n\n\n\n<p><a href=\"https:\/\/drive.google.com\/file\/d\/1qfMIt3N9ME33bHaeRWYcc29cqS84rsQx\/view?usp=drive_link\">Sol\u00b7licitud de Devoluci\u00f3 de Quotes<\/a><\/p>\n\n\n\n<p><a href=\"https:\/\/drive.google.com\/file\/d\/16oWb1a9c0lVAT2yi-zcuDicgKT9tUMK0\/view?usp=drive_link\">Sol\u00b7licitud de Suspenci\u00f3 de Matr\u00edcula<\/a><\/p>\n\n\n\n<p><a href=\"https:\/\/drive.google.com\/file\/d\/1YNUu3zOrkpY99BgGWDb4sfcJbywhUTbq\/view?usp=drive_link\">Sol\u00b7licitud de Baixa del M\u00f2dul de FOL <\/a><\/p>\n\n\n\n<p><a href=\"https:\/\/drive.google.com\/file\/d\/1xz-enFHv2jhT9CdaGENUoVX43WCyv-cd\/view?usp=drive_link\">Sol\u00b7licitud de Baixa de M\u00f2duls al CFGS &#8211; AGB0 (Administraci\u00f3 i Financies)<\/a><\/p>\n\n\n\n<p><a href=\"https:\/\/drive.google.com\/file\/d\/1389P7ns9f-T14jHvC3azhSpcyzQChxjF\/view?usp=drive_link\">Sol\u00b7licitud de Baixa de M\u00f2duls al CFGS &#8211; EE10 (Sistemes Electrot\u00e8cnics i Automatitzats)<\/a><\/p>\n\n\n\n<p><a href=\"https:\/\/drive.google.com\/file\/d\/1ijy3Zn4NYnJMsD36xXP12eiSy60E6bdP\/view?usp=drive_link\">Sol\u00b7licitud de Baixa de M\u00f2duls al CFGS &#8211; HTB0 (Gesti\u00f3 d&#8217;Allotjaments Tur\u00edstics)<\/a><\/p>\n\n\n\n<p><a href=\"https:\/\/drive.google.com\/file\/d\/1ei7VV2p3amqQq5nqhNvtSI359c-h6idZ\/view?usp=drive_link\">Sol\u00b7licitud de Baixa de M\u00f2duls al CFGS &#8211; HTD0 (Direcci\u00f3 de Cuina)<\/a><\/p>\n","protected":false},"excerpt":{"rendered":"<p>Av\u00eds de les fam\u00edlies al centre per abs\u00e8ncia de llarga durada (+3 dies) menors de 18 anys. Av\u00eds d\u2019abs\u00e8ncia de llarga durada (+3 dies) +18 anys. &nbsp;Sol\u00b7licitud d\u2019acreditaci\u00f3 de la llengua catalana B2 \u2013 C1 iEduca Autoritzaci\u00f3 +18 anys fam\u00edlies Sol\u00b7licitud Gen\u00e8rica Full de Reclamaci\u00f3 de Qualificacions Full de Queixes i Suggeriments Sol\u00b7licitud de Baixa [&hellip;]<\/p>\n","protected":false},"author":1,"featured_media":0,"parent":81,"menu_order":0,"comment_status":"closed","ping_status":"close","template":"","meta":{"site-sidebar-layout":"default","site-content-layout":"","ast-site-content-layout":"default","site-content-style":"default","site-sidebar-style":"default","ast-global-header-display":"","ast-banner-title-visibility":"","ast-main-header-display":"","ast-hfb-above-header-display":"","ast-hfb-below-header-display":"","ast-hfb-mobile-header-display":"","site-post-title":"","ast-breadcrumbs-content":"","ast-featured-img":"","footer-sml-layout":"","theme-transparent-header-meta":"","adv-header-id-meta":"","stick-header-meta":"","header-above-stick-meta":"","header-main-stick-meta":"","header-below-stick-meta":"","astra-migrate-meta-layouts":"set","ast-page-background-enabled":"default","ast-page-background-meta":{"desktop":{"background-color":"var(--ast-global-color-4)","background-image":"","background-repeat":"repeat","background-position":"center center","background-size":"auto","background-attachment":"scroll","background-type":"","background-media":"","overlay-type":"","overlay-color":"","overlay-opacity":"","overlay-gradient":""},"tablet":{"background-color":"","background-image":"","background-repeat":"repeat","background-position":"center center","background-size":"auto","background-attachment":"scroll","background-type":"","background-media":"","overlay-type":"","overlay-color":"","overlay-opacity":"","overlay-gradient":""},"mobile":{"background-color":"","background-image":"","background-repeat":"repeat","background-position":"center center","background-size":"auto","background-attachment":"scroll","background-type":"","background-media":"","overlay-type":"","overlay-color":"","overlay-opacity":"","overlay-gradient":""}},"ast-content-background-meta":{"desktop":{"background-color":"var(--ast-global-color-5)","background-image":"","background-repeat":"repeat","background-position":"center center","background-size":"auto","background-attachment":"scroll","background-type":"","background-media":"","overlay-type":"","overlay-color":"","overlay-opacity":"","overlay-gradient":""},"tablet":{"background-color":"var(--ast-global-color-5)","background-image":"","background-repeat":"repeat","background-position":"center center","background-size":"auto","background-attachment":"scroll","background-type":"","background-media":"","overlay-type":"","overlay-color":"","overlay-opacity":"","overlay-gradient":""},"mobile":{"background-color":"var(--ast-global-color-5)","background-image":"","background-repeat":"repeat","background-position":"center center","background-size":"auto","background-attachment":"scroll","background-type":"","background-media":"","overlay-type":"","overlay-color":"","overlay-opacity":"","overlay-gradient":""}},"footnotes":""},"class_list":["post-1007","page","type-page","status-publish","hentry"],"post_mailing_queue_ids":[],"_links":{"self":[{"href":"https:\/\/agora.xtec.cat\/insbaixemporda\/wp-json\/wp\/v2\/pages\/1007","targetHints":{"allow":["GET"]}}],"collection":[{"href":"https:\/\/agora.xtec.cat\/insbaixemporda\/wp-json\/wp\/v2\/pages"}],"about":[{"href":"https:\/\/agora.xtec.cat\/insbaixemporda\/wp-json\/wp\/v2\/types\/page"}],"author":[{"embeddable":true,"href":"https:\/\/agora.xtec.cat\/insbaixemporda\/wp-json\/wp\/v2\/users\/1"}],"replies":[{"embeddable":true,"href":"https:\/\/agora.xtec.cat\/insbaixemporda\/wp-json\/wp\/v2\/comments?post=1007"}],"version-history":[{"count":5,"href":"https:\/\/agora.xtec.cat\/insbaixemporda\/wp-json\/wp\/v2\/pages\/1007\/revisions"}],"predecessor-version":[{"id":3387,"href":"https:\/\/agora.xtec.cat\/insbaixemporda\/wp-json\/wp\/v2\/pages\/1007\/revisions\/3387"}],"up":[{"embeddable":true,"href":"https:\/\/agora.xtec.cat\/insbaixemporda\/wp-json\/wp\/v2\/pages\/81"}],"wp:attachment":[{"href":"https:\/\/agora.xtec.cat\/insbaixemporda\/wp-json\/wp\/v2\/media?parent=1007"}],"curies":[{"name":"wp","href":"https:\/\/api.w.org\/{rel}","templated":true}]}}