{"id":9692,"date":"2024-10-08T10:57:17","date_gmt":"2024-10-08T08:57:17","guid":{"rendered":"https:\/\/agora.xtec.cat\/insbaixamar\/?page_id=9692"},"modified":"2025-11-06T14:28:07","modified_gmt":"2025-11-06T13:28:07","slug":"premis-concursos","status":"publish","type":"page","link":"https:\/\/agora.xtec.cat\/insbaixamar\/premis-concursos\/","title":{"rendered":"Premis i concursos"},"content":{"rendered":"<h3 data-start=\"177\" data-end=\"212\">\ud83c\udfc6 Premis i concursos destacats<\/h3>\n<p data-start=\"214\" data-end=\"490\">A l\u2019Institut Baix a Mar, fomentem la <strong data-start=\"251\" data-end=\"300\">creativitat, l\u2019esperit cr\u00edtic i la implicaci\u00f3<\/strong> dels nostres alumnes en diferents \u00e0mbits. Al llarg dels \u00faltims anys, hem obtingut diversos reconeixements que avalen la qualitat del nostre projecte educatiu i el talent del nostre alumnat.<\/p>\n<h4 data-start=\"499\" data-end=\"527\"><strong data-start=\"504\" data-end=\"527\">Premi Roig i Toqu\u00e9s<\/strong><\/h4>\n<ul data-start=\"528\" data-end=\"712\">\n<li data-start=\"528\" data-end=\"712\">\n<p data-start=\"530\" data-end=\"712\"><strong data-start=\"530\" data-end=\"539\">2025:<\/strong> 1r Premi al <strong data-start=\"552\" data-end=\"584\">VII Concurs &#8220;El M\u00f3n del Mar&#8221;<\/strong><br data-start=\"584\" data-end=\"587\" \/><em data-start=\"589\" data-end=\"710\">Lola, Emma, Arsenii, Nadir, L\u00e0ia, Ramir, Kaley, Abril, Paula, \u00c8lia, Carla, Christopher, Max, Iker, Paula, Aura, Mohamed<\/em><\/p>\n<\/li>\n<\/ul>\n<h4 data-start=\"714\" data-end=\"790\"><strong data-start=\"719\" data-end=\"790\">IV Concurs &#8220;Joc a l\u2019Aula&#8221; \u2013 Catalunya Fira JugarxJugar (Granollers)<\/strong><\/h4>\n<ul data-start=\"791\" data-end=\"1050\">\n<li data-start=\"791\" data-end=\"919\">\n<p data-start=\"793\" data-end=\"919\"><strong data-start=\"793\" data-end=\"802\">2025:<\/strong> 1r Premi IV Edici\u00f3 amb el joc <em data-start=\"833\" data-end=\"844\">Entremons<\/em><br data-start=\"844\" data-end=\"847\" \/><em data-start=\"849\" data-end=\"917\">Leo Lude\u00f1a, Adair Nunton, Roc Jasanada, Kira Llanas i Duna Arrufat<\/em><\/p>\n<\/li>\n<li data-start=\"920\" data-end=\"1050\">\n<p data-start=\"922\" data-end=\"1050\"><strong data-start=\"793\" data-end=\"802\">2025: <\/strong>Finalista IV Edici\u00f3 amb el joc <em data-start=\"953\" data-end=\"967\">Mision Quest<\/em><br data-start=\"967\" data-end=\"970\" \/><em data-start=\"972\" data-end=\"1048\">Rita Gibert, Cristian L\u00f3pez, Adriana Quispe, M\u00aa Julia Serrano i Iker Yerga<\/em><\/p>\n<\/li>\n<\/ul>\n<h4 data-start=\"1052\" data-end=\"1133\"><strong data-start=\"1057\" data-end=\"1133\">Parc Cient\u00edfic de Barcelona \u2013 Millors treballs de recerca de Batxillerat<\/strong><\/h4>\n<ul data-start=\"1134\" data-end=\"1202\">\n<li data-start=\"1134\" data-end=\"1202\">\n<p data-start=\"1136\" data-end=\"1202\"><strong data-start=\"1136\" data-end=\"1145\">2025:<\/strong> Seleccionat 21a edici\u00f3 programa BTX2LAB \u2013 <em data-start=\"1188\" data-end=\"1200\">Finn Duran<\/em><\/p>\n<\/li>\n<\/ul>\n<h4 data-start=\"1204\" data-end=\"1228\"><strong data-start=\"1209\" data-end=\"1228\">Distincions PAU<\/strong><\/h4>\n<ul data-start=\"1229\" data-end=\"1286\">\n<li data-start=\"1229\" data-end=\"1257\"><strong data-start=\"1231\" data-end=\"1240\">2024:<\/strong> Gabriel Ortega<\/li>\n<li data-start=\"1229\" data-end=\"1257\">\n<p data-start=\"1231\" data-end=\"1257\"><strong data-start=\"1260\" data-end=\"1269\">2023:<\/strong> Emilio Armando<\/p>\n<\/li>\n<\/ul>\n<h4 data-start=\"1288\" data-end=\"1335\"><strong data-start=\"1293\" data-end=\"1335\">Premis LALO \u2013 Fundaci\u00f3 St. Antoni Abad<\/strong><\/h4>\n<ul data-start=\"1336\" data-end=\"1763\">\n<li data-start=\"1336\" data-end=\"1496\">\n<p data-pm-slice=\"1 1 []\"><strong>2025:<\/strong><\/p>\n<p>1r Premi Arts \u2013 Candela Caelles<\/p>\n<p>2n Premi Ci\u00e8ncia i Tecnologia \u2013 Finn Duran<\/li>\n<li data-start=\"1336\" data-end=\"1496\">\n<p data-start=\"1338\" data-end=\"1349\"><strong data-start=\"1338\" data-end=\"1347\">2024:<\/strong><\/p>\n<ul data-start=\"1352\" data-end=\"1496\">\n<li data-start=\"1352\" data-end=\"1383\">\n<p data-start=\"1354\" data-end=\"1383\">1r Premi Arts \u2013 Carla Caris<\/p>\n<\/li>\n<li data-start=\"1386\" data-end=\"1434\">\n<p data-start=\"1388\" data-end=\"1434\">1r Premi Ci\u00e8ncia i Tecnologia \u2013 \u00c0lex Merchan<\/p>\n<\/li>\n<li data-start=\"1437\" data-end=\"1496\">\n<p data-start=\"1439\" data-end=\"1496\">1r Premi Humanitats i Ci\u00e8ncies Socials \u2013 Gabriel Ortega<\/p>\n<\/li>\n<\/ul>\n<\/li>\n<li data-start=\"1497\" data-end=\"1661\">\n<p data-start=\"1499\" data-end=\"1510\"><strong data-start=\"1499\" data-end=\"1508\">2023:<\/strong><\/p>\n<ul data-start=\"1513\" data-end=\"1661\">\n<li data-start=\"1513\" data-end=\"1549\">\n<p data-start=\"1515\" data-end=\"1549\">1r Premi Arts \u2013 Vinyet Carbonell<\/p>\n<\/li>\n<li data-start=\"1552\" data-end=\"1602\">\n<p data-start=\"1554\" data-end=\"1602\">1r Premi Ci\u00e8ncia i Tecnologia \u2013 Emilio Armando<\/p>\n<\/li>\n<li data-start=\"1605\" data-end=\"1661\">\n<p data-start=\"1607\" data-end=\"1661\">2n Premi Humanitats i Ci\u00e8ncies Socials \u2013 Jana Andreu<\/p>\n<\/li>\n<\/ul>\n<\/li>\n<li data-start=\"1662\" data-end=\"1763\">\n<p data-start=\"1664\" data-end=\"1675\"><strong data-start=\"1664\" data-end=\"1673\">2022:<\/strong><\/p>\n<ul data-start=\"1678\" data-end=\"1763\">\n<li data-start=\"1678\" data-end=\"1713\">\n<p data-start=\"1680\" data-end=\"1713\">1r Premi Arts \u2013 Guillermo Rueda<\/p>\n<\/li>\n<li data-start=\"1716\" data-end=\"1763\">\n<p data-start=\"1718\" data-end=\"1763\">2n Premi Ci\u00e8ncia i Tecnologia \u2013 Mar Oropesa<\/p>\n<\/li>\n<\/ul>\n<\/li>\n<\/ul>\n<h4 data-start=\"1765\" data-end=\"1802\"><strong data-start=\"1770\" data-end=\"1802\">Certamen Lectura en Veu Alta<\/strong><\/h4>\n<ul data-start=\"1803\" data-end=\"2120\">\n<li data-start=\"1803\" data-end=\"1883\">\n<p data-start=\"1805\" data-end=\"1883\"><strong data-start=\"1805\" data-end=\"1814\">2024:<\/strong> Semifinalistes \u2013 V\u00edctor C\u00e1rdenas, Arnau Fern\u00e1ndez i Jana Figuerola<\/p>\n<\/li>\n<li data-start=\"1884\" data-end=\"1923\">\n<p data-start=\"1886\" data-end=\"1923\"><strong data-start=\"1886\" data-end=\"1895\">2022:<\/strong> 1r Premi \u2013 Faryaal Arshad<\/p>\n<\/li>\n<li data-start=\"1924\" data-end=\"2025\">\n<p data-start=\"1926\" data-end=\"2025\"><strong data-start=\"1926\" data-end=\"1935\">2021:<\/strong> Semifinalistes \u2013 Ernest Ortega, Yoali Gonz\u00e1lez, Bernat Forgas, Alex Arroyo i J\u00falia Moll<\/p>\n<\/li>\n<li data-start=\"2026\" data-end=\"2120\">\n<p data-start=\"2028\" data-end=\"2120\"><strong data-start=\"2028\" data-end=\"2037\">2019:<\/strong> Semifinalistes \u2013 Ernest Ortega, Pau Bistuer, Mar Oropesa, Max Amell, Jordi P\u00e9rez<\/p>\n<\/li>\n<\/ul>\n<h4 data-start=\"2122\" data-end=\"2159\"><strong data-start=\"2127\" data-end=\"2159\">Premi Albert Virella i Bloda<\/strong><\/h4>\n<ul data-start=\"2160\" data-end=\"2206\">\n<li data-start=\"2160\" data-end=\"2206\">\n<p data-start=\"2162\" data-end=\"2206\"><strong data-start=\"2162\" data-end=\"2171\">2023:<\/strong> 1r Premi Arts \u2013 Marina Rodr\u00edguez<\/p>\n<\/li>\n<\/ul>\n<h4 data-start=\"2208\" data-end=\"2233\"><strong data-start=\"2213\" data-end=\"2233\">Fem Matem\u00e0tiques<\/strong><\/h4>\n<ul data-start=\"2234\" data-end=\"2462\">\n<li data-start=\"2234\" data-end=\"2330\">\n<p data-start=\"2236\" data-end=\"2330\"><strong data-start=\"2236\" data-end=\"2245\">2025:<\/strong> Classificaci\u00f3 per 2a fase \u2013 Manel Guill\u00e9n, Guillem Serrano, Zoe Betes i Sol Hewett<\/p>\n<\/li>\n<li data-start=\"2331\" data-end=\"2425\">\n<p data-start=\"2333\" data-end=\"2425\"><strong data-start=\"2333\" data-end=\"2342\">2023:<\/strong> Classificaci\u00f3 per 2a fase \u2013 Silvia Enento, Nil Moreno, Max \u00c1lvaro i Paula Salado<\/p>\n<\/li>\n<li data-start=\"2426\" data-end=\"2462\">\n<p data-start=\"2428\" data-end=\"2462\"><strong data-start=\"2428\" data-end=\"2437\">2021:<\/strong> Finalista \u2013 J\u00falia Roca<\/p>\n<\/li>\n<\/ul>\n<h4 data-start=\"2464\" data-end=\"2494\"><strong data-start=\"2469\" data-end=\"2494\">Concurs Traducci\u00f3 UPF<\/strong><\/h4>\n<ul data-start=\"2495\" data-end=\"2553\">\n<li data-start=\"2495\" data-end=\"2553\">\n<p data-start=\"2497\" data-end=\"2553\"><strong data-start=\"2497\" data-end=\"2506\">2022:<\/strong> 2n Premi Modalitat Alemany \u2013 Mariona Allepuz<\/p>\n<\/li>\n<\/ul>\n<h4 data-start=\"2555\" data-end=\"2597\"><strong data-start=\"2560\" data-end=\"2597\">Olimp\u00edada Filos\u00f2fica de Catalunya<\/strong><\/h4>\n<ul data-start=\"2598\" data-end=\"2807\">\n<li data-start=\"2598\" data-end=\"2807\">\n<p data-start=\"2600\" data-end=\"2807\"><strong data-start=\"2600\" data-end=\"2609\">2021:<\/strong> 1r Premi Modalitat v\u00eddeo filos\u00f2fic \u2013 Guillermo Rueda, Hannah Calafell, Alejandra Alonso, Max Amell, Cristina L\u00f3pez Andreu, Gabriel-Isaac Gonz\u00e1lez, Cristina L\u00f3pez Nogu\u00e9s, Paula Moll i Maria Darder<\/p>\n<\/li>\n<\/ul>\n<h4 data-start=\"2809\" data-end=\"2875\"><strong data-start=\"2814\" data-end=\"2875\">Premi Menjallibres \u2013 Biblioteques de Vilanova i la Geltr\u00fa<\/strong><\/h4>\n<ul data-start=\"2876\" data-end=\"2959\">\n<li data-start=\"2876\" data-end=\"2959\">\n<p data-start=\"2878\" data-end=\"2959\"><strong data-start=\"2878\" data-end=\"2887\">2021:<\/strong> 1r Premi Booktrailer \u2013 Ernest Ortega, Marina Rodr\u00edguez i Pep Romagosa<\/p>\n<\/li>\n<\/ul>\n<h4 data-start=\"2961\" data-end=\"2981\"><strong data-start=\"2966\" data-end=\"2981\">Copa Cangur<\/strong><\/h4>\n<ul data-start=\"2982\" data-end=\"3016\">\n<li data-start=\"2982\" data-end=\"3016\">\n<p data-start=\"2984\" data-end=\"3016\"><strong data-start=\"2984\" data-end=\"2993\">2020:<\/strong> 5\u00aa, 9\u00aa i 15\u00aa posici\u00f3<\/p>\n<\/li>\n<\/ul>\n<h4 data-start=\"3018\" data-end=\"3039\"><strong data-start=\"3023\" data-end=\"3039\">Cros Escolar<\/strong><\/h4>\n<ul data-start=\"3040\" data-end=\"3077\">\n<li data-start=\"3040\" data-end=\"3077\">\n<p data-start=\"3042\" data-end=\"3077\"><strong data-start=\"3042\" data-end=\"3051\">2018:<\/strong> Subcampi\u00f3 \u2013 Ahmed Saidi<\/p>\n<\/li>\n<\/ul>\n<p>&nbsp;<\/p>\n<p>&nbsp;<\/p>\n<p>&nbsp;<\/p>\n","protected":false},"excerpt":{"rendered":"<p>\ud83c\udfc6 Premis i concursos destacats<br \/>\nA l\u2019Institut Baix a Mar, fomentem la creativitat, l\u2019esperit cr\u00edtic i la implicaci\u00f3 dels nostres alumnes en diferents \u00e0mbits. Al llarg dels \u00faltims anys, hem obtingut diversos reconeixements que avalen la qualitat del nostre projecte educatiu i el talent del nostre&hellip;  <a href=\"https:\/\/agora.xtec.cat\/insbaixamar\/premis-concursos\/\" title=\"Read Premis i concursos\">Llegeix m\u00e9s\u00bb<\/a><\/p>\n","protected":false},"author":1,"featured_media":0,"parent":0,"menu_order":0,"comment_status":"closed","ping_status":"closed","template":"","meta":{"_bbp_topic_count":0,"_bbp_reply_count":0,"_bbp_total_topic_count":0,"_bbp_total_reply_count":0,"_bbp_voice_count":0,"_bbp_anonymous_reply_count":0,"_bbp_topic_count_hidden":0,"_bbp_reply_count_hidden":0,"_bbp_forum_subforum_count":0,"footnotes":""},"class_list":["post-9692","page","type-page","status-publish","hentry"],"post_mailing_queue_ids":[],"_links":{"self":[{"href":"https:\/\/agora.xtec.cat\/insbaixamar\/wp-json\/wp\/v2\/pages\/9692","targetHints":{"allow":["GET"]}}],"collection":[{"href":"https:\/\/agora.xtec.cat\/insbaixamar\/wp-json\/wp\/v2\/pages"}],"about":[{"href":"https:\/\/agora.xtec.cat\/insbaixamar\/wp-json\/wp\/v2\/types\/page"}],"author":[{"embeddable":true,"href":"https:\/\/agora.xtec.cat\/insbaixamar\/wp-json\/wp\/v2\/users\/1"}],"replies":[{"embeddable":true,"href":"https:\/\/agora.xtec.cat\/insbaixamar\/wp-json\/wp\/v2\/comments?post=9692"}],"version-history":[{"count":7,"href":"https:\/\/agora.xtec.cat\/insbaixamar\/wp-json\/wp\/v2\/pages\/9692\/revisions"}],"predecessor-version":[{"id":10802,"href":"https:\/\/agora.xtec.cat\/insbaixamar\/wp-json\/wp\/v2\/pages\/9692\/revisions\/10802"}],"wp:attachment":[{"href":"https:\/\/agora.xtec.cat\/insbaixamar\/wp-json\/wp\/v2\/media?parent=9692"}],"curies":[{"name":"wp","href":"https:\/\/api.w.org\/{rel}","templated":true}]}}