{"id":9508,"date":"2024-07-02T12:24:45","date_gmt":"2024-07-02T10:24:45","guid":{"rendered":"https:\/\/agora.xtec.cat\/insbaixamar\/?page_id=9508"},"modified":"2025-10-09T18:31:29","modified_gmt":"2025-10-09T16:31:29","slug":"estrategia-digital-centre","status":"publish","type":"page","link":"https:\/\/agora.xtec.cat\/insbaixamar\/estrategia-digital-centre\/","title":{"rendered":"Estrat\u00e8gia digital"},"content":{"rendered":"<h3 data-start=\"115\" data-end=\"167\">\ud83d\udcbb Estrat\u00e8gia digital de l\u2019Institut Baix a Mar<\/h3>\n<p data-start=\"169\" data-end=\"497\">A l\u2019Institut Baix a Mar, la <strong data-start=\"197\" data-end=\"269\">digitalitzaci\u00f3 \u00e9s una eina fonamental per transformar l\u2019aprenentatge<\/strong> i preparar l\u2019alumnat per als reptes del segle XXI. La nostra <strong data-start=\"331\" data-end=\"353\">estrat\u00e8gia digital<\/strong> no nom\u00e9s integra tecnologies innovadores a l\u2019aula, sin\u00f3 que tamb\u00e9 promou <strong data-start=\"427\" data-end=\"494\">compet\u00e8ncies digitals, pensament cr\u00edtic i treball col\u00b7laboratiu<\/strong>.<\/p>\n<p data-start=\"499\" data-end=\"705\">Mitjan\u00e7ant plataformes educatives, recursos digitals i metodologies interactives, volem que els nostres estudiants <strong data-start=\"614\" data-end=\"682\">aprenen a aprendre, a crear i a comunicar-se amb responsabilitat<\/strong> en un m\u00f3n connectat.<\/p>\n<p data-start=\"707\" data-end=\"940\">A m\u00e9s, l\u2019estrat\u00e8gia digital implica <strong data-start=\"743\" data-end=\"818\">formaci\u00f3 cont\u00ednua del professorat i participaci\u00f3 activa de les fam\u00edlies<\/strong>, assegurant que tota la comunitat educativa estigui preparada per fer un \u00fas segur, creatiu i eficient de la tecnologia.<\/p>\n<p data-start=\"942\" data-end=\"1086\"><strong data-start=\"942\" data-end=\"996\">Innovaci\u00f3, compet\u00e8ncies i responsabilitat digital:<\/strong> aix\u00ed constru\u00efm un entorn educatiu <strong data-start=\"1031\" data-end=\"1063\">modern, inclusiu i motivador<\/strong> per a tot l\u2019alumnat.<\/p>\n<p>\ud83d\udc49 <strong data-start=\"1065\" data-end=\"1110\">Voleu saber m\u00e9s? Cliqueu sobre la imatge!<\/strong><\/p>\n<p><a href=\"https:\/\/sites.google.com\/iesbaixamar.com\/estrategia-digital-de-centre\/p%C3%A0gina-principal\"><img loading=\"lazy\" decoding=\"async\" class=\"alignnone size-large wp-image-9511\" src=\"https:\/\/agora.xtec.cat\/insbaixamar\/wp-content\/uploads\/usu374\/2024\/07\/Estrategia-digital-1024x274.jpg\" alt=\"\" width=\"1024\" height=\"274\" srcset=\"https:\/\/agora.xtec.cat\/insbaixamar\/wp-content\/uploads\/usu374\/2024\/07\/Estrategia-digital-1024x274.jpg 1024w, https:\/\/agora.xtec.cat\/insbaixamar\/wp-content\/uploads\/usu374\/2024\/07\/Estrategia-digital-300x80.jpg 300w, https:\/\/agora.xtec.cat\/insbaixamar\/wp-content\/uploads\/usu374\/2024\/07\/Estrategia-digital-768x206.jpg 768w, https:\/\/agora.xtec.cat\/insbaixamar\/wp-content\/uploads\/usu374\/2024\/07\/Estrategia-digital-1536x412.jpg 1536w, https:\/\/agora.xtec.cat\/insbaixamar\/wp-content\/uploads\/usu374\/2024\/07\/Estrategia-digital.jpg 1870w\" sizes=\"auto, (max-width: 1024px) 100vw, 1024px\" \/><\/a><\/p>\n","protected":false},"excerpt":{"rendered":"<p>\ud83d\udcbb Estrat\u00e8gia digital de l\u2019Institut Baix a Mar<br \/>\nA l\u2019Institut Baix a Mar, la digitalitzaci\u00f3 \u00e9s una eina fonamental per transformar l\u2019aprenentatge i preparar l\u2019alumnat per als reptes del segle XXI. La nostra estrat\u00e8gia digital no nom\u00e9s integra tecnologies innovadores a l\u2019aula, sin\u00f3 que tamb\u00e9 promou&hellip;  <a href=\"https:\/\/agora.xtec.cat\/insbaixamar\/estrategia-digital-centre\/\" title=\"Read Estrat\u00e8gia digital\">Llegeix m\u00e9s\u00bb<\/a><\/p>\n","protected":false},"author":1,"featured_media":0,"parent":0,"menu_order":0,"comment_status":"closed","ping_status":"closed","template":"","meta":{"_bbp_topic_count":0,"_bbp_reply_count":0,"_bbp_total_topic_count":0,"_bbp_total_reply_count":0,"_bbp_voice_count":0,"_bbp_anonymous_reply_count":0,"_bbp_topic_count_hidden":0,"_bbp_reply_count_hidden":0,"_bbp_forum_subforum_count":0,"footnotes":""},"class_list":["post-9508","page","type-page","status-publish","hentry"],"post_mailing_queue_ids":[],"_links":{"self":[{"href":"https:\/\/agora.xtec.cat\/insbaixamar\/wp-json\/wp\/v2\/pages\/9508","targetHints":{"allow":["GET"]}}],"collection":[{"href":"https:\/\/agora.xtec.cat\/insbaixamar\/wp-json\/wp\/v2\/pages"}],"about":[{"href":"https:\/\/agora.xtec.cat\/insbaixamar\/wp-json\/wp\/v2\/types\/page"}],"author":[{"embeddable":true,"href":"https:\/\/agora.xtec.cat\/insbaixamar\/wp-json\/wp\/v2\/users\/1"}],"replies":[{"embeddable":true,"href":"https:\/\/agora.xtec.cat\/insbaixamar\/wp-json\/wp\/v2\/comments?post=9508"}],"version-history":[{"count":6,"href":"https:\/\/agora.xtec.cat\/insbaixamar\/wp-json\/wp\/v2\/pages\/9508\/revisions"}],"predecessor-version":[{"id":10698,"href":"https:\/\/agora.xtec.cat\/insbaixamar\/wp-json\/wp\/v2\/pages\/9508\/revisions\/10698"}],"wp:attachment":[{"href":"https:\/\/agora.xtec.cat\/insbaixamar\/wp-json\/wp\/v2\/media?parent=9508"}],"curies":[{"name":"wp","href":"https:\/\/api.w.org\/{rel}","templated":true}]}}