{"id":8650,"date":"2023-11-21T12:15:04","date_gmt":"2023-11-21T11:15:04","guid":{"rendered":"https:\/\/agora.xtec.cat\/insbaixamar\/?page_id=8650"},"modified":"2026-02-18T14:41:36","modified_gmt":"2026-02-18T13:41:36","slug":"erasmus","status":"publish","type":"page","link":"https:\/\/agora.xtec.cat\/insbaixamar\/erasmus\/","title":{"rendered":"CETE+ Erasmus+"},"content":{"rendered":"<h3 data-start=\"114\" data-end=\"137\">\ud83c\udf0d CETE+ Erasmus+<\/h3>\n<p data-start=\"139\" data-end=\"326\">A l\u2019Institut Baix a Mar, el projecte <strong data-start=\"176\" data-end=\"194\">CETE+ Erasmus+<\/strong> ofereix a l\u2019alumnat <strong data-start=\"215\" data-end=\"254\">experi\u00e8ncies internacionals \u00faniques<\/strong>, fomentant compet\u00e8ncies interculturals, idiom\u00e0tiques i professionals.<\/p>\n<p data-start=\"328\" data-end=\"414\">Viu, apr\u00e8n i creix en un entorn europeu, <strong data-start=\"369\" data-end=\"411\">oberta al m\u00f3n i preparada per al futur<\/strong>.<\/p>\n<p><a href=\"https:\/\/agora.xtec.cat\/insbaixamar\/wp-content\/uploads\/usu374\/2023\/11\/LogoCETEcolor-fosc.png\"><img loading=\"lazy\" decoding=\"async\" class=\"wp-image-8655 alignleft\" src=\"https:\/\/agora.xtec.cat\/insbaixamar\/wp-content\/uploads\/usu374\/2023\/11\/LogoCETEcolor-fosc.png\" alt=\"\" width=\"66\" height=\"67\" \/><\/a><\/p>\n<p>&nbsp;<\/p>\n<p><a href=\"https:\/\/sites.google.com\/iesbaixamar.com\/erasmus-baix-a-mar\/inici\">Consulta aqu\u00ed el projecte ERASMUS+, CETE+ de l&#8217;Institut Baix a Mar<\/a><\/p>\n<p><a href=\"https:\/\/sites.google.com\/iesbaixamar.com\/erasmus-baix-a-mar\/inici\"><img loading=\"lazy\" decoding=\"async\" class=\"alignnone size-large wp-image-8672\" src=\"https:\/\/agora.xtec.cat\/insbaixamar\/wp-content\/uploads\/usu374\/2023\/11\/Erasmus--1024x495.png\" alt=\"\" width=\"1024\" height=\"495\" srcset=\"https:\/\/agora.xtec.cat\/insbaixamar\/wp-content\/uploads\/usu374\/2023\/11\/Erasmus--1024x495.png 1024w, https:\/\/agora.xtec.cat\/insbaixamar\/wp-content\/uploads\/usu374\/2023\/11\/Erasmus--300x145.png 300w, https:\/\/agora.xtec.cat\/insbaixamar\/wp-content\/uploads\/usu374\/2023\/11\/Erasmus--768x371.png 768w, https:\/\/agora.xtec.cat\/insbaixamar\/wp-content\/uploads\/usu374\/2023\/11\/Erasmus--1536x742.png 1536w, https:\/\/agora.xtec.cat\/insbaixamar\/wp-content\/uploads\/usu374\/2023\/11\/Erasmus-.png 1611w\" sizes=\"auto, (max-width: 1024px) 100vw, 1024px\" \/><\/a><\/p>\n","protected":false},"excerpt":{"rendered":"<p>\ud83c\udf0d CETE+ Erasmus+<br \/>\nA l\u2019Institut Baix a Mar, el projecte CETE+ Erasmus+ ofereix a l\u2019alumnat experi\u00e8ncies internacionals \u00faniques, fomentant compet\u00e8ncies interculturals, idiom\u00e0tiques i professionals.<br \/>\nViu, apr\u00e8n i creix en un entorn europeu, oberta al m\u00f3n i preparada per al futur.<br \/>\n<a href=\"https:\/\/agora.xtec.cat\/insbaixamar\/wp-content\/uploads\/usu374\/2023\/11\/LogoCETEcolor-fosc.png\"><\/a><br \/>\n&nbsp;<br \/>\n<a href=\"https:\/\/sites.google.com\/iesbaixamar.com\/erasmus-baix-a-mar\/inici\">Consulta aqu\u00ed el projecte ERASMUS+, CETE+&hellip;  <a href=\"https:\/\/agora.xtec.cat\/insbaixamar\/erasmus\/\" title=\"Read CETE+ Erasmus+\">Llegeix m\u00e9s\u00bb<\/a><\/p>\n","protected":false},"author":1,"featured_media":0,"parent":0,"menu_order":0,"comment_status":"closed","ping_status":"closed","template":"","meta":{"_bbp_topic_count":0,"_bbp_reply_count":0,"_bbp_total_topic_count":0,"_bbp_total_reply_count":0,"_bbp_voice_count":0,"_bbp_anonymous_reply_count":0,"_bbp_topic_count_hidden":0,"_bbp_reply_count_hidden":0,"_bbp_forum_subforum_count":0,"footnotes":""},"class_list":["post-8650","page","type-page","status-publish","hentry"],"post_mailing_queue_ids":[],"_links":{"self":[{"href":"https:\/\/agora.xtec.cat\/insbaixamar\/wp-json\/wp\/v2\/pages\/8650","targetHints":{"allow":["GET"]}}],"collection":[{"href":"https:\/\/agora.xtec.cat\/insbaixamar\/wp-json\/wp\/v2\/pages"}],"about":[{"href":"https:\/\/agora.xtec.cat\/insbaixamar\/wp-json\/wp\/v2\/types\/page"}],"author":[{"embeddable":true,"href":"https:\/\/agora.xtec.cat\/insbaixamar\/wp-json\/wp\/v2\/users\/1"}],"replies":[{"embeddable":true,"href":"https:\/\/agora.xtec.cat\/insbaixamar\/wp-json\/wp\/v2\/comments?post=8650"}],"version-history":[{"count":7,"href":"https:\/\/agora.xtec.cat\/insbaixamar\/wp-json\/wp\/v2\/pages\/8650\/revisions"}],"predecessor-version":[{"id":11194,"href":"https:\/\/agora.xtec.cat\/insbaixamar\/wp-json\/wp\/v2\/pages\/8650\/revisions\/11194"}],"wp:attachment":[{"href":"https:\/\/agora.xtec.cat\/insbaixamar\/wp-json\/wp\/v2\/media?parent=8650"}],"curies":[{"name":"wp","href":"https:\/\/api.w.org\/{rel}","templated":true}]}}