{"id":8624,"date":"2023-11-10T13:42:48","date_gmt":"2023-11-10T12:42:48","guid":{"rendered":"https:\/\/agora.xtec.cat\/insbaixamar\/?page_id=8624"},"modified":"2026-02-26T08:37:48","modified_gmt":"2026-02-26T07:37:48","slug":"organigrama","status":"publish","type":"page","link":"https:\/\/agora.xtec.cat\/insbaixamar\/organigrama\/","title":{"rendered":"Organigrama"},"content":{"rendered":"<h3 data-start=\"109\" data-end=\"141\">\ud83c\udfdb\ufe0f Organigrama del Centre<\/h3>\n<p data-start=\"143\" data-end=\"460\">A l\u2019Institut Baix a Mar, comptem amb una <strong data-start=\"184\" data-end=\"217\">estructura clara i coordinada<\/strong> que permet gestionar totes les \u00e0rees educatives i administratives de manera eficient. L\u2019<strong data-start=\"306\" data-end=\"332\">organigrama del centre<\/strong> mostra els diferents equips i \u00f2rgans de govern, facilitant la comunicaci\u00f3 i la coordinaci\u00f3 entre docents, alumnat i fam\u00edlies.<\/p>\n<p data-start=\"230\" data-end=\"251\"><strong data-start=\"233\" data-end=\"251\">EQUIP DIRECTIU<\/strong><\/p>\n<div class=\"TyagGW_tableContainer\">\n<div class=\"group TyagGW_tableWrapper flex w-fit flex-col-reverse\" tabindex=\"-1\">\n<table class=\"w-fit min-w-(--thread-content-width)\" data-start=\"253\" data-end=\"568\">\n<thead data-start=\"253\" data-end=\"278\">\n<tr data-start=\"253\" data-end=\"278\">\n<th data-start=\"253\" data-end=\"262\" data-col-size=\"sm\">C\u00e0rrec<\/th>\n<th data-start=\"262\" data-end=\"268\" data-col-size=\"sm\">Nom<\/th>\n<th data-start=\"268\" data-end=\"278\" data-col-size=\"sm\">Correu<\/th>\n<\/tr>\n<\/thead>\n<tbody data-start=\"305\" data-end=\"568\">\n<tr data-start=\"305\" data-end=\"368\">\n<td data-start=\"305\" data-end=\"317\" data-col-size=\"sm\">Directora<\/td>\n<td data-col-size=\"sm\" data-start=\"317\" data-end=\"334\">No\u00e8lia Giron\u00e8s<\/td>\n<td data-col-size=\"sm\" data-start=\"334\" data-end=\"368\"><a class=\"decorated-link cursor-pointer\" rel=\"noopener\" data-start=\"336\" data-end=\"366\">noelia.girones@iesbaixamar.com<\/a><\/td>\n<\/tr>\n<tr data-start=\"369\" data-end=\"430\">\n<td data-start=\"369\" data-end=\"385\" data-col-size=\"sm\">Cap d\u2019Estudis<\/td>\n<td data-col-size=\"sm\" data-start=\"385\" data-end=\"399\">Juan Ortega<\/td>\n<td data-col-size=\"sm\" data-start=\"399\" data-end=\"430\"><a class=\"decorated-link cursor-pointer\" rel=\"noopener\" data-start=\"401\" data-end=\"428\">juan.ortega@iesbaixamar.com<\/a><\/td>\n<\/tr>\n<tr data-start=\"431\" data-end=\"504\">\n<td data-start=\"431\" data-end=\"455\" data-col-size=\"sm\">Coordinador Pedag\u00f2gic<\/td>\n<td data-col-size=\"sm\" data-start=\"455\" data-end=\"472\">J. Manuel Mera<\/td>\n<td data-col-size=\"sm\" data-start=\"472\" data-end=\"504\"><a class=\"decorated-link cursor-pointer\" rel=\"noopener\" data-start=\"474\" data-end=\"502\">jmanuel.mera@iesbaixamar.com<\/a><\/td>\n<\/tr>\n<tr data-start=\"505\" data-end=\"568\">\n<td data-start=\"505\" data-end=\"527\" data-col-size=\"sm\">Secret\u00e0ria Direcci\u00f3<\/td>\n<td data-col-size=\"sm\" data-start=\"527\" data-end=\"539\">Eva Vigil<\/td>\n<td data-col-size=\"sm\" data-start=\"539\" data-end=\"568\"><a class=\"decorated-link cursor-pointer\" rel=\"noopener\" data-start=\"541\" data-end=\"566\">eva.vigil@iesbaixamar.com<\/a><\/td>\n<\/tr>\n<\/tbody>\n<\/table>\n<\/div>\n<\/div>\n<p data-start=\"575\" data-end=\"594\"><strong data-start=\"578\" data-end=\"594\">CAPS D\u2019\u00c0MBIT<\/strong><\/p>\n<div class=\"TyagGW_tableContainer\">\n<div class=\"group TyagGW_tableWrapper flex w-fit flex-col-reverse\" tabindex=\"-1\">\n<table class=\"w-fit min-w-(--thread-content-width)\" data-start=\"596\" data-end=\"893\">\n<thead data-start=\"596\" data-end=\"620\">\n<tr data-start=\"596\" data-end=\"620\">\n<th data-start=\"596\" data-end=\"604\" data-col-size=\"sm\">\u00c0mbit<\/th>\n<th data-start=\"604\" data-end=\"610\" data-col-size=\"sm\">Nom<\/th>\n<th data-start=\"610\" data-end=\"620\" data-col-size=\"sm\">Correu<\/th>\n<\/tr>\n<\/thead>\n<tbody data-start=\"647\" data-end=\"893\">\n<tr data-start=\"647\" data-end=\"697\">\n<td data-start=\"647\" data-end=\"658\" data-col-size=\"sm\">Lleng\u00fces<\/td>\n<td data-col-size=\"sm\" data-start=\"658\" data-end=\"670\">Ana Brull<\/td>\n<td data-col-size=\"sm\" data-start=\"670\" data-end=\"697\"><a class=\"decorated-link cursor-pointer\" rel=\"noopener\" data-start=\"672\" data-end=\"695\">cap.all@iesbaixamar.com<\/a><\/td>\n<\/tr>\n<tr data-start=\"698\" data-end=\"760\">\n<td data-start=\"698\" data-end=\"716\" data-col-size=\"sm\">Social-art\u00edstic<\/td>\n<td data-col-size=\"sm\" data-start=\"716\" data-end=\"733\">Jordi Montoliu<\/td>\n<td data-col-size=\"sm\" data-start=\"733\" data-end=\"760\"><a class=\"decorated-link cursor-pointer\" rel=\"noopener\" data-start=\"735\" data-end=\"758\">cap.asa@iesbaixamar.com<\/a><\/td>\n<\/tr>\n<tr data-start=\"761\" data-end=\"828\">\n<td data-start=\"761\" data-end=\"784\" data-col-size=\"sm\">Cient\u00edfic-tecnol\u00f2gic<\/td>\n<td data-col-size=\"sm\" data-start=\"784\" data-end=\"801\">M\u00f2nica Catas\u00fas<\/td>\n<td data-col-size=\"sm\" data-start=\"801\" data-end=\"828\"><a class=\"decorated-link cursor-pointer\" rel=\"noopener\" data-start=\"803\" data-end=\"826\">cap.act@iesbaixamar.com<\/a><\/td>\n<\/tr>\n<tr data-start=\"829\" data-end=\"893\">\n<td data-start=\"829\" data-end=\"851\" data-col-size=\"sm\">Orientaci\u00f3 i Valors<\/td>\n<td data-col-size=\"sm\" data-start=\"851\" data-end=\"866\">Raul Herrero<\/td>\n<td data-col-size=\"sm\" data-start=\"866\" data-end=\"893\"><a class=\"decorated-link cursor-pointer\" rel=\"noopener\" data-start=\"868\" data-end=\"891\">cap.aov@iesbaixamar.com<\/a><\/td>\n<\/tr>\n<\/tbody>\n<\/table>\n<p>&nbsp;<\/p>\n<\/div>\n<\/div>\n<p data-start=\"900\" data-end=\"948\"><strong data-start=\"903\" data-end=\"948\">COORDINADORS I TUTORS \u2013 ESO i BATXILLERAT<\/strong><\/p>\n<p data-start=\"950\" data-end=\"964\"><strong data-start=\"954\" data-end=\"964\">1r ESO<\/strong><\/p>\n<div class=\"TyagGW_tableContainer\">\n<div class=\"group TyagGW_tableWrapper flex w-fit flex-col-reverse\" tabindex=\"-1\">\n<table class=\"w-fit min-w-(--thread-content-width)\" data-start=\"966\" data-end=\"1343\">\n<thead data-start=\"966\" data-end=\"991\">\n<tr data-start=\"966\" data-end=\"991\">\n<th data-start=\"966\" data-end=\"975\" data-col-size=\"sm\">C\u00e0rrec<\/th>\n<th data-start=\"975\" data-end=\"981\" data-col-size=\"sm\">Nom<\/th>\n<th data-start=\"981\" data-end=\"991\" data-col-size=\"sm\">Correu<\/th>\n<\/tr>\n<\/thead>\n<tbody data-start=\"1019\" data-end=\"1343\">\n<tr data-start=\"1019\" data-end=\"1081\">\n<td data-start=\"1019\" data-end=\"1035\" data-col-size=\"sm\">Coordinador\/a<\/td>\n<td data-col-size=\"sm\" data-start=\"1035\" data-end=\"1052\">Ferran Llorens<\/td>\n<td data-col-size=\"sm\" data-start=\"1052\" data-end=\"1081\"><a class=\"decorated-link cursor-pointer\" rel=\"noopener\" data-start=\"1054\" data-end=\"1079\">coor.1eso@iesbaixamar.com<\/a><\/td>\n<\/tr>\n<tr data-start=\"1082\" data-end=\"1143\">\n<td data-start=\"1082\" data-end=\"1095\" data-col-size=\"sm\">Tutor\/a 1A<\/td>\n<td data-col-size=\"sm\" data-start=\"1095\" data-end=\"1109\">Marta Valls<\/td>\n<td data-col-size=\"sm\" data-start=\"1109\" data-end=\"1143\"><a class=\"decorated-link cursor-pointer\" rel=\"noopener\" data-start=\"1111\" data-end=\"1141\">marta.valls.25@iesbaixamar.com<\/a><\/td>\n<\/tr>\n<tr data-start=\"1144\" data-end=\"1196\">\n<td data-start=\"1144\" data-end=\"1157\" data-col-size=\"sm\">Tutor\/a 1B<\/td>\n<td data-col-size=\"sm\" data-start=\"1157\" data-end=\"1169\">M\u00aa\u00c0ngeles Moreno<\/td>\n<td data-col-size=\"sm\" data-start=\"1169\" data-end=\"1196\"><a class=\"decorated-link cursor-pointer\" rel=\"noopener\" data-start=\"1171\" data-end=\"1194\">mmoreno@iesbaixamar.com<\/a><\/td>\n<\/tr>\n<tr data-start=\"1197\" data-end=\"1277\">\n<td data-start=\"1197\" data-end=\"1210\" data-col-size=\"sm\">Tutor\/a 1C<\/td>\n<td data-col-size=\"sm\" data-start=\"1210\" data-end=\"1234\">Jos\u00e9 Antonio Gonz\u00e1lez<\/td>\n<td data-col-size=\"sm\" data-start=\"1234\" data-end=\"1277\"><a class=\"decorated-link cursor-pointer\" rel=\"noopener\" data-start=\"1236\" data-end=\"1275\">joseantonio.gonzalez.25@iesbaixamar.com<\/a><\/td>\n<\/tr>\n<tr data-start=\"1278\" data-end=\"1343\">\n<td data-start=\"1278\" data-end=\"1291\" data-col-size=\"sm\">Tutor\/a 1D<\/td>\n<td data-col-size=\"sm\" data-start=\"1291\" data-end=\"1307\">Gemma Riambau<\/td>\n<td data-col-size=\"sm\" data-start=\"1307\" data-end=\"1343\"><a class=\"decorated-link cursor-pointer\" rel=\"noopener\" data-start=\"1309\" data-end=\"1341\">gemma.riambau.25@iesbaixamar.com<\/a><\/td>\n<\/tr>\n<\/tbody>\n<\/table>\n<\/div>\n<\/div>\n<p data-start=\"1350\" data-end=\"1364\"><strong data-start=\"1354\" data-end=\"1364\">2n ESO<\/strong><\/p>\n<div class=\"TyagGW_tableContainer\">\n<div class=\"group TyagGW_tableWrapper flex w-fit flex-col-reverse\" tabindex=\"-1\">\n<table class=\"w-fit min-w-(--thread-content-width)\" data-start=\"1366\" data-end=\"1669\">\n<thead data-start=\"1366\" data-end=\"1391\">\n<tr data-start=\"1366\" data-end=\"1391\">\n<th data-start=\"1366\" data-end=\"1375\" data-col-size=\"sm\">C\u00e0rrec<\/th>\n<th data-start=\"1375\" data-end=\"1381\" data-col-size=\"sm\">Nom<\/th>\n<th data-start=\"1381\" data-end=\"1391\" data-col-size=\"sm\">Correu<\/th>\n<\/tr>\n<\/thead>\n<tbody data-start=\"1419\" data-end=\"1669\">\n<tr data-start=\"1419\" data-end=\"1478\">\n<td data-start=\"1419\" data-end=\"1434\" data-col-size=\"sm\">Coordinadora<\/td>\n<td data-col-size=\"sm\" data-start=\"1434\" data-end=\"1449\">Anna Garrav\u00e9<\/td>\n<td data-col-size=\"sm\" data-start=\"1449\" data-end=\"1478\"><a class=\"decorated-link cursor-pointer\" rel=\"noopener\" data-start=\"1451\" data-end=\"1476\">coor.2eso@iesbaixamar.com<\/a><\/td>\n<\/tr>\n<tr data-start=\"1479\" data-end=\"1537\">\n<td data-start=\"1479\" data-end=\"1492\" data-col-size=\"sm\">Tutor\/a 2A<\/td>\n<td data-col-size=\"sm\" data-start=\"1492\" data-end=\"1506\">Sandra Roig<\/td>\n<td data-col-size=\"sm\" data-start=\"1506\" data-end=\"1537\"><a class=\"decorated-link cursor-pointer\" rel=\"noopener\" data-start=\"1508\" data-end=\"1535\">sandra.roig@iesbaixamar.com<\/a><\/td>\n<\/tr>\n<tr data-start=\"1538\" data-end=\"1605\">\n<td data-start=\"1538\" data-end=\"1551\" data-col-size=\"sm\">Tutor\/a 2B<\/td>\n<td data-col-size=\"sm\" data-start=\"1551\" data-end=\"1568\">Mila Castellar<\/td>\n<td data-col-size=\"sm\" data-start=\"1568\" data-end=\"1605\"><a class=\"decorated-link cursor-pointer\" rel=\"noopener\" data-start=\"1570\" data-end=\"1603\">mila.castellar.25@iesbaixamar.com<\/a><\/td>\n<\/tr>\n<tr data-start=\"1606\" data-end=\"1669\">\n<td data-start=\"1606\" data-end=\"1619\" data-col-size=\"sm\">Tutor\/a 2C<\/td>\n<td data-col-size=\"sm\" data-start=\"1619\" data-end=\"1634\">Josep Rafols<\/td>\n<td data-col-size=\"sm\" data-start=\"1634\" data-end=\"1669\"><a class=\"decorated-link cursor-pointer\" rel=\"noopener\" data-start=\"1636\" data-end=\"1667\">josep.rafols.25@iesbaixamar.com<\/a><\/td>\n<\/tr>\n<\/tbody>\n<\/table>\n<\/div>\n<\/div>\n<p data-start=\"1676\" data-end=\"1690\"><strong data-start=\"1680\" data-end=\"1690\">3r ESO<\/strong><\/p>\n<div class=\"TyagGW_tableContainer\">\n<div class=\"group TyagGW_tableWrapper flex w-fit flex-col-reverse\" tabindex=\"-1\">\n<table class=\"w-fit min-w-(--thread-content-width)\" data-start=\"1692\" data-end=\"1994\">\n<thead data-start=\"1692\" data-end=\"1717\">\n<tr data-start=\"1692\" data-end=\"1717\">\n<th data-start=\"1692\" data-end=\"1701\" data-col-size=\"sm\">C\u00e0rrec<\/th>\n<th data-start=\"1701\" data-end=\"1707\" data-col-size=\"sm\">Nom<\/th>\n<th data-start=\"1707\" data-end=\"1717\" data-col-size=\"sm\">Correu<\/th>\n<\/tr>\n<\/thead>\n<tbody data-start=\"1745\" data-end=\"1994\">\n<tr data-start=\"1745\" data-end=\"1802\">\n<td data-start=\"1745\" data-end=\"1760\" data-col-size=\"sm\">Coordinadora<\/td>\n<td data-col-size=\"sm\" data-start=\"1760\" data-end=\"1773\">Sara T\u00e0pia<\/td>\n<td data-col-size=\"sm\" data-start=\"1773\" data-end=\"1802\"><a class=\"decorated-link cursor-pointer\" rel=\"noopener\" data-start=\"1775\" data-end=\"1800\">coor.3eso@iesbaixamar.com<\/a><\/td>\n<\/tr>\n<tr data-start=\"1803\" data-end=\"1870\">\n<td data-start=\"1803\" data-end=\"1816\" data-col-size=\"sm\">Tutor\/a 3A<\/td>\n<td data-col-size=\"sm\" data-start=\"1816\" data-end=\"1833\">David Granados<\/td>\n<td data-col-size=\"sm\" data-start=\"1833\" data-end=\"1870\"><a class=\"decorated-link cursor-pointer\" rel=\"noopener\" data-start=\"1835\" data-end=\"1868\">david.granados.25@iesbaixamar.com<\/a><\/td>\n<\/tr>\n<tr data-start=\"1871\" data-end=\"1937\">\n<td data-start=\"1871\" data-end=\"1884\" data-col-size=\"sm\">Tutor\/a 3B<\/td>\n<td data-col-size=\"sm\" data-start=\"1884\" data-end=\"1902\">Alexandre Arnau<\/td>\n<td data-col-size=\"sm\" data-start=\"1902\" data-end=\"1937\"><a class=\"decorated-link cursor-pointer\" rel=\"noopener\" data-start=\"1904\" data-end=\"1935\">alexandre.arnau@iesbaixamar.com<\/a><\/td>\n<\/tr>\n<tr data-start=\"1938\" data-end=\"1994\">\n<td data-start=\"1938\" data-end=\"1951\" data-col-size=\"sm\">Tutor\/a 3C<\/td>\n<td data-col-size=\"sm\" data-start=\"1951\" data-end=\"1964\">Joan Duran<\/td>\n<td data-col-size=\"sm\" data-start=\"1964\" data-end=\"1994\"><a class=\"decorated-link cursor-pointer\" rel=\"noopener\" data-start=\"1966\" data-end=\"1992\">joan.duran@iesbaixamar.com<\/a><\/td>\n<\/tr>\n<\/tbody>\n<\/table>\n<\/div>\n<\/div>\n<p data-start=\"2001\" data-end=\"2015\"><strong data-start=\"2005\" data-end=\"2015\">4t ESO<\/strong><\/p>\n<div class=\"TyagGW_tableContainer\">\n<div class=\"group TyagGW_tableWrapper flex w-fit flex-col-reverse\" tabindex=\"-1\">\n<table class=\"w-fit min-w-(--thread-content-width)\" data-start=\"2017\" data-end=\"2317\">\n<thead data-start=\"2017\" data-end=\"2042\">\n<tr data-start=\"2017\" data-end=\"2042\">\n<th data-start=\"2017\" data-end=\"2026\" data-col-size=\"sm\">C\u00e0rrec<\/th>\n<th data-start=\"2026\" data-end=\"2032\" data-col-size=\"sm\">Nom<\/th>\n<th data-start=\"2032\" data-end=\"2042\" data-col-size=\"sm\">Correu<\/th>\n<\/tr>\n<\/thead>\n<tbody data-start=\"2070\" data-end=\"2317\">\n<tr data-start=\"2070\" data-end=\"2127\">\n<td data-start=\"2070\" data-end=\"2085\" data-col-size=\"sm\">Coordinadora<\/td>\n<td data-col-size=\"sm\" data-start=\"2085\" data-end=\"2098\">Belen Ruiz<\/td>\n<td data-col-size=\"sm\" data-start=\"2098\" data-end=\"2127\"><a class=\"decorated-link cursor-pointer\" rel=\"noopener\" data-start=\"2100\" data-end=\"2125\">coor.4eso@iesbaixamar.com<\/a><\/td>\n<\/tr>\n<tr data-start=\"2128\" data-end=\"2192\">\n<td data-start=\"2128\" data-end=\"2141\" data-col-size=\"sm\">Tutor\/a 4A<\/td>\n<td data-col-size=\"sm\" data-start=\"2141\" data-end=\"2158\">Daniel Argente<\/td>\n<td data-col-size=\"sm\" data-start=\"2158\" data-end=\"2192\"><a class=\"decorated-link cursor-pointer\" rel=\"noopener\" data-start=\"2160\" data-end=\"2190\">daniel.argente@iesbaixamar.com<\/a><\/td>\n<\/tr>\n<tr data-start=\"2193\" data-end=\"2256\">\n<td data-start=\"2193\" data-end=\"2206\" data-col-size=\"sm\">Tutor\/a 4B<\/td>\n<td data-col-size=\"sm\" data-start=\"2206\" data-end=\"2221\">\u00c0frica Anaya<\/td>\n<td data-col-size=\"sm\" data-start=\"2221\" data-end=\"2256\"><a class=\"decorated-link cursor-pointer\" rel=\"noopener\" data-start=\"2223\" data-end=\"2254\">africa.anaya.25@iesbaixamar.com<\/a><\/td>\n<\/tr>\n<tr data-start=\"2257\" data-end=\"2317\">\n<td data-start=\"2257\" data-end=\"2270\" data-col-size=\"sm\">Tutor\/a 4C<\/td>\n<td data-col-size=\"sm\" data-start=\"2270\" data-end=\"2285\">Mayan Ben-Da<\/td>\n<td data-col-size=\"sm\" data-start=\"2285\" data-end=\"2317\"><a class=\"decorated-link cursor-pointer\" rel=\"noopener\" data-start=\"2287\" data-end=\"2315\">mayan.ben-da@iesbaixamar.com<\/a><\/td>\n<\/tr>\n<\/tbody>\n<\/table>\n<\/div>\n<\/div>\n<p data-start=\"2324\" data-end=\"2347\"><strong data-start=\"2328\" data-end=\"2347\">Altres Tutories<\/strong><\/p>\n<div class=\"TyagGW_tableContainer\">\n<div class=\"group TyagGW_tableWrapper flex w-fit flex-col-reverse\" tabindex=\"-1\">\n<table class=\"w-fit min-w-(--thread-content-width)\" data-start=\"2349\" data-end=\"2531\">\n<thead data-start=\"2349\" data-end=\"2374\">\n<tr data-start=\"2349\" data-end=\"2374\">\n<th data-start=\"2349\" data-end=\"2358\" data-col-size=\"sm\">C\u00e0rrec<\/th>\n<th data-start=\"2358\" data-end=\"2364\" data-col-size=\"sm\">Nom<\/th>\n<th data-start=\"2364\" data-end=\"2374\" data-col-size=\"sm\">Correu<\/th>\n<\/tr>\n<\/thead>\n<tbody data-start=\"2402\" data-end=\"2531\">\n<tr data-start=\"2402\" data-end=\"2475\">\n<td data-start=\"2402\" data-end=\"2426\" data-col-size=\"sm\">Tutor\/a Aula Acollida<\/td>\n<td data-col-size=\"sm\" data-start=\"2426\" data-end=\"2442\">Eric Zaragoza<\/td>\n<td data-col-size=\"sm\" data-start=\"2442\" data-end=\"2475\"><a class=\"decorated-link cursor-pointer\" rel=\"noopener\" data-start=\"2444\" data-end=\"2473\">eric.zaragoza@iesbaixamar.com<\/a><\/td>\n<\/tr>\n<tr data-start=\"2476\" data-end=\"2531\">\n<td data-start=\"2476\" data-end=\"2490\" data-col-size=\"sm\">Tutor\/a PDC<\/td>\n<td data-col-size=\"sm\" data-start=\"2490\" data-end=\"2503\">Patricia Gasulla<\/td>\n<td data-col-size=\"sm\" data-start=\"2503\" data-end=\"2531\"><a class=\"decorated-link cursor-pointer\" rel=\"noopener\" data-start=\"2505\" data-end=\"2529\">pgasulla@iesbaixamar.com<\/a><\/td>\n<\/tr>\n<\/tbody>\n<\/table>\n<\/div>\n<\/div>\n<p data-start=\"2538\" data-end=\"2557\"><strong data-start=\"2542\" data-end=\"2557\">Batxillerat<\/strong><\/p>\n<div class=\"TyagGW_tableContainer\">\n<div class=\"group TyagGW_tableWrapper flex w-fit flex-col-reverse\" tabindex=\"-1\">\n<table class=\"w-fit min-w-(--thread-content-width)\" data-start=\"2559\" data-end=\"2959\">\n<thead data-start=\"2559\" data-end=\"2584\">\n<tr data-start=\"2559\" data-end=\"2584\">\n<th data-start=\"2559\" data-end=\"2568\" data-col-size=\"sm\">C\u00e0rrec<\/th>\n<th data-start=\"2568\" data-end=\"2574\" data-col-size=\"sm\">Nom<\/th>\n<th data-start=\"2574\" data-end=\"2584\" data-col-size=\"sm\">Correu<\/th>\n<\/tr>\n<\/thead>\n<tbody data-start=\"2612\" data-end=\"2959\">\n<tr data-start=\"2612\" data-end=\"2669\">\n<td data-start=\"2612\" data-end=\"2626\" data-col-size=\"sm\">Coordinador<\/td>\n<td data-col-size=\"sm\" data-start=\"2626\" data-end=\"2641\">Ra\u00fal Herrero<\/td>\n<td data-col-size=\"sm\" data-start=\"2641\" data-end=\"2669\"><a class=\"decorated-link cursor-pointer\" rel=\"noopener\" data-start=\"2643\" data-end=\"2667\">coor.bat@iesbaixamar.com<\/a><\/td>\n<\/tr>\n<tr data-start=\"2670\" data-end=\"2743\">\n<td data-start=\"2670\" data-end=\"2689\" data-col-size=\"sm\">Tutor\/a 1r BTX A<\/td>\n<td data-col-size=\"sm\" data-start=\"2689\" data-end=\"2706\">Marta Aguilera<\/td>\n<td data-col-size=\"sm\" data-start=\"2706\" data-end=\"2743\"><a class=\"decorated-link cursor-pointer\" rel=\"noopener\" data-start=\"2708\" data-end=\"2741\">marta.aguilera.25@iesbaixamar.com<\/a><\/td>\n<\/tr>\n<tr data-start=\"2744\" data-end=\"2813\">\n<td data-start=\"2744\" data-end=\"2763\" data-col-size=\"sm\">Tutor\/a 1r BTX B<\/td>\n<td data-col-size=\"sm\" data-start=\"2763\" data-end=\"2778\">Albert Olles<\/td>\n<td data-col-size=\"sm\" data-start=\"2778\" data-end=\"2813\"><a class=\"decorated-link cursor-pointer\" rel=\"noopener\" data-start=\"2780\" data-end=\"2811\">albert.olles.25@iesbaixamar.com<\/a><\/td>\n<\/tr>\n<tr data-start=\"2814\" data-end=\"2883\">\n<td data-start=\"2814\" data-end=\"2833\" data-col-size=\"sm\">Tutor\/a 2n BTX A<\/td>\n<td data-col-size=\"sm\" data-start=\"2833\" data-end=\"2848\">Enrico Guido<\/td>\n<td data-col-size=\"sm\" data-start=\"2848\" data-end=\"2883\"><a class=\"decorated-link cursor-pointer\" rel=\"noopener\" data-start=\"2850\" data-end=\"2881\">enrico.guido.25@iesbaixamar.com<\/a><\/td>\n<\/tr>\n<tr data-start=\"2884\" data-end=\"2959\">\n<td data-start=\"2884\" data-end=\"2903\" data-col-size=\"sm\">Tutor\/a 2n BTX B<\/td>\n<td data-col-size=\"sm\" data-start=\"2903\" data-end=\"2921\">M\u00f2nica Miralles<\/td>\n<td data-col-size=\"sm\" data-start=\"2921\" data-end=\"2959\"><a class=\"decorated-link cursor-pointer\" rel=\"noopener\" data-start=\"2923\" data-end=\"2957\">monica.miralles.25@iesbaixamar.com<\/a><\/td>\n<\/tr>\n<\/tbody>\n<\/table>\n<\/div>\n<\/div>\n<p data-start=\"2966\" data-end=\"2996\"><strong data-start=\"2969\" data-end=\"2996\">COORDINACI\u00d3 INFORM\u00c0TICA<\/strong><\/p>\n<div class=\"TyagGW_tableContainer\">\n<div class=\"group TyagGW_tableWrapper flex w-fit flex-col-reverse\" tabindex=\"-1\">\n<table class=\"w-fit min-w-(--thread-content-width)\" data-start=\"2998\" data-end=\"3131\">\n<thead data-start=\"2998\" data-end=\"3023\">\n<tr data-start=\"2998\" data-end=\"3023\">\n<th data-start=\"2998\" data-end=\"3007\" data-col-size=\"sm\">C\u00e0rrec<\/th>\n<th data-start=\"3007\" data-end=\"3013\" data-col-size=\"sm\">Nom<\/th>\n<th data-start=\"3013\" data-end=\"3023\" data-col-size=\"sm\">Correu<\/th>\n<\/tr>\n<\/thead>\n<tbody data-start=\"3051\" data-end=\"3131\">\n<tr data-start=\"3051\" data-end=\"3131\">\n<td data-start=\"3051\" data-end=\"3077\" data-col-size=\"sm\">Coordinaci\u00f3 Inform\u00e0tica<\/td>\n<td data-col-size=\"sm\" data-start=\"3077\" data-end=\"3095\">Montse Traveria<\/td>\n<td data-col-size=\"sm\" data-start=\"3095\" data-end=\"3131\"><a class=\"decorated-link cursor-pointer\" rel=\"noopener\" data-start=\"3097\" data-end=\"3129\">coor.informatica@iesbaixamar.com<\/a><\/td>\n<\/tr>\n<\/tbody>\n<\/table>\n<\/div>\n<\/div>\n","protected":false},"excerpt":{"rendered":"<p>\ud83c\udfdb\ufe0f Organigrama del Centre<br \/>\nA l\u2019Institut Baix a Mar, comptem amb una estructura clara i coordinada que permet gestionar totes les \u00e0rees educatives i administratives de manera eficient. L\u2019organigrama del centre mostra els diferents equips i \u00f2rgans de govern, facilitant la comunicaci\u00f3 i la coordinaci\u00f3 entre&hellip;  <a href=\"https:\/\/agora.xtec.cat\/insbaixamar\/organigrama\/\" title=\"Read Organigrama\">Llegeix m\u00e9s\u00bb<\/a><\/p>\n","protected":false},"author":1,"featured_media":0,"parent":0,"menu_order":0,"comment_status":"closed","ping_status":"closed","template":"page-templates\/side-menu.php","meta":{"_bbp_topic_count":0,"_bbp_reply_count":0,"_bbp_total_topic_count":0,"_bbp_total_reply_count":0,"_bbp_voice_count":0,"_bbp_anonymous_reply_count":0,"_bbp_topic_count_hidden":0,"_bbp_reply_count_hidden":0,"_bbp_forum_subforum_count":0,"footnotes":""},"class_list":["post-8624","page","type-page","status-publish","hentry"],"post_mailing_queue_ids":[],"_links":{"self":[{"href":"https:\/\/agora.xtec.cat\/insbaixamar\/wp-json\/wp\/v2\/pages\/8624","targetHints":{"allow":["GET"]}}],"collection":[{"href":"https:\/\/agora.xtec.cat\/insbaixamar\/wp-json\/wp\/v2\/pages"}],"about":[{"href":"https:\/\/agora.xtec.cat\/insbaixamar\/wp-json\/wp\/v2\/types\/page"}],"author":[{"embeddable":true,"href":"https:\/\/agora.xtec.cat\/insbaixamar\/wp-json\/wp\/v2\/users\/1"}],"replies":[{"embeddable":true,"href":"https:\/\/agora.xtec.cat\/insbaixamar\/wp-json\/wp\/v2\/comments?post=8624"}],"version-history":[{"count":7,"href":"https:\/\/agora.xtec.cat\/insbaixamar\/wp-json\/wp\/v2\/pages\/8624\/revisions"}],"predecessor-version":[{"id":11307,"href":"https:\/\/agora.xtec.cat\/insbaixamar\/wp-json\/wp\/v2\/pages\/8624\/revisions\/11307"}],"wp:attachment":[{"href":"https:\/\/agora.xtec.cat\/insbaixamar\/wp-json\/wp\/v2\/media?parent=8624"}],"curies":[{"name":"wp","href":"https:\/\/api.w.org\/{rel}","templated":true}]}}