{"id":5938,"date":"2020-11-10T06:59:15","date_gmt":"2020-11-10T05:59:15","guid":{"rendered":"http:\/\/agora.xtec.cat\/insbaixamar\/?page_id=5938"},"modified":"2026-02-26T08:32:12","modified_gmt":"2026-02-26T07:32:12","slug":"portesobertes","status":"publish","type":"page","link":"https:\/\/agora.xtec.cat\/insbaixamar\/portesobertes\/","title":{"rendered":"Portes Obertes"},"content":{"rendered":"<table style=\"border-collapse: collapse; width: 100%; height: 959px;\">\n<tbody>\n<tr style=\"height: 52px;\">\n<td style=\"width: 50%; height: 52px;\">\n<h4 style=\"text-align: center;\"><strong>Portes Obertes ESO<\/strong><\/h4>\n<\/td>\n<td style=\"width: 50%; height: 52px;\">\n<h4 style=\"text-align: center;\"><strong>Portes Obertes BATXILLERAT<\/strong><\/h4>\n<\/td>\n<\/tr>\n<tr style=\"height: 907px;\">\n<td style=\"width: 50%; height: 907px;\">\n<p data-start=\"58\" data-end=\"307\"><strong data-start=\"58\" data-end=\"107\">Voleu con\u00e8ixer les instal\u00b7lacions del centre?<\/strong><br data-start=\"107\" data-end=\"110\" \/>Us convidem a participar a la jornada de <strong data-start=\"151\" data-end=\"169\">portes obertes<\/strong>, on us presentarem el projecte educatiu del centre i, tot seguit, podreu fer una <strong data-start=\"251\" data-end=\"283\">ruta guiada en grups redu\u00efts<\/strong> per les instal\u00b7lacions.<\/p>\n<p data-start=\"58\" data-end=\"307\">Tamb\u00e9 hi haur\u00e0 un espai per resoldre dubtes i atendre les consultes de les fam\u00edlies.<\/p>\n<p data-start=\"309\" data-end=\"365\">\ud83d\udcc5 <strong data-start=\"312\" data-end=\"342\">Dimecres 4 de mar\u00e7 de 2026<\/strong><br data-start=\"342\" data-end=\"345\" \/>\ud83d\udd60 <strong data-start=\"348\" data-end=\"365\">A les 17.30 h<\/strong><\/p>\n<p data-start=\"367\" data-end=\"457\">Per assistir-hi, <a href=\"https:\/\/forms.gle\/BdU1miAPFDejJkQ46\"><strong data-start=\"384\" data-end=\"400\">cliqueu AQU\u00cd<\/strong><\/a> i formalitzeu la vostra inscripci\u00f3.<br data-start=\"436\" data-end=\"439\" \/><strong data-start=\"439\" data-end=\"457\">Us hi esperem!<\/strong><\/p>\n<p><a href=\"https:\/\/agora.xtec.cat\/insbaixamar\/wp-content\/uploads\/usu374\/2026\/01\/ESO_Portes_Obertes-1.png\"><img loading=\"lazy\" decoding=\"async\" class=\"wp-image-11065 aligncenter\" src=\"https:\/\/agora.xtec.cat\/insbaixamar\/wp-content\/uploads\/usu374\/2026\/01\/ESO_Portes_Obertes-1-724x1024.png\" alt=\"\" width=\"394\" height=\"557\" srcset=\"https:\/\/agora.xtec.cat\/insbaixamar\/wp-content\/uploads\/usu374\/2026\/01\/ESO_Portes_Obertes-1-724x1024.png 724w, https:\/\/agora.xtec.cat\/insbaixamar\/wp-content\/uploads\/usu374\/2026\/01\/ESO_Portes_Obertes-1-212x300.png 212w, https:\/\/agora.xtec.cat\/insbaixamar\/wp-content\/uploads\/usu374\/2026\/01\/ESO_Portes_Obertes-1-768x1086.png 768w, https:\/\/agora.xtec.cat\/insbaixamar\/wp-content\/uploads\/usu374\/2026\/01\/ESO_Portes_Obertes-1.png 800w\" sizes=\"auto, (max-width: 394px) 100vw, 394px\" \/><\/a><\/td>\n<td style=\"width: 50%; height: 907px;\">\n<p data-start=\"58\" data-end=\"307\"><strong data-start=\"58\" data-end=\"107\">Voleu con\u00e8ixer les instal\u00b7lacions del centre?<\/strong><br data-start=\"107\" data-end=\"110\" \/>Us convidem a participar a la jornada de <strong data-start=\"151\" data-end=\"169\">portes obertes<\/strong>, on us presentarem el projecte educatiu del centre, l\u2019organitzaci\u00f3 dels estudis, les mat\u00e8ries espec\u00edfiques de cada modalitat i les opcions acad\u00e8miques posteriors.<\/p>\n<p data-start=\"58\" data-end=\"307\">Tamb\u00e9 hi haur\u00e0 un espai per resoldre dubtes i atendre les consultes de les fam\u00edlies.<\/p>\n<p data-start=\"309\" data-end=\"365\">\ud83d\udcc5 <strong data-start=\"312\" data-end=\"342\">Dimarts 7 d&#8217;abril de 2026<\/strong><br data-start=\"342\" data-end=\"345\" \/>\ud83d\udd60 <strong data-start=\"348\" data-end=\"365\">A les 17 h<\/strong><\/p>\n<p data-start=\"582\" data-end=\"596\">Cal fer la reserva a trav\u00e9s d\u2019aquest <strong><a href=\"https:\/\/forms.gle\/cDN3ad2q2tFUucTY7\">formulari<\/a><\/strong>.\u00a0 <strong>Us hi esperem!<\/strong><\/p>\n<p data-start=\"582\" data-end=\"596\"><a href=\"https:\/\/agora.xtec.cat\/insbaixamar\/wp-content\/uploads\/usu374\/2026\/02\/Captura-de-pantalla-2026-02-25-191855.png\"><img loading=\"lazy\" decoding=\"async\" class=\"wp-image-11296 aligncenter\" src=\"https:\/\/agora.xtec.cat\/insbaixamar\/wp-content\/uploads\/usu374\/2026\/02\/Captura-de-pantalla-2026-02-25-191855.png\" alt=\"\" width=\"402\" height=\"568\" srcset=\"https:\/\/agora.xtec.cat\/insbaixamar\/wp-content\/uploads\/usu374\/2026\/02\/Captura-de-pantalla-2026-02-25-191855.png 637w, https:\/\/agora.xtec.cat\/insbaixamar\/wp-content\/uploads\/usu374\/2026\/02\/Captura-de-pantalla-2026-02-25-191855-212x300.png 212w\" sizes=\"auto, (max-width: 402px) 100vw, 402px\" \/><\/a><\/p>\n<\/td>\n<\/tr>\n<\/tbody>\n<\/table>\n<p>&nbsp;<\/p>\n","protected":false},"excerpt":{"rendered":"<p>Portes Obertes ESO<\/p>\n<p>Portes Obertes BATXILLERAT<\/p>\n<p>Voleu con\u00e8ixer les instal\u00b7lacions del centre?Us convidem a participar a la jornada de portes obertes, on us presentarem el projecte educatiu del centre i, tot seguit, podreu fer una ruta guiada en grups redu\u00efts per les instal\u00b7lacions.<br \/>\nTamb\u00e9 hi haur\u00e0 un espai&hellip;  <a href=\"https:\/\/agora.xtec.cat\/insbaixamar\/portesobertes\/\" title=\"Read Portes Obertes\">Llegeix m\u00e9s\u00bb<\/a><\/p>\n","protected":false},"author":1,"featured_media":0,"parent":0,"menu_order":0,"comment_status":"closed","ping_status":"closed","template":"","meta":{"_bbp_topic_count":0,"_bbp_reply_count":0,"_bbp_total_topic_count":0,"_bbp_total_reply_count":0,"_bbp_voice_count":0,"_bbp_anonymous_reply_count":0,"_bbp_topic_count_hidden":0,"_bbp_reply_count_hidden":0,"_bbp_forum_subforum_count":0,"footnotes":""},"class_list":["post-5938","page","type-page","status-publish","hentry"],"post_mailing_queue_ids":[],"_links":{"self":[{"href":"https:\/\/agora.xtec.cat\/insbaixamar\/wp-json\/wp\/v2\/pages\/5938","targetHints":{"allow":["GET"]}}],"collection":[{"href":"https:\/\/agora.xtec.cat\/insbaixamar\/wp-json\/wp\/v2\/pages"}],"about":[{"href":"https:\/\/agora.xtec.cat\/insbaixamar\/wp-json\/wp\/v2\/types\/page"}],"author":[{"embeddable":true,"href":"https:\/\/agora.xtec.cat\/insbaixamar\/wp-json\/wp\/v2\/users\/1"}],"replies":[{"embeddable":true,"href":"https:\/\/agora.xtec.cat\/insbaixamar\/wp-json\/wp\/v2\/comments?post=5938"}],"version-history":[{"count":8,"href":"https:\/\/agora.xtec.cat\/insbaixamar\/wp-json\/wp\/v2\/pages\/5938\/revisions"}],"predecessor-version":[{"id":11305,"href":"https:\/\/agora.xtec.cat\/insbaixamar\/wp-json\/wp\/v2\/pages\/5938\/revisions\/11305"}],"wp:attachment":[{"href":"https:\/\/agora.xtec.cat\/insbaixamar\/wp-json\/wp\/v2\/media?parent=5938"}],"curies":[{"name":"wp","href":"https:\/\/api.w.org\/{rel}","templated":true}]}}