{"id":5654,"date":"2020-07-07T09:58:51","date_gmt":"2020-07-07T07:58:51","guid":{"rendered":"http:\/\/agora.xtec.cat\/insbaixamar\/?page_id=5654"},"modified":"2025-06-25T12:48:36","modified_gmt":"2025-06-25T10:48:36","slug":"matricula-2n-de-batxillerat","status":"publish","type":"page","link":"https:\/\/agora.xtec.cat\/insbaixamar\/secretaria\/matricula-2n-de-batxillerat\/","title":{"rendered":"Matr\u00edcula 2nBatxillerat 2025-2026"},"content":{"rendered":"<h4><em><strong>2n de BATXILLERAT<\/strong><\/em><\/h4>\n<h6>ALUMNAT NOU AL CENTRE<\/h6>\n<p><span style=\"font-weight: 400;\">La matr\u00edcula es far\u00e0 de forma <strong>presencial del 20 al 30 juny de 9:00h a 14:00h\u00a0<\/strong><\/span><\/p>\n<p>L&#8217;alumnat nou al centre que necessiti ajuda en la tria d&#8217;optatives, pot venir i el professorat l&#8217;ajudar\u00e0.<\/p>\n<p>Abans de lliurar la documentaci\u00f3, cal que feu els passos seg\u00fcents:<\/p>\n<ol>\n<li>NOM\u00c9S<strong>\u00a0ALUMNAT NOU<\/strong>\u00a0AL CENTRE: <b>Omplir la fitxa de l\u2019alumne<\/b> accedint al seg\u00fcent formulari <a href=\"http:\/\/insbaixamar.clickedu.eu\/preinscripcions\/preinscripcions_mw.php?curs=3&amp;pce=6\">CLICA AQU\u00cd<\/a>.<\/li>\n<li><b>Omplir el formulari de la tria de mat\u00e8ries de modalitat i d\u2019optatives que trobareu en el seg\u00fcent enlla\u00e7<\/b>\u00a0<a href=\"https:\/\/docs.google.com\/forms\/d\/1rd1p5Uy0XitD1wr8rDgvss2vfTPHi0gaoxlAK6nLVkg\/edit\">CLICA AQU\u00cd<\/a>. Podeu consultar l&#8217;estructura de centre en el seg\u00fcent document <a href=\"https:\/\/drive.google.com\/file\/d\/1gjWRICiTb6ANSWn0oQ-jzv16WjJepzSM\/view?usp=drive_link\">CLICA AQU\u00cd<\/a>.<\/li>\n<li><b>Descarregar els seg\u00fcents documents <\/b>i dur-los impresos, degudament emplenats i signats en el moment de la matr\u00edcula:\n<ol style=\"list-style-type: lower-alpha;\">\n<li style=\"font-weight: 400;\"><a href=\"https:\/\/agora.xtec.cat\/insbaixamar\/wp-content\/uploads\/usu374\/2024\/05\/Carta-de-compromis-educatiu.pdf\">Carta de comprom\u00eds educatiu<\/a><\/li>\n<li><a href=\"https:\/\/agora.xtec.cat\/insbaixamar\/wp-content\/uploads\/usu374\/2024\/05\/Autoritzacio-sortida-dins-del-municipi.pdf\">Autoritzaci\u00f3 sortida dins del municipi<\/a><\/li>\n<li><a href=\"https:\/\/drive.google.com\/file\/d\/1WhFLIK5ce0Gnd8MxYC2D04skYSGyk2Qo\/view?usp=sharing\" target=\"_blank\" rel=\"noopener noreferrer\">Autoritzaci\u00f3 relativa als alumnes majors de 14 anys<\/a>. \u00das d\u2019imatges, publicaci\u00f3 de dades de car\u00e0cter personal i de material que elaboren.<\/li>\n<li><a href=\"https:\/\/drive.google.com\/file\/d\/1eYf7bOtJndqNMLu-yXG79YextGuZdzMM\/view?usp=sharing\" target=\"_blank\" rel=\"noopener noreferrer\">Autoritzaci\u00f3 relativa als alumnes majors de 14 anys<\/a>: \u00fas de serveis i recursos digitals a Internet per treballar a l\u2019aula.<\/li>\n<li><a href=\"https:\/\/drive.google.com\/file\/d\/1-s5l67NXXkZUQmPM4eVrxlTIEfAGpceA\/view?usp=sharing\" target=\"_blank\" rel=\"noopener noreferrer\">Autoritzaci\u00f3 relativa als alumnes majors d&#8217;edat<\/a>. \u00fas de serveis i recursos digitals a Internet per treballar a l&#8217;aula.<\/li>\n<li><a href=\"https:\/\/drive.google.com\/file\/d\/1irIp3PKdNEevN0LOJgeaT6hBOGfHD2ar\/view?usp=sharing\" target=\"_blank\" rel=\"noopener noreferrer\">Autoritzaci\u00f3 d\u2019\u00fas d&#8217;imatges d&#8217;alumnes majors de 14 anys<\/a>.<\/li>\n<li><a href=\"https:\/\/drive.google.com\/file\/d\/1GHiFiMqsnSRH4z7LrAknXtQTvNzyIxgc\/view?usp=sharing\" target=\"_blank\" rel=\"noopener noreferrer\">Autoritzaci\u00f3 de la publicaci\u00f3 de treballs d&#8217;alumnes menors d&#8217;edat<\/a>.<\/li>\n<li><a href=\"https:\/\/agora.xtec.cat\/insbaixamar\/wp-content\/uploads\/usu374\/2024\/07\/Normativa-dus-eines-digitals.pdf\">Normativa d&#8217;\u00fas eines digitals<\/a><\/li>\n<li><a href=\"https:\/\/agora.xtec.cat\/insbaixamar\/wp-content\/uploads\/usu374\/2025\/06\/Autoritzacio-sortida-BATX.pdf\">Autoritzaci\u00f3 sortida BATX<\/a><b><br \/>\nDocumentaci\u00f3 complement\u00e0ria per majors d&#8217;edat:<\/b><\/li>\n<li><a href=\"https:\/\/agora.xtec.cat\/insbaixamar\/wp-content\/uploads\/usu374\/2024\/05\/Comunicacio-relativa-als-alumnes-majors-dedat-i-als-professors-i-personal-del-centre-us-de-serveis-i-recursos-digitals-a-Internet-per-treballar-a-laula.pdf\">Comunicaci\u00f3 relativa als alumnes majors d&#8217;edat i als professors i personal del centre us de serveis i recursos digitals a Internet per treballar a l&#8217;aula<\/a><\/li>\n<li><a href=\"https:\/\/agora.xtec.cat\/insbaixamar\/wp-content\/uploads\/usu374\/2024\/05\/AUTORI_1.pdf\">AUTORI_1<\/a> Autoritzaci\u00f3 d&#8217;alumnes majors de 18 anys i d&#8217;alumnes menors d&#8217;edat majors de 16 anys independitzats amb el consentiment dels seus pares, mares o tutors legals: Publicaci\u00f3 de treballs i creacions de subjectes a la Llei de propietat intel\u00b7lectual.<\/li>\n<\/ol>\n<\/li>\n<\/ol>\n<p>4.\u00a0<strong>Realitzar el pagament <\/strong>de la quota seguint les instruccions que trobareu al seg\u00fcent enlla\u00e7: <em>Estar\u00e0 activat a partir del juliol<\/em><\/p>\n<p>5. NOM\u00c9S<strong>\u00a0ALUMNAT NOU<\/strong> AL CENTRE. <b>Lliurar la seg\u00fcent documentaci\u00f3:\u00a0<\/b><\/p>\n<ol>\n<li style=\"list-style-type: none;\">\n<ol>\n<li><span style=\"font-weight: 400;\">Original i fotoc\u00f2pia<\/span> del DNI\/NIE\/Passaport de l\u2019alumne\/a.<\/li>\n<li><span style=\"font-weight: 400;\">Original i fotoc\u00f2pia<\/span> dels DNI del pare i de la mare.<\/li>\n<li><span style=\"font-weight: 400;\">Original i fotoc\u00f2pia<\/span> de la targeta d\u2019identificaci\u00f3 sanit\u00e0ria (TIS) de l\u2019alumne\/a.<\/li>\n<li><span style=\"font-weight: 400;\">Original i fotoc\u00f2pia<\/span> del llibre de fam\u00edlia.<\/li>\n<li><span style=\"font-weight: 400;\">Original i fotoc\u00f2pia<\/span> del carnet de vacunacions. Si no ha estat vacunat, cal presentar un certificat m\u00e8dic oficial justificatiu.<\/li>\n<li>Comprovant de pagament de la quota de matr\u00edcula.<\/li>\n<li>Expedient acad\u00e8mic 1r Batxillerat.<\/li>\n<li>Tots els documents del punt 3 omplerts i signats.<\/li>\n<\/ol>\n<\/li>\n<li style=\"list-style-type: none;\"><\/li>\n<\/ol>\n<p><a href=\"https:\/\/agora.xtec.cat\/insbaixamar\/wp-content\/uploads\/usu374\/2020\/05\/BAM-logo-Ins-Baix-a-mar-petit.jpg\"><img loading=\"lazy\" decoding=\"async\" class=\"alignright wp-image-5531 size-thumbnail\" src=\"https:\/\/agora.xtec.cat\/insbaixamar\/wp-content\/uploads\/usu374\/2020\/05\/BAM-logo-Ins-Baix-a-mar-petit-150x150.jpg\" alt=\"\" width=\"150\" height=\"150\" \/><\/a><\/p>\n<p><i style=\"font-family: inherit; font-size: 1em;\">Si excepcionalment no podeu descarregar i imprimir els documents, us els facilitarem en el centre.\u00a0<\/i><\/p>\n","protected":false},"excerpt":{"rendered":"<p>2n de BATXILLERAT<br \/>\nALUMNAT NOU AL CENTRE<br \/>\nLa matr\u00edcula es far\u00e0 de forma presencial del 20 al 30 juny de 9:00h a 14:00h\u00a0<br \/>\nL&#8217;alumnat nou al centre que necessiti ajuda en la tria d&#8217;optatives, pot venir i el professorat l&#8217;ajudar\u00e0.<br \/>\nAbans de lliurar la documentaci\u00f3, cal que feu els&hellip;  <a href=\"https:\/\/agora.xtec.cat\/insbaixamar\/secretaria\/matricula-2n-de-batxillerat\/\" title=\"Read Matr\u00edcula 2nBatxillerat 2025-2026\">Llegeix m\u00e9s\u00bb<\/a><\/p>\n","protected":false},"author":9,"featured_media":0,"parent":5487,"menu_order":6,"comment_status":"closed","ping_status":"closed","template":"page-templates\/side-menu.php","meta":{"_bbp_topic_count":0,"_bbp_reply_count":0,"_bbp_total_topic_count":0,"_bbp_total_reply_count":0,"_bbp_voice_count":0,"_bbp_anonymous_reply_count":0,"_bbp_topic_count_hidden":0,"_bbp_reply_count_hidden":0,"_bbp_forum_subforum_count":0,"footnotes":""},"class_list":["post-5654","page","type-page","status-publish","hentry"],"post_mailing_queue_ids":[],"_links":{"self":[{"href":"https:\/\/agora.xtec.cat\/insbaixamar\/wp-json\/wp\/v2\/pages\/5654","targetHints":{"allow":["GET"]}}],"collection":[{"href":"https:\/\/agora.xtec.cat\/insbaixamar\/wp-json\/wp\/v2\/pages"}],"about":[{"href":"https:\/\/agora.xtec.cat\/insbaixamar\/wp-json\/wp\/v2\/types\/page"}],"author":[{"embeddable":true,"href":"https:\/\/agora.xtec.cat\/insbaixamar\/wp-json\/wp\/v2\/users\/9"}],"replies":[{"embeddable":true,"href":"https:\/\/agora.xtec.cat\/insbaixamar\/wp-json\/wp\/v2\/comments?post=5654"}],"version-history":[{"count":8,"href":"https:\/\/agora.xtec.cat\/insbaixamar\/wp-json\/wp\/v2\/pages\/5654\/revisions"}],"predecessor-version":[{"id":10466,"href":"https:\/\/agora.xtec.cat\/insbaixamar\/wp-json\/wp\/v2\/pages\/5654\/revisions\/10466"}],"up":[{"embeddable":true,"href":"https:\/\/agora.xtec.cat\/insbaixamar\/wp-json\/wp\/v2\/pages\/5487"}],"wp:attachment":[{"href":"https:\/\/agora.xtec.cat\/insbaixamar\/wp-json\/wp\/v2\/media?parent=5654"}],"curies":[{"name":"wp","href":"https:\/\/api.w.org\/{rel}","templated":true}]}}