{"id":5597,"date":"2020-05-17T19:22:06","date_gmt":"2020-05-17T17:22:06","guid":{"rendered":"http:\/\/agora.xtec.cat\/insbaixamar\/?page_id=5597"},"modified":"2025-06-20T10:59:49","modified_gmt":"2025-06-20T08:59:49","slug":"matricula-btx-2021-2022","status":"publish","type":"page","link":"https:\/\/agora.xtec.cat\/insbaixamar\/secretaria\/matricula-btx-2021-2022\/","title":{"rendered":"Matr\u00edcula 1rBatxillerat 2025-2026"},"content":{"rendered":"<h4><em><b>1r de BATXILLERAT <\/b><\/em><\/h4>\n<h6>ALUMNAT NOU AL CENTRE I ALUMNAT DEL CENTRE<\/h6>\n<p><span style=\"font-weight: 400;\">La matr\u00edcula es far\u00e0 de forma <strong>presencial del 20 al 30 juny de 9:00h a 14:00h\u00a0<\/strong><\/span><\/p>\n<p>L&#8217;alumnat nou al centre que necessiti ajuda en la tria d&#8217;optatives, pot venir al centre\u00a0 i el professorat l&#8217;ajudar\u00e0.<\/p>\n<p><span style=\"font-weight: 400;\">Abans de lliurar la documentaci\u00f3, cal fer els passos seg\u00fcents:<\/span><\/p>\n<ol>\n<li><span style=\"font-weight: 400;\">NOM\u00c9S<strong> ALUMNAT NOU<\/strong> AL CENTRE: <\/span><b>Omplir la fitxa de l\u2019alumne<\/b><span style=\"font-weight: 400;\"> accedint al seg\u00fcent formulari. <\/span><a href=\"http:\/\/insbaixamar.clickedu.eu\/preinscripcions\/preinscripcions_mw.php?curs=2&amp;pce=6\"><span style=\"font-weight: 400;\">CLICA AQU\u00cd<\/span><\/a><span style=\"font-weight: 400;\">.\u00a0 \u00a0 \u00a0 \u00a0 \u00a0 \u00a0 \u00a0 \u00a0 \u00a0 \u00a0 \u00a0 \u00a0 \u00a0 \u00a0 \u00a0 \u00a0 \u00a0 \u00a0 \u00a0 \u00a0 \u00a0 \u00a0 \u00a0 \u00a0 \u00a0 \u00a0 \u00a0 \u00a0 \u00a0 \u00a0 \u00a0 \u00a0 \u00a0 \u00a0 \u00a0 \u00a0 \u00a0 \u00a0 \u00a0 \u00a0 \u00a0 \u00a0 \u00a0 \u00a0 \u00a0 \u00a0 \u00a0 \u00a0 \u00a0 \u00a0 \u00a0 \u00a0 \u00a0 \u00a0 \u00a0 \u00a0 \u00a0 \u00a0 \u00a0 \u00a0 \u00a0 \u00a0 \u00a0 \u00a0 \u00a0 \u00a0 \u00a0 \u00a0\u00a0<\/span><\/li>\n<li>Llegir la informaci\u00f3 sobre les optatives <a href=\"https:\/\/drive.google.com\/file\/d\/1047oRE5Mwez4hftDLwzkth91PpRERuIq\/view?usp=drive_link\">CLICA AQU\u00cd<\/a>.<b> <\/b><\/li>\n<li><b>Omplir el formulari <span style=\"font-weight: 400;\">de la tria de mat\u00e8ries de modalitat i d\u2019optatives que trobareu en el seg\u00fcent enlla\u00e7. <\/span><a href=\"https:\/\/docs.google.com\/forms\/d\/1obr30N-z4hBaAwPzaicB4XlQ3q5tdjph6juW7OkSuEQ\/edit\"><span style=\"font-weight: 400;\">CLICA AQU\u00cd<\/span><span style=\"font-weight: 400;\">.<\/span><\/a><\/b><\/li>\n<li><b>Descarregar els seg\u00fcents documents<span style=\"font-weight: 400;\"> i dur-los impresos, degudament emplenats i signats en el moment de la matr\u00edcula:<\/span><\/b>\n<ol style=\"list-style-type: lower-alpha;\">\n<li style=\"list-style-type: none;\">\n<ol style=\"list-style-type: lower-alpha;\">\n<li style=\"font-weight: 400;\"><a href=\"https:\/\/agora.xtec.cat\/insbaixamar\/wp-content\/uploads\/usu374\/2024\/05\/Carta-de-compromis-educatiu.pdf\">Carta de comprom\u00eds educatiu<\/a><\/li>\n<li><a href=\"https:\/\/agora.xtec.cat\/insbaixamar\/wp-content\/uploads\/usu374\/2024\/05\/Autoritzacio-sortida-dins-del-municipi.pdf\">Autoritzaci\u00f3 sortida dins del municipi<\/a><\/li>\n<li><a href=\"https:\/\/drive.google.com\/file\/d\/1WhFLIK5ce0Gnd8MxYC2D04skYSGyk2Qo\/view?usp=sharing\" target=\"_blank\" rel=\"noopener noreferrer\">Autoritzaci\u00f3 relativa als alumnes de m\u00e9s de 14 anys<\/a>. \u00das d\u2019imatges, publicaci\u00f3 de dades de car\u00e0cter personal i de material que elaboren.<\/li>\n<li><a href=\"https:\/\/drive.google.com\/file\/d\/1eYf7bOtJndqNMLu-yXG79YextGuZdzMM\/view?usp=sharing\" target=\"_blank\" rel=\"noopener noreferrer\">Autoritzaci\u00f3 relativa als alumnes de m\u00e9s de 14 anys<\/a>: \u00fas de serveis i recursos digitals a Internet per treballar a l\u2019aula.<\/li>\n<li><a href=\"https:\/\/drive.google.com\/file\/d\/1irIp3PKdNEevN0LOJgeaT6hBOGfHD2ar\/view?usp=sharing\" target=\"_blank\" rel=\"noopener noreferrer\">Autoritzaci\u00f3 d\u2019\u00fas d&#8217;imatges d&#8217;alumnes majors de 14 anys<\/a>.<\/li>\n<li><a href=\"https:\/\/drive.google.com\/file\/d\/1GHiFiMqsnSRH4z7LrAknXtQTvNzyIxgc\/view?usp=sharing\" target=\"_blank\" rel=\"noopener noreferrer\">Autoritzaci\u00f3 de la publicaci\u00f3 de treballs d&#8217;alumnes menors d&#8217;edat<\/a>.<\/li>\n<li><a href=\"https:\/\/drive.google.com\/file\/d\/1k8BarmM352FFKEYzobV1Tx0OMoua8EIB\/view?usp=sharing\">Autoritzaci\u00f3 de la publicaci\u00f3 de treballs d&#8217;alumnes majors d&#8217;edat<\/a>.<\/li>\n<li><a href=\"https:\/\/agora.xtec.cat\/insbaixamar\/wp-content\/uploads\/usu374\/2024\/07\/Normativa-dus-eines-digitals.pdf\">Normativa d&#8217;\u00fas eines digitals<\/a><\/li>\n<li><a href=\"https:\/\/agora.xtec.cat\/insbaixamar\/wp-content\/uploads\/usu374\/2025\/06\/Autoritzacio-sortida-BATX.pdf\">Autoritzaci\u00f3 sortida BATX<\/a><\/li>\n<\/ol>\n<\/li>\n<\/ol>\n<\/li>\n<li style=\"list-style-type: none;\"><i style=\"font-family: inherit; font-size: 1em;\">Si excepcionalment no podeu descarregar i imprimir els documents, us els facilitarem en el centre.\u00a0<\/i><\/li>\n<\/ol>\n<p><span style=\"font-family: inherit; font-size: 1em;\">4. <strong>Realitzar el pagament<\/strong> i <strong>presentar el resguard\u00a0 <\/strong>del mateix a secretaria <\/span><span style=\"font-weight: 400;\">de la quota seguint les instruccions que trobareu al seg\u00fcent enlla\u00e7: <a href=\"https:\/\/agora.xtec.cat\/insbaixamar\/wp-content\/uploads\/usu374\/2025\/06\/NOU_25_26_1r-BATX_Informacions-Aportacio-economica-per-material.pdf\">NOU_25_26_1r BATX_Informacions Aportaci\u00f3 econ\u00f3mica per material<\/a><\/span><\/p>\n<p><strong>\u00a0 \u00a0 \u00a0ATENCI\u00d3:<\/strong> Nom\u00e9s heu de fer el pagament aquell alumnat que accedeixi a 1rBatx el curs vinent.<\/p>\n<p>5.<b> <span style=\"font-weight: 400;\">NOM\u00c9S<strong> ALUMNAT NOU<\/strong> AL CENTRE. <\/span>Lliurar la seg\u00fcent documentaci\u00f3. Caldr\u00e0 mostrar els originals en el moment de la matr\u00edcula.\u00a0<\/b><\/p>\n<ol>\n<li style=\"list-style-type: none;\">\n<ol>\n<li><span style=\"font-weight: 400;\">Original i fotoc\u00f2pia<\/span> del DNI\/NIE\/Passaport de l\u2019alumne\/a.<\/li>\n<li><span style=\"font-weight: 400;\">Original i fotoc\u00f2pia<\/span> dels DNI del pare i de la mare.<\/li>\n<li><span style=\"font-weight: 400;\">Original i fotoc\u00f2pia<\/span> de la targeta d\u2019identificaci\u00f3 sanit\u00e0ria (TIS) de l\u2019alumne\/a.<\/li>\n<li><span style=\"font-weight: 400;\">Original i fotoc\u00f2pia<\/span> del llibre de fam\u00edlia.<\/li>\n<li><span style=\"font-weight: 400;\">Original i fotoc\u00f2pia<\/span> del carnet de vacunacions. Si no ha estat vacunat, cal presentar un certificat m\u00e8dic oficial justificatiu.<\/li>\n<li>Comprovant de pagament de la quota de matr\u00edcula.<\/li>\n<li>Resguard del t\u00edtol d&#8217;ESO.<\/li>\n<li>Tots els documents del punt 4 omplerts i signats.<\/li>\n<\/ol>\n<\/li>\n<\/ol>\n<p>&nbsp;<\/p>\n<p><i style=\"font-family: inherit; font-size: 1em;\">Si excepcionalment no podeu descarregar i imprimir els documents, us els facilitarem en el centre.<\/i><\/p>\n<p><a href=\"https:\/\/agora.xtec.cat\/insbaixamar\/wp-content\/uploads\/usu374\/2020\/05\/BAM-logo-Ins-Baix-a-mar-petit.jpg\"><br \/>\n<img loading=\"lazy\" decoding=\"async\" class=\"alignright size-thumbnail wp-image-5531\" src=\"https:\/\/agora.xtec.cat\/insbaixamar\/wp-content\/uploads\/usu374\/2020\/05\/BAM-logo-Ins-Baix-a-mar-petit-150x150.jpg\" sizes=\"auto, (max-width: 150px) 100vw, 150px\" srcset=\"https:\/\/agora.xtec.cat\/insbaixamar\/wp-content\/uploads\/usu374\/2020\/05\/BAM-logo-Ins-Baix-a-mar-petit-150x150.jpg 150w, https:\/\/agora.xtec.cat\/insbaixamar\/wp-content\/uploads\/usu374\/2020\/05\/BAM-logo-Ins-Baix-a-mar-petit-300x300.jpg 300w, https:\/\/agora.xtec.cat\/insbaixamar\/wp-content\/uploads\/usu374\/2020\/05\/BAM-logo-Ins-Baix-a-mar-petit-768x768.jpg 768w, https:\/\/agora.xtec.cat\/insbaixamar\/wp-content\/uploads\/usu374\/2020\/05\/BAM-logo-Ins-Baix-a-mar-petit-1024x1024.jpg 1024w\" alt=\"\" width=\"150\" height=\"150\" \/><\/a><\/p>\n<p>&nbsp;<\/p>\n<p>&nbsp;<\/p>\n","protected":false},"excerpt":{"rendered":"<p>1r de BATXILLERAT<br \/>\nALUMNAT NOU AL CENTRE I ALUMNAT DEL CENTRE<br \/>\nLa matr\u00edcula es far\u00e0 de forma presencial del 20 al 30 juny de 9:00h a 14:00h\u00a0<br \/>\nL&#8217;alumnat nou al centre que necessiti ajuda en la tria d&#8217;optatives, pot venir al centre\u00a0 i el professorat l&#8217;ajudar\u00e0.<br \/>\nAbans de&hellip;  <a href=\"https:\/\/agora.xtec.cat\/insbaixamar\/secretaria\/matricula-btx-2021-2022\/\" title=\"Read Matr\u00edcula 1rBatxillerat 2025-2026\">Llegeix m\u00e9s\u00bb<\/a><\/p>\n","protected":false},"author":9,"featured_media":0,"parent":5487,"menu_order":5,"comment_status":"closed","ping_status":"closed","template":"page-templates\/side-menu.php","meta":{"_bbp_topic_count":0,"_bbp_reply_count":0,"_bbp_total_topic_count":0,"_bbp_total_reply_count":0,"_bbp_voice_count":0,"_bbp_anonymous_reply_count":0,"_bbp_topic_count_hidden":0,"_bbp_reply_count_hidden":0,"_bbp_forum_subforum_count":0,"footnotes":""},"class_list":["post-5597","page","type-page","status-publish","hentry"],"post_mailing_queue_ids":[],"_links":{"self":[{"href":"https:\/\/agora.xtec.cat\/insbaixamar\/wp-json\/wp\/v2\/pages\/5597","targetHints":{"allow":["GET"]}}],"collection":[{"href":"https:\/\/agora.xtec.cat\/insbaixamar\/wp-json\/wp\/v2\/pages"}],"about":[{"href":"https:\/\/agora.xtec.cat\/insbaixamar\/wp-json\/wp\/v2\/types\/page"}],"author":[{"embeddable":true,"href":"https:\/\/agora.xtec.cat\/insbaixamar\/wp-json\/wp\/v2\/users\/9"}],"replies":[{"embeddable":true,"href":"https:\/\/agora.xtec.cat\/insbaixamar\/wp-json\/wp\/v2\/comments?post=5597"}],"version-history":[{"count":8,"href":"https:\/\/agora.xtec.cat\/insbaixamar\/wp-json\/wp\/v2\/pages\/5597\/revisions"}],"predecessor-version":[{"id":10451,"href":"https:\/\/agora.xtec.cat\/insbaixamar\/wp-json\/wp\/v2\/pages\/5597\/revisions\/10451"}],"up":[{"embeddable":true,"href":"https:\/\/agora.xtec.cat\/insbaixamar\/wp-json\/wp\/v2\/pages\/5487"}],"wp:attachment":[{"href":"https:\/\/agora.xtec.cat\/insbaixamar\/wp-json\/wp\/v2\/media?parent=5597"}],"curies":[{"name":"wp","href":"https:\/\/api.w.org\/{rel}","templated":true}]}}