{"id":19,"date":"2014-09-17T14:56:56","date_gmt":"2014-09-17T12:56:56","guid":{"rendered":"http:\/\/agora.xtec.cat\/insbaixamar\/?page_id=19"},"modified":"2025-10-11T12:05:45","modified_gmt":"2025-10-11T10:05:45","slug":"linstitut","status":"publish","type":"page","link":"https:\/\/agora.xtec.cat\/insbaixamar\/linstitut\/","title":{"rendered":"Benvinguts a l\u2019Institut Baix a Mar"},"content":{"rendered":"<p data-start=\"179\" data-end=\"484\">L\u2019<strong data-start=\"181\" data-end=\"204\">Institut Baix a Mar<\/strong> \u00e9s un centre educatiu p\u00fablic situat al barri de Mar de Vilanova i la Geltr\u00fa, comprom\u00e8s amb la <strong data-start=\"299\" data-end=\"338\">vida social i cultural de la ciutat<\/strong>. Creiem que l\u2019educaci\u00f3 \u00e9s molt m\u00e9s que transmetre coneixements: \u00e9s acompanyar cada alumne en el seu <strong data-start=\"439\" data-end=\"481\">creixement personal, acad\u00e8mic i social<\/strong>.<\/p>\n<p data-start=\"486\" data-end=\"823\">El nostre objectiu com a educadors \u00e9s <strong data-start=\"524\" data-end=\"569\">atendre les necessitats de cada estudiant<\/strong>, ajudant-los a desenvolupar la seva personalitat i a assolir la <strong data-start=\"634\" data-end=\"655\">maduresa personal<\/strong> que els permeti integrar-se activament en la societat. Volem formar persones <strong data-start=\"733\" data-end=\"774\">cr\u00edtiques, responsables i compromeses<\/strong>, capaces de viure en un m\u00f3n plural i canviant.<\/p>\n<p data-start=\"825\" data-end=\"1200\">Un dels nostres <strong data-start=\"841\" data-end=\"879\">eixos principals \u00e9s la conviv\u00e8ncia<\/strong>. Treballem per fomentar el respecte a la diversitat, tant f\u00edsica com ideol\u00f2gica, i promovem valors com la toler\u00e0ncia, la solidaritat i la cooperaci\u00f3. Al mateix temps, considerem fonamental la <strong data-start=\"1072\" data-end=\"1102\">implicaci\u00f3 de les fam\u00edlies<\/strong> en el projecte educatiu, ja que l\u2019alian\u00e7a entre escola i fam\u00edlia \u00e9s clau per a l\u2019\u00e8xit educatiu.<\/p>\n<p data-start=\"1202\" data-end=\"1429\">A l\u2019Institut Baix a Mar preparem l\u2019alumnat perqu\u00e8 <strong data-start=\"1252\" data-end=\"1330\">adquireixi els coneixements, les capacitats, les habilitats i les actituds<\/strong> necess\u00e0ries per convertir-se en ciutadans plens, capa\u00e7os de contribuir i cr\u00e9ixer en la societat.<\/p>\n<p data-start=\"1431\" data-end=\"1556\"><strong data-start=\"1431\" data-end=\"1470\">Benvinguts a l\u2019Institut Baix a Mar!<\/strong> Un lloc on aprendre, cr\u00e9ixer i formar-se com a persones respectuoses i compromeses.<\/p>\n<p>\u00a0 \u00a0 \u00a0 \u00a0 \u00a0 \u00a0 \u00a0 \u00a0 \u00a0 \u00a0 \u00a0 \u00a0 \u00a0 \u00a0 \u00a0 \u00a0 \u00a0<iframe loading=\"lazy\" style=\"border: 0;\" src=\"https:\/\/www.google.com\/maps\/embed?pb=!1m18!1m12!1m3!1d851.0481866225771!2d1.7334739258887402!3d41.219451290596076!2m3!1f0!2f0!3f0!3m2!1i1024!2i768!4f13.1!3m3!1m2!1s0x12a386e6727c2a9b%3A0x2f682b273ff09d29!2sInstitut%20Baix%20a%20mar!5e0!3m2!1sca!2ses!4v1760176987373!5m2!1sca!2ses\" width=\"600\" height=\"450\" allowfullscreen=\"allowfullscreen\"><\/iframe><\/p>\n<p>&nbsp;<\/p>\n","protected":false},"excerpt":{"rendered":"<p>L\u2019Institut Baix a Mar \u00e9s un centre educatiu p\u00fablic situat al barri de Mar de Vilanova i la Geltr\u00fa, comprom\u00e8s amb la vida social i cultural de la ciutat. Creiem que l\u2019educaci\u00f3 \u00e9s molt m\u00e9s que transmetre coneixements: \u00e9s acompanyar cada alumne en el seu&hellip;  <a href=\"https:\/\/agora.xtec.cat\/insbaixamar\/linstitut\/\" title=\"Read Benvinguts a l\u2019Institut Baix a Mar\">Llegeix m\u00e9s\u00bb<\/a><\/p>\n","protected":false},"author":1,"featured_media":0,"parent":0,"menu_order":2,"comment_status":"closed","ping_status":"closed","template":"page-templates\/side-menu.php","meta":{"_bbp_topic_count":0,"_bbp_reply_count":0,"_bbp_total_topic_count":0,"_bbp_total_reply_count":0,"_bbp_voice_count":0,"_bbp_anonymous_reply_count":0,"_bbp_topic_count_hidden":0,"_bbp_reply_count_hidden":0,"_bbp_forum_subforum_count":0,"footnotes":""},"class_list":["post-19","page","type-page","status-publish","hentry"],"post_mailing_queue_ids":[],"_links":{"self":[{"href":"https:\/\/agora.xtec.cat\/insbaixamar\/wp-json\/wp\/v2\/pages\/19","targetHints":{"allow":["GET"]}}],"collection":[{"href":"https:\/\/agora.xtec.cat\/insbaixamar\/wp-json\/wp\/v2\/pages"}],"about":[{"href":"https:\/\/agora.xtec.cat\/insbaixamar\/wp-json\/wp\/v2\/types\/page"}],"author":[{"embeddable":true,"href":"https:\/\/agora.xtec.cat\/insbaixamar\/wp-json\/wp\/v2\/users\/1"}],"replies":[{"embeddable":true,"href":"https:\/\/agora.xtec.cat\/insbaixamar\/wp-json\/wp\/v2\/comments?post=19"}],"version-history":[{"count":6,"href":"https:\/\/agora.xtec.cat\/insbaixamar\/wp-json\/wp\/v2\/pages\/19\/revisions"}],"predecessor-version":[{"id":10705,"href":"https:\/\/agora.xtec.cat\/insbaixamar\/wp-json\/wp\/v2\/pages\/19\/revisions\/10705"}],"wp:attachment":[{"href":"https:\/\/agora.xtec.cat\/insbaixamar\/wp-json\/wp\/v2\/media?parent=19"}],"curies":[{"name":"wp","href":"https:\/\/api.w.org\/{rel}","templated":true}]}}